{"id":5184,"date":"2019-05-09T16:00:41","date_gmt":"2019-05-09T14:00:41","guid":{"rendered":"https:\/\/www.promotienda.es\/accueil\/"},"modified":"2026-03-16T16:28:10","modified_gmt":"2026-03-16T14:28:10","slug":"accueil","status":"publish","type":"page","link":"https:\/\/www.promotienda.es\/fr\/","title":{"rendered":"Accueil"},"content":{"rendered":"<section class=\"wpb-content-wrapper\"><p>[vc_row margin_bottom=\u00a0\u00bb0px\u00a0\u00bb css=\u00a0\u00bb.vc_custom_1489923382823{margin-bottom: 0px !important;}\u00a0\u00bb][vc_column][rev_slider_vc alias=\u00a0\u00bbhome2019_fr\u00a0\u00bb][\/vc_column][\/vc_row][vc_row type=\u00a0\u00bb1&Prime; margin_top=\u00a0\u00bb0px\u00a0\u00bb padding_top=\u00a0\u00bb0px\u00a0\u00bb bg_color=\u00a0\u00bb#fbfbfb\u00a0\u00bb css=\u00a0\u00bb.vc_custom_1489923373517{background-color: #e5e5e5 !important;}\u00a0\u00bb][vc_column][vc_row_inner content_placement=\u00a0\u00bbmiddle\u00a0\u00bb css=\u00a0\u00bb.vc_custom_1489706296229{margin-top: 20px !important;}\u00a0\u00bb][vc_column_inner width=\u00a0\u00bb3\/4&Prime;][vc_column_text css=\u00a0\u00bb.vc_custom_1489706374775{margin-bottom: 0px !important;padding-bottom: 0px !important;}\u00a0\u00bb]<\/p>\n<h1>\u00c9CRANS PUBLICITAIRES AU POINT DE VENTE. SIGNALISATION DIGITALE<\/h1>\n<p><strong>Promotienda<\/strong> offre \u00e0 ses clients une large gamme d&rsquo;<strong> \u00e9crans publicitaires professionnels<\/strong> avec des images de tr\u00e8s haute qualit\u00e9, des lecteurs vid\u00e9o et sonores et pr\u00eats \u00e0 fonctionner 24 heures 365 jours sans interruption. Notre objectif est de fournir de<strong> l\u2019innovation<\/strong> \u00e0 votre entreprise, en am\u00e9liorant la pr\u00e9sentation de vos produits de mani\u00e8re dynamique, visuelle et tr\u00e8s attrayante \u00e0 travers des vid\u00e9os, des photos, des textes et de l\u2019audio.[\/vc_column_text][vc_btn title=\u00a0\u00bbT\u00e9l\u00e9chargez notre catalogue\u00a0\u00bb style=\u00a0\u00bbflat\u00a0\u00bb shape=\u00a0\u00bbsquare\u00a0\u00bb color=\u00a0\u00bbinverse\u00a0\u00bb align=\u00a0\u00bbcenter\u00a0\u00bb i_icon_fontawesome=\u00a0\u00bbfa fa-file-o\u00a0\u00bb add_icon=\u00a0\u00bbtrue\u00a0\u00bb css=\u00a0\u00bb.vc_custom_1562939068162{margin-top: 0px !important;padding-top: 0px !important;}\u00a0\u00bb link=\u00a0\u00bburl:https%3A%2F%2Fwww.promotienda.es%2Fpdf%2Fcatalogue-promotienda-fr.pdf||target:%20_blank|\u00a0\u00bb][\/vc_column_inner][vc_column_inner width=\u00a0\u00bb1\/4&Prime;][vc_single_image image=\u00a0\u00bb11277&Prime; img_size=\u00a0\u00bbfull\u00a0\u00bb alignment=\u00a0\u00bbright\u00a0\u00bb css_animation=\u00a0\u00bbfadeInRight\u00a0\u00bb image_hovers=\u00a0\u00bbfalse\u00a0\u00bb lazy_loading=\u00a0\u00bbtrue\u00a0\u00bb][\/vc_column_inner][\/vc_row_inner][\/vc_column][\/vc_row][vc_row margin_top=\u00a0\u00bb20px\u00a0\u00bb][vc_column width=\u00a0\u00bb1\/4&Prime;]<div class=\"ult-content-box-container \" >\t\t<div class=\"ult-content-box\" style=\"background-color:#254598;box-shadow: px px px px #f7f7f7 none;padding-top:20px;padding-right:20px;padding-bottom:10px;padding-left:20px;-webkit-transition: all 700ms ease;-moz-transition: all 700ms ease;-ms-transition: all 700ms ease;-o-transition: all 700ms ease;transition: all 700ms ease;\"  data-hover_box_shadow=\"none\"     data-bg=\"#254598\" >[vc_custom_heading text=\u00a0\u00bb\u00c9crans publicitaires\u00a0\u00bb font_container=\u00a0\u00bbtag:h2|font_size:19px|text_align:left|color:%23ffffff\u00a0\u00bb google_fonts=\u00a0\u00bbfont_family:Open%20Sans%3A300%2C300italic%2Cregular%2Citalic%2C600%2C600italic%2C700%2C700italic%2C800%2C800italic|font_style:400%20regular%3A400%3Anormal\u00a0\u00bb][vc_separator color=\u00a0\u00bbwhite\u00a0\u00bb css=\u00a0\u00bb.vc_custom_1489951544623{margin-top: 10px !important;margin-bottom: 10px !important;padding-top: 0px !important;padding-bottom: 0px !important;}\u00a0\u00bb][vc_column_text el_class=\u00a0\u00bbblanco\u00a0\u00bb]D\u00e9couvrez l\u2019une des formes de publicit\u00e9 les plus efficaces sur le lieu de vente. Profitez de tous ses avantages pour augmenter vos ventes.[\/vc_column_text][vc_btn title=\u00a0\u00bbPLUS D\u2019INFORMATIONS\u00a0\u00bb style=\u00a0\u00bboutline\u00a0\u00bb shape=\u00a0\u00bbsquare\u00a0\u00bb color=\u00a0\u00bbwhite\u00a0\u00bb align=\u00a0\u00bbcenter\u00a0\u00bb i_icon_fontawesome=\u00a0\u00bbfa fa-plus\u00a0\u00bb css_animation=\u00a0\u00bbfadeInUp\u00a0\u00bb add_icon=\u00a0\u00bbtrue\u00a0\u00bb css=\u00a0\u00bb.vc_custom_1558090678153{padding-top: 0px !important;padding-right: 0px !important;padding-bottom: 0px !important;padding-left: 0px !important;}\u00a0\u00bb link=\u00a0\u00bburl:https%3A%2F%2Fwww.promotienda.es%2Ffr%2Fecrans-publicitaires%2F|||\u00a0\u00bb]\t\t<\/div><\/div>[\/vc_column][vc_column width=\u00a0\u00bb1\/4&Prime;]<div class=\"ult-content-box-container \" >\t\t<div class=\"ult-content-box\" style=\"background-color:#254598;box-shadow: px px px px #f7f7f7 none;padding-top:20px;padding-right:20px;padding-bottom:10px;padding-left:20px;-webkit-transition: all 700ms ease;-moz-transition: all 700ms ease;-ms-transition: all 700ms ease;-o-transition: all 700ms ease;transition: all 700ms ease;\"  data-hover_box_shadow=\"none\"     data-bg=\"#254598\" >[vc_custom_heading text=\u00a0\u00bbTablettes Android\u00a0\u00bb font_container=\u00a0\u00bbtag:h2|font_size:19px|text_align:left|color:%23ffffff\u00a0\u00bb google_fonts=\u00a0\u00bbfont_family:Open%20Sans%3A300%2C300italic%2Cregular%2Citalic%2C600%2C600italic%2C700%2C700italic%2C800%2C800italic|font_style:400%20regular%3A400%3Anormal\u00a0\u00bb][vc_separator color=\u00a0\u00bbwhite\u00a0\u00bb css=\u00a0\u00bb.vc_custom_1489951544623{margin-top: 10px !important;margin-bottom: 10px !important;padding-top: 0px !important;padding-bottom: 0px !important;}\u00a0\u00bb][vc_column_text el_class=\u00a0\u00bbblanco\u00a0\u00bb]Faites en sorte que vos clients interagissent avec votre marque de mani\u00e8re attrayante. Nos tablettes vous aideront \u00e0 convaincre et \u00e0 stimuler l\u2019achat.[\/vc_column_text][vc_btn title=\u00a0\u00bbPLUS D\u2019INFORMATIONS\u00a0\u00bb style=\u00a0\u00bboutline\u00a0\u00bb shape=\u00a0\u00bbsquare\u00a0\u00bb color=\u00a0\u00bbwhite\u00a0\u00bb align=\u00a0\u00bbcenter\u00a0\u00bb i_icon_fontawesome=\u00a0\u00bbfa fa-plus\u00a0\u00bb css_animation=\u00a0\u00bbfadeInUp\u00a0\u00bb add_icon=\u00a0\u00bbtrue\u00a0\u00bb css=\u00a0\u00bb.vc_custom_1558090698639{padding-top: 0px !important;padding-right: 0px !important;padding-bottom: 0px !important;padding-left: 0px !important;}\u00a0\u00bb link=\u00a0\u00bburl:https%3A%2F%2Fwww.promotienda.es%2Ffr%2Ftablettes-android%2F|||\u00a0\u00bb]\t\t<\/div><\/div>[\/vc_column][vc_column width=\u00a0\u00bb1\/4&Prime;]<div class=\"ult-content-box-container \" >\t\t<div class=\"ult-content-box\" style=\"background-color:#254598;box-shadow: px px px px #f7f7f7 none;padding-top:20px;padding-right:20px;padding-bottom:10px;padding-left:20px;-webkit-transition: all 700ms ease;-moz-transition: all 700ms ease;-ms-transition: all 700ms ease;-o-transition: all 700ms ease;transition: all 700ms ease;\"  data-hover_box_shadow=\"none\"     data-bg=\"#254598\" >[vc_custom_heading text=\u00a0\u00bbEcrans Android\u00a0\u00bb font_container=\u00a0\u00bbtag:h2|font_size:19px|text_align:left|color:%23ffffff\u00a0\u00bb google_fonts=\u00a0\u00bbfont_family:Open%20Sans%3A300%2C300italic%2Cregular%2Citalic%2C600%2C600italic%2C700%2C700italic%2C800%2C800italic|font_style:400%20regular%3A400%3Anormal\u00a0\u00bb][vc_separator color=\u00a0\u00bbwhite\u00a0\u00bb css=\u00a0\u00bb.vc_custom_1489951544623{margin-top: 10px !important;margin-bottom: 10px !important;padding-top: 0px !important;padding-bottom: 0px !important;}\u00a0\u00bb][vc_column_text el_class=\u00a0\u00bbblanco\u00a0\u00bb]\u00c9crans publicitaires non tactiles avec Android et mat\u00e9riel con\u00e7u sp\u00e9cifiquement pour un usage commercial.[\/vc_column_text][vc_btn title=\u00a0\u00bbPLUS D\u2019INFORMATIONS\u00a0\u00bb style=\u00a0\u00bboutline\u00a0\u00bb shape=\u00a0\u00bbsquare\u00a0\u00bb color=\u00a0\u00bbwhite\u00a0\u00bb align=\u00a0\u00bbcenter\u00a0\u00bb i_icon_fontawesome=\u00a0\u00bbfa fa-plus\u00a0\u00bb css_animation=\u00a0\u00bbfadeInUp\u00a0\u00bb add_icon=\u00a0\u00bbtrue\u00a0\u00bb css=\u00a0\u00bb.vc_custom_1558090717155{padding-top: 0px !important;padding-right: 0px !important;padding-bottom: 0px !important;padding-left: 0px !important;}\u00a0\u00bb link=\u00a0\u00bburl:https%3A%2F%2Fwww.promotienda.es%2Ffr%2Ftablettes-android%2F|||\u00a0\u00bb]\t\t<\/div><\/div>[\/vc_column][vc_column width=\u00a0\u00bb1\/4&Prime;]<div class=\"ult-content-box-container \" >\t\t<div class=\"ult-content-box\" style=\"background-color:#254598;box-shadow: px px px px #f7f7f7 none;padding-top:20px;padding-right:20px;padding-bottom:10px;padding-left:20px;-webkit-transition: all 700ms ease;-moz-transition: all 700ms ease;-ms-transition: all 700ms ease;-o-transition: all 700ms ease;transition: all 700ms ease;\"  data-hover_box_shadow=\"none\"     data-bg=\"#254598\" >[vc_custom_heading text=\u00a0\u00bbLogiciels pour \u00e9crans\u00a0\u00bb font_container=\u00a0\u00bbtag:h2|font_size:19px|text_align:left|color:%23ffffff\u00a0\u00bb google_fonts=\u00a0\u00bbfont_family:Open%20Sans%3A300%2C300italic%2Cregular%2Citalic%2C600%2C600italic%2C700%2C700italic%2C800%2C800italic|font_style:400%20regular%3A400%3Anormal\u00a0\u00bb][vc_separator color=\u00a0\u00bbwhite\u00a0\u00bb css=\u00a0\u00bb.vc_custom_1489951544623{margin-top: 10px !important;margin-bottom: 10px !important;padding-top: 0px !important;padding-bottom: 0px !important;}\u00a0\u00bb][vc_column_text el_class=\u00a0\u00bbblanco\u00a0\u00bb]Avec notre logiciel RDS, vous serez en mesure de surveiller et de g\u00e9rer \u00e0 distance le contenu de vos \u00e9crans aux points de vente.[\/vc_column_text][vc_btn title=\u00a0\u00bbPLUS D\u2019INFORMATIONS\u00a0\u00bb style=\u00a0\u00bboutline\u00a0\u00bb shape=\u00a0\u00bbsquare\u00a0\u00bb color=\u00a0\u00bbwhite\u00a0\u00bb align=\u00a0\u00bbcenter\u00a0\u00bb i_icon_fontawesome=\u00a0\u00bbfa fa-plus\u00a0\u00bb css_animation=\u00a0\u00bbfadeInUp\u00a0\u00bb add_icon=\u00a0\u00bbtrue\u00a0\u00bb css=\u00a0\u00bb.vc_custom_1558090779020{padding-top: 0px !important;padding-right: 0px !important;padding-bottom: 0px !important;padding-left: 0px !important;}\u00a0\u00bb link=\u00a0\u00bburl:https%3A%2F%2Fwww.promotienda.es%2Ffr%2Flogiciel-daffichage-publicitaire-rds%2F|||\u00a0\u00bb]\t\t<\/div><\/div>[\/vc_column][\/vc_row][vc_row margin_top=\u00a0\u00bb40px\u00a0\u00bb][vc_column width=\u00a0\u00bb1\/3&Prime;][vc_single_image image=\u00a0\u00bb11654&Prime; img_size=\u00a0\u00bbfull\u00a0\u00bb alignment=\u00a0\u00bbcenter\u00a0\u00bb css_animation=\u00a0\u00bbfadeInLeft\u00a0\u00bb image_hovers=\u00a0\u00bbfalse\u00a0\u00bb][\/vc_column][vc_column width=\u00a0\u00bb2\/3&Prime;][vc_column_text]<\/p>\n<h3 style=\"font-size: 24px;\">NOUS OFFRONS UN SERVICE COMPLET DE SIGNALISATION DIGITALE<\/h3>\n<p>Recrutement et gestion (<a title=\"Location d\u2019\u00e9crans publicitaires\" href=\"https:\/\/www.promotienda.es\/fr\/location-d-ecrans-publicitaires\/\">location d\u2019\u00e9crans pour la publicit\u00e9<\/a> et la <a title=\"Vente d\u2019\u00e9crans publicitaires\" href=\"https:\/\/www.promotienda.es\/fr\/vente-decrans-publicitaires\/\">vente d\u2019\u00e9crans publicitaires<\/a>) de <strong>moniteurs vid\u00e9o publicitaires<\/strong> pour l\u2019Espagne et le Portugal qui comprend:<\/p>\n<p><strong>Logistique int\u00e9grale:<\/strong><\/p>\n<ul>\n<li>Envoi de l\u2019\u00e9quipement et coordination avec le responsable du point de vente (GPV) pour l\u2019assemblage et le d\u00e9marrage des vid\u00e9omonitors.<\/li>\n<li>Service de suivi exhaustif pour chaque action.<\/li>\n<li>Contr\u00f4le total par soumission d\u2019\u00e9tat p\u00e9riodique.<\/li>\n<li>Maintenance technique en 24 h. Des moniteurs vid\u00e9o publicitaires au point de vente.<\/li>\n<\/ul>\n<p>[\/vc_column_text][\/vc_column][\/vc_row][vc_row margin_top=\u00a0\u00bb20px\u00a0\u00bb][vc_column width=\u00a0\u00bb2\/3&Prime;][vc_column_text]<\/p>\n<h3 style=\"font-size: 24px;\">NOUS PRENONS SOIN DU PROCESSUS DU D\u00c9BUT \u00c0 LA FIN<\/h3>\n<ul>\n<li>\u00c9dition spot originale.<\/li>\n<li>R\u00e9alisation du ma\u00eetre sans fin et cr\u00e9ation de doublons de carte m\u00e9moire SD\/CF.<\/li>\n<li>Exp\u00e9dition d\u2019\u00e9quipement \u00e0 l\u2019avance de 4-5 jours.<\/li>\n<li>Confirmation de la r\u00e9ception au point de vente.<\/li>\n<li>Surveillance de l\u2019installation et mise en marche correcte des moniteurs vid\u00e9o publicitaires.<\/li>\n<li>Collecte de l\u2019\u00e9quipement \u00e0 la fin de l\u2019action promotionnelle.<\/li>\n<\/ul>\n<p>[\/vc_column_text][\/vc_column][vc_column width=\u00a0\u00bb1\/3&Prime;][vc_single_image image=\u00a0\u00bb5185&Prime; img_size=\u00a0\u00bbfull\u00a0\u00bb alignment=\u00a0\u00bbcenter\u00a0\u00bb css_animation=\u00a0\u00bbfadeInRight\u00a0\u00bb image_hovers=\u00a0\u00bbfalse\u00a0\u00bb lazy_loading=\u00a0\u00bbtrue\u00a0\u00bb][\/vc_column][\/vc_row]<\/p>\n<\/section>","protected":false},"excerpt":{"rendered":"<p>[vc_row margin_bottom=\u00a0\u00bb0px\u00a0\u00bb css=\u00a0\u00bb.vc_custom_1489923382823{margin-bottom: 0px !important;}\u00a0\u00bb][vc_column][rev_slider_vc alias=\u00a0\u00bbhome2019_fr\u00a0\u00bb][\/vc_column][\/vc_row][vc_row type=\u00a0\u00bb1&Prime; margin_top=\u00a0\u00bb0px\u00a0\u00bb padding_top=\u00a0\u00bb0px\u00a0\u00bb bg_color=\u00a0\u00bb#fbfbfb\u00a0\u00bb css=\u00a0\u00bb.vc_custom_1489923373517{background-color: #e5e5e5 !important;}\u00a0\u00bb][vc_column][vc_row_inner content_placement=\u00a0\u00bbmiddle\u00a0\u00bb css=\u00a0\u00bb.vc_custom_1489706296229{margin-top: 20px !important;}\u00a0\u00bb][vc_column_inner width=\u00a0\u00bb3\/4&Prime;][vc_column_text css=\u00a0\u00bb.vc_custom_1489706374775{margin-bottom: 0px !important;padding-bottom: 0px !important;}\u00a0\u00bb] \u00c9CRANS PUBLICITAIRES AU POINT DE VENTE. SIGNALISATION DIGITALE Promotienda offre \u00e0 ses clients une large gamme d&rsquo; \u00e9crans publicitaires professionnels avec des images de tr\u00e8s haute qualit\u00e9, des lecteurs vid\u00e9o et sonores&hellip;<\/p>\n","protected":false},"author":1,"featured_media":0,"parent":0,"menu_order":1,"comment_status":"closed","ping_status":"closed","template":"","meta":{"ngg_post_thumbnail":0},"yoast_head":"<!-- This site is optimized with the Yoast SEO plugin v20.3 - https:\/\/yoast.com\/wordpress\/plugins\/seo\/ -->\n<title>Location d\u2019\u00e9crans publicitaires sur le point de vente | \u00c9quipement d\u2019affichage num\u00e9rique | ACL<\/title>\n<meta name=\"description\" content=\"Location d\u2019\u00e9crans publicitaires pour le point de vente. Augmentez vos ventes, Fid\u00e9lisez vos clients et Consolidez votre marque. Apprenez-en maintenant!\" \/>\n<meta name=\"robots\" content=\"index, follow, max-snippet:-1, max-image-preview:large, max-video-preview:-1\" \/>\n<link rel=\"canonical\" href=\"https:\/\/www.promotienda.es\/fr\/\" \/>\n<meta property=\"og:locale\" content=\"fr_FR\" \/>\n<meta property=\"og:type\" content=\"article\" \/>\n<meta property=\"og:title\" content=\"Location d\u2019\u00e9crans publicitaires sur le point de vente | \u00c9quipement d\u2019affichage num\u00e9rique | ACL\" \/>\n<meta property=\"og:description\" content=\"Location d\u2019\u00e9crans publicitaires pour le point de vente. Augmentez vos ventes, Fid\u00e9lisez vos clients et Consolidez votre marque. Apprenez-en maintenant!\" \/>\n<meta property=\"og:url\" content=\"https:\/\/www.promotienda.es\/fr\/\" \/>\n<meta property=\"og:site_name\" content=\"Promotienda\" \/>\n<meta property=\"article:modified_time\" content=\"2026-03-16T14:28:10+00:00\" \/>\n<meta name=\"twitter:card\" content=\"summary_large_image\" \/>\n<meta name=\"twitter:label1\" content=\"Dur\u00e9e de lecture estim\u00e9e\" \/>\n\t<meta name=\"twitter:data1\" content=\"3 minutes\" \/>\n<script type=\"application\/ld+json\" class=\"yoast-schema-graph\">{\"@context\":\"https:\/\/schema.org\",\"@graph\":[{\"@type\":\"WebPage\",\"@id\":\"https:\/\/www.promotienda.es\/fr\/\",\"url\":\"https:\/\/www.promotienda.es\/fr\/\",\"name\":\"Location d\u2019\u00e9crans publicitaires sur le point de vente | \u00c9quipement d\u2019affichage num\u00e9rique | ACL\",\"isPartOf\":{\"@id\":\"https:\/\/www.promotienda.es\/en\/#website\"},\"datePublished\":\"2019-05-09T14:00:41+00:00\",\"dateModified\":\"2026-03-16T14:28:10+00:00\",\"description\":\"Location d\u2019\u00e9crans publicitaires pour le point de vente. Augmentez vos ventes, Fid\u00e9lisez vos clients et Consolidez votre marque. Apprenez-en maintenant!\",\"breadcrumb\":{\"@id\":\"https:\/\/www.promotienda.es\/fr\/#breadcrumb\"},\"inLanguage\":\"fr-FR\",\"potentialAction\":[{\"@type\":\"ReadAction\",\"target\":[\"https:\/\/www.promotienda.es\/fr\/\"]}]},{\"@type\":\"BreadcrumbList\",\"@id\":\"https:\/\/www.promotienda.es\/fr\/#breadcrumb\",\"itemListElement\":[{\"@type\":\"ListItem\",\"position\":1,\"name\":\"Portada\",\"item\":\"https:\/\/www.promotienda.es\/fr\/\"},{\"@type\":\"ListItem\",\"position\":2,\"name\":\"Accueil\"}]},{\"@type\":\"WebSite\",\"@id\":\"https:\/\/www.promotienda.es\/en\/#website\",\"url\":\"https:\/\/www.promotienda.es\/en\/\",\"name\":\"Promotienda\",\"description\":\"\",\"potentialAction\":[{\"@type\":\"SearchAction\",\"target\":{\"@type\":\"EntryPoint\",\"urlTemplate\":\"https:\/\/www.promotienda.es\/en\/?s={search_term_string}\"},\"query-input\":\"required name=search_term_string\"}],\"inLanguage\":\"fr-FR\"}]}<\/script>\n<!-- \/ Yoast SEO plugin. -->","yoast_head_json":{"title":"Location d\u2019\u00e9crans publicitaires sur le point de vente | \u00c9quipement d\u2019affichage num\u00e9rique | ACL","description":"Location d\u2019\u00e9crans publicitaires pour le point de vente. Augmentez vos ventes, Fid\u00e9lisez vos clients et Consolidez votre marque. Apprenez-en maintenant!","robots":{"index":"index","follow":"follow","max-snippet":"max-snippet:-1","max-image-preview":"max-image-preview:large","max-video-preview":"max-video-preview:-1"},"canonical":"https:\/\/www.promotienda.es\/fr\/","og_locale":"fr_FR","og_type":"article","og_title":"Location d\u2019\u00e9crans publicitaires sur le point de vente | \u00c9quipement d\u2019affichage num\u00e9rique | ACL","og_description":"Location d\u2019\u00e9crans publicitaires pour le point de vente. Augmentez vos ventes, Fid\u00e9lisez vos clients et Consolidez votre marque. Apprenez-en maintenant!","og_url":"https:\/\/www.promotienda.es\/fr\/","og_site_name":"Promotienda","article_modified_time":"2026-03-16T14:28:10+00:00","twitter_card":"summary_large_image","twitter_misc":{"Dur\u00e9e de lecture estim\u00e9e":"3 minutes"},"schema":{"@context":"https:\/\/schema.org","@graph":[{"@type":"WebPage","@id":"https:\/\/www.promotienda.es\/fr\/","url":"https:\/\/www.promotienda.es\/fr\/","name":"Location d\u2019\u00e9crans publicitaires sur le point de vente | \u00c9quipement d\u2019affichage num\u00e9rique | ACL","isPartOf":{"@id":"https:\/\/www.promotienda.es\/en\/#website"},"datePublished":"2019-05-09T14:00:41+00:00","dateModified":"2026-03-16T14:28:10+00:00","description":"Location d\u2019\u00e9crans publicitaires pour le point de vente. Augmentez vos ventes, Fid\u00e9lisez vos clients et Consolidez votre marque. Apprenez-en maintenant!","breadcrumb":{"@id":"https:\/\/www.promotienda.es\/fr\/#breadcrumb"},"inLanguage":"fr-FR","potentialAction":[{"@type":"ReadAction","target":["https:\/\/www.promotienda.es\/fr\/"]}]},{"@type":"BreadcrumbList","@id":"https:\/\/www.promotienda.es\/fr\/#breadcrumb","itemListElement":[{"@type":"ListItem","position":1,"name":"Portada","item":"https:\/\/www.promotienda.es\/fr\/"},{"@type":"ListItem","position":2,"name":"Accueil"}]},{"@type":"WebSite","@id":"https:\/\/www.promotienda.es\/en\/#website","url":"https:\/\/www.promotienda.es\/en\/","name":"Promotienda","description":"","potentialAction":[{"@type":"SearchAction","target":{"@type":"EntryPoint","urlTemplate":"https:\/\/www.promotienda.es\/en\/?s={search_term_string}"},"query-input":"required name=search_term_string"}],"inLanguage":"fr-FR"}]}},"_links":{"self":[{"href":"https:\/\/www.promotienda.es\/fr\/wp-json\/wp\/v2\/pages\/5184"}],"collection":[{"href":"https:\/\/www.promotienda.es\/fr\/wp-json\/wp\/v2\/pages"}],"about":[{"href":"https:\/\/www.promotienda.es\/fr\/wp-json\/wp\/v2\/types\/page"}],"author":[{"embeddable":true,"href":"https:\/\/www.promotienda.es\/fr\/wp-json\/wp\/v2\/users\/1"}],"replies":[{"embeddable":true,"href":"https:\/\/www.promotienda.es\/fr\/wp-json\/wp\/v2\/comments?post=5184"}],"version-history":[{"count":12,"href":"https:\/\/www.promotienda.es\/fr\/wp-json\/wp\/v2\/pages\/5184\/revisions"}],"predecessor-version":[{"id":11658,"href":"https:\/\/www.promotienda.es\/fr\/wp-json\/wp\/v2\/pages\/5184\/revisions\/11658"}],"wp:attachment":[{"href":"https:\/\/www.promotienda.es\/fr\/wp-json\/wp\/v2\/media?parent=5184"}],"curies":[{"name":"wp","href":"https:\/\/api.w.org\/{rel}","templated":true}]}}