{"id":5419,"date":"2019-05-15T09:44:49","date_gmt":"2019-05-15T07:44:49","guid":{"rendered":"https:\/\/www.promotienda.es\/pourquoi-promotienda\/"},"modified":"2019-05-17T13:07:01","modified_gmt":"2019-05-17T11:07:01","slug":"pourquoi-promotienda","status":"publish","type":"page","link":"https:\/\/www.promotienda.es\/fr\/pourquoi-promotienda\/","title":{"rendered":"Pourquoi Promotienda?"},"content":{"rendered":"<section class=\"wpb-content-wrapper\"><p>[vc_row][vc_column][vc_column_text]<\/p>\n<h2>Transparence et gestion<\/h2>\n<p>Nous offrons un service complet d\u2019embauche et de gestion des moniteurs qui comprend:<\/p>\n<ul>\n<li>Service de suivi exhaustif pour chaque action.<\/li>\n<li>Contr\u00f4le total par soumission d\u2019\u00e9tat p\u00e9riodique.<\/li>\n<li>Maintenance technique en 24 h.<\/li>\n<\/ul>\n<p><strong>Logistique int\u00e9grale:<\/strong><\/p>\n<ul>\n<li>Envoi de l\u2019\u00e9quipement et coordination avec le responsable du point de vente (GPV) pour l\u2019assemblage et la mise en marche.<\/li>\n<\/ul>\n<p>Nous prenons \u00e9galement en charge le processus du d\u00e9but \u00e0 la fin:<\/p>\n<ul>\n<li>\u00c9dition spot originale.<\/li>\n<li>R\u00e9alisation du ma\u00eetre sans fin et cr\u00e9ation de doublons de carte m\u00e9moire SD\/CF.<\/li>\n<li>Exp\u00e9dition d\u2019\u00e9quipement \u00e0 l\u2019avance de 4-5 jours.<\/li>\n<li>Confirmation de la r\u00e9ception au point de vente.<\/li>\n<\/ul>\n<ul>\n<li>Suivi de l\u2019installation et mise en marche correcte.<\/li>\n<li>Chaque \u00e9tape, commentaires et incidents sont signal\u00e9s par e-mail et Excel.<\/li>\n<li>Lorsque la date de fin est atteinte, le client est contact\u00e9 pour confirmer la r\u00e9siliation finale ou pour prolonger l\u2019action par le biais des extensions.<\/li>\n<\/ul>\n<p>&nbsp;<\/p>\n<h2>processus<\/h2>\n<ul>\n<li>Edition de l\u2019endroit, si n\u00e9cessaire, pour le r\u00e9duire et l\u2019adapter au point de vente, en fonction des besoins du client (couper, coller, ins\u00e9rer logos, sous-titres, etc.) et des mises \u00e0 jour continues.<\/li>\n<li>R\u00e9alisation de la non-fin de la tache et des doublons de carte m\u00e9moire SD\/CF.<\/li>\n<li>Exp\u00e9dition de l\u2019\u00e9quipement entre 4 et 5 jours avant le d\u00e9but de la promotion, pour \u00e9viter les retards caus\u00e9s par les r\u00e9ceptions des points de vente.<\/li>\n<li>Confirmation de r\u00e9ception au point de vente avec le GPV.<\/li>\n<li>Surveillance de l\u2019installation et fonctionnement correct de l\u2019\u00e9quipement.<\/li>\n<li>\u00c0 chaque \u00e9tape, le client est inform\u00e9 de tout incident et commentaire du contact GPV par e-mail et les listes Excel.<\/li>\n<li>Lorsque la date de fin est atteinte, le client est inform\u00e9 de d\u00e9cider si la promotion est r\u00e9sili\u00e9e, ou si elle sera prolong\u00e9e. Extensions<\/li>\n<li>Possibilit\u00e9 de faire des vid\u00e9os mixtes avec plusieurs produits du m\u00eame fabricant afin d\u2019utiliser un seul \u00e9quipement par d\u00e9partement.<\/li>\n<li>Il est \u00e9galement possible d\u2019effectuer un changement de spot (changement de promotion) pendant une p\u00e9riode contractuelle.<\/li>\n<li>En cas de panne, l\u2019\u00e9quipement est remplac\u00e9 en moins de 24 heures.<\/li>\n<\/ul>\n<p><img decoding=\"async\" loading=\"lazy\" class=\"aligncenter size-full wp-image-3664\" src=\"http:\/\/www.promotienda.es\/wp-content\/uploads\/2017\/02\/alquiler-pantallas-publicitarias.jpg\" alt=\"Location d\u2019\u00e9crans publicitaires\" width=\"400\" height=\"241\" srcset=\"https:\/\/www.promotienda.es\/wp-content\/uploads\/2017\/02\/alquiler-pantallas-publicitarias.jpg 400w, https:\/\/www.promotienda.es\/wp-content\/uploads\/2017\/02\/alquiler-pantallas-publicitarias-300x181.jpg 300w\" sizes=\"(max-width: 400px) 100vw, 400px\" \/><\/p>\n<h2>\u00e9quipement<\/h2>\n<p>Vid\u00e9omonitors High-Tech professionnels pour r\u00e9pondre \u00e0 tous les besoins<\/p>\n<ul>\n<li>Videomonitors TFT.<\/li>\n<li>Tailles: 7 \u00ab\u00a0, 10\u00a0\u00bb, 15 \u00ab\u00a0, 17\u00a0\u00bb, 19 \u00ab\u00a0, 32\u00a0\u00bb et 42 \u00ab\u00a0.<\/li>\n<li>Lecture de spots publicitaires non perturbateurs en MPEG-2 avec qualit\u00e9 DVD.<\/li>\n<li>Allumage enti\u00e8rement automatique.<\/li>\n<li>2 haut-parleurs avant avec un haut niveau de qualit\u00e9 et de volume.<\/li>\n<li>Connexion USB pour mettre \u00e0 jour le spot publicitaire instantan\u00e9ment avec un Pendrive.<\/li>\n<li>verre.<\/li>\n<li>Support mixte qui vous permet de les accrocher ou de les mettre sur une table ou une biblioth\u00e8que.<\/li>\n<li>D\u00e9tecteur de mouvement qui connecte instantan\u00e9ment l\u2019audio lorsque la pr\u00e9sence publique est d\u00e9tect\u00e9e.<\/li>\n<li>Possibilit\u00e9 de personnalisation de l\u2019\u00e9quipement.<\/li>\n<\/ul>\n<h2>Embauche<\/h2>\n<p>L\u2019embauche de notre service est tr\u00e8s simple, puisque nous prenons soin de l\u2019ensemble du processus. Nous avons juste besoin de savoir:<\/p>\n<p>Donn\u00e9es de l&rsquo; <strong>OMS<\/strong> -entreprise.<\/p>\n<p><strong>What<\/strong> -original de la spot sur DVD.<\/p>\n<p><strong><\/strong> Date de d\u00e9but et date de fin de l\u2019action. Notre service de location de moniteurs vid\u00e9o standard est de 1, 2 ou 3 mois, bien que ces p\u00e9riodes puissent \u00eatre prolong\u00e9es. Il y a aussi la possibilit\u00e9 de prolonger la p\u00e9riode contractuelle au moyen d\u2019extensions de 1, 2 ou 3 mois.<\/p>\n<p><strong>O\u00f9<\/strong> -liste des points de vente o\u00f9 l\u2019\u00e9quipe ira, avec le nom du minist\u00e8re et le gestionnaire assign\u00e9.<\/p>\n<h2><\/h2>\n<p>[\/vc_column_text][\/vc_column][\/vc_row]<\/p>\n<\/section>","protected":false},"excerpt":{"rendered":"<p>[vc_row][vc_column][vc_column_text] Transparence et gestion Nous offrons un service complet d\u2019embauche et de gestion des moniteurs qui comprend: Service de suivi exhaustif pour chaque action. Contr\u00f4le total par soumission d\u2019\u00e9tat p\u00e9riodique. Maintenance technique en 24 h. Logistique int\u00e9grale: Envoi de l\u2019\u00e9quipement et coordination avec le responsable du point de vente (GPV) pour l\u2019assemblage et la mise&hellip;<\/p>\n","protected":false},"author":1,"featured_media":0,"parent":5426,"menu_order":4,"comment_status":"closed","ping_status":"closed","template":"","meta":{"ngg_post_thumbnail":0},"yoast_head":"<!-- This site is optimized with the Yoast SEO plugin v20.3 - https:\/\/yoast.com\/wordpress\/plugins\/seo\/ -->\n<title>Pourquoi Promotienda? Ecrans publicitaires Rental-Promotienda<\/title>\n<meta name=\"description\" content=\"Nous offrons un service complet de recrutement et de gestion d\u2019\u00e9crans pour la publicit\u00e9 avec la technologie la plus actuelle. Contactez-nous pour plus d\u2019informations.\" \/>\n<meta name=\"robots\" content=\"index, follow, max-snippet:-1, max-image-preview:large, max-video-preview:-1\" \/>\n<link rel=\"canonical\" href=\"https:\/\/www.promotienda.es\/fr\/pourquoi-promotienda\/\" \/>\n<meta property=\"og:locale\" content=\"fr_FR\" \/>\n<meta property=\"og:type\" content=\"article\" \/>\n<meta property=\"og:title\" content=\"Pourquoi Promotienda? Ecrans publicitaires Rental-Promotienda\" \/>\n<meta property=\"og:description\" content=\"Nous offrons un service complet de recrutement et de gestion d\u2019\u00e9crans pour la publicit\u00e9 avec la technologie la plus actuelle. Contactez-nous pour plus d\u2019informations.\" \/>\n<meta property=\"og:url\" content=\"https:\/\/www.promotienda.es\/fr\/pourquoi-promotienda\/\" \/>\n<meta property=\"og:site_name\" content=\"Promotienda\" \/>\n<meta property=\"article:modified_time\" content=\"2019-05-17T11:07:01+00:00\" \/>\n<meta property=\"og:image\" content=\"http:\/\/www.promotienda.es\/wp-content\/uploads\/2017\/02\/alquiler-pantallas-publicitarias.jpg\" \/>\n<meta name=\"twitter:card\" content=\"summary_large_image\" \/>\n<meta name=\"twitter:label1\" content=\"Dur\u00e9e de lecture estim\u00e9e\" \/>\n\t<meta name=\"twitter:data1\" content=\"3 minutes\" \/>\n<script type=\"application\/ld+json\" class=\"yoast-schema-graph\">{\"@context\":\"https:\/\/schema.org\",\"@graph\":[{\"@type\":\"WebPage\",\"@id\":\"https:\/\/www.promotienda.es\/fr\/pourquoi-promotienda\/\",\"url\":\"https:\/\/www.promotienda.es\/fr\/pourquoi-promotienda\/\",\"name\":\"Pourquoi Promotienda? Ecrans publicitaires Rental-Promotienda\",\"isPartOf\":{\"@id\":\"https:\/\/www.promotienda.es\/en\/#website\"},\"datePublished\":\"2019-05-15T07:44:49+00:00\",\"dateModified\":\"2019-05-17T11:07:01+00:00\",\"description\":\"Nous offrons un service complet de recrutement et de gestion d\u2019\u00e9crans pour la publicit\u00e9 avec la technologie la plus actuelle. Contactez-nous pour plus d\u2019informations.\",\"breadcrumb\":{\"@id\":\"https:\/\/www.promotienda.es\/fr\/pourquoi-promotienda\/#breadcrumb\"},\"inLanguage\":\"fr-FR\",\"potentialAction\":[{\"@type\":\"ReadAction\",\"target\":[\"https:\/\/www.promotienda.es\/fr\/pourquoi-promotienda\/\"]}]},{\"@type\":\"BreadcrumbList\",\"@id\":\"https:\/\/www.promotienda.es\/fr\/pourquoi-promotienda\/#breadcrumb\",\"itemListElement\":[{\"@type\":\"ListItem\",\"position\":1,\"name\":\"Portada\",\"item\":\"https:\/\/www.promotienda.es\/fr\/\"},{\"@type\":\"ListItem\",\"position\":2,\"name\":\"Services et produits\",\"item\":\"https:\/\/www.promotienda.es\/fr\/services-et-produits\/\"},{\"@type\":\"ListItem\",\"position\":3,\"name\":\"Pourquoi Promotienda?\"}]},{\"@type\":\"WebSite\",\"@id\":\"https:\/\/www.promotienda.es\/en\/#website\",\"url\":\"https:\/\/www.promotienda.es\/en\/\",\"name\":\"Promotienda\",\"description\":\"\",\"potentialAction\":[{\"@type\":\"SearchAction\",\"target\":{\"@type\":\"EntryPoint\",\"urlTemplate\":\"https:\/\/www.promotienda.es\/en\/?s={search_term_string}\"},\"query-input\":\"required name=search_term_string\"}],\"inLanguage\":\"fr-FR\"}]}<\/script>\n<!-- \/ Yoast SEO plugin. -->","yoast_head_json":{"title":"Pourquoi Promotienda? Ecrans publicitaires Rental-Promotienda","description":"Nous offrons un service complet de recrutement et de gestion d\u2019\u00e9crans pour la publicit\u00e9 avec la technologie la plus actuelle. Contactez-nous pour plus d\u2019informations.","robots":{"index":"index","follow":"follow","max-snippet":"max-snippet:-1","max-image-preview":"max-image-preview:large","max-video-preview":"max-video-preview:-1"},"canonical":"https:\/\/www.promotienda.es\/fr\/pourquoi-promotienda\/","og_locale":"fr_FR","og_type":"article","og_title":"Pourquoi Promotienda? Ecrans publicitaires Rental-Promotienda","og_description":"Nous offrons un service complet de recrutement et de gestion d\u2019\u00e9crans pour la publicit\u00e9 avec la technologie la plus actuelle. Contactez-nous pour plus d\u2019informations.","og_url":"https:\/\/www.promotienda.es\/fr\/pourquoi-promotienda\/","og_site_name":"Promotienda","article_modified_time":"2019-05-17T11:07:01+00:00","og_image":[{"url":"http:\/\/www.promotienda.es\/wp-content\/uploads\/2017\/02\/alquiler-pantallas-publicitarias.jpg"}],"twitter_card":"summary_large_image","twitter_misc":{"Dur\u00e9e de lecture estim\u00e9e":"3 minutes"},"schema":{"@context":"https:\/\/schema.org","@graph":[{"@type":"WebPage","@id":"https:\/\/www.promotienda.es\/fr\/pourquoi-promotienda\/","url":"https:\/\/www.promotienda.es\/fr\/pourquoi-promotienda\/","name":"Pourquoi Promotienda? Ecrans publicitaires Rental-Promotienda","isPartOf":{"@id":"https:\/\/www.promotienda.es\/en\/#website"},"datePublished":"2019-05-15T07:44:49+00:00","dateModified":"2019-05-17T11:07:01+00:00","description":"Nous offrons un service complet de recrutement et de gestion d\u2019\u00e9crans pour la publicit\u00e9 avec la technologie la plus actuelle. Contactez-nous pour plus d\u2019informations.","breadcrumb":{"@id":"https:\/\/www.promotienda.es\/fr\/pourquoi-promotienda\/#breadcrumb"},"inLanguage":"fr-FR","potentialAction":[{"@type":"ReadAction","target":["https:\/\/www.promotienda.es\/fr\/pourquoi-promotienda\/"]}]},{"@type":"BreadcrumbList","@id":"https:\/\/www.promotienda.es\/fr\/pourquoi-promotienda\/#breadcrumb","itemListElement":[{"@type":"ListItem","position":1,"name":"Portada","item":"https:\/\/www.promotienda.es\/fr\/"},{"@type":"ListItem","position":2,"name":"Services et produits","item":"https:\/\/www.promotienda.es\/fr\/services-et-produits\/"},{"@type":"ListItem","position":3,"name":"Pourquoi Promotienda?"}]},{"@type":"WebSite","@id":"https:\/\/www.promotienda.es\/en\/#website","url":"https:\/\/www.promotienda.es\/en\/","name":"Promotienda","description":"","potentialAction":[{"@type":"SearchAction","target":{"@type":"EntryPoint","urlTemplate":"https:\/\/www.promotienda.es\/en\/?s={search_term_string}"},"query-input":"required name=search_term_string"}],"inLanguage":"fr-FR"}]}},"_links":{"self":[{"href":"https:\/\/www.promotienda.es\/fr\/wp-json\/wp\/v2\/pages\/5419"}],"collection":[{"href":"https:\/\/www.promotienda.es\/fr\/wp-json\/wp\/v2\/pages"}],"about":[{"href":"https:\/\/www.promotienda.es\/fr\/wp-json\/wp\/v2\/types\/page"}],"author":[{"embeddable":true,"href":"https:\/\/www.promotienda.es\/fr\/wp-json\/wp\/v2\/users\/1"}],"replies":[{"embeddable":true,"href":"https:\/\/www.promotienda.es\/fr\/wp-json\/wp\/v2\/comments?post=5419"}],"version-history":[{"count":1,"href":"https:\/\/www.promotienda.es\/fr\/wp-json\/wp\/v2\/pages\/5419\/revisions"}],"predecessor-version":[{"id":5422,"href":"https:\/\/www.promotienda.es\/fr\/wp-json\/wp\/v2\/pages\/5419\/revisions\/5422"}],"up":[{"embeddable":true,"href":"https:\/\/www.promotienda.es\/fr\/wp-json\/wp\/v2\/pages\/5426"}],"wp:attachment":[{"href":"https:\/\/www.promotienda.es\/fr\/wp-json\/wp\/v2\/media?parent=5419"}],"curies":[{"name":"wp","href":"https:\/\/api.w.org\/{rel}","templated":true}]}}