{"id":5426,"date":"2019-05-15T09:49:00","date_gmt":"2019-05-15T07:49:00","guid":{"rendered":"https:\/\/www.promotienda.es\/services-et-produits\/"},"modified":"2019-05-15T09:49:01","modified_gmt":"2019-05-15T07:49:01","slug":"services-et-produits","status":"publish","type":"page","link":"https:\/\/www.promotienda.es\/fr\/services-et-produits\/","title":{"rendered":"Services et produits"},"content":{"rendered":"<section class=\"wpb-content-wrapper\"><p>[vc_row][vc_column][vc_column_text]<strong>Promotienda<\/strong> offre un service de<strong> dynamisation du point de vente<\/strong> gr\u00e2ce \u00e0 une gamme compl\u00e8te de<strong> moniteurs<\/strong>vid\u00e9o publicitaires.<\/p>\n<p>Notre effort vise \u00e0 renforcer la pr\u00e9sence des marques au moment de l\u2019achat et ainsi g\u00e9n\u00e9rer une augmentation des ventes<\/p>\n<p>Notre longue exp\u00e9rience audiovisuelle, d\u2019abord avec l\u2019\u00e9quipement VHS, puis avec le DVD, nous fait pr\u00e9senter \u00e0 l\u2019avant-garde de l\u2019innovation et des nouvelles technologies avec notre <strong>\u00e9quipement TFT moderne et polyvalent<\/strong>.[\/vc_column_text][\/vc_column][\/vc_row]<\/p>\n<\/section>","protected":false},"excerpt":{"rendered":"<p>[vc_row][vc_column][vc_column_text]Promotienda offre un service de dynamisation du point de vente gr\u00e2ce \u00e0 une gamme compl\u00e8te de moniteursvid\u00e9o publicitaires. Notre effort vise \u00e0 renforcer la pr\u00e9sence des marques au moment de l\u2019achat et ainsi g\u00e9n\u00e9rer une augmentation des ventes Notre longue exp\u00e9rience audiovisuelle, d\u2019abord avec l\u2019\u00e9quipement VHS, puis avec le DVD, nous fait pr\u00e9senter \u00e0 l\u2019avant-garde&hellip;<\/p>\n","protected":false},"author":1,"featured_media":0,"parent":0,"menu_order":2,"comment_status":"closed","ping_status":"closed","template":"","meta":{"ngg_post_thumbnail":0},"yoast_head":"<!-- This site is optimized with the Yoast SEO plugin v20.3 - https:\/\/yoast.com\/wordpress\/plugins\/seo\/ -->\n<title>Services et produits: affichage publicitaire Rental-Promotienda<\/title>\n<meta name=\"description\" content=\"Plus de 25 ans sp\u00e9cialis\u00e9s dans la vente et la location d\u2019\u00e9crans publicitaires. D\u00e9couvrez tous les avantages de l\u2019affichage num\u00e9rique. Contactez-nous\" \/>\n<meta name=\"robots\" content=\"index, follow, max-snippet:-1, max-image-preview:large, max-video-preview:-1\" \/>\n<link rel=\"canonical\" href=\"https:\/\/www.promotienda.es\/fr\/services-et-produits\/\" \/>\n<meta property=\"og:locale\" content=\"fr_FR\" \/>\n<meta property=\"og:type\" content=\"article\" \/>\n<meta property=\"og:title\" content=\"Services et produits: affichage publicitaire Rental-Promotienda\" \/>\n<meta property=\"og:description\" content=\"Plus de 25 ans sp\u00e9cialis\u00e9s dans la vente et la location d\u2019\u00e9crans publicitaires. D\u00e9couvrez tous les avantages de l\u2019affichage num\u00e9rique. Contactez-nous\" \/>\n<meta property=\"og:url\" content=\"https:\/\/www.promotienda.es\/fr\/services-et-produits\/\" \/>\n<meta property=\"og:site_name\" content=\"Promotienda\" \/>\n<meta property=\"article:modified_time\" content=\"2019-05-15T07:49:01+00:00\" \/>\n<meta name=\"twitter:card\" content=\"summary_large_image\" \/>\n<script type=\"application\/ld+json\" class=\"yoast-schema-graph\">{\"@context\":\"https:\/\/schema.org\",\"@graph\":[{\"@type\":\"WebPage\",\"@id\":\"https:\/\/www.promotienda.es\/fr\/services-et-produits\/\",\"url\":\"https:\/\/www.promotienda.es\/fr\/services-et-produits\/\",\"name\":\"Services et produits: affichage publicitaire Rental-Promotienda\",\"isPartOf\":{\"@id\":\"https:\/\/www.promotienda.es\/en\/#website\"},\"datePublished\":\"2019-05-15T07:49:00+00:00\",\"dateModified\":\"2019-05-15T07:49:01+00:00\",\"description\":\"Plus de 25 ans sp\u00e9cialis\u00e9s dans la vente et la location d\u2019\u00e9crans publicitaires. D\u00e9couvrez tous les avantages de l\u2019affichage num\u00e9rique. Contactez-nous\",\"breadcrumb\":{\"@id\":\"https:\/\/www.promotienda.es\/fr\/services-et-produits\/#breadcrumb\"},\"inLanguage\":\"fr-FR\",\"potentialAction\":[{\"@type\":\"ReadAction\",\"target\":[\"https:\/\/www.promotienda.es\/fr\/services-et-produits\/\"]}]},{\"@type\":\"BreadcrumbList\",\"@id\":\"https:\/\/www.promotienda.es\/fr\/services-et-produits\/#breadcrumb\",\"itemListElement\":[{\"@type\":\"ListItem\",\"position\":1,\"name\":\"Portada\",\"item\":\"https:\/\/www.promotienda.es\/fr\/\"},{\"@type\":\"ListItem\",\"position\":2,\"name\":\"Services et produits\"}]},{\"@type\":\"WebSite\",\"@id\":\"https:\/\/www.promotienda.es\/en\/#website\",\"url\":\"https:\/\/www.promotienda.es\/en\/\",\"name\":\"Promotienda\",\"description\":\"\",\"potentialAction\":[{\"@type\":\"SearchAction\",\"target\":{\"@type\":\"EntryPoint\",\"urlTemplate\":\"https:\/\/www.promotienda.es\/en\/?s={search_term_string}\"},\"query-input\":\"required name=search_term_string\"}],\"inLanguage\":\"fr-FR\"}]}<\/script>\n<!-- \/ Yoast SEO plugin. -->","yoast_head_json":{"title":"Services et produits: affichage publicitaire Rental-Promotienda","description":"Plus de 25 ans sp\u00e9cialis\u00e9s dans la vente et la location d\u2019\u00e9crans publicitaires. D\u00e9couvrez tous les avantages de l\u2019affichage num\u00e9rique. Contactez-nous","robots":{"index":"index","follow":"follow","max-snippet":"max-snippet:-1","max-image-preview":"max-image-preview:large","max-video-preview":"max-video-preview:-1"},"canonical":"https:\/\/www.promotienda.es\/fr\/services-et-produits\/","og_locale":"fr_FR","og_type":"article","og_title":"Services et produits: affichage publicitaire Rental-Promotienda","og_description":"Plus de 25 ans sp\u00e9cialis\u00e9s dans la vente et la location d\u2019\u00e9crans publicitaires. D\u00e9couvrez tous les avantages de l\u2019affichage num\u00e9rique. Contactez-nous","og_url":"https:\/\/www.promotienda.es\/fr\/services-et-produits\/","og_site_name":"Promotienda","article_modified_time":"2019-05-15T07:49:01+00:00","twitter_card":"summary_large_image","schema":{"@context":"https:\/\/schema.org","@graph":[{"@type":"WebPage","@id":"https:\/\/www.promotienda.es\/fr\/services-et-produits\/","url":"https:\/\/www.promotienda.es\/fr\/services-et-produits\/","name":"Services et produits: affichage publicitaire Rental-Promotienda","isPartOf":{"@id":"https:\/\/www.promotienda.es\/en\/#website"},"datePublished":"2019-05-15T07:49:00+00:00","dateModified":"2019-05-15T07:49:01+00:00","description":"Plus de 25 ans sp\u00e9cialis\u00e9s dans la vente et la location d\u2019\u00e9crans publicitaires. D\u00e9couvrez tous les avantages de l\u2019affichage num\u00e9rique. Contactez-nous","breadcrumb":{"@id":"https:\/\/www.promotienda.es\/fr\/services-et-produits\/#breadcrumb"},"inLanguage":"fr-FR","potentialAction":[{"@type":"ReadAction","target":["https:\/\/www.promotienda.es\/fr\/services-et-produits\/"]}]},{"@type":"BreadcrumbList","@id":"https:\/\/www.promotienda.es\/fr\/services-et-produits\/#breadcrumb","itemListElement":[{"@type":"ListItem","position":1,"name":"Portada","item":"https:\/\/www.promotienda.es\/fr\/"},{"@type":"ListItem","position":2,"name":"Services et produits"}]},{"@type":"WebSite","@id":"https:\/\/www.promotienda.es\/en\/#website","url":"https:\/\/www.promotienda.es\/en\/","name":"Promotienda","description":"","potentialAction":[{"@type":"SearchAction","target":{"@type":"EntryPoint","urlTemplate":"https:\/\/www.promotienda.es\/en\/?s={search_term_string}"},"query-input":"required name=search_term_string"}],"inLanguage":"fr-FR"}]}},"_links":{"self":[{"href":"https:\/\/www.promotienda.es\/fr\/wp-json\/wp\/v2\/pages\/5426"}],"collection":[{"href":"https:\/\/www.promotienda.es\/fr\/wp-json\/wp\/v2\/pages"}],"about":[{"href":"https:\/\/www.promotienda.es\/fr\/wp-json\/wp\/v2\/types\/page"}],"author":[{"embeddable":true,"href":"https:\/\/www.promotienda.es\/fr\/wp-json\/wp\/v2\/users\/1"}],"replies":[{"embeddable":true,"href":"https:\/\/www.promotienda.es\/fr\/wp-json\/wp\/v2\/comments?post=5426"}],"version-history":[{"count":1,"href":"https:\/\/www.promotienda.es\/fr\/wp-json\/wp\/v2\/pages\/5426\/revisions"}],"predecessor-version":[{"id":5427,"href":"https:\/\/www.promotienda.es\/fr\/wp-json\/wp\/v2\/pages\/5426\/revisions\/5427"}],"wp:attachment":[{"href":"https:\/\/www.promotienda.es\/fr\/wp-json\/wp\/v2\/media?parent=5426"}],"curies":[{"name":"wp","href":"https:\/\/api.w.org\/{rel}","templated":true}]}}