{"id":5428,"date":"2019-05-15T09:58:35","date_gmt":"2019-05-15T07:58:35","guid":{"rendered":"https:\/\/www.promotienda.es\/services-et-produits\/qui-sommes-nous\/"},"modified":"2019-05-17T13:07:02","modified_gmt":"2019-05-17T11:07:02","slug":"qui-sommes-nous","status":"publish","type":"page","link":"https:\/\/www.promotienda.es\/fr\/qui-sommes-nous\/","title":{"rendered":"Qui sommes-nous?"},"content":{"rendered":"<section class=\"wpb-content-wrapper\"><p>[vc_row][vc_column][vc_column_text]PromoTienda est une soci\u00e9t\u00e9 sp\u00e9cialis\u00e9e dans les \u00e9crans de point de vente et dans<strong>l&rsquo;installation de moniteurs vid\u00e9o publicitaires (\u00e9crans publicitaires), et de publicit\u00e9 dynamique.<\/strong><\/p>\n<p>PromoTienda est n\u00e9e en 1992 avec le d\u00e9veloppement d&rsquo;un nouveau projet qui consistait \u00e0 installer des \u00e9crans de t\u00e9l\u00e9vision dans diff\u00e9rentes cha\u00eenes alimentaires \u00e0 des endroits strat\u00e9giques du supermarch\u00e9, en regardant les offres du jour. Des lecteurs VHS, lecteurs DVD, aux \u00e9crans TFT actuels avec cartes m\u00e9moire CF, 20 ans ont pass\u00e9. Aujourd&rsquo;hui, nous pouvons offrir des \u00e9quipements professionnels connect\u00e9s \u00e0 Internet avec la technologie ADSL ou 3G, des \u00e9crans tactiles, des \u00e9crans avec lecteurs de codes \u00e0 barres, etc.<\/p>\n<p>Notre exp\u00e9rience dans le secteur de <strong>l&rsquo;installation d&rsquo;\u00e9crans dans les points de vente et de moniteurs vid\u00e9o publicitaires (\u00e9crans publicitaires)<\/strong> dans les centres commerciaux, supermarch\u00e9s et points de vente, nous a permis de nous positionner comme fournisseur de r\u00e9f\u00e9rence en Espagne et au Portugal.<\/p>\n<p>PromoTienda offre \u00e0 ses clients une large gamme de moniteurs professionnels avec des lecteurs d&rsquo;image, vid\u00e9o et son de tr\u00e8s haute qualit\u00e9, pr\u00eats \u00e0 fonctionner 24 heures sur 24, 365 jours sans interruption.<\/p>\n<p>Notre objectif est de fournir de l\u2019innovation \u00e0 votre entreprise, en am\u00e9liorant la pr\u00e9sentation de vos produits de mani\u00e8re dynamique, visuelle et tr\u00e8s attrayante \u00e0 travers des vid\u00e9os, des photos, des textes et de l\u2019audio.<\/p>\n<p><img decoding=\"async\" loading=\"lazy\" class=\"aligncenter wp-image-531 size-full\" src=\"http:\/\/www.promotienda.es\/wp-content\/uploads\/2017\/02\/alquiler-de-pantallas.jpg\" alt=\"Location d'\u00e9crans\" width=\"1209\" height=\"343\" srcset=\"https:\/\/www.promotienda.es\/wp-content\/uploads\/2017\/02\/alquiler-de-pantallas.jpg 1209w, https:\/\/www.promotienda.es\/wp-content\/uploads\/2017\/02\/alquiler-de-pantallas-300x85.jpg 300w, https:\/\/www.promotienda.es\/wp-content\/uploads\/2017\/02\/alquiler-de-pantallas-768x218.jpg 768w, https:\/\/www.promotienda.es\/wp-content\/uploads\/2017\/02\/alquiler-de-pantallas-1030x292.jpg 1030w\" sizes=\"(max-width: 1209px) 100vw, 1209px\" \/>Notre objectif est d&rsquo;apporter de l&rsquo;innovation \u00e0 votre entreprise, en am\u00e9liorant la pr\u00e9sentation de vos produits de fa\u00e7on dynamique, visuelle et tr\u00e8s attrayante par le biais de photos vid\u00e9o, texte et audio. C&rsquo;est pourquoi nous nous sp\u00e9cialisons dans l&rsquo;affichage dans les points de vente et l&rsquo;installation de moniteurs vid\u00e9o publicitaires.<\/p>\n<p>Notre sp\u00e9cialit\u00e9 est la conception et la fabrication d&rsquo;\u00e9crans publicitaires LCD (3,5&Prime;, 5,6&Prime;, 7&Prime;, 8&Prime;, 10,2&Prime;, 10,4&Prime;, 12,1&Prime;, 15&Prime;, 17&Prime;, 19&Prime;, 22&Prime;, 26&Prime; et 32&Prime;) et tous leurs accessoires et p\u00e9riph\u00e9riques.<\/p>\n<p>Notre philosophie est un engagement \u00e0 la R &amp; D et \u00e0 la qualit\u00e9 des produits que nous offrons, ainsi qu&rsquo;\u00e0 la personnalisation absolue de tous les projets d&rsquo;\u00e9crans au point de vente et \u00e0 l&rsquo;installation de moniteurs vid\u00e9o publicitaires que nous fabriquons pour nos clients.[\/vc_column_text][vc_column_text]<\/p>\n<h2>Notre raison d&rsquo;\u00eatre<\/h2>\n<p><strong>Promotienda<\/strong> a \u00e9t\u00e9 lanc\u00e9 il y a 25 ans avec une vocation claire :<\/p>\n<p><strong>Aider nos clients \u00e0 transformer le point de vente en point d&rsquo;affaires<\/strong>.<\/p>\n<p>Notre motivation vient d&rsquo;une s\u00e9rie de faits et de donn\u00e9es sur le point de vente:<\/p>\n<ul>\n<li>75 % des d\u00e9cisions d&rsquo;achat sont prises au Point of Purchase Advertising Institute (POPAI).<\/li>\n<\/ul>\n<ul>\n<li>Le point de vente est l&rsquo;endroit le plus appropri\u00e9 pour influencer le consommateur, car il est plus r\u00e9ceptif au moment de l&rsquo;achat \u00e0 une communication bien cibl\u00e9e.<\/li>\n<\/ul>\n<div>\n<ul>\n<li>La pr\u00e9sence d&rsquo;un produit en rayon ne suffit pas \u00e0 motiver l&rsquo;achat. Es necesario que el producto persuada, cobre vida, que ofrezca algo m\u00e1s y mueva al consumidor a actuar.<\/li>\n<\/ul>\n<ul>\n<li>Pour diff\u00e9rencier le produit de la concurrence et cr\u00e9er de la valeur ajout\u00e9e au point de vente, la publicit\u00e9 audiovisuelle est le meilleur outil existant.<\/li>\n<\/ul>\n<p>Promotienda vous propose les outils n\u00e9cessaires pour distribuer de la publicit\u00e9 sur le point de vente<\/p>\n<\/div>\n<p>[\/vc_column_text][vc_column_text]<\/p>\n<h2>Que pouvons-nous offrir?<\/h2>\n<p>Notre sp\u00e9cialit\u00e9 est la <strong>Conception et fabrication de moniteurs publicitaires<\/strong> LCD (3,5 \u00ab\u00a0, 5,6\u00a0\u00bb, 7 \u00ab\u00a0, 8\u00a0\u00bb, 10,2 \u00ab\u00a0, 10,4\u00a0\u00bb, 12,1 \u00ab\u00a0, 15\u00a0\u00bb, 17 \u00ab\u00a0, 19\u00a0\u00bb, 22 \u00ab\u00a0, 26\u00a0\u00bb et 32 \u00ab\u00a0), et ses accessoires et p\u00e9riph\u00e9riques, boutons poussoirs, \u00e9crans tactiles, lecteurs de codes-barres, affiches vid\u00e9o, vid\u00e9ocatalogues et contr\u00f4leurs audio et vid\u00e9o interactifs.<\/p>\n<p>Nous offrons \u00e9galement les produits en version OEM donnant toujours un support technique complet \u00e0 nos clients.<\/p>\n<p>Avec cette capacit\u00e9, nous sommes en mesure d\u2019offrir des produits toujours adapt\u00e9s \u00e0 vos besoins.[\/vc_column_text][vc_column_text]<\/p>\n<h2>Comment on fait?<\/h2>\n<p><strong>Nous sommes passionn\u00e9s par R &amp; D<\/strong><br \/>\nNous \u00e9tudions continuellement les derni\u00e8res avanc\u00e9es technologiques.<\/p>\n<p><strong>Contr\u00f4les de qualit\u00e9 stricts<\/strong><br \/>\nC\u2019est la politique de notre entreprise de tester toutes nos nouveaut\u00e9s avant de les offrir \u00e0 nos clients.<\/p>\n<p><strong>Personnalisation<\/strong><br \/>\nNous pouvons personnaliser nos \u00e9quipements pour les adapter aux besoins et aux exigences de nos clients<strong>.<\/strong><\/p>\n<p><strong>Contr\u00f4le total de la production<\/strong><br \/>\nNotre fabricant en Asie a une capacit\u00e9 de production de plus de 20 000 unit\u00e9s par mois.<br \/>\nIng\u00e9nieurs experts en logiciels et mat\u00e9riel pour d\u00e9velopper et concevoir des solutions sur mesure.<br \/>\nDu choix des composants, de la production de bo\u00eetes m\u00e9talliques, de l\u2019aluminium et du plastique et toujours en prenant soin d\u2019obtenir les meilleures finitions et contr\u00f4les de qualit\u00e9.[\/vc_column_text][vc_column_text]<\/p>\n<h2>Avantages<\/h2>\n<p><strong>Promotienda<\/strong> est le meilleur alli\u00e9 pour votre entreprise lorsque:<\/p>\n<ul>\n<li>Il y a une nouveaut\u00e9 (publication ou mise \u00e0 jour\/changement de certains aspects du Mix marketing).<\/li>\n<\/ul>\n<ul>\n<li>Une explication est n\u00e9cessaire.<\/li>\n<li>Nous voulons mettre en \u00e9vidence une fonctionnalit\u00e9 temporaire (offre, promotion).<\/li>\n<li>Il vise \u00e0 renforcer l\u2019image de marque ou certains de ses aspects.<\/li>\n<\/ul>\n<p>Le <strong>point de vente<\/strong> est transform\u00e9 en un endroit chaud g\u00e9n\u00e9rant une zone d\u2019attraction pour les consommateurs qui motiveront l\u2019achat de produit.[\/vc_column_text][vc_column_text]<\/p>\n<h2>Expertise et r\u00e9f\u00e9rences<\/h2>\n<div>\n<ul>\n<li>Nous connaissons en profondeur tous les secteurs: quincaillerie, outillage, bricolage, Autobrico, Bazar, ustensiles de cuisine, appareils \u00e9lectrom\u00e9nagers, jouets, pharmacie, parfumerie, etc.<\/li>\n<li>Sp\u00e9cialistes dans les centres commerciaux et les grandes cha\u00eenes, ainsi que les petites entreprises.<\/li>\n<li>Nous disposons d\u2019un vaste r\u00e9seau d\u2019action en Espagne et au Portugal.<\/li>\n<\/ul>\n<\/div>\n<ul>\n<li>Large portefeuille de clients nationaux et internationaux avec 100 satisfaction et embauche permanente.<\/li>\n<\/ul>\n<p>Quelques points d\u2019installation o\u00f9 nous installons habituellement nos moniteurs vid\u00e9o:<\/p>\n<p><img decoding=\"async\" loading=\"lazy\" class=\"aligncenter size-full wp-image-541\" src=\"http:\/\/www.promotienda.es\/wp-content\/uploads\/2017\/03\/marcas.jpg\" alt=\"\" width=\"299\" height=\"234\">[\/vc_column_text][\/vc_column][\/vc_row]<\/p>\n<\/section>","protected":false},"excerpt":{"rendered":"<p>[vc_row][vc_column][vc_column_text]PromoTienda est une soci\u00e9t\u00e9 sp\u00e9cialis\u00e9e dans les \u00e9crans de point de vente et dansl&rsquo;installation de moniteurs vid\u00e9o publicitaires (\u00e9crans publicitaires), et de publicit\u00e9 dynamique. PromoTienda est n\u00e9e en 1992 avec le d\u00e9veloppement d&rsquo;un nouveau projet qui consistait \u00e0 installer des \u00e9crans de t\u00e9l\u00e9vision dans diff\u00e9rentes cha\u00eenes alimentaires \u00e0 des endroits strat\u00e9giques du supermarch\u00e9, en regardant&hellip;<\/p>\n","protected":false},"author":1,"featured_media":0,"parent":5426,"menu_order":5,"comment_status":"closed","ping_status":"closed","template":"","meta":{"ngg_post_thumbnail":0},"yoast_head":"<!-- This site is optimized with the Yoast SEO plugin v20.3 - https:\/\/yoast.com\/wordpress\/plugins\/seo\/ -->\n<title>Qui sommes-nous? \u00c9quipement d&#039;affichage num\u00e9rique et publicit\u00e9 dynamique - Promotienda<\/title>\n<meta name=\"description\" content=\"Chez Promotienda, nous sommes sp\u00e9cialis\u00e9s dans les \u00e9crans pour la publicit\u00e9 et l&#039;affichage dynamique. Plus de 25 ans d&#039;exp\u00e9rience nous garantissent.\" \/>\n<meta name=\"robots\" content=\"index, follow, max-snippet:-1, max-image-preview:large, max-video-preview:-1\" \/>\n<link rel=\"canonical\" href=\"https:\/\/www.promotienda.es\/fr\/qui-sommes-nous\/\" \/>\n<meta property=\"og:locale\" content=\"fr_FR\" \/>\n<meta property=\"og:type\" content=\"article\" \/>\n<meta property=\"og:title\" content=\"Qui sommes-nous? \u00c9quipement d&#039;affichage num\u00e9rique et publicit\u00e9 dynamique - Promotienda\" \/>\n<meta property=\"og:description\" content=\"Chez Promotienda, nous sommes sp\u00e9cialis\u00e9s dans les \u00e9crans pour la publicit\u00e9 et l&#039;affichage dynamique. Plus de 25 ans d&#039;exp\u00e9rience nous garantissent.\" \/>\n<meta property=\"og:url\" content=\"https:\/\/www.promotienda.es\/fr\/qui-sommes-nous\/\" \/>\n<meta property=\"og:site_name\" content=\"Promotienda\" \/>\n<meta property=\"article:modified_time\" content=\"2019-05-17T11:07:02+00:00\" \/>\n<meta property=\"og:image\" content=\"http:\/\/www.promotienda.es\/wp-content\/uploads\/2017\/02\/alquiler-de-pantallas.jpg\" \/>\n<meta name=\"twitter:card\" content=\"summary_large_image\" \/>\n<meta name=\"twitter:label1\" content=\"Dur\u00e9e de lecture estim\u00e9e\" \/>\n\t<meta name=\"twitter:data1\" content=\"5 minutes\" \/>\n<script type=\"application\/ld+json\" class=\"yoast-schema-graph\">{\"@context\":\"https:\/\/schema.org\",\"@graph\":[{\"@type\":\"WebPage\",\"@id\":\"https:\/\/www.promotienda.es\/fr\/qui-sommes-nous\/\",\"url\":\"https:\/\/www.promotienda.es\/fr\/qui-sommes-nous\/\",\"name\":\"Qui sommes-nous? \u00c9quipement d'affichage num\u00e9rique et publicit\u00e9 dynamique - Promotienda\",\"isPartOf\":{\"@id\":\"https:\/\/www.promotienda.es\/en\/#website\"},\"datePublished\":\"2019-05-15T07:58:35+00:00\",\"dateModified\":\"2019-05-17T11:07:02+00:00\",\"description\":\"Chez Promotienda, nous sommes sp\u00e9cialis\u00e9s dans les \u00e9crans pour la publicit\u00e9 et l'affichage dynamique. Plus de 25 ans d'exp\u00e9rience nous garantissent.\",\"breadcrumb\":{\"@id\":\"https:\/\/www.promotienda.es\/fr\/qui-sommes-nous\/#breadcrumb\"},\"inLanguage\":\"fr-FR\",\"potentialAction\":[{\"@type\":\"ReadAction\",\"target\":[\"https:\/\/www.promotienda.es\/fr\/qui-sommes-nous\/\"]}]},{\"@type\":\"BreadcrumbList\",\"@id\":\"https:\/\/www.promotienda.es\/fr\/qui-sommes-nous\/#breadcrumb\",\"itemListElement\":[{\"@type\":\"ListItem\",\"position\":1,\"name\":\"Portada\",\"item\":\"https:\/\/www.promotienda.es\/fr\/\"},{\"@type\":\"ListItem\",\"position\":2,\"name\":\"Services et produits\",\"item\":\"https:\/\/www.promotienda.es\/fr\/services-et-produits\/\"},{\"@type\":\"ListItem\",\"position\":3,\"name\":\"Qui sommes-nous?\"}]},{\"@type\":\"WebSite\",\"@id\":\"https:\/\/www.promotienda.es\/en\/#website\",\"url\":\"https:\/\/www.promotienda.es\/en\/\",\"name\":\"Promotienda\",\"description\":\"\",\"potentialAction\":[{\"@type\":\"SearchAction\",\"target\":{\"@type\":\"EntryPoint\",\"urlTemplate\":\"https:\/\/www.promotienda.es\/en\/?s={search_term_string}\"},\"query-input\":\"required name=search_term_string\"}],\"inLanguage\":\"fr-FR\"}]}<\/script>\n<!-- \/ Yoast SEO plugin. -->","yoast_head_json":{"title":"Qui sommes-nous? \u00c9quipement d'affichage num\u00e9rique et publicit\u00e9 dynamique - Promotienda","description":"Chez Promotienda, nous sommes sp\u00e9cialis\u00e9s dans les \u00e9crans pour la publicit\u00e9 et l'affichage dynamique. Plus de 25 ans d'exp\u00e9rience nous garantissent.","robots":{"index":"index","follow":"follow","max-snippet":"max-snippet:-1","max-image-preview":"max-image-preview:large","max-video-preview":"max-video-preview:-1"},"canonical":"https:\/\/www.promotienda.es\/fr\/qui-sommes-nous\/","og_locale":"fr_FR","og_type":"article","og_title":"Qui sommes-nous? \u00c9quipement d'affichage num\u00e9rique et publicit\u00e9 dynamique - Promotienda","og_description":"Chez Promotienda, nous sommes sp\u00e9cialis\u00e9s dans les \u00e9crans pour la publicit\u00e9 et l'affichage dynamique. Plus de 25 ans d'exp\u00e9rience nous garantissent.","og_url":"https:\/\/www.promotienda.es\/fr\/qui-sommes-nous\/","og_site_name":"Promotienda","article_modified_time":"2019-05-17T11:07:02+00:00","og_image":[{"url":"http:\/\/www.promotienda.es\/wp-content\/uploads\/2017\/02\/alquiler-de-pantallas.jpg"}],"twitter_card":"summary_large_image","twitter_misc":{"Dur\u00e9e de lecture estim\u00e9e":"5 minutes"},"schema":{"@context":"https:\/\/schema.org","@graph":[{"@type":"WebPage","@id":"https:\/\/www.promotienda.es\/fr\/qui-sommes-nous\/","url":"https:\/\/www.promotienda.es\/fr\/qui-sommes-nous\/","name":"Qui sommes-nous? \u00c9quipement d'affichage num\u00e9rique et publicit\u00e9 dynamique - Promotienda","isPartOf":{"@id":"https:\/\/www.promotienda.es\/en\/#website"},"datePublished":"2019-05-15T07:58:35+00:00","dateModified":"2019-05-17T11:07:02+00:00","description":"Chez Promotienda, nous sommes sp\u00e9cialis\u00e9s dans les \u00e9crans pour la publicit\u00e9 et l'affichage dynamique. Plus de 25 ans d'exp\u00e9rience nous garantissent.","breadcrumb":{"@id":"https:\/\/www.promotienda.es\/fr\/qui-sommes-nous\/#breadcrumb"},"inLanguage":"fr-FR","potentialAction":[{"@type":"ReadAction","target":["https:\/\/www.promotienda.es\/fr\/qui-sommes-nous\/"]}]},{"@type":"BreadcrumbList","@id":"https:\/\/www.promotienda.es\/fr\/qui-sommes-nous\/#breadcrumb","itemListElement":[{"@type":"ListItem","position":1,"name":"Portada","item":"https:\/\/www.promotienda.es\/fr\/"},{"@type":"ListItem","position":2,"name":"Services et produits","item":"https:\/\/www.promotienda.es\/fr\/services-et-produits\/"},{"@type":"ListItem","position":3,"name":"Qui sommes-nous?"}]},{"@type":"WebSite","@id":"https:\/\/www.promotienda.es\/en\/#website","url":"https:\/\/www.promotienda.es\/en\/","name":"Promotienda","description":"","potentialAction":[{"@type":"SearchAction","target":{"@type":"EntryPoint","urlTemplate":"https:\/\/www.promotienda.es\/en\/?s={search_term_string}"},"query-input":"required name=search_term_string"}],"inLanguage":"fr-FR"}]}},"_links":{"self":[{"href":"https:\/\/www.promotienda.es\/fr\/wp-json\/wp\/v2\/pages\/5428"}],"collection":[{"href":"https:\/\/www.promotienda.es\/fr\/wp-json\/wp\/v2\/pages"}],"about":[{"href":"https:\/\/www.promotienda.es\/fr\/wp-json\/wp\/v2\/types\/page"}],"author":[{"embeddable":true,"href":"https:\/\/www.promotienda.es\/fr\/wp-json\/wp\/v2\/users\/1"}],"replies":[{"embeddable":true,"href":"https:\/\/www.promotienda.es\/fr\/wp-json\/wp\/v2\/comments?post=5428"}],"version-history":[{"count":1,"href":"https:\/\/www.promotienda.es\/fr\/wp-json\/wp\/v2\/pages\/5428\/revisions"}],"predecessor-version":[{"id":5429,"href":"https:\/\/www.promotienda.es\/fr\/wp-json\/wp\/v2\/pages\/5428\/revisions\/5429"}],"up":[{"embeddable":true,"href":"https:\/\/www.promotienda.es\/fr\/wp-json\/wp\/v2\/pages\/5426"}],"wp:attachment":[{"href":"https:\/\/www.promotienda.es\/fr\/wp-json\/wp\/v2\/media?parent=5428"}],"curies":[{"name":"wp","href":"https:\/\/api.w.org\/{rel}","templated":true}]}}