{"id":5568,"date":"2019-05-15T10:23:39","date_gmt":"2019-05-15T08:23:39","guid":{"rendered":"https:\/\/www.promotienda.es\/ecrans-publicitaires\/totems-publicitaires\/"},"modified":"2019-05-15T10:23:42","modified_gmt":"2019-05-15T08:23:42","slug":"totems-publicitaires","status":"publish","type":"page","link":"https:\/\/www.promotienda.es\/fr\/ecrans-publicitaires\/totems-publicitaires\/","title":{"rendered":"Totems publicitaires"},"content":{"rendered":"<section class=\"wpb-content-wrapper\"><p>[vc_row][vc_column width=\u00a0\u00bb1\/4&Prime;][vc_single_image image=\u00a0\u00bb4278&Prime; img_size=\u00a0\u00bblarge\u00a0\u00bb alignment=\u00a0\u00bbcenter\u00a0\u00bb][vc_single_image image=\u00a0\u00bb4279&Prime; img_size=\u00a0\u00bblarge\u00a0\u00bb alignment=\u00a0\u00bbcenter\u00a0\u00bb][\/vc_column][vc_column width=\u00a0\u00bb3\/4&Prime;][vc_column_text]Les totems publicitaires sont de plus en plus appr\u00e9ci\u00e9s pour leur \u00e9norme potentiel d\u2019attirer l\u2019attention des clients et d\u2019am\u00e9liorer l\u2019image de marque. Votre publicit\u00e9 gagnera spectaculairement avec l\u2019\u00e9cran vertical, convertissant le Totem en une solution publicitaire \u00e0 fort impact.<\/p>\n<p><strong>fonctionnalit\u00e9s:<\/strong><\/p>\n<ul>\n<li>Totem fait de plaque avec base.<\/li>\n<li>Peint en couleur \u00e9poxy \u00e0 d\u00e9terminer.<\/li>\n<li>Porte arri\u00e8re pour l\u2019enregistrement.<\/li>\n<li>Graphique en partie sup\u00e9rieure imprim\u00e9e en vinyle ou s\u00e9rigraphi\u00e9e \u00e0 1 encre.<\/li>\n<li>Mesure environ: 800x400x1850mm<\/li>\n<\/ul>\n<p>[\/vc_column_text][vc_row_inner][vc_column_inner][vc_column_text]<strong>prix:<\/strong><\/p>\n<div align=\"center\">\n<table id=\"tablepress-2\" class=\"tablepress tablepress-id-2 tablepress-responsive\">\n<thead>\n<tr class=\"row-1\">\n\t<th class=\"column-1\">Cantidad<\/th><th class=\"column-2\">PVP\/Ud.<\/th>\n<\/tr>\n<\/thead>\n<tbody>\n<tr class=\"row-2\">\n\t<td class=\"column-1\">1-2<\/td><td class=\"column-2\">2.557\u20ac<\/td>\n<\/tr>\n<tr class=\"row-3\">\n\t<td class=\"column-1\">20<\/td><td class=\"column-2\">1.872\u20ac<\/td>\n<\/tr>\n<\/tbody>\n<\/table>\n<!-- #tablepress-2 from cache --><\/div>\n<p>[\/vc_column_text][\/vc_column_inner][\/vc_row_inner][vc_column_text]-49 \u00ab\u00a0Edge affichage LED affichage avec Android, Quad Core Cortex A9 1,8 GHz, 2 Go de m\u00e9moire, 16 Go de stockage, WiFi, navigateur HTML5<br \/>\n-Assemblage non inclus<br \/>\n-Ports \u00e0 l\u2019Espagne p\u00e9ninsulaire: \u20ac150<br \/>\n-Emballage individuel, palette et protections incluses<br \/>\n-D\u00e9lai de livraison: 30 jours<br \/>\n-TVA 21 non incluse[\/vc_column_text][vc_column_text]De plus, avec notre <a href=\"https:\/\/www.promotienda.es\/fr\/logiciel-daffichage-publicitaire-rds\/\" target=\"_blank\" rel=\"noopener noreferrer\">logiciel RDM<\/a>, vous pourrez surveiller et g\u00e9rer \u00e0 distance le contenu de vos \u00e9crans. Demander plus d\u2019informations sans engagement.[\/vc_column_text][\/vc_column][\/vc_row]<\/p>\n<\/section>","protected":false},"excerpt":{"rendered":"<p>[vc_row][vc_column width=\u00a0\u00bb1\/4&Prime;][vc_single_image image=\u00a0\u00bb4278&Prime; img_size=\u00a0\u00bblarge\u00a0\u00bb alignment=\u00a0\u00bbcenter\u00a0\u00bb][vc_single_image image=\u00a0\u00bb4279&Prime; img_size=\u00a0\u00bblarge\u00a0\u00bb alignment=\u00a0\u00bbcenter\u00a0\u00bb][\/vc_column][vc_column width=\u00a0\u00bb3\/4&Prime;][vc_column_text]Les totems publicitaires sont de plus en plus appr\u00e9ci\u00e9s pour leur \u00e9norme potentiel d\u2019attirer l\u2019attention des clients et d\u2019am\u00e9liorer l\u2019image de marque. Votre publicit\u00e9 gagnera spectaculairement avec l\u2019\u00e9cran vertical, convertissant le Totem en une solution publicitaire \u00e0 fort impact. fonctionnalit\u00e9s: Totem fait de plaque avec base. Peint&hellip;<\/p>\n","protected":false},"author":7,"featured_media":0,"parent":5432,"menu_order":0,"comment_status":"closed","ping_status":"closed","template":"","meta":{"ngg_post_thumbnail":0},"yoast_head":"<!-- This site is optimized with the Yoast SEO plugin v20.3 - https:\/\/yoast.com\/wordpress\/plugins\/seo\/ -->\n<title>Totems publicitaires - Promotienda<\/title>\n<meta name=\"description\" content=\"Les totems publicitaires sont une excellente solution pour attirer l\u2019attention des acheteurs potentiels. Augmentez l\u2019impact de vos actions publicitaires au point de vente. Inf\u00f3rtmate sans compromis!\" \/>\n<meta name=\"robots\" content=\"index, follow, max-snippet:-1, max-image-preview:large, max-video-preview:-1\" \/>\n<link rel=\"canonical\" href=\"https:\/\/www.promotienda.es\/fr\/ecrans-publicitaires\/totems-publicitaires\/\" \/>\n<meta property=\"og:locale\" content=\"fr_FR\" \/>\n<meta property=\"og:type\" content=\"article\" \/>\n<meta property=\"og:title\" content=\"Totems publicitaires - Promotienda\" \/>\n<meta property=\"og:description\" content=\"Les totems publicitaires sont une excellente solution pour attirer l\u2019attention des acheteurs potentiels. Augmentez l\u2019impact de vos actions publicitaires au point de vente. Inf\u00f3rtmate sans compromis!\" \/>\n<meta property=\"og:url\" content=\"https:\/\/www.promotienda.es\/fr\/ecrans-publicitaires\/totems-publicitaires\/\" \/>\n<meta property=\"og:site_name\" content=\"Promotienda\" \/>\n<meta property=\"article:modified_time\" content=\"2019-05-15T08:23:42+00:00\" \/>\n<meta name=\"twitter:card\" content=\"summary_large_image\" \/>\n<meta name=\"twitter:label1\" content=\"Dur\u00e9e de lecture estim\u00e9e\" \/>\n\t<meta name=\"twitter:data1\" content=\"1 minute\" \/>\n<script type=\"application\/ld+json\" class=\"yoast-schema-graph\">{\"@context\":\"https:\/\/schema.org\",\"@graph\":[{\"@type\":\"WebPage\",\"@id\":\"https:\/\/www.promotienda.es\/fr\/ecrans-publicitaires\/totems-publicitaires\/\",\"url\":\"https:\/\/www.promotienda.es\/fr\/ecrans-publicitaires\/totems-publicitaires\/\",\"name\":\"Totems publicitaires - Promotienda\",\"isPartOf\":{\"@id\":\"https:\/\/www.promotienda.es\/en\/#website\"},\"datePublished\":\"2019-05-15T08:23:39+00:00\",\"dateModified\":\"2019-05-15T08:23:42+00:00\",\"description\":\"Les totems publicitaires sont une excellente solution pour attirer l\u2019attention des acheteurs potentiels. Augmentez l\u2019impact de vos actions publicitaires au point de vente. Inf\u00f3rtmate sans compromis!\",\"breadcrumb\":{\"@id\":\"https:\/\/www.promotienda.es\/fr\/ecrans-publicitaires\/totems-publicitaires\/#breadcrumb\"},\"inLanguage\":\"fr-FR\",\"potentialAction\":[{\"@type\":\"ReadAction\",\"target\":[\"https:\/\/www.promotienda.es\/fr\/ecrans-publicitaires\/totems-publicitaires\/\"]}]},{\"@type\":\"BreadcrumbList\",\"@id\":\"https:\/\/www.promotienda.es\/fr\/ecrans-publicitaires\/totems-publicitaires\/#breadcrumb\",\"itemListElement\":[{\"@type\":\"ListItem\",\"position\":1,\"name\":\"Portada\",\"item\":\"https:\/\/www.promotienda.es\/fr\/\"},{\"@type\":\"ListItem\",\"position\":2,\"name\":\"\u00c9crans publicitaires\",\"item\":\"https:\/\/www.promotienda.es\/fr\/ecrans-publicitaires\/\"},{\"@type\":\"ListItem\",\"position\":3,\"name\":\"Totems publicitaires\"}]},{\"@type\":\"WebSite\",\"@id\":\"https:\/\/www.promotienda.es\/en\/#website\",\"url\":\"https:\/\/www.promotienda.es\/en\/\",\"name\":\"Promotienda\",\"description\":\"\",\"potentialAction\":[{\"@type\":\"SearchAction\",\"target\":{\"@type\":\"EntryPoint\",\"urlTemplate\":\"https:\/\/www.promotienda.es\/en\/?s={search_term_string}\"},\"query-input\":\"required name=search_term_string\"}],\"inLanguage\":\"fr-FR\"}]}<\/script>\n<!-- \/ Yoast SEO plugin. -->","yoast_head_json":{"title":"Totems publicitaires - Promotienda","description":"Les totems publicitaires sont une excellente solution pour attirer l\u2019attention des acheteurs potentiels. Augmentez l\u2019impact de vos actions publicitaires au point de vente. Inf\u00f3rtmate sans compromis!","robots":{"index":"index","follow":"follow","max-snippet":"max-snippet:-1","max-image-preview":"max-image-preview:large","max-video-preview":"max-video-preview:-1"},"canonical":"https:\/\/www.promotienda.es\/fr\/ecrans-publicitaires\/totems-publicitaires\/","og_locale":"fr_FR","og_type":"article","og_title":"Totems publicitaires - Promotienda","og_description":"Les totems publicitaires sont une excellente solution pour attirer l\u2019attention des acheteurs potentiels. Augmentez l\u2019impact de vos actions publicitaires au point de vente. Inf\u00f3rtmate sans compromis!","og_url":"https:\/\/www.promotienda.es\/fr\/ecrans-publicitaires\/totems-publicitaires\/","og_site_name":"Promotienda","article_modified_time":"2019-05-15T08:23:42+00:00","twitter_card":"summary_large_image","twitter_misc":{"Dur\u00e9e de lecture estim\u00e9e":"1 minute"},"schema":{"@context":"https:\/\/schema.org","@graph":[{"@type":"WebPage","@id":"https:\/\/www.promotienda.es\/fr\/ecrans-publicitaires\/totems-publicitaires\/","url":"https:\/\/www.promotienda.es\/fr\/ecrans-publicitaires\/totems-publicitaires\/","name":"Totems publicitaires - Promotienda","isPartOf":{"@id":"https:\/\/www.promotienda.es\/en\/#website"},"datePublished":"2019-05-15T08:23:39+00:00","dateModified":"2019-05-15T08:23:42+00:00","description":"Les totems publicitaires sont une excellente solution pour attirer l\u2019attention des acheteurs potentiels. Augmentez l\u2019impact de vos actions publicitaires au point de vente. Inf\u00f3rtmate sans compromis!","breadcrumb":{"@id":"https:\/\/www.promotienda.es\/fr\/ecrans-publicitaires\/totems-publicitaires\/#breadcrumb"},"inLanguage":"fr-FR","potentialAction":[{"@type":"ReadAction","target":["https:\/\/www.promotienda.es\/fr\/ecrans-publicitaires\/totems-publicitaires\/"]}]},{"@type":"BreadcrumbList","@id":"https:\/\/www.promotienda.es\/fr\/ecrans-publicitaires\/totems-publicitaires\/#breadcrumb","itemListElement":[{"@type":"ListItem","position":1,"name":"Portada","item":"https:\/\/www.promotienda.es\/fr\/"},{"@type":"ListItem","position":2,"name":"\u00c9crans publicitaires","item":"https:\/\/www.promotienda.es\/fr\/ecrans-publicitaires\/"},{"@type":"ListItem","position":3,"name":"Totems publicitaires"}]},{"@type":"WebSite","@id":"https:\/\/www.promotienda.es\/en\/#website","url":"https:\/\/www.promotienda.es\/en\/","name":"Promotienda","description":"","potentialAction":[{"@type":"SearchAction","target":{"@type":"EntryPoint","urlTemplate":"https:\/\/www.promotienda.es\/en\/?s={search_term_string}"},"query-input":"required name=search_term_string"}],"inLanguage":"fr-FR"}]}},"_links":{"self":[{"href":"https:\/\/www.promotienda.es\/fr\/wp-json\/wp\/v2\/pages\/5568"}],"collection":[{"href":"https:\/\/www.promotienda.es\/fr\/wp-json\/wp\/v2\/pages"}],"about":[{"href":"https:\/\/www.promotienda.es\/fr\/wp-json\/wp\/v2\/types\/page"}],"author":[{"embeddable":true,"href":"https:\/\/www.promotienda.es\/fr\/wp-json\/wp\/v2\/users\/7"}],"replies":[{"embeddable":true,"href":"https:\/\/www.promotienda.es\/fr\/wp-json\/wp\/v2\/comments?post=5568"}],"version-history":[{"count":1,"href":"https:\/\/www.promotienda.es\/fr\/wp-json\/wp\/v2\/pages\/5568\/revisions"}],"predecessor-version":[{"id":5569,"href":"https:\/\/www.promotienda.es\/fr\/wp-json\/wp\/v2\/pages\/5568\/revisions\/5569"}],"up":[{"embeddable":true,"href":"https:\/\/www.promotienda.es\/fr\/wp-json\/wp\/v2\/pages\/5432"}],"wp:attachment":[{"href":"https:\/\/www.promotienda.es\/fr\/wp-json\/wp\/v2\/media?parent=5568"}],"curies":[{"name":"wp","href":"https:\/\/api.w.org\/{rel}","templated":true}]}}