{"id":5570,"date":"2019-05-15T10:30:16","date_gmt":"2019-05-15T08:30:16","guid":{"rendered":"https:\/\/www.promotienda.es\/ecrans-publicitaires\/ecrans-publicitaires-lcd\/"},"modified":"2019-05-15T10:30:22","modified_gmt":"2019-05-15T08:30:22","slug":"ecrans-publicitaires-lcd","status":"publish","type":"page","link":"https:\/\/www.promotienda.es\/fr\/ecrans-publicitaires\/ecrans-publicitaires-lcd\/","title":{"rendered":"\u00c9crans publicitaires LCD"},"content":{"rendered":"<section class=\"wpb-content-wrapper\"><p>[vc_row][vc_column][vc_column_text]Les \u00e9crans publicitaires LCD pr\u00e9sentent la publicit\u00e9 \u00e0 l&rsquo;audience pour am\u00e9liorer l&rsquo;efficacit\u00e9 des promotions sur le lieu de vente.[\/vc_column_text][\/vc_column][\/vc_row][vc_row margin_bottom=\u00a0\u00bb30px\u00a0\u00bb css=\u00a0\u00bb.vc_custom_1487761201294{margin-bottom: 20px !important;}\u00a0\u00bb][vc_column width=\u00a0\u00bb1\/3&Prime;][vc_column_text css=\u00a0\u00bb.vc_custom_1487761101446{margin-bottom: 5px !important;}\u00a0\u00bb]<\/p>\n<h2 style=\"text-align: center; font-size: 20px !important;\">\u00c9cran 7 pouces<\/h2>\n<p>[\/vc_column_text][vc_single_image image=\u00a0\u00bb164&Prime; img_size=\u00a0\u00bbfull\u00a0\u00bb add_caption=\u00a0\u00bbyes\u00a0\u00bb alignment=\u00a0\u00bbcenter\u00a0\u00bb css=\u00a0\u00bb.vc_custom_1487761237430{margin-bottom: 5px !important;}\u00a0\u00bb][vc_btn title=\u00a0\u00bbPlus d&rsquo;informations\u00a0\u00bb style=\u00a0\u00bboutline\u00a0\u00bb shape=\u00a0\u00bbsquare\u00a0\u00bb color=\u00a0\u00bbprimary\u00a0\u00bb align=\u00a0\u00bbcenter\u00a0\u00bb i_icon_fontawesome=\u00a0\u00bbfa fa-plus\u00a0\u00bb add_icon=\u00a0\u00bbtrue\u00a0\u00bb link=\u00a0\u00bburl:https%3A%2F%2Fwww.promotienda.es%2Fpantallas-para-publicidad%2Fpantalla-lcd-7-pulgadas|\u00a0\u00bb][\/vc_column][vc_column width=\u00a0\u00bb1\/3&Prime;][vc_column_text css=\u00a0\u00bb.vc_custom_1512941508653{margin-bottom: 5px !important;}\u00a0\u00bb]<\/p>\n<h2 style=\"text-align: center; font-size: 20px !important;\">\u00c9cran 10,1 pouces<\/h2>\n<p>[\/vc_column_text][vc_single_image image=\u00a0\u00bb4118&Prime; img_size=\u00a0\u00bbfull\u00a0\u00bb add_caption=\u00a0\u00bbyes\u00a0\u00bb alignment=\u00a0\u00bbcenter\u00a0\u00bb css=\u00a0\u00bb.vc_custom_1512941793003{margin-bottom: 5px !important;}\u00a0\u00bb][vc_btn title=\u00a0\u00bbPlus d&rsquo;informations\u00a0\u00bb style=\u00a0\u00bboutline\u00a0\u00bb shape=\u00a0\u00bbsquare\u00a0\u00bb color=\u00a0\u00bbprimary\u00a0\u00bb align=\u00a0\u00bbcenter\u00a0\u00bb i_icon_fontawesome=\u00a0\u00bbfa fa-plus\u00a0\u00bb add_icon=\u00a0\u00bbtrue\u00a0\u00bb link=\u00a0\u00bburl:https%3A%2F%2Fwww.promotienda.es%2Fpantallas-para-publicidad%2Fpantalla-lcd-10-pulgadas|\u00a0\u00bb][\/vc_column][vc_column width=\u00a0\u00bb1\/3&Prime;][vc_column_text css=\u00a0\u00bb.vc_custom_1487761142719{margin-bottom: 5px !important;}\u00a0\u00bb]<\/p>\n<h2 style=\"text-align: center; font-size: 20px !important;\">\u00c9cran 15 pouces<\/h2>\n<p>[\/vc_column_text][vc_single_image image=\u00a0\u00bb184&Prime; img_size=\u00a0\u00bbfull\u00a0\u00bb add_caption=\u00a0\u00bbyes\u00a0\u00bb alignment=\u00a0\u00bbcenter\u00a0\u00bb css=\u00a0\u00bb.vc_custom_1487761289176{margin-bottom: 5px !important;}\u00a0\u00bb][vc_btn title=\u00a0\u00bbPlus d&rsquo;informations\u00a0\u00bb style=\u00a0\u00bboutline\u00a0\u00bb shape=\u00a0\u00bbsquare\u00a0\u00bb color=\u00a0\u00bbprimary\u00a0\u00bb align=\u00a0\u00bbcenter\u00a0\u00bb i_icon_fontawesome=\u00a0\u00bbfa fa-plus\u00a0\u00bb add_icon=\u00a0\u00bbtrue\u00a0\u00bb link=\u00a0\u00bburl:https%3A%2F%2Fwww.promotienda.es%2Fpantallas-para-publicidad%2Fpantalla-lcd-15-pulgadas|\u00a0\u00bb][\/vc_column][\/vc_row][vc_row][vc_column width=\u00a0\u00bb1\/3&Prime;][vc_column_text css=\u00a0\u00bb.vc_custom_1487761156280{margin-bottom: 5px !important;}\u00a0\u00bb]<\/p>\n<h2 style=\"text-align: center; font-size: 20px !important;\">\u00c9cran 18,5 pouces<\/h2>\n<p>[\/vc_column_text][vc_single_image image=\u00a0\u00bb4020&Prime; img_size=\u00a0\u00bbfull\u00a0\u00bb add_caption=\u00a0\u00bbyes\u00a0\u00bb alignment=\u00a0\u00bbcenter\u00a0\u00bb css=\u00a0\u00bb.vc_custom_1505986498994{margin-bottom: 5px !important;}\u00a0\u00bb][vc_btn title=\u00a0\u00bbPlus d&rsquo;informations\u00a0\u00bb style=\u00a0\u00bboutline\u00a0\u00bb shape=\u00a0\u00bbsquare\u00a0\u00bb color=\u00a0\u00bbprimary\u00a0\u00bb align=\u00a0\u00bbcenter\u00a0\u00bb i_icon_fontawesome=\u00a0\u00bbfa fa-plus\u00a0\u00bb add_icon=\u00a0\u00bbtrue\u00a0\u00bb link=\u00a0\u00bburl:https%3A%2F%2Fwww.promotienda.es%2Fpantallas-para-publicidad%2Fpantalla-lcd-18-pulgadas|\u00a0\u00bb][\/vc_column][vc_column width=\u00a0\u00bb1\/3&Prime;][vc_column_text css=\u00a0\u00bb.vc_custom_1487761164465{margin-bottom: 5px !important;}\u00a0\u00bb]<\/p>\n<h2 style=\"text-align: center; font-size: 20px !important;\">\u00c9cran 21,5 pouces<\/h2>\n<p>[\/vc_column_text][vc_single_image image=\u00a0\u00bb188&Prime; img_size=\u00a0\u00bbfull\u00a0\u00bb add_caption=\u00a0\u00bbyes\u00a0\u00bb alignment=\u00a0\u00bbcenter\u00a0\u00bb css=\u00a0\u00bb.vc_custom_1487761311739{margin-bottom: 5px !important;}\u00a0\u00bb][vc_btn title=\u00a0\u00bbPlus d&rsquo;informations\u00a0\u00bb style=\u00a0\u00bboutline\u00a0\u00bb shape=\u00a0\u00bbsquare\u00a0\u00bb color=\u00a0\u00bbprimary\u00a0\u00bb align=\u00a0\u00bbcenter\u00a0\u00bb i_icon_fontawesome=\u00a0\u00bbfa fa-plus\u00a0\u00bb add_icon=\u00a0\u00bbtrue\u00a0\u00bb link=\u00a0\u00bburl:https%3A%2F%2Fwww.promotienda.es%2Fpantallas-para-publicidad%2Fpantalla-lcd-21-pulgadas|\u00a0\u00bb][\/vc_column][vc_column width=\u00a0\u00bb1\/3&Prime;][vc_column_text css=\u00a0\u00bb.vc_custom_1487761170737{margin-bottom: 5px !important;}\u00a0\u00bb]<\/p>\n<h2 style=\"text-align: center; font-size: 20px !important;\">\u00c9cran 32 pouces<\/h2>\n<p>[\/vc_column_text][vc_single_image image=\u00a0\u00bb189&Prime; img_size=\u00a0\u00bbfull\u00a0\u00bb add_caption=\u00a0\u00bbyes\u00a0\u00bb alignment=\u00a0\u00bbcenter\u00a0\u00bb css=\u00a0\u00bb.vc_custom_1487761318652{margin-bottom: 5px !important;}\u00a0\u00bb][vc_btn title=\u00a0\u00bbPlus d&rsquo;informations\u00a0\u00bb style=\u00a0\u00bboutline\u00a0\u00bb shape=\u00a0\u00bbsquare\u00a0\u00bb color=\u00a0\u00bbprimary\u00a0\u00bb align=\u00a0\u00bbcenter\u00a0\u00bb i_icon_fontawesome=\u00a0\u00bbfa fa-plus\u00a0\u00bb add_icon=\u00a0\u00bbtrue\u00a0\u00bb link=\u00a0\u00bburl:https%3A%2F%2Fwww.promotienda.es%2Fpantallas-para-publicidad%2Fpantalla-lcd-32-pulgadas|\u00a0\u00bb][\/vc_column][\/vc_row]<\/p>\n<\/section>","protected":false},"excerpt":{"rendered":"<p>[vc_row][vc_column][vc_column_text]Les \u00e9crans publicitaires LCD pr\u00e9sentent la publicit\u00e9 \u00e0 l&rsquo;audience pour am\u00e9liorer l&rsquo;efficacit\u00e9 des promotions sur le lieu de vente.[\/vc_column_text][\/vc_column][\/vc_row][vc_row margin_bottom=\u00a0\u00bb30px\u00a0\u00bb css=\u00a0\u00bb.vc_custom_1487761201294{margin-bottom: 20px !important;}\u00a0\u00bb][vc_column width=\u00a0\u00bb1\/3&Prime;][vc_column_text css=\u00a0\u00bb.vc_custom_1487761101446{margin-bottom: 5px !important;}\u00a0\u00bb] \u00c9cran 7 pouces [\/vc_column_text][vc_single_image image=\u00a0\u00bb164&Prime; img_size=\u00a0\u00bbfull\u00a0\u00bb add_caption=\u00a0\u00bbyes\u00a0\u00bb alignment=\u00a0\u00bbcenter\u00a0\u00bb css=\u00a0\u00bb.vc_custom_1487761237430{margin-bottom: 5px !important;}\u00a0\u00bb][vc_btn title=\u00a0\u00bbPlus d&rsquo;informations\u00a0\u00bb style=\u00a0\u00bboutline\u00a0\u00bb shape=\u00a0\u00bbsquare\u00a0\u00bb color=\u00a0\u00bbprimary\u00a0\u00bb align=\u00a0\u00bbcenter\u00a0\u00bb i_icon_fontawesome=\u00a0\u00bbfa fa-plus\u00a0\u00bb add_icon=\u00a0\u00bbtrue\u00a0\u00bb link=\u00a0\u00bburl:https%3A%2F%2Fwww.promotienda.es%2Fpantallas-para-publicidad%2Fpantalla-lcd-7-pulgadas|\u00a0\u00bb][\/vc_column][vc_column width=\u00a0\u00bb1\/3&Prime;][vc_column_text css=\u00a0\u00bb.vc_custom_1512941508653{margin-bottom: 5px !important;}\u00a0\u00bb] \u00c9cran 10,1 pouces&hellip;<\/p>\n","protected":false},"author":1,"featured_media":0,"parent":5432,"menu_order":1,"comment_status":"closed","ping_status":"closed","template":"","meta":{"ngg_post_thumbnail":0},"yoast_head":"<!-- This site is optimized with the Yoast SEO plugin v20.3 - https:\/\/yoast.com\/wordpress\/plugins\/seo\/ -->\n<title>\u00c9crans publicitaires LCD, moniteurs publicitaires - Promotienda<\/title>\n<meta name=\"description\" content=\"Avec les \u00e9crans publicitaires LCD, vous capterez l&#039;attention du client en cr\u00e9ant de nouvelles exp\u00e9riences. Aidez-le dans sa d\u00e9cision d&#039;acheter et d&#039;am\u00e9liorer vos ventes.\" \/>\n<meta name=\"robots\" content=\"index, follow, max-snippet:-1, max-image-preview:large, max-video-preview:-1\" \/>\n<link rel=\"canonical\" href=\"https:\/\/www.promotienda.es\/fr\/ecrans-publicitaires\/ecrans-publicitaires-lcd\/\" \/>\n<meta property=\"og:locale\" content=\"fr_FR\" \/>\n<meta property=\"og:type\" content=\"article\" \/>\n<meta property=\"og:title\" content=\"\u00c9crans publicitaires LCD, moniteurs publicitaires - Promotienda\" \/>\n<meta property=\"og:description\" content=\"Avec les \u00e9crans publicitaires LCD, vous capterez l&#039;attention du client en cr\u00e9ant de nouvelles exp\u00e9riences. Aidez-le dans sa d\u00e9cision d&#039;acheter et d&#039;am\u00e9liorer vos ventes.\" \/>\n<meta property=\"og:url\" content=\"https:\/\/www.promotienda.es\/fr\/ecrans-publicitaires\/ecrans-publicitaires-lcd\/\" \/>\n<meta property=\"og:site_name\" content=\"Promotienda\" \/>\n<meta property=\"article:modified_time\" content=\"2019-05-15T08:30:22+00:00\" \/>\n<meta name=\"twitter:card\" content=\"summary_large_image\" \/>\n<meta name=\"twitter:label1\" content=\"Dur\u00e9e de lecture estim\u00e9e\" \/>\n\t<meta name=\"twitter:data1\" content=\"2 minutes\" \/>\n<script type=\"application\/ld+json\" class=\"yoast-schema-graph\">{\"@context\":\"https:\/\/schema.org\",\"@graph\":[{\"@type\":\"WebPage\",\"@id\":\"https:\/\/www.promotienda.es\/fr\/ecrans-publicitaires\/ecrans-publicitaires-lcd\/\",\"url\":\"https:\/\/www.promotienda.es\/fr\/ecrans-publicitaires\/ecrans-publicitaires-lcd\/\",\"name\":\"\u00c9crans publicitaires LCD, moniteurs publicitaires - Promotienda\",\"isPartOf\":{\"@id\":\"https:\/\/www.promotienda.es\/en\/#website\"},\"datePublished\":\"2019-05-15T08:30:16+00:00\",\"dateModified\":\"2019-05-15T08:30:22+00:00\",\"description\":\"Avec les \u00e9crans publicitaires LCD, vous capterez l'attention du client en cr\u00e9ant de nouvelles exp\u00e9riences. Aidez-le dans sa d\u00e9cision d'acheter et d'am\u00e9liorer vos ventes.\",\"breadcrumb\":{\"@id\":\"https:\/\/www.promotienda.es\/fr\/ecrans-publicitaires\/ecrans-publicitaires-lcd\/#breadcrumb\"},\"inLanguage\":\"fr-FR\",\"potentialAction\":[{\"@type\":\"ReadAction\",\"target\":[\"https:\/\/www.promotienda.es\/fr\/ecrans-publicitaires\/ecrans-publicitaires-lcd\/\"]}]},{\"@type\":\"BreadcrumbList\",\"@id\":\"https:\/\/www.promotienda.es\/fr\/ecrans-publicitaires\/ecrans-publicitaires-lcd\/#breadcrumb\",\"itemListElement\":[{\"@type\":\"ListItem\",\"position\":1,\"name\":\"Portada\",\"item\":\"https:\/\/www.promotienda.es\/fr\/\"},{\"@type\":\"ListItem\",\"position\":2,\"name\":\"\u00c9crans publicitaires\",\"item\":\"https:\/\/www.promotienda.es\/fr\/ecrans-publicitaires\/\"},{\"@type\":\"ListItem\",\"position\":3,\"name\":\"\u00c9crans publicitaires LCD\"}]},{\"@type\":\"WebSite\",\"@id\":\"https:\/\/www.promotienda.es\/en\/#website\",\"url\":\"https:\/\/www.promotienda.es\/en\/\",\"name\":\"Promotienda\",\"description\":\"\",\"potentialAction\":[{\"@type\":\"SearchAction\",\"target\":{\"@type\":\"EntryPoint\",\"urlTemplate\":\"https:\/\/www.promotienda.es\/en\/?s={search_term_string}\"},\"query-input\":\"required name=search_term_string\"}],\"inLanguage\":\"fr-FR\"}]}<\/script>\n<!-- \/ Yoast SEO plugin. -->","yoast_head_json":{"title":"\u00c9crans publicitaires LCD, moniteurs publicitaires - Promotienda","description":"Avec les \u00e9crans publicitaires LCD, vous capterez l'attention du client en cr\u00e9ant de nouvelles exp\u00e9riences. Aidez-le dans sa d\u00e9cision d'acheter et d'am\u00e9liorer vos ventes.","robots":{"index":"index","follow":"follow","max-snippet":"max-snippet:-1","max-image-preview":"max-image-preview:large","max-video-preview":"max-video-preview:-1"},"canonical":"https:\/\/www.promotienda.es\/fr\/ecrans-publicitaires\/ecrans-publicitaires-lcd\/","og_locale":"fr_FR","og_type":"article","og_title":"\u00c9crans publicitaires LCD, moniteurs publicitaires - Promotienda","og_description":"Avec les \u00e9crans publicitaires LCD, vous capterez l'attention du client en cr\u00e9ant de nouvelles exp\u00e9riences. Aidez-le dans sa d\u00e9cision d'acheter et d'am\u00e9liorer vos ventes.","og_url":"https:\/\/www.promotienda.es\/fr\/ecrans-publicitaires\/ecrans-publicitaires-lcd\/","og_site_name":"Promotienda","article_modified_time":"2019-05-15T08:30:22+00:00","twitter_card":"summary_large_image","twitter_misc":{"Dur\u00e9e de lecture estim\u00e9e":"2 minutes"},"schema":{"@context":"https:\/\/schema.org","@graph":[{"@type":"WebPage","@id":"https:\/\/www.promotienda.es\/fr\/ecrans-publicitaires\/ecrans-publicitaires-lcd\/","url":"https:\/\/www.promotienda.es\/fr\/ecrans-publicitaires\/ecrans-publicitaires-lcd\/","name":"\u00c9crans publicitaires LCD, moniteurs publicitaires - Promotienda","isPartOf":{"@id":"https:\/\/www.promotienda.es\/en\/#website"},"datePublished":"2019-05-15T08:30:16+00:00","dateModified":"2019-05-15T08:30:22+00:00","description":"Avec les \u00e9crans publicitaires LCD, vous capterez l'attention du client en cr\u00e9ant de nouvelles exp\u00e9riences. Aidez-le dans sa d\u00e9cision d'acheter et d'am\u00e9liorer vos ventes.","breadcrumb":{"@id":"https:\/\/www.promotienda.es\/fr\/ecrans-publicitaires\/ecrans-publicitaires-lcd\/#breadcrumb"},"inLanguage":"fr-FR","potentialAction":[{"@type":"ReadAction","target":["https:\/\/www.promotienda.es\/fr\/ecrans-publicitaires\/ecrans-publicitaires-lcd\/"]}]},{"@type":"BreadcrumbList","@id":"https:\/\/www.promotienda.es\/fr\/ecrans-publicitaires\/ecrans-publicitaires-lcd\/#breadcrumb","itemListElement":[{"@type":"ListItem","position":1,"name":"Portada","item":"https:\/\/www.promotienda.es\/fr\/"},{"@type":"ListItem","position":2,"name":"\u00c9crans publicitaires","item":"https:\/\/www.promotienda.es\/fr\/ecrans-publicitaires\/"},{"@type":"ListItem","position":3,"name":"\u00c9crans publicitaires LCD"}]},{"@type":"WebSite","@id":"https:\/\/www.promotienda.es\/en\/#website","url":"https:\/\/www.promotienda.es\/en\/","name":"Promotienda","description":"","potentialAction":[{"@type":"SearchAction","target":{"@type":"EntryPoint","urlTemplate":"https:\/\/www.promotienda.es\/en\/?s={search_term_string}"},"query-input":"required name=search_term_string"}],"inLanguage":"fr-FR"}]}},"_links":{"self":[{"href":"https:\/\/www.promotienda.es\/fr\/wp-json\/wp\/v2\/pages\/5570"}],"collection":[{"href":"https:\/\/www.promotienda.es\/fr\/wp-json\/wp\/v2\/pages"}],"about":[{"href":"https:\/\/www.promotienda.es\/fr\/wp-json\/wp\/v2\/types\/page"}],"author":[{"embeddable":true,"href":"https:\/\/www.promotienda.es\/fr\/wp-json\/wp\/v2\/users\/1"}],"replies":[{"embeddable":true,"href":"https:\/\/www.promotienda.es\/fr\/wp-json\/wp\/v2\/comments?post=5570"}],"version-history":[{"count":1,"href":"https:\/\/www.promotienda.es\/fr\/wp-json\/wp\/v2\/pages\/5570\/revisions"}],"predecessor-version":[{"id":5583,"href":"https:\/\/www.promotienda.es\/fr\/wp-json\/wp\/v2\/pages\/5570\/revisions\/5583"}],"up":[{"embeddable":true,"href":"https:\/\/www.promotienda.es\/fr\/wp-json\/wp\/v2\/pages\/5432"}],"wp:attachment":[{"href":"https:\/\/www.promotienda.es\/fr\/wp-json\/wp\/v2\/media?parent=5570"}],"curies":[{"name":"wp","href":"https:\/\/api.w.org\/{rel}","templated":true}]}}