{"id":5584,"date":"2019-05-15T10:43:37","date_gmt":"2019-05-15T08:43:37","guid":{"rendered":"https:\/\/www.promotienda.es\/ecrans-publicitaires\/ecrans-publicitaires-lcd\/ecran-7-pouces\/"},"modified":"2019-05-15T10:43:40","modified_gmt":"2019-05-15T08:43:40","slug":"ecran-7-pouces","status":"publish","type":"page","link":"https:\/\/www.promotienda.es\/fr\/ecrans-publicitaires\/ecrans-publicitaires-lcd\/ecran-7-pouces\/","title":{"rendered":"\u00c9cran 7 pouces"},"content":{"rendered":"<section class=\"wpb-content-wrapper\"><p>[vc_row][vc_column width=\u00a0\u00bb1\/2&Prime;][vc_column_text]Avec cet appareil LCD 7&Prime;, vous pouvez offrir de la publicit\u00e9 \u00e0 vos clients. L&rsquo;installation de ce pr\u00e9sentoir publicitaire offre l&rsquo;opportunit\u00e9 d&rsquo;attirer l&rsquo;attention de vos clients potentiels, en montrant les principales caract\u00e9ristiques de votre entreprise et de ses produits.<\/p>\n<p>C&rsquo;est une fa\u00e7on brillante d&rsquo;accro\u00eetre la reconnaissance de la marque dans un environnement commercial concurrentiel.[\/vc_column_text][vc_btn title=\u00a0\u00bbT\u00e9l\u00e9charger le PDF\u00a0\u00bb style=\u00a0\u00bbflat\u00a0\u00bb shape=\u00a0\u00bbsquare\u00a0\u00bb color=\u00a0\u00bbprimary\u00a0\u00bb align=\u00a0\u00bbcenter\u00a0\u00bb i_icon_fontawesome=\u00a0\u00bbfa fa-download\u00a0\u00bb add_icon=\u00a0\u00bbtrue\u00a0\u00bb link=\u00a0\u00bburl:https%3A%2F%2Fwww.promotienda.es%2Fpdf%2Fpantalla-publicitaria-lcd-7-pulgadas.pdf|target:%20_blank|rel:nofollow|\u00a0\u00bb][\/vc_column][vc_column width=\u00a0\u00bb1\/2&Prime;][vc_media_grid grid_id=\u00a0\u00bbvc_gid:1543825386334-9c4ec3b2-2e85-10&Prime; include=\u00a0\u00bb253,254,255,256,257,258,259,260,261&Prime;][\/vc_column][\/vc_row][vc_row][vc_column][vc_tta_tabs style=\u00a0\u00bbmodern\u00a0\u00bb shape=\u00a0\u00bbsquare\u00a0\u00bb color=\u00a0\u00bbwhite\u00a0\u00bb active_section=\u00a0\u00bb1&Prime; no_fill_content_area=\u00a0\u00bbtrue\u00a0\u00bb][vc_tta_section title=\u00a0\u00bbCaract\u00e9ristiques\u00a0\u00bb tab_id=\u00a0\u00bb1487761552104-9edf1378-d107f98d-b868&Prime;][vc_row_inner][vc_column_inner width=\u00a0\u00bb1\/3&Prime;][vc_single_image image=\u00a0\u00bb271&Prime; img_size=\u00a0\u00bbfull\u00a0\u00bb][\/vc_column_inner][vc_column_inner width=\u00a0\u00bb2\/3&Prime;][vc_column_text]<\/p>\n<h3>Capteur de mouvement<\/h3>\n<p>Avec le d\u00e9tecteur de mouvement, la lecture de vid\u00e9os et d&rsquo;images n&rsquo;est activ\u00e9e que lorsque le client se trouve dans son champ d&rsquo;action.[\/vc_column_text][\/vc_column_inner][\/vc_row_inner][vc_row_inner][vc_column_inner width=\u00a0\u00bb1\/3&Prime;][vc_single_image image=\u00a0\u00bb270&Prime; img_size=\u00a0\u00bbfull\u00a0\u00bb][\/vc_column_inner][vc_column_inner width=\u00a0\u00bb2\/3&Prime;][vc_column_text]<\/p>\n<h3>D\u00e9marrage automatique, boucle automatique<\/h3>\n<p>D\u00e9marrage et lecture automatique une fois connect\u00e9.[\/vc_column_text][\/vc_column_inner][\/vc_row_inner][vc_row_inner][vc_column_inner width=\u00a0\u00bb1\/3&Prime;][vc_single_image image=\u00a0\u00bb267&Prime; img_size=\u00a0\u00bbfull\u00a0\u00bb][\/vc_column_inner][vc_column_inner width=\u00a0\u00bb2\/3&Prime;][vc_column_text]<\/p>\n<h3>Mise \u00e0 niveau USB<\/h3>\n<p>Le contenu du lecteur peut \u00eatre mis \u00e0 jour directement via un p\u00e9riph\u00e9rique USB.[\/vc_column_text][\/vc_column_inner][\/vc_row_inner][vc_column_text]<\/p>\n<h3>FONCTIONS ADDITIONNELLES<\/h3>\n<p>[\/vc_column_text][vc_row_inner][vc_column_inner width=\u00a0\u00bb1\/3&Prime;][vc_single_image image=\u00a0\u00bb268&Prime; img_size=\u00a0\u00bbfull\u00a0\u00bb][\/vc_column_inner][vc_column_inner width=\u00a0\u00bb2\/3&Prime;][vc_column_text]<\/p>\n<h3>Boutons<\/h3>\n<p>Le client peut s\u00e9lectionner une vid\u00e9o d&rsquo;un produit sp\u00e9cifique qu&rsquo;il souhaite voir.[\/vc_column_text][\/vc_column_inner][\/vc_row_inner][vc_row_inner][vc_column_inner width=\u00a0\u00bb1\/3&Prime;][vc_single_image image=\u00a0\u00bb269&Prime; img_size=\u00a0\u00bbfull\u00a0\u00bb][\/vc_column_inner][vc_column_inner width=\u00a0\u00bb2\/3&Prime;][vc_column_text]<\/p>\n<h3>Aliment\u00e9 par batterie<\/h3>\n<p>Un maximum de 3 compartiments de batterie D faciles \u00e0 installer, qui peuvent lire 200 vid\u00e9os par jour pendant 15 secondes, pour une dur\u00e9e maximale de 3 mois.[\/vc_column_text][\/vc_column_inner][\/vc_row_inner][vc_row_inner][vc_column_inner width=\u00a0\u00bb1\/3&Prime;][vc_single_image image=\u00a0\u00bb272&Prime; img_size=\u00a0\u00bbfull\u00a0\u00bb][\/vc_column_inner][vc_column_inner width=\u00a0\u00bb2\/3&Prime;][vc_column_text]<\/p>\n<h3>Toucher<\/h3>\n<p>Logiciel externe qui permet de contr\u00f4ler les couches et les positions tactiles.[\/vc_column_text][\/vc_column_inner][\/vc_row_inner][\/vc_tta_section][vc_tta_section title=\u00a0\u00bbSp\u00e9cifications techniques\u00a0\u00bb tab_id=\u00a0\u00bb1487761552126-ff627175-e835f98d-b868&Prime;]<div class=\"ult_pricing_table_wrap ult_info_table ult_design_6  ult-cs-blue  \">\n\t\t\t\t\t<div class=\"ult_pricing_table \" style=\" \"><div id=\"Info-table-wrap-1458\" class=\"ult_pricing_heading\" style=\"\">\n\t\t\t\t\t\t\t<h3 class=\"ult-responsive\"  data-ultimate-target='#Info-table-wrap-1458 h3'  data-responsive-json-new='{\"font-size\":\"\",\"line-height\":\"\"}'  style=\"font-weight:normal;\">Modelo GSGAD073-P<\/h3><\/div><!--ult_pricing_heading--><div id=\"info_table_features_wrap-2309\"  data-ultimate-target='#info_table_features_wrap-2309.ult_price_features'  data-responsive-json-new='{\"font-size\":\"\",\"line-height\":\"\"}'  class=\"ult-responsive ult_price_features\" style=\"font-weight:normal;\">\n\t\t\t\t\t\t\t<table width=\"100%\">\n<tbody>\n<tr>\n<td rowspan=\"8\" width=\"25%\"><strong>\u00c9cran<\/strong><\/td>\n<td width=\"30%\">Taille de<\/td>\n<td width=\"45%\">7\u201d<\/td>\n<\/tr>\n<tr>\n<td width=\"30%\">Ratio d\u2019aspect<\/td>\n<td width=\"45%\">16:9<\/td>\n<\/tr>\n<tr>\n<td width=\"30%\">r\u00e9solution<\/td>\n<td width=\"45%\">800 x 480<\/td>\n<\/tr>\n<tr>\n<td width=\"30%\">Luminosit\u00e9 (CD\/m2)<\/td>\n<td width=\"45%\">250 Cd\/m2<\/td>\n<\/tr>\n<tr>\n<td width=\"30%\">Contraste<\/td>\n<td width=\"45%\">500:1<\/td>\n<\/tr>\n<tr>\n<td width=\"30%\">Angle<\/td>\n<td width=\"45%\">U\/D: 50, 70, L\/R: 70,70<\/td>\n<\/tr>\n<tr>\n<td width=\"30%\">Contraste<\/td>\n<td width=\"45%\">500:1<\/td>\n<\/tr>\n<tr>\n<td width=\"30%\">Type d\u2019\u00e9cran<\/td>\n<td width=\"45%\">TFT<\/td>\n<\/tr>\n<tr>\n<td rowspan=\"14\" width=\"25%\"><strong>Mat\u00e9riel informatique<\/strong><\/td>\n<td width=\"30%\">Couvrir<\/td>\n<td width=\"45%\">Plastique<\/td>\n<\/tr>\n<tr>\n<td width=\"30%\">Couleur<\/td>\n<td width=\"45%\">Noir<\/td>\n<\/tr>\n<tr>\n<td width=\"30%\">Syst\u00e8me audio<\/td>\n<td width=\"45%\">St\u00e9r\u00e9o<\/td>\n<\/tr>\n<tr>\n<td width=\"30%\">Format de fichier pris en charge<\/td>\n<td width=\"45%\">MPEG-1, MPEG-2, MPEG-4,<\/td>\n<\/tr>\n<tr>\n<td width=\"30%\">M\u00e9moire support\u00e9e<\/td>\n<td width=\"45%\">Carte SD, USB 2,0<\/td>\n<\/tr>\n<tr>\n<td width=\"30%\">Caract\u00e9ristiques de lecture<\/td>\n<td width=\"45%\">Relecture automatique, r\u00e9p\u00e9ter<\/td>\n<\/tr>\n<tr>\n<td width=\"30%\">Capteur de mouvement<\/td>\n<td width=\"45%\">30s,60s,90s,45s mute,360s<\/td>\n<\/tr>\n<tr>\n<td width=\"30%\">Input<\/td>\n<td width=\"45%\">N\/A<\/td>\n<\/tr>\n<tr>\n<td width=\"30%\">Audio input<\/td>\n<td width=\"45%\">Ne s&rsquo;applique pas<\/td>\n<\/tr>\n<tr>\n<td width=\"30%\">Boutons de commande<\/td>\n<td width=\"45%\">Menu, haut et bas<\/td>\n<\/tr>\n<tr>\n<td width=\"30%\">Haut-parleur<\/td>\n<td width=\"45%\">1W x 2<\/td>\n<\/tr>\n<tr>\n<td width=\"30%\">Tension<\/td>\n<td width=\"45%\">AC 100-240V, 50\/60Hz<\/td>\n<\/tr>\n<tr>\n<td width=\"30%\">Consommation d\u2019\u00e9nergie maximale<\/td>\n<td width=\"45%\">6W<\/td>\n<\/tr>\n<tr>\n<td width=\"30%\">Accessoires<\/td>\n<td width=\"45%\">Adaptateur secteur, t\u00e9l\u00e9commande, manuel d\u2019utilisation<\/td>\n<\/tr>\n<tr>\n<td rowspan=\"5\" width=\"25%\"><strong>Fonctions facultatives (co\u00fbt additionnel)<\/strong><\/td>\n<td width=\"30%\">Toucher<\/td>\n<td width=\"45%\">Oui<\/td>\n<\/tr>\n<tr>\n<td width=\"30%\">Batterie<\/td>\n<td width=\"45%\">Oui<\/td>\n<\/tr>\n<tr>\n<td width=\"30%\">Touch et code \u00e0 barres<\/td>\n<td width=\"45%\">Non<\/td>\n<\/tr>\n<tr>\n<td width=\"30%\">Bouton (max. 6 boutons)<\/td>\n<td width=\"45%\">Oui<\/td>\n<\/tr>\n<tr>\n<td width=\"30%\">Lift (maximum 6 lifts)<\/td>\n<td width=\"45%\">Oui<\/td>\n<\/tr>\n<\/tbody>\n<\/table>\n<table width=\"100%\">\n<tbody>\n<tr>\n<td colspan=\"3\" width=\"100%\"><strong>Sp\u00e9cifications de dimension<\/strong><\/td>\n<\/tr>\n<tr>\n<td width=\"25%\"><strong>Mod\u00e8le<\/strong><\/td>\n<td colspan=\"2\" width=\"75%\"><strong>GSGAD073-P<\/strong><\/td>\n<\/tr>\n<tr>\n<td rowspan=\"9\" width=\"25%\"><strong>Longueur X Haut X Largeur (cm)<\/strong><\/td>\n<td width=\"30%\">Mesures<\/td>\n<td width=\"45%\">18.95&#215;11.93&#215;3.5<\/td>\n<\/tr>\n<tr>\n<td width=\"30%\">Poids<\/td>\n<td width=\"45%\">0.35kg<\/td>\n<\/tr>\n<tr>\n<td width=\"30%\">Dimensions d\u2019emballage<\/td>\n<td width=\"45%\">26.2&#215;6.5&#215;13<\/td>\n<\/tr>\n<tr>\n<td width=\"30%\">Poids d\u2019emballage par unit\u00e9 (kg\/PC)<\/td>\n<td width=\"45%\">0.63kg<\/td>\n<\/tr>\n<tr>\n<td width=\"30%\">Unit\u00e9s par bo\u00eete (unit\u00e9s\/bo\u00eete)<\/td>\n<td width=\"45%\">20<\/td>\n<\/tr>\n<tr>\n<td width=\"30%\">Dimensions de la bo\u00eete<\/td>\n<td width=\"45%\">55.5&#215;37.5&#215;28<\/td>\n<\/tr>\n<tr>\n<td width=\"30%\">Poids de la bo\u00eete (kg)<\/td>\n<td width=\"45%\">13.2<\/td>\n<\/tr>\n<tr>\n<td width=\"30%\">Dimensions de support<\/td>\n<td width=\"45%\">30mmx75mm<\/td>\n<\/tr>\n<tr>\n<td width=\"30%\">Supports appropri\u00e9s<\/td>\n<td width=\"45%\">Fix-001 with FIX-017, FIX-003, FIX-004, FIX-016, FIX-014, FIX-015, WM01512S<\/td>\n<\/tr>\n<\/tbody>\n<\/table>\n\n\t\t\t\t\t\t<\/div><!--ult_price_features--><div class=\"ult_clr\"><\/div>\n\t\t\t<\/div><!--pricing_table-->\n\t\t<\/div><!--pricing_table_wrap-->[\/vc_tta_section][\/vc_tta_tabs][\/vc_column][\/vc_row]<\/p>\n<\/section>","protected":false},"excerpt":{"rendered":"<p>[vc_row][vc_column width=\u00a0\u00bb1\/2&Prime;][vc_column_text]Avec cet appareil LCD 7&Prime;, vous pouvez offrir de la publicit\u00e9 \u00e0 vos clients. L&rsquo;installation de ce pr\u00e9sentoir publicitaire offre l&rsquo;opportunit\u00e9 d&rsquo;attirer l&rsquo;attention de vos clients potentiels, en montrant les principales caract\u00e9ristiques de votre entreprise et de ses produits. C&rsquo;est une fa\u00e7on brillante d&rsquo;accro\u00eetre la reconnaissance de la marque dans un environnement commercial concurrentiel.[\/vc_column_text][vc_btn&hellip;<\/p>\n","protected":false},"author":1,"featured_media":0,"parent":5570,"menu_order":1,"comment_status":"closed","ping_status":"closed","template":"","meta":{"ngg_post_thumbnail":0},"yoast_head":"<!-- This site is optimized with the Yoast SEO plugin v20.3 - https:\/\/yoast.com\/wordpress\/plugins\/seo\/ -->\n<title>\u00c9cran 7&quot;, \u00e9cran publicitaire - Promotienda<\/title>\n<meta name=\"description\" content=\"\u00c9cran de 7 pouces pour une publicit\u00e9 dynamique au point de vente efficace et \u00e9conomique. Apprenez maintenant \u00e0 am\u00e9liorer vos ventes.\" \/>\n<meta name=\"robots\" content=\"index, follow, max-snippet:-1, max-image-preview:large, max-video-preview:-1\" \/>\n<link rel=\"canonical\" href=\"https:\/\/www.promotienda.es\/fr\/ecrans-publicitaires\/ecrans-publicitaires-lcd\/ecran-7-pouces\/\" \/>\n<meta property=\"og:locale\" content=\"fr_FR\" \/>\n<meta property=\"og:type\" content=\"article\" \/>\n<meta property=\"og:title\" content=\"\u00c9cran 7&quot;, \u00e9cran publicitaire - Promotienda\" \/>\n<meta property=\"og:description\" content=\"\u00c9cran de 7 pouces pour une publicit\u00e9 dynamique au point de vente efficace et \u00e9conomique. Apprenez maintenant \u00e0 am\u00e9liorer vos ventes.\" \/>\n<meta property=\"og:url\" content=\"https:\/\/www.promotienda.es\/fr\/ecrans-publicitaires\/ecrans-publicitaires-lcd\/ecran-7-pouces\/\" \/>\n<meta property=\"og:site_name\" content=\"Promotienda\" \/>\n<meta property=\"article:modified_time\" content=\"2019-05-15T08:43:40+00:00\" \/>\n<meta name=\"twitter:card\" content=\"summary_large_image\" \/>\n<meta name=\"twitter:label1\" content=\"Dur\u00e9e de lecture estim\u00e9e\" \/>\n\t<meta name=\"twitter:data1\" content=\"4 minutes\" \/>\n<script type=\"application\/ld+json\" class=\"yoast-schema-graph\">{\"@context\":\"https:\/\/schema.org\",\"@graph\":[{\"@type\":\"WebPage\",\"@id\":\"https:\/\/www.promotienda.es\/fr\/ecrans-publicitaires\/ecrans-publicitaires-lcd\/ecran-7-pouces\/\",\"url\":\"https:\/\/www.promotienda.es\/fr\/ecrans-publicitaires\/ecrans-publicitaires-lcd\/ecran-7-pouces\/\",\"name\":\"\u00c9cran 7\\\", \u00e9cran publicitaire - Promotienda\",\"isPartOf\":{\"@id\":\"https:\/\/www.promotienda.es\/en\/#website\"},\"datePublished\":\"2019-05-15T08:43:37+00:00\",\"dateModified\":\"2019-05-15T08:43:40+00:00\",\"description\":\"\u00c9cran de 7 pouces pour une publicit\u00e9 dynamique au point de vente efficace et \u00e9conomique. Apprenez maintenant \u00e0 am\u00e9liorer vos ventes.\",\"breadcrumb\":{\"@id\":\"https:\/\/www.promotienda.es\/fr\/ecrans-publicitaires\/ecrans-publicitaires-lcd\/ecran-7-pouces\/#breadcrumb\"},\"inLanguage\":\"fr-FR\",\"potentialAction\":[{\"@type\":\"ReadAction\",\"target\":[\"https:\/\/www.promotienda.es\/fr\/ecrans-publicitaires\/ecrans-publicitaires-lcd\/ecran-7-pouces\/\"]}]},{\"@type\":\"BreadcrumbList\",\"@id\":\"https:\/\/www.promotienda.es\/fr\/ecrans-publicitaires\/ecrans-publicitaires-lcd\/ecran-7-pouces\/#breadcrumb\",\"itemListElement\":[{\"@type\":\"ListItem\",\"position\":1,\"name\":\"Portada\",\"item\":\"https:\/\/www.promotienda.es\/fr\/\"},{\"@type\":\"ListItem\",\"position\":2,\"name\":\"\u00c9crans publicitaires\",\"item\":\"https:\/\/www.promotienda.es\/fr\/ecrans-publicitaires\/\"},{\"@type\":\"ListItem\",\"position\":3,\"name\":\"\u00c9crans publicitaires LCD\",\"item\":\"https:\/\/www.promotienda.es\/fr\/ecrans-publicitaires\/ecrans-publicitaires-lcd\/\"},{\"@type\":\"ListItem\",\"position\":4,\"name\":\"\u00c9cran 7 pouces\"}]},{\"@type\":\"WebSite\",\"@id\":\"https:\/\/www.promotienda.es\/en\/#website\",\"url\":\"https:\/\/www.promotienda.es\/en\/\",\"name\":\"Promotienda\",\"description\":\"\",\"potentialAction\":[{\"@type\":\"SearchAction\",\"target\":{\"@type\":\"EntryPoint\",\"urlTemplate\":\"https:\/\/www.promotienda.es\/en\/?s={search_term_string}\"},\"query-input\":\"required name=search_term_string\"}],\"inLanguage\":\"fr-FR\"}]}<\/script>\n<!-- \/ Yoast SEO plugin. -->","yoast_head_json":{"title":"\u00c9cran 7\", \u00e9cran publicitaire - Promotienda","description":"\u00c9cran de 7 pouces pour une publicit\u00e9 dynamique au point de vente efficace et \u00e9conomique. Apprenez maintenant \u00e0 am\u00e9liorer vos ventes.","robots":{"index":"index","follow":"follow","max-snippet":"max-snippet:-1","max-image-preview":"max-image-preview:large","max-video-preview":"max-video-preview:-1"},"canonical":"https:\/\/www.promotienda.es\/fr\/ecrans-publicitaires\/ecrans-publicitaires-lcd\/ecran-7-pouces\/","og_locale":"fr_FR","og_type":"article","og_title":"\u00c9cran 7\", \u00e9cran publicitaire - Promotienda","og_description":"\u00c9cran de 7 pouces pour une publicit\u00e9 dynamique au point de vente efficace et \u00e9conomique. Apprenez maintenant \u00e0 am\u00e9liorer vos ventes.","og_url":"https:\/\/www.promotienda.es\/fr\/ecrans-publicitaires\/ecrans-publicitaires-lcd\/ecran-7-pouces\/","og_site_name":"Promotienda","article_modified_time":"2019-05-15T08:43:40+00:00","twitter_card":"summary_large_image","twitter_misc":{"Dur\u00e9e de lecture estim\u00e9e":"4 minutes"},"schema":{"@context":"https:\/\/schema.org","@graph":[{"@type":"WebPage","@id":"https:\/\/www.promotienda.es\/fr\/ecrans-publicitaires\/ecrans-publicitaires-lcd\/ecran-7-pouces\/","url":"https:\/\/www.promotienda.es\/fr\/ecrans-publicitaires\/ecrans-publicitaires-lcd\/ecran-7-pouces\/","name":"\u00c9cran 7\", \u00e9cran publicitaire - Promotienda","isPartOf":{"@id":"https:\/\/www.promotienda.es\/en\/#website"},"datePublished":"2019-05-15T08:43:37+00:00","dateModified":"2019-05-15T08:43:40+00:00","description":"\u00c9cran de 7 pouces pour une publicit\u00e9 dynamique au point de vente efficace et \u00e9conomique. Apprenez maintenant \u00e0 am\u00e9liorer vos ventes.","breadcrumb":{"@id":"https:\/\/www.promotienda.es\/fr\/ecrans-publicitaires\/ecrans-publicitaires-lcd\/ecran-7-pouces\/#breadcrumb"},"inLanguage":"fr-FR","potentialAction":[{"@type":"ReadAction","target":["https:\/\/www.promotienda.es\/fr\/ecrans-publicitaires\/ecrans-publicitaires-lcd\/ecran-7-pouces\/"]}]},{"@type":"BreadcrumbList","@id":"https:\/\/www.promotienda.es\/fr\/ecrans-publicitaires\/ecrans-publicitaires-lcd\/ecran-7-pouces\/#breadcrumb","itemListElement":[{"@type":"ListItem","position":1,"name":"Portada","item":"https:\/\/www.promotienda.es\/fr\/"},{"@type":"ListItem","position":2,"name":"\u00c9crans publicitaires","item":"https:\/\/www.promotienda.es\/fr\/ecrans-publicitaires\/"},{"@type":"ListItem","position":3,"name":"\u00c9crans publicitaires LCD","item":"https:\/\/www.promotienda.es\/fr\/ecrans-publicitaires\/ecrans-publicitaires-lcd\/"},{"@type":"ListItem","position":4,"name":"\u00c9cran 7 pouces"}]},{"@type":"WebSite","@id":"https:\/\/www.promotienda.es\/en\/#website","url":"https:\/\/www.promotienda.es\/en\/","name":"Promotienda","description":"","potentialAction":[{"@type":"SearchAction","target":{"@type":"EntryPoint","urlTemplate":"https:\/\/www.promotienda.es\/en\/?s={search_term_string}"},"query-input":"required name=search_term_string"}],"inLanguage":"fr-FR"}]}},"_links":{"self":[{"href":"https:\/\/www.promotienda.es\/fr\/wp-json\/wp\/v2\/pages\/5584"}],"collection":[{"href":"https:\/\/www.promotienda.es\/fr\/wp-json\/wp\/v2\/pages"}],"about":[{"href":"https:\/\/www.promotienda.es\/fr\/wp-json\/wp\/v2\/types\/page"}],"author":[{"embeddable":true,"href":"https:\/\/www.promotienda.es\/fr\/wp-json\/wp\/v2\/users\/1"}],"replies":[{"embeddable":true,"href":"https:\/\/www.promotienda.es\/fr\/wp-json\/wp\/v2\/comments?post=5584"}],"version-history":[{"count":1,"href":"https:\/\/www.promotienda.es\/fr\/wp-json\/wp\/v2\/pages\/5584\/revisions"}],"predecessor-version":[{"id":5585,"href":"https:\/\/www.promotienda.es\/fr\/wp-json\/wp\/v2\/pages\/5584\/revisions\/5585"}],"up":[{"embeddable":true,"href":"https:\/\/www.promotienda.es\/fr\/wp-json\/wp\/v2\/pages\/5570"}],"wp:attachment":[{"href":"https:\/\/www.promotienda.es\/fr\/wp-json\/wp\/v2\/media?parent=5584"}],"curies":[{"name":"wp","href":"https:\/\/api.w.org\/{rel}","templated":true}]}}