{"id":5612,"date":"2019-05-15T11:12:20","date_gmt":"2019-05-15T09:12:20","guid":{"rendered":"https:\/\/www.promotienda.es\/ecrans-publicitaires\/ecrans-publicitaires-android\/"},"modified":"2019-05-15T11:12:25","modified_gmt":"2019-05-15T09:12:25","slug":"ecrans-publicitaires-android","status":"publish","type":"page","link":"https:\/\/www.promotienda.es\/fr\/ecrans-publicitaires\/ecrans-publicitaires-android\/","title":{"rendered":"\u00c9crans publicitaires Android"},"content":{"rendered":"<section class=\"wpb-content-wrapper\"><p>[vc_row][vc_column][vc_column_text]Les \u00e9crans publicitaires Android sont une excellente solution pour les marques et les d\u00e9taillants qui veulent annoncer leurs messages de marketing num\u00e9rique dans un environnement commercial. Avec le syst\u00e8me d\u2019exploitation Android et aliment\u00e9 par la technologie Pulse, ces \u00e9crans compacts comprennent toutes les fonctionnalit\u00e9s d\u2019une tablette Android sans capacit\u00e9 tactile.[\/vc_column_text][vc_single_image image=\u00a0\u00bb981&Prime; img_size=\u00a0\u00bbfull\u00a0\u00bb alignment=\u00a0\u00bbcenter\u00a0\u00bb css_animation=\u00a0\u00bbfadeInLeft\u00a0\u00bb lazy_loading=\u00a0\u00bbtrue\u00a0\u00bb][\/vc_column][\/vc_row][vc_row][vc_column][vc_column_text]<\/p>\n<h3>Tailles d\u2019\u00e9cran Android disponibles<\/h3>\n<p>[\/vc_column_text][\/vc_column][\/vc_row][vc_row][vc_column width=\u00a0\u00bb1\/3&Prime;][vc_single_image image=\u00a0\u00bb489&Prime; img_size=\u00a0\u00bbfull\u00a0\u00bb alignment=\u00a0\u00bbcenter\u00a0\u00bb css_animation=\u00a0\u00bbfadeInDown\u00a0\u00bb image_hovers=\u00a0\u00bbfalse\u00a0\u00bb lazy_loading=\u00a0\u00bbtrue\u00a0\u00bb css=\u00a0\u00bb.vc_custom_1491239220853{margin-bottom: 5px !important;}\u00a0\u00bb][vc_btn title=\u00a0\u00bbSp\u00e9cifications\u00a0\u00bb style=\u00a0\u00bbflat\u00a0\u00bb shape=\u00a0\u00bbsquare\u00a0\u00bb color=\u00a0\u00bbprimary\u00a0\u00bb align=\u00a0\u00bbcenter\u00a0\u00bb i_icon_fontawesome=\u00a0\u00bbfa fa-download\u00a0\u00bb add_icon=\u00a0\u00bbtrue\u00a0\u00bb link=\u00a0\u00bburl:https%3A%2F%2Fwww.promotienda.es%2Fpdf%2Fpantalla-android-15-6-pulgadas.pdf|target:%20_blank|\u00a0\u00bb][\/vc_column][vc_column width=\u00a0\u00bb1\/3&Prime;][vc_single_image image=\u00a0\u00bb490&Prime; img_size=\u00a0\u00bbfull\u00a0\u00bb alignment=\u00a0\u00bbcenter\u00a0\u00bb css_animation=\u00a0\u00bbfadeInDown\u00a0\u00bb image_hovers=\u00a0\u00bbfalse\u00a0\u00bb lazy_loading=\u00a0\u00bbtrue\u00a0\u00bb css=\u00a0\u00bb.vc_custom_1491239238373{margin-bottom: 5px !important;}\u00a0\u00bb][vc_btn title=\u00a0\u00bbSp\u00e9cifications\u00a0\u00bb style=\u00a0\u00bbflat\u00a0\u00bb shape=\u00a0\u00bbsquare\u00a0\u00bb color=\u00a0\u00bbprimary\u00a0\u00bb align=\u00a0\u00bbcenter\u00a0\u00bb i_icon_fontawesome=\u00a0\u00bbfa fa-download\u00a0\u00bb add_icon=\u00a0\u00bbtrue\u00a0\u00bb link=\u00a0\u00bburl:https%3A%2F%2Fwww.promotienda.es%2Fpdf%2Fpantalla-android-18-5-pulgadas.pdf|target:%20_blank|\u00a0\u00bb][\/vc_column][vc_column width=\u00a0\u00bb1\/3&Prime;][vc_single_image image=\u00a0\u00bb491&Prime; img_size=\u00a0\u00bbfull\u00a0\u00bb alignment=\u00a0\u00bbcenter\u00a0\u00bb css_animation=\u00a0\u00bbfadeInDown\u00a0\u00bb image_hovers=\u00a0\u00bbfalse\u00a0\u00bb lazy_loading=\u00a0\u00bbtrue\u00a0\u00bb css=\u00a0\u00bb.vc_custom_1491239256302{margin-bottom: 5px !important;}\u00a0\u00bb][vc_btn title=\u00a0\u00bbSp\u00e9cifications\u00a0\u00bb style=\u00a0\u00bbflat\u00a0\u00bb shape=\u00a0\u00bbsquare\u00a0\u00bb color=\u00a0\u00bbprimary\u00a0\u00bb align=\u00a0\u00bbcenter\u00a0\u00bb i_icon_fontawesome=\u00a0\u00bbfa fa-download\u00a0\u00bb add_icon=\u00a0\u00bbtrue\u00a0\u00bb link=\u00a0\u00bburl:https%3A%2F%2Fwww.promotienda.es%2Fpdf%2Fpantalla-android-21-5-pulgadas.pdf|target:%20_blank|\u00a0\u00bb][\/vc_column][\/vc_row][vc_row margin_top=\u00a0\u00bb30px\u00a0\u00bb][vc_column][vc_row_inner][vc_column_inner][vc_column_text]<\/p>\n<h2>Ecrans Android: fonctionnalit\u00e9s<\/h2>\n<p>[\/vc_column_text][\/vc_column_inner][\/vc_row_inner][vc_row_inner][vc_column_inner width=\u00a0\u00bb1\/3&Prime;][vc_single_image image=\u00a0\u00bb1043&Prime; img_size=\u00a0\u00bbfull\u00a0\u00bb alignment=\u00a0\u00bbcenter\u00a0\u00bb][\/vc_column_inner][vc_column_inner width=\u00a0\u00bb2\/3&Prime;][vc_column_text]<\/p>\n<h3>Vari\u00e9t\u00e9 de conceptions<\/h3>\n<p>Diff\u00e9rentes tailles et conceptions de support sont disponibles pour soutenir votre \u00e9cran Android. Montage mural, support de table, montage au sol, \u00e9tag\u00e8res d\u2019installation et d\u2019autres solutions vous permettent de placer votre \u00e9cran publicitaire Android dans n\u2019importe quel endroit d\u00e9sir\u00e9 dans votre espace.[\/vc_column_text][\/vc_column_inner][\/vc_row_inner][vc_row_inner][vc_column_inner width=\u00a0\u00bb1\/3&Prime;][vc_single_image image=\u00a0\u00bb1042&Prime; img_size=\u00a0\u00bbfull\u00a0\u00bb alignment=\u00a0\u00bbcenter\u00a0\u00bb][\/vc_column_inner][vc_column_inner width=\u00a0\u00bb2\/3&Prime;][vc_column_text]<\/p>\n<h3>Utilisation commerciale<\/h3>\n<p>Les \u00e9crans Android disposent de mat\u00e9riel et de logiciels con\u00e7us sp\u00e9cifiquement pour un usage commercial. L\u2019utilisation d\u2019\u00e9crans dans un environnement commercial n\u00e9cessite de nombreuses heures de fonctionnement continu et une utilisation fr\u00e9quente des utilisateurs. Nous avons d\u00e9velopp\u00e9 nos produits avec des mat\u00e9riaux robustes pour s\u2019adapter parfaitement \u00e0 cet environnement exigeant.[\/vc_column_text][\/vc_column_inner][\/vc_row_inner][vc_row_inner][vc_column_inner width=\u00a0\u00bb1\/3&Prime;][vc_single_image image=\u00a0\u00bb1035&Prime; img_size=\u00a0\u00bbfull\u00a0\u00bb alignment=\u00a0\u00bbcenter\u00a0\u00bb][\/vc_column_inner][vc_column_inner width=\u00a0\u00bb2\/3&Prime;][vc_column_text]<\/p>\n<h3>Syst\u00e8me d&rsquo;exploitation Android<\/h3>\n<div>D\u00e9velopp\u00e9 avec le syst\u00e8me d\u2019exploitation Android, les \u00e9crans peuvent reproduire une grande vari\u00e9t\u00e9 d\u2019applications pour renforcer les messages marketing et les promotions.<\/div>\n<p>[\/vc_column_text][\/vc_column_inner][\/vc_row_inner][vc_row_inner][vc_column_inner width=\u00a0\u00bb1\/3&Prime;][vc_single_image image=\u00a0\u00bb1040&Prime; img_size=\u00a0\u00bbfull\u00a0\u00bb alignment=\u00a0\u00bbcenter\u00a0\u00bb][\/vc_column_inner][vc_column_inner width=\u00a0\u00bb2\/3&Prime;][vc_column_text]<\/p>\n<h3>Processus automatiques<\/h3>\n<p>La fonction de d\u00e9tection automatique permet \u00e0 l\u2019\u00e9cran Android de d\u00e9tecter automatiquement tout nouveau contenu t\u00e9l\u00e9charg\u00e9 via un p\u00e9riph\u00e9rique USB. La fonction auto Copy copie automatiquement le contenu dans le dossier par d\u00e9faut de l\u2019appareil. Enfin, la fonction de lecture automatique permet la lecture automatique du contenu, une fois que l\u2019appareil est connect\u00e9.[\/vc_column_text][\/vc_column_inner][\/vc_row_inner][vc_row_inner][vc_column_inner width=\u00a0\u00bb1\/3&Prime;][vc_single_image image=\u00a0\u00bb1038&Prime; img_size=\u00a0\u00bbfull\u00a0\u00bb alignment=\u00a0\u00bbcenter\u00a0\u00bb][\/vc_column_inner][vc_column_inner width=\u00a0\u00bb2\/3&Prime;][vc_column_text]<\/p>\n<h3>Toujours connect\u00e9<\/h3>\n<p>L\u2019affichage publicitaire est \u00e9quip\u00e9 d\u2019une connexion Wi-Fi int\u00e9gr\u00e9e et d\u2019une fonctionnalit\u00e9 3G ou 4G LTE optionnelle (o\u00f9 la connexion 4G est disponible). Cela vous permet d\u2019utiliser du contenu distant sur plusieurs appareils. Il a \u00e9galement la possibilit\u00e9 de se connecter \u00e0 une connexion LAN\/Ethernet.[\/vc_column_text][\/vc_column_inner][\/vc_row_inner][vc_row_inner][vc_column_inner width=\u00a0\u00bb1\/3&Prime;][vc_single_image image=\u00a0\u00bb1037&Prime; img_size=\u00a0\u00bbfull\u00a0\u00bb alignment=\u00a0\u00bbcenter\u00a0\u00bb][\/vc_column_inner][vc_column_inner width=\u00a0\u00bb2\/3&Prime;][vc_column_text]<\/p>\n<h3>Solutions de montage<\/h3>\n<p>Le syst\u00e8me de fixation VESA \u00e0 l\u2019arri\u00e8re de l\u2019appareil permet un montage simple et s\u00e9curis\u00e9 de tout support et emplacement standard dans votre espace commercial.[\/vc_column_text][\/vc_column_inner][\/vc_row_inner][vc_row_inner][vc_column_inner width=\u00a0\u00bb1\/3&Prime;][vc_single_image image=\u00a0\u00bb1032&Prime; img_size=\u00a0\u00bbfull\u00a0\u00bb alignment=\u00a0\u00bbcenter\u00a0\u00bb][\/vc_column_inner][vc_column_inner width=\u00a0\u00bb2\/3&Prime;][vc_column_text]<\/p>\n<h3>Conception robuste<\/h3>\n<p>Les \u00e9crans Android sont construits avec des mat\u00e9riaux qui permettent une utilisation continue pendant plusieurs heures. Les \u00e9crans sont faits de mat\u00e9riaux capables de r\u00e9sister aux exigences \u00e9lev\u00e9es de l\u2019environnement de vente au d\u00e9tail.[\/vc_column_text][\/vc_column_inner][\/vc_row_inner][vc_row_inner][vc_column_inner width=\u00a0\u00bb1\/3&Prime;][vc_single_image image=\u00a0\u00bb1033&Prime; img_size=\u00a0\u00bbfull\u00a0\u00bb alignment=\u00a0\u00bbcenter\u00a0\u00bb][\/vc_column_inner][vc_column_inner width=\u00a0\u00bb2\/3&Prime;][vc_column_text]<\/p>\n<h3>Vue ajustable<\/h3>\n<p>Vue horizontale ou verticale, c\u2019est \u00e0 vous, c\u2019est \u00e0 vous, placez l\u2019appareil comme vous le souhaitez. L\u2019\u00e9cran Android fonctionne parfaitement dans les deux types de vue.[\/vc_column_text][\/vc_column_inner][\/vc_row_inner][vc_row_inner][vc_column_inner width=\u00a0\u00bb1\/3&Prime;][vc_single_image image=\u00a0\u00bb1034&Prime; img_size=\u00a0\u00bbfull\u00a0\u00bb alignment=\u00a0\u00bbcenter\u00a0\u00bb][\/vc_column_inner][vc_column_inner width=\u00a0\u00bb2\/3&Prime;][vc_column_text]<\/p>\n<h3>Construit pour la vente au d\u00e9tail<\/h3>\n<p>Les boutons de volume et de luminosit\u00e9, les ports USB et d\u2019autres connexions sont situ\u00e9s \u00e0 l\u2019arri\u00e8re de l\u2019appareil pour emp\u00eacher les clients de modifier vos param\u00e8tres d\u00e9finis.[\/vc_column_text][\/vc_column_inner][\/vc_row_inner][\/vc_column][\/vc_row][vc_row][vc_column][vc_column_text]<\/p>\n<h3>Modifier les promotions de votre bureau<\/h3>\n<p>Les \u00e9crans publicitaires du syst\u00e8me d\u2019exploitation Android permettent la gestion de contenu \u00e0 distance avec notre <a href=\"http:\/\/www.promotienda.es\/software-para-publicidad-en-pantallas-rdm\/\">logiciel publicitaire pour<\/a> le gestionnaire d\u2019affichages distants <strong>(RDM)<\/strong><\/p>\n<p>Au moyen d\u2019une connexion WiFi ou d\u2019un modem 3G int\u00e9gr\u00e9, il est possible de surveiller et de g\u00e9rer \u00e0 distance le contenu des \u00e9crans, install\u00e9 \u00e0 tout point de vente de la g\u00e9ographie espagnole.<\/p>\n<p>Avec le <strong>logiciel de<\/strong> <strong>publicit\u00e9 sur les \u00e9crans<\/strong> RDM plans et programme \u00e0 tout moment, individuellement, segment\u00e9 ou collectif, ce que la publicit\u00e9 sera affich\u00e9e \u00e0 chaque point de vente donnant une flexibilit\u00e9 totale \u00e0 la marque.[\/vc_column_text][\/vc_column][\/vc_row]<\/p>\n<\/section>","protected":false},"excerpt":{"rendered":"<p>[vc_row][vc_column][vc_column_text]Les \u00e9crans publicitaires Android sont une excellente solution pour les marques et les d\u00e9taillants qui veulent annoncer leurs messages de marketing num\u00e9rique dans un environnement commercial. Avec le syst\u00e8me d\u2019exploitation Android et aliment\u00e9 par la technologie Pulse, ces \u00e9crans compacts comprennent toutes les fonctionnalit\u00e9s d\u2019une tablette Android sans capacit\u00e9 tactile.[\/vc_column_text][vc_single_image image=\u00a0\u00bb981&Prime; img_size=\u00a0\u00bbfull\u00a0\u00bb alignment=\u00a0\u00bbcenter\u00a0\u00bb css_animation=\u00a0\u00bbfadeInLeft\u00a0\u00bb lazy_loading=\u00a0\u00bbtrue\u00a0\u00bb][\/vc_column][\/vc_row][vc_row][vc_column][vc_column_text]&hellip;<\/p>\n","protected":false},"author":1,"featured_media":0,"parent":5432,"menu_order":2,"comment_status":"closed","ping_status":"closed","template":"","meta":{"ngg_post_thumbnail":0},"yoast_head":"<!-- This site is optimized with the Yoast SEO plugin v20.3 - https:\/\/yoast.com\/wordpress\/plugins\/seo\/ -->\n<title>\u00c9crans publicitaires Android, Ecrans Android - Promotienda<\/title>\n<meta name=\"description\" content=\"\u00c9crans publicitaires non tactiles avec Android et mat\u00e9riel con\u00e7u sp\u00e9cifiquement pour un usage commercial. Soyez inform\u00e9s sans obligation.\" \/>\n<meta name=\"robots\" content=\"index, follow, max-snippet:-1, max-image-preview:large, max-video-preview:-1\" \/>\n<link rel=\"canonical\" href=\"https:\/\/www.promotienda.es\/fr\/ecrans-publicitaires\/ecrans-publicitaires-android\/\" \/>\n<meta property=\"og:locale\" content=\"fr_FR\" \/>\n<meta property=\"og:type\" content=\"article\" \/>\n<meta property=\"og:title\" content=\"\u00c9crans publicitaires Android, Ecrans Android - Promotienda\" \/>\n<meta property=\"og:description\" content=\"\u00c9crans publicitaires non tactiles avec Android et mat\u00e9riel con\u00e7u sp\u00e9cifiquement pour un usage commercial. Soyez inform\u00e9s sans obligation.\" \/>\n<meta property=\"og:url\" content=\"https:\/\/www.promotienda.es\/fr\/ecrans-publicitaires\/ecrans-publicitaires-android\/\" \/>\n<meta property=\"og:site_name\" content=\"Promotienda\" \/>\n<meta property=\"article:modified_time\" content=\"2019-05-15T09:12:25+00:00\" \/>\n<meta name=\"twitter:card\" content=\"summary_large_image\" \/>\n<meta name=\"twitter:label1\" content=\"Dur\u00e9e de lecture estim\u00e9e\" \/>\n\t<meta name=\"twitter:data1\" content=\"6 minutes\" \/>\n<script type=\"application\/ld+json\" class=\"yoast-schema-graph\">{\"@context\":\"https:\/\/schema.org\",\"@graph\":[{\"@type\":\"WebPage\",\"@id\":\"https:\/\/www.promotienda.es\/fr\/ecrans-publicitaires\/ecrans-publicitaires-android\/\",\"url\":\"https:\/\/www.promotienda.es\/fr\/ecrans-publicitaires\/ecrans-publicitaires-android\/\",\"name\":\"\u00c9crans publicitaires Android, Ecrans Android - Promotienda\",\"isPartOf\":{\"@id\":\"https:\/\/www.promotienda.es\/en\/#website\"},\"datePublished\":\"2019-05-15T09:12:20+00:00\",\"dateModified\":\"2019-05-15T09:12:25+00:00\",\"description\":\"\u00c9crans publicitaires non tactiles avec Android et mat\u00e9riel con\u00e7u sp\u00e9cifiquement pour un usage commercial. Soyez inform\u00e9s sans obligation.\",\"breadcrumb\":{\"@id\":\"https:\/\/www.promotienda.es\/fr\/ecrans-publicitaires\/ecrans-publicitaires-android\/#breadcrumb\"},\"inLanguage\":\"fr-FR\",\"potentialAction\":[{\"@type\":\"ReadAction\",\"target\":[\"https:\/\/www.promotienda.es\/fr\/ecrans-publicitaires\/ecrans-publicitaires-android\/\"]}]},{\"@type\":\"BreadcrumbList\",\"@id\":\"https:\/\/www.promotienda.es\/fr\/ecrans-publicitaires\/ecrans-publicitaires-android\/#breadcrumb\",\"itemListElement\":[{\"@type\":\"ListItem\",\"position\":1,\"name\":\"Portada\",\"item\":\"https:\/\/www.promotienda.es\/fr\/\"},{\"@type\":\"ListItem\",\"position\":2,\"name\":\"\u00c9crans publicitaires\",\"item\":\"https:\/\/www.promotienda.es\/fr\/ecrans-publicitaires\/\"},{\"@type\":\"ListItem\",\"position\":3,\"name\":\"\u00c9crans publicitaires Android\"}]},{\"@type\":\"WebSite\",\"@id\":\"https:\/\/www.promotienda.es\/en\/#website\",\"url\":\"https:\/\/www.promotienda.es\/en\/\",\"name\":\"Promotienda\",\"description\":\"\",\"potentialAction\":[{\"@type\":\"SearchAction\",\"target\":{\"@type\":\"EntryPoint\",\"urlTemplate\":\"https:\/\/www.promotienda.es\/en\/?s={search_term_string}\"},\"query-input\":\"required name=search_term_string\"}],\"inLanguage\":\"fr-FR\"}]}<\/script>\n<!-- \/ Yoast SEO plugin. -->","yoast_head_json":{"title":"\u00c9crans publicitaires Android, Ecrans Android - Promotienda","description":"\u00c9crans publicitaires non tactiles avec Android et mat\u00e9riel con\u00e7u sp\u00e9cifiquement pour un usage commercial. Soyez inform\u00e9s sans obligation.","robots":{"index":"index","follow":"follow","max-snippet":"max-snippet:-1","max-image-preview":"max-image-preview:large","max-video-preview":"max-video-preview:-1"},"canonical":"https:\/\/www.promotienda.es\/fr\/ecrans-publicitaires\/ecrans-publicitaires-android\/","og_locale":"fr_FR","og_type":"article","og_title":"\u00c9crans publicitaires Android, Ecrans Android - Promotienda","og_description":"\u00c9crans publicitaires non tactiles avec Android et mat\u00e9riel con\u00e7u sp\u00e9cifiquement pour un usage commercial. Soyez inform\u00e9s sans obligation.","og_url":"https:\/\/www.promotienda.es\/fr\/ecrans-publicitaires\/ecrans-publicitaires-android\/","og_site_name":"Promotienda","article_modified_time":"2019-05-15T09:12:25+00:00","twitter_card":"summary_large_image","twitter_misc":{"Dur\u00e9e de lecture estim\u00e9e":"6 minutes"},"schema":{"@context":"https:\/\/schema.org","@graph":[{"@type":"WebPage","@id":"https:\/\/www.promotienda.es\/fr\/ecrans-publicitaires\/ecrans-publicitaires-android\/","url":"https:\/\/www.promotienda.es\/fr\/ecrans-publicitaires\/ecrans-publicitaires-android\/","name":"\u00c9crans publicitaires Android, Ecrans Android - Promotienda","isPartOf":{"@id":"https:\/\/www.promotienda.es\/en\/#website"},"datePublished":"2019-05-15T09:12:20+00:00","dateModified":"2019-05-15T09:12:25+00:00","description":"\u00c9crans publicitaires non tactiles avec Android et mat\u00e9riel con\u00e7u sp\u00e9cifiquement pour un usage commercial. Soyez inform\u00e9s sans obligation.","breadcrumb":{"@id":"https:\/\/www.promotienda.es\/fr\/ecrans-publicitaires\/ecrans-publicitaires-android\/#breadcrumb"},"inLanguage":"fr-FR","potentialAction":[{"@type":"ReadAction","target":["https:\/\/www.promotienda.es\/fr\/ecrans-publicitaires\/ecrans-publicitaires-android\/"]}]},{"@type":"BreadcrumbList","@id":"https:\/\/www.promotienda.es\/fr\/ecrans-publicitaires\/ecrans-publicitaires-android\/#breadcrumb","itemListElement":[{"@type":"ListItem","position":1,"name":"Portada","item":"https:\/\/www.promotienda.es\/fr\/"},{"@type":"ListItem","position":2,"name":"\u00c9crans publicitaires","item":"https:\/\/www.promotienda.es\/fr\/ecrans-publicitaires\/"},{"@type":"ListItem","position":3,"name":"\u00c9crans publicitaires Android"}]},{"@type":"WebSite","@id":"https:\/\/www.promotienda.es\/en\/#website","url":"https:\/\/www.promotienda.es\/en\/","name":"Promotienda","description":"","potentialAction":[{"@type":"SearchAction","target":{"@type":"EntryPoint","urlTemplate":"https:\/\/www.promotienda.es\/en\/?s={search_term_string}"},"query-input":"required name=search_term_string"}],"inLanguage":"fr-FR"}]}},"_links":{"self":[{"href":"https:\/\/www.promotienda.es\/fr\/wp-json\/wp\/v2\/pages\/5612"}],"collection":[{"href":"https:\/\/www.promotienda.es\/fr\/wp-json\/wp\/v2\/pages"}],"about":[{"href":"https:\/\/www.promotienda.es\/fr\/wp-json\/wp\/v2\/types\/page"}],"author":[{"embeddable":true,"href":"https:\/\/www.promotienda.es\/fr\/wp-json\/wp\/v2\/users\/1"}],"replies":[{"embeddable":true,"href":"https:\/\/www.promotienda.es\/fr\/wp-json\/wp\/v2\/comments?post=5612"}],"version-history":[{"count":1,"href":"https:\/\/www.promotienda.es\/fr\/wp-json\/wp\/v2\/pages\/5612\/revisions"}],"predecessor-version":[{"id":5633,"href":"https:\/\/www.promotienda.es\/fr\/wp-json\/wp\/v2\/pages\/5612\/revisions\/5633"}],"up":[{"embeddable":true,"href":"https:\/\/www.promotienda.es\/fr\/wp-json\/wp\/v2\/pages\/5432"}],"wp:attachment":[{"href":"https:\/\/www.promotienda.es\/fr\/wp-json\/wp\/v2\/media?parent=5612"}],"curies":[{"name":"wp","href":"https:\/\/api.w.org\/{rel}","templated":true}]}}