{"id":5634,"date":"2019-05-15T11:18:13","date_gmt":"2019-05-15T09:18:13","guid":{"rendered":"https:\/\/www.promotienda.es\/ecrans-publicitaires\/ecran-de-publicite-lcd-de-cadre-ouvert\/"},"modified":"2019-05-15T11:18:16","modified_gmt":"2019-05-15T09:18:16","slug":"ecran-de-publicite-lcd-de-cadre-ouvert","status":"publish","type":"page","link":"https:\/\/www.promotienda.es\/fr\/ecrans-publicitaires\/ecran-de-publicite-lcd-de-cadre-ouvert\/","title":{"rendered":"\u00c9cran de publicit\u00e9 LCD de cadre ouvert"},"content":{"rendered":"<section class=\"wpb-content-wrapper\"><p>[vc_row margin_bottom=\u00a0\u00bb30px\u00a0\u00bb css=\u00a0\u00bb.vc_custom_1487761201294{margin-bottom: 20px !important;}\u00a0\u00bb][vc_column width=\u00a0\u00bb1\/3&Prime;][vc_column_text css=\u00a0\u00bb.vc_custom_1488306689210{margin-bottom: 5px !important;}\u00a0\u00bb]<\/p>\n<h2 style=\"text-align: center; font-size: 20px !important;\">\u00c9cran LCD de 7 pouces \u00e0 cadre ouvert<\/h2>\n<p>[\/vc_column_text][vc_single_image image=\u00a0\u00bb467&Prime; img_size=\u00a0\u00bbfull\u00a0\u00bb alignment=\u00a0\u00bbcenter\u00a0\u00bb css=\u00a0\u00bb.vc_custom_1488306216233{margin-bottom: 5px !important;}\u00a0\u00bb][vc_btn title=\u00a0\u00bbPlus d&rsquo;informations\u00a0\u00bb style=\u00a0\u00bboutline\u00a0\u00bb shape=\u00a0\u00bbsquare\u00a0\u00bb color=\u00a0\u00bbprimary\u00a0\u00bb align=\u00a0\u00bbcenter\u00a0\u00bb i_icon_fontawesome=\u00a0\u00bbfa fa-plus\u00a0\u00bb add_icon=\u00a0\u00bbtrue\u00a0\u00bb link=\u00a0\u00bburl:https%3A%2F%2Fwww.promotienda.es%2Ffr%2Fpantalla-open-frame-lcd-7-con-bateria-y-boton%2F|\u00a0\u00bb][\/vc_column][vc_column width=\u00a0\u00bb1\/3&Prime;][vc_column_text css=\u00a0\u00bb.vc_custom_1488306129552{margin-bottom: 5px !important;}\u00a0\u00bb]<\/p>\n<h2 style=\"text-align: center; font-size: 20px !important;\">\u00c9cran de 7 pouces \u00e0 cadre ouvert<\/h2>\n<p>[\/vc_column_text][vc_single_image image=\u00a0\u00bb665&Prime; img_size=\u00a0\u00bbfull\u00a0\u00bb add_caption=\u00a0\u00bbyes\u00a0\u00bb alignment=\u00a0\u00bbcenter\u00a0\u00bb css=\u00a0\u00bb.vc_custom_1488447076872{margin-bottom: 5px !important;}\u00a0\u00bb][vc_btn title=\u00a0\u00bbPlus d&rsquo;informations\u00a0\u00bb style=\u00a0\u00bboutline\u00a0\u00bb shape=\u00a0\u00bbsquare\u00a0\u00bb color=\u00a0\u00bbprimary\u00a0\u00bb align=\u00a0\u00bbcenter\u00a0\u00bb i_icon_fontawesome=\u00a0\u00bbfa fa-plus\u00a0\u00bb add_icon=\u00a0\u00bbtrue\u00a0\u00bb link=\u00a0\u00bburl:https%3A%2F%2Fwww.promotienda.es%2Fpantallas-para-publicidad%2Fpantalla-open-frame-lcd-7-pulgadas%2F|\u00a0\u00bb][\/vc_column][vc_column width=\u00a0\u00bb1\/3&Prime;][vc_column_text css=\u00a0\u00bb.vc_custom_1488447194090{margin-bottom: 5px !important;}\u00a0\u00bb]<\/p>\n<h2 style=\"text-align: center; font-size: 20px !important;\">\u00c9cran de 10,4 pouces \u00e0 cadre ouvert<\/h2>\n<p>[\/vc_column_text][vc_single_image image=\u00a0\u00bb670&Prime; img_size=\u00a0\u00bbfull\u00a0\u00bb add_caption=\u00a0\u00bbyes\u00a0\u00bb alignment=\u00a0\u00bbcenter\u00a0\u00bb css=\u00a0\u00bb.vc_custom_1488447178104{margin-bottom: 5px !important;}\u00a0\u00bb][vc_btn title=\u00a0\u00bbPlus d&rsquo;informations\u00a0\u00bb style=\u00a0\u00bboutline\u00a0\u00bb shape=\u00a0\u00bbsquare\u00a0\u00bb color=\u00a0\u00bbprimary\u00a0\u00bb align=\u00a0\u00bbcenter\u00a0\u00bb i_icon_fontawesome=\u00a0\u00bbfa fa-plus\u00a0\u00bb add_icon=\u00a0\u00bbtrue\u00a0\u00bb link=\u00a0\u00bburl:https%3A%2F%2Fwww.promotienda.es%2Fpantallas-para-publicidad%2Fpantalla-open-frame-lcd-10-4%2F|\u00a0\u00bb][\/vc_column][\/vc_row][vc_row][vc_column][vc_column_text]Les moniteurs vid\u00e9o publicitaires <strong>Open Frame Series<\/strong>incluent:<\/p>\n<p>&#8211; T\u00e9l\u00e9commande<br \/>\n&#8211; Adaptateur secteur<br \/>\n&#8211; Manuel d\u2019instructions<\/p>\n<p>Ces \u00e9crans publicitaires <strong>comprennent toujours<\/strong>:<\/p>\n<p>Prend en charge JPEG, MPEG1 2, 4, musique, compatible avec CF type I\/II ou carte SD, mise \u00e0 jour automatique par USB avec mot de passe, haut-parleurs st\u00e9r\u00e9o, Auto-Play et auto-r\u00e9p\u00e9titions (vid\u00e9o sans fin).<\/p>\n<p>En <strong>option<\/strong> avec les moniteurs publicitaires Open Frame:<\/p>\n<p>&#8211; Capteur de mouvement<br \/>\n&#8211; Bouton d\u2019activation<br \/>\n&#8211; Les batteries<br \/>\n&#8211; Activation du capteur[\/vc_column_text][vc_single_image image=\u00a0\u00bb674&Prime; img_size=\u00a0\u00bbfull\u00a0\u00bb alignment=\u00a0\u00bbcenter\u00a0\u00bb css_animation=\u00a0\u00bbfadeInLeft\u00a0\u00bb][\/vc_column][\/vc_row]<\/p>\n<\/section>","protected":false},"excerpt":{"rendered":"<p>[vc_row margin_bottom=\u00a0\u00bb30px\u00a0\u00bb css=\u00a0\u00bb.vc_custom_1487761201294{margin-bottom: 20px !important;}\u00a0\u00bb][vc_column width=\u00a0\u00bb1\/3&Prime;][vc_column_text css=\u00a0\u00bb.vc_custom_1488306689210{margin-bottom: 5px !important;}\u00a0\u00bb] \u00c9cran LCD de 7 pouces \u00e0 cadre ouvert [\/vc_column_text][vc_single_image image=\u00a0\u00bb467&Prime; img_size=\u00a0\u00bbfull\u00a0\u00bb alignment=\u00a0\u00bbcenter\u00a0\u00bb css=\u00a0\u00bb.vc_custom_1488306216233{margin-bottom: 5px !important;}\u00a0\u00bb][vc_btn title=\u00a0\u00bbPlus d&rsquo;informations\u00a0\u00bb style=\u00a0\u00bboutline\u00a0\u00bb shape=\u00a0\u00bbsquare\u00a0\u00bb color=\u00a0\u00bbprimary\u00a0\u00bb align=\u00a0\u00bbcenter\u00a0\u00bb i_icon_fontawesome=\u00a0\u00bbfa fa-plus\u00a0\u00bb add_icon=\u00a0\u00bbtrue\u00a0\u00bb link=\u00a0\u00bburl:https%3A%2F%2Fwww.promotienda.es%2Ffr%2Fpantalla-open-frame-lcd-7-con-bateria-y-boton%2F|\u00a0\u00bb][\/vc_column][vc_column width=\u00a0\u00bb1\/3&Prime;][vc_column_text css=\u00a0\u00bb.vc_custom_1488306129552{margin-bottom: 5px !important;}\u00a0\u00bb] \u00c9cran de 7 pouces \u00e0 cadre ouvert [\/vc_column_text][vc_single_image image=\u00a0\u00bb665&Prime; img_size=\u00a0\u00bbfull\u00a0\u00bb add_caption=\u00a0\u00bbyes\u00a0\u00bb alignment=\u00a0\u00bbcenter\u00a0\u00bb css=\u00a0\u00bb.vc_custom_1488447076872{margin-bottom: 5px !important;}\u00a0\u00bb][vc_btn title=\u00a0\u00bbPlus d&rsquo;informations\u00a0\u00bb&hellip;<\/p>\n","protected":false},"author":1,"featured_media":0,"parent":5432,"menu_order":3,"comment_status":"closed","ping_status":"closed","template":"","meta":{"ngg_post_thumbnail":0},"yoast_head":"<!-- This site is optimized with the Yoast SEO plugin v20.3 - https:\/\/yoast.com\/wordpress\/plugins\/seo\/ -->\n<title>Ecrans publicitaires LCD Open Frame - Promotienda<\/title>\n<meta name=\"description\" content=\"Les \u00e9crans publicitaires \u00e0 cadre ouvert vous permettent de communiquer facilement avec vos acheteurs. Cr\u00e9ez des campagnes innovantes et interactives pour am\u00e9liorer vos ventes.\" \/>\n<meta name=\"robots\" content=\"index, follow, max-snippet:-1, max-image-preview:large, max-video-preview:-1\" \/>\n<link rel=\"canonical\" href=\"https:\/\/www.promotienda.es\/fr\/ecrans-publicitaires\/ecran-de-publicite-lcd-de-cadre-ouvert\/\" \/>\n<meta property=\"og:locale\" content=\"fr_FR\" \/>\n<meta property=\"og:type\" content=\"article\" \/>\n<meta property=\"og:title\" content=\"Ecrans publicitaires LCD Open Frame - Promotienda\" \/>\n<meta property=\"og:description\" content=\"Les \u00e9crans publicitaires \u00e0 cadre ouvert vous permettent de communiquer facilement avec vos acheteurs. Cr\u00e9ez des campagnes innovantes et interactives pour am\u00e9liorer vos ventes.\" \/>\n<meta property=\"og:url\" content=\"https:\/\/www.promotienda.es\/fr\/ecrans-publicitaires\/ecran-de-publicite-lcd-de-cadre-ouvert\/\" \/>\n<meta property=\"og:site_name\" content=\"Promotienda\" \/>\n<meta property=\"article:modified_time\" content=\"2019-05-15T09:18:16+00:00\" \/>\n<meta name=\"twitter:card\" content=\"summary_large_image\" \/>\n<meta name=\"twitter:label1\" content=\"Dur\u00e9e de lecture estim\u00e9e\" \/>\n\t<meta name=\"twitter:data1\" content=\"2 minutes\" \/>\n<script type=\"application\/ld+json\" class=\"yoast-schema-graph\">{\"@context\":\"https:\/\/schema.org\",\"@graph\":[{\"@type\":\"WebPage\",\"@id\":\"https:\/\/www.promotienda.es\/fr\/ecrans-publicitaires\/ecran-de-publicite-lcd-de-cadre-ouvert\/\",\"url\":\"https:\/\/www.promotienda.es\/fr\/ecrans-publicitaires\/ecran-de-publicite-lcd-de-cadre-ouvert\/\",\"name\":\"Ecrans publicitaires LCD Open Frame - Promotienda\",\"isPartOf\":{\"@id\":\"https:\/\/www.promotienda.es\/en\/#website\"},\"datePublished\":\"2019-05-15T09:18:13+00:00\",\"dateModified\":\"2019-05-15T09:18:16+00:00\",\"description\":\"Les \u00e9crans publicitaires \u00e0 cadre ouvert vous permettent de communiquer facilement avec vos acheteurs. Cr\u00e9ez des campagnes innovantes et interactives pour am\u00e9liorer vos ventes.\",\"breadcrumb\":{\"@id\":\"https:\/\/www.promotienda.es\/fr\/ecrans-publicitaires\/ecran-de-publicite-lcd-de-cadre-ouvert\/#breadcrumb\"},\"inLanguage\":\"fr-FR\",\"potentialAction\":[{\"@type\":\"ReadAction\",\"target\":[\"https:\/\/www.promotienda.es\/fr\/ecrans-publicitaires\/ecran-de-publicite-lcd-de-cadre-ouvert\/\"]}]},{\"@type\":\"BreadcrumbList\",\"@id\":\"https:\/\/www.promotienda.es\/fr\/ecrans-publicitaires\/ecran-de-publicite-lcd-de-cadre-ouvert\/#breadcrumb\",\"itemListElement\":[{\"@type\":\"ListItem\",\"position\":1,\"name\":\"Portada\",\"item\":\"https:\/\/www.promotienda.es\/fr\/\"},{\"@type\":\"ListItem\",\"position\":2,\"name\":\"\u00c9crans publicitaires\",\"item\":\"https:\/\/www.promotienda.es\/fr\/ecrans-publicitaires\/\"},{\"@type\":\"ListItem\",\"position\":3,\"name\":\"\u00c9cran de publicit\u00e9 LCD de cadre ouvert\"}]},{\"@type\":\"WebSite\",\"@id\":\"https:\/\/www.promotienda.es\/en\/#website\",\"url\":\"https:\/\/www.promotienda.es\/en\/\",\"name\":\"Promotienda\",\"description\":\"\",\"potentialAction\":[{\"@type\":\"SearchAction\",\"target\":{\"@type\":\"EntryPoint\",\"urlTemplate\":\"https:\/\/www.promotienda.es\/en\/?s={search_term_string}\"},\"query-input\":\"required name=search_term_string\"}],\"inLanguage\":\"fr-FR\"}]}<\/script>\n<!-- \/ Yoast SEO plugin. -->","yoast_head_json":{"title":"Ecrans publicitaires LCD Open Frame - Promotienda","description":"Les \u00e9crans publicitaires \u00e0 cadre ouvert vous permettent de communiquer facilement avec vos acheteurs. Cr\u00e9ez des campagnes innovantes et interactives pour am\u00e9liorer vos ventes.","robots":{"index":"index","follow":"follow","max-snippet":"max-snippet:-1","max-image-preview":"max-image-preview:large","max-video-preview":"max-video-preview:-1"},"canonical":"https:\/\/www.promotienda.es\/fr\/ecrans-publicitaires\/ecran-de-publicite-lcd-de-cadre-ouvert\/","og_locale":"fr_FR","og_type":"article","og_title":"Ecrans publicitaires LCD Open Frame - Promotienda","og_description":"Les \u00e9crans publicitaires \u00e0 cadre ouvert vous permettent de communiquer facilement avec vos acheteurs. Cr\u00e9ez des campagnes innovantes et interactives pour am\u00e9liorer vos ventes.","og_url":"https:\/\/www.promotienda.es\/fr\/ecrans-publicitaires\/ecran-de-publicite-lcd-de-cadre-ouvert\/","og_site_name":"Promotienda","article_modified_time":"2019-05-15T09:18:16+00:00","twitter_card":"summary_large_image","twitter_misc":{"Dur\u00e9e de lecture estim\u00e9e":"2 minutes"},"schema":{"@context":"https:\/\/schema.org","@graph":[{"@type":"WebPage","@id":"https:\/\/www.promotienda.es\/fr\/ecrans-publicitaires\/ecran-de-publicite-lcd-de-cadre-ouvert\/","url":"https:\/\/www.promotienda.es\/fr\/ecrans-publicitaires\/ecran-de-publicite-lcd-de-cadre-ouvert\/","name":"Ecrans publicitaires LCD Open Frame - Promotienda","isPartOf":{"@id":"https:\/\/www.promotienda.es\/en\/#website"},"datePublished":"2019-05-15T09:18:13+00:00","dateModified":"2019-05-15T09:18:16+00:00","description":"Les \u00e9crans publicitaires \u00e0 cadre ouvert vous permettent de communiquer facilement avec vos acheteurs. Cr\u00e9ez des campagnes innovantes et interactives pour am\u00e9liorer vos ventes.","breadcrumb":{"@id":"https:\/\/www.promotienda.es\/fr\/ecrans-publicitaires\/ecran-de-publicite-lcd-de-cadre-ouvert\/#breadcrumb"},"inLanguage":"fr-FR","potentialAction":[{"@type":"ReadAction","target":["https:\/\/www.promotienda.es\/fr\/ecrans-publicitaires\/ecran-de-publicite-lcd-de-cadre-ouvert\/"]}]},{"@type":"BreadcrumbList","@id":"https:\/\/www.promotienda.es\/fr\/ecrans-publicitaires\/ecran-de-publicite-lcd-de-cadre-ouvert\/#breadcrumb","itemListElement":[{"@type":"ListItem","position":1,"name":"Portada","item":"https:\/\/www.promotienda.es\/fr\/"},{"@type":"ListItem","position":2,"name":"\u00c9crans publicitaires","item":"https:\/\/www.promotienda.es\/fr\/ecrans-publicitaires\/"},{"@type":"ListItem","position":3,"name":"\u00c9cran de publicit\u00e9 LCD de cadre ouvert"}]},{"@type":"WebSite","@id":"https:\/\/www.promotienda.es\/en\/#website","url":"https:\/\/www.promotienda.es\/en\/","name":"Promotienda","description":"","potentialAction":[{"@type":"SearchAction","target":{"@type":"EntryPoint","urlTemplate":"https:\/\/www.promotienda.es\/en\/?s={search_term_string}"},"query-input":"required name=search_term_string"}],"inLanguage":"fr-FR"}]}},"_links":{"self":[{"href":"https:\/\/www.promotienda.es\/fr\/wp-json\/wp\/v2\/pages\/5634"}],"collection":[{"href":"https:\/\/www.promotienda.es\/fr\/wp-json\/wp\/v2\/pages"}],"about":[{"href":"https:\/\/www.promotienda.es\/fr\/wp-json\/wp\/v2\/types\/page"}],"author":[{"embeddable":true,"href":"https:\/\/www.promotienda.es\/fr\/wp-json\/wp\/v2\/users\/1"}],"replies":[{"embeddable":true,"href":"https:\/\/www.promotienda.es\/fr\/wp-json\/wp\/v2\/comments?post=5634"}],"version-history":[{"count":1,"href":"https:\/\/www.promotienda.es\/fr\/wp-json\/wp\/v2\/pages\/5634\/revisions"}],"predecessor-version":[{"id":5639,"href":"https:\/\/www.promotienda.es\/fr\/wp-json\/wp\/v2\/pages\/5634\/revisions\/5639"}],"up":[{"embeddable":true,"href":"https:\/\/www.promotienda.es\/fr\/wp-json\/wp\/v2\/pages\/5432"}],"wp:attachment":[{"href":"https:\/\/www.promotienda.es\/fr\/wp-json\/wp\/v2\/media?parent=5634"}],"curies":[{"name":"wp","href":"https:\/\/api.w.org\/{rel}","templated":true}]}}