{"id":5640,"date":"2019-05-15T11:21:59","date_gmt":"2019-05-15T09:21:59","guid":{"rendered":"https:\/\/www.promotienda.es\/ecrans-publicitaires\/ecran-de-publicite-lcd-de-cadre-ouvert\/7-pouces-open-frame-lcd-ecran\/"},"modified":"2019-05-15T11:22:01","modified_gmt":"2019-05-15T09:22:01","slug":"7-pouces-open-frame-lcd-ecran","status":"publish","type":"page","link":"https:\/\/www.promotienda.es\/fr\/ecrans-publicitaires\/ecran-de-publicite-lcd-de-cadre-ouvert\/7-pouces-open-frame-lcd-ecran\/","title":{"rendered":"7 pouces Open Frame LCD \u00e9cran"},"content":{"rendered":"<section class=\"wpb-content-wrapper\"><p>[vc_row][vc_column width=\u00a0\u00bb1\/2&Prime;][vc_column_text]Le cadre ouvert LCD est con\u00e7u pour \u00eatre mont\u00e9 \u00e0 l\u2019int\u00e9rieur des bo\u00eetiers d\u2019\u00e9cran, en particulier pour les sorties. Il peut \u00eatre exhort\u00e9 en fonction de vos besoins car il a des trous de montage sur les c\u00f4t\u00e9s de l\u2019appareil pour une installation facile. Cet appareil LCD vous permet de pr\u00e9senter et d\u2019expliquer vos produits et services directement aux clients, et m\u00eame de cr\u00e9er une interaction entre votre produit et votre client potentiel.<\/p>\n<p>Le joueur fixe le probl\u00e8me du d\u00e9taillant de ne pas avoir de points pour la connexion \u00e9lectrique. Vous pouvez raccorder l\u2019appareil \u00e0 un pack de batteries de type D, jusqu\u2019\u00e0 un maximum de 24 batteries. De cette fa\u00e7on, la vid\u00e9o ne jouera que lorsque quelqu\u2019un appuie sur le bouton et \u00e9conomise donc de l\u2019\u00e9nergie.[\/vc_column_text][vc_btn title=\u00a0\u00bbT\u00e9l\u00e9charger le PDF\u00a0\u00bb style=\u00a0\u00bbflat\u00a0\u00bb shape=\u00a0\u00bbsquare\u00a0\u00bb color=\u00a0\u00bbprimary\u00a0\u00bb align=\u00a0\u00bbcenter\u00a0\u00bb i_icon_fontawesome=\u00a0\u00bbfa fa-download\u00a0\u00bb add_icon=\u00a0\u00bbtrue\u00a0\u00bb link=\u00a0\u00bburl:https%3A%2F%2Fwww.promotienda.es%2Fpdf%2F7-lcd-open-frame.pdf|target:%20_blank|rel:nofollow|\u00a0\u00bb][\/vc_column][vc_column width=\u00a0\u00bb1\/2&Prime;][vc_media_grid element_width=\u00a0\u00bb6&Prime; grid_id=\u00a0\u00bbvc_gid:1543826205127-87adf25b-5a65-8&Prime; include=\u00a0\u00bb467,468&Prime;][\/vc_column][\/vc_row][vc_row][vc_column][vc_tta_tabs style=\u00a0\u00bbmodern\u00a0\u00bb shape=\u00a0\u00bbsquare\u00a0\u00bb color=\u00a0\u00bbwhite\u00a0\u00bb active_section=\u00a0\u00bb1&Prime; no_fill_content_area=\u00a0\u00bbtrue\u00a0\u00bb][vc_tta_section title=\u00a0\u00bbCaract\u00e9ristiques\u00a0\u00bb tab_id=\u00a0\u00bb1487761552104-9edf1378-d107f463-3b2a\u00a0\u00bb][vc_row_inner][vc_column_inner width=\u00a0\u00bb1\/3&Prime;][vc_single_image image=\u00a0\u00bb660&Prime; img_size=\u00a0\u00bbfull\u00a0\u00bb][\/vc_column_inner][vc_column_inner width=\u00a0\u00bb2\/3&Prime;][vc_column_text]<\/p>\n<h3>S\u00e9rie Open Frame<\/h3>\n<p>La s\u00e9rie Open Frame est con\u00e7ue pour \u00eatre plac\u00e9e \u00e0 l\u2019int\u00e9rieur de bo\u00eetiers d\u2019\u00e9cran o\u00f9 il y a des trous de montage sur le c\u00f4t\u00e9 de l\u2019\u00e9cran pour une installation facile afin de l\u2019int\u00e9grer dans une grande vari\u00e9t\u00e9 d\u2019\u00e9crans.[\/vc_column_text][\/vc_column_inner][\/vc_row_inner][vc_row_inner][vc_column_inner width=\u00a0\u00bb1\/3&Prime;][vc_single_image image=\u00a0\u00bb659&Prime; img_size=\u00a0\u00bbfull\u00a0\u00bb][\/vc_column_inner][vc_column_inner width=\u00a0\u00bb2\/3&Prime;][vc_column_text]<\/p>\n<h3>Montage<\/h3>\n<p>Gr\u00e2ce aux quatre trous de montage standard, il peut \u00eatre facilement mont\u00e9 sur diff\u00e9rents ponts qui peuvent \u00eatre con\u00e7us par vous.[\/vc_column_text][\/vc_column_inner][\/vc_row_inner][vc_row_inner][vc_column_inner width=\u00a0\u00bb1\/3&Prime;][vc_single_image image=\u00a0\u00bb656&Prime; img_size=\u00a0\u00bbfull\u00a0\u00bb][\/vc_column_inner][vc_column_inner width=\u00a0\u00bb2\/3&Prime;][vc_column_text]<\/p>\n<h3>Aliment\u00e9 par batterie<\/h3>\n<p>Il peut fonctionner avec des piles de type D.[\/vc_column_text][\/vc_column_inner][\/vc_row_inner][vc_single_image image=\u00a0\u00bb657&Prime; img_size=\u00a0\u00bbfull\u00a0\u00bb alignment=\u00a0\u00bbcenter\u00a0\u00bb][vc_row_inner][vc_column_inner width=\u00a0\u00bb1\/3&Prime;][vc_single_image image=\u00a0\u00bb658&Prime; img_size=\u00a0\u00bbfull\u00a0\u00bb][\/vc_column_inner][vc_column_inner width=\u00a0\u00bb2\/3&Prime;][vc_column_text]<\/p>\n<h3>Lecteur de code-barres<\/h3>\n<p>Il am\u00e9liore la liaison client avec le produit en \u00e9tant capable de voir une d\u00e9monstration \u00e0 la demande.[\/vc_column_text][\/vc_column_inner][\/vc_row_inner][vc_row_inner][vc_column_inner width=\u00a0\u00bb1\/3&Prime;][vc_single_image image=\u00a0\u00bb661&Prime; img_size=\u00a0\u00bbfull\u00a0\u00bb][\/vc_column_inner][vc_column_inner width=\u00a0\u00bb2\/3&Prime;][vc_column_text]<\/p>\n<h3>Lift<\/h3>\n<p>Lorsqu\u2019un client l\u00e8ve un produit, une vid\u00e9o li\u00e9e \u00e0 plus d\u2019informations sur le produit dans lequel il est int\u00e9ress\u00e9 est montr\u00e9e.[\/vc_column_text][\/vc_column_inner][\/vc_row_inner][\/vc_tta_section][vc_tta_section title=\u00a0\u00bbSp\u00e9cifications techniques\u00a0\u00bb tab_id=\u00a0\u00bb1487761552126-ff627175-e835f463-3b2a\u00a0\u00bb]<div class=\"ult_pricing_table_wrap ult_info_table ult_design_6  ult-cs-blue  \">\n\t\t\t\t\t<div class=\"ult_pricing_table \" style=\" \"><div id=\"Info-table-wrap-3233\" class=\"ult_pricing_heading\" style=\"\">\n\t\t\t\t\t\t\t<h3 class=\"ult-responsive\"  data-ultimate-target='#Info-table-wrap-3233 h3'  data-responsive-json-new='{\"font-size\":\"\",\"line-height\":\"\"}'  style=\"font-weight:normal;\">Modelo GSGAD073-OF<\/h3><\/div><!--ult_pricing_heading--><div id=\"info_table_features_wrap-9955\"  data-ultimate-target='#info_table_features_wrap-9955.ult_price_features'  data-responsive-json-new='{\"font-size\":\"\",\"line-height\":\"\"}'  class=\"ult-responsive ult_price_features\" style=\"font-weight:normal;\">\n\t\t\t\t\t\t\t<table width=\"100%\">\n<tbody>\n<tr>\n<td rowspan=\"7\" width=\"25%\"><strong>\u00c9cran<\/strong><\/td>\n<td width=\"31%\">Taille de<\/td>\n<td width=\"45%\">7\u201d<\/td>\n<\/tr>\n<tr>\n<td width=\"31%\">Ratio d\u2019aspect<\/td>\n<td width=\"45%\">16:9<\/td>\n<\/tr>\n<tr>\n<td width=\"31%\">r\u00e9solution<\/td>\n<td width=\"45%\">800 x 480<\/td>\n<\/tr>\n<tr>\n<td width=\"31%\">Luminosit\u00e9 (CD\/m2)<\/td>\n<td width=\"45%\">250 Cd\/m2<\/td>\n<\/tr>\n<tr>\n<td width=\"31%\">Contraste<\/td>\n<td width=\"45%\">500:1<\/td>\n<\/tr>\n<tr>\n<td width=\"31%\">Angle<\/td>\n<td width=\"45%\">U\/D: 50, 70, L\/R: 70,70<\/td>\n<\/tr>\n<tr>\n<td width=\"31%\">Type d\u2019\u00e9cran<\/td>\n<td width=\"45%\">TFT<\/td>\n<\/tr>\n<tr>\n<td rowspan=\"14\" width=\"25%\"><strong>Mat\u00e9riel informatique<\/strong><\/td>\n<td width=\"31%\">Couvrir<\/td>\n<td width=\"45%\">Plastique<\/td>\n<\/tr>\n<tr>\n<td width=\"31%\">Couleur<\/td>\n<td width=\"45%\">Noir<\/td>\n<\/tr>\n<tr>\n<td width=\"31%\">Syst\u00e8me audio<\/td>\n<td width=\"45%\">St\u00e9r\u00e9o<\/td>\n<\/tr>\n<tr>\n<td width=\"31%\">Format de fichier pris en charge<\/td>\n<td width=\"45%\">MPEG-1, MPEG-2, MP3<\/td>\n<\/tr>\n<tr>\n<td width=\"31%\">M\u00e9moire support\u00e9e<\/td>\n<td width=\"45%\">SD Card<\/td>\n<\/tr>\n<tr>\n<td width=\"31%\">Caract\u00e9ristiques de lecture<\/td>\n<td width=\"45%\">Relecture automatique, r\u00e9p\u00e9ter<\/td>\n<\/tr>\n<tr>\n<td width=\"31%\">Capteur de mouvement<\/td>\n<td width=\"45%\">Facultatif<\/td>\n<\/tr>\n<tr>\n<td width=\"31%\">Input<\/td>\n<td width=\"45%\">N\/A<\/td>\n<\/tr>\n<tr>\n<td width=\"31%\">Audio input<\/td>\n<td width=\"45%\">N\/A<\/td>\n<\/tr>\n<tr>\n<td width=\"31%\">Boutons de commande<\/td>\n<td width=\"45%\">N\/A<\/td>\n<\/tr>\n<tr>\n<td width=\"31%\">Haut-parleur<\/td>\n<td width=\"45%\">1W x 2<\/td>\n<\/tr>\n<tr>\n<td width=\"31%\">Tension<\/td>\n<td width=\"45%\">AC 100-240V, 50\/60Hz<\/td>\n<\/tr>\n<tr>\n<td width=\"31%\">Consommation d\u2019\u00e9nergie maximale<\/td>\n<td width=\"45%\">6W<\/td>\n<\/tr>\n<tr>\n<td width=\"31%\">Accessoires<\/td>\n<td width=\"45%\">Adaptateur secteur, t\u00e9l\u00e9commande, manuel d\u2019utilisation<\/td>\n<\/tr>\n<tr>\n<td rowspan=\"2\" width=\"25%\"><strong>Fonctions facultatives (co\u00fbt additionnel)<\/strong><\/td>\n<td width=\"31%\">Batterie<\/td>\n<td width=\"45%\">Oui<\/td>\n<\/tr>\n<tr>\n<td width=\"31%\">Bouton (max. 6 boutons)<\/td>\n<td width=\"45%\">Oui<\/td>\n<\/tr>\n<\/tbody>\n<\/table>\n<table width=\"100%\">\n<tbody>\n<tr>\n<td colspan=\"3\" width=\"100%\"><strong>Sp\u00e9cifications de dimension<\/strong><\/td>\n<\/tr>\n<tr>\n<td width=\"25%\"><strong>Mod\u00e8le<\/strong><\/td>\n<td colspan=\"2\" width=\"75%\"><strong>GSGAD073-OF<\/strong><\/td>\n<\/tr>\n<tr>\n<td rowspan=\"9\" width=\"25%\"><strong>Longueur X Haut X Largeur (cm)<\/strong><\/td>\n<td width=\"30%\">Mesures<\/td>\n<td width=\"45%\">18.2&#215;10.51 x2.8<\/td>\n<\/tr>\n<tr>\n<td width=\"30%\">Poids<\/td>\n<td width=\"45%\">0.33kg<\/td>\n<\/tr>\n<tr>\n<td width=\"30%\">Dimensions d\u2019emballage<\/td>\n<td width=\"45%\">N\/A<\/td>\n<\/tr>\n<tr>\n<td width=\"30%\">Poids d\u2019emballage par unit\u00e9 (kg\/PC)<\/td>\n<td width=\"45%\">N\/A<\/td>\n<\/tr>\n<tr>\n<td width=\"30%\">Unit\u00e9s par bo\u00eete (unit\u00e9s\/bo\u00eete)<\/td>\n<td width=\"45%\">N\/A<\/td>\n<\/tr>\n<tr>\n<td width=\"30%\">Dimensions de la bo\u00eete<\/td>\n<td width=\"45%\">62.5 x63.5 x21.5<\/td>\n<\/tr>\n<tr>\n<td width=\"30%\">Poids de la bo\u00eete (kg)<\/td>\n<td width=\"45%\">18.5<\/td>\n<\/tr>\n<tr>\n<td width=\"30%\">Dimensions de support<\/td>\n<td width=\"45%\">153mm x 91mm<\/td>\n<\/tr>\n<tr>\n<td width=\"30%\">Supports appropri\u00e9s<\/td>\n<td width=\"45%\">N\/A<\/td>\n<\/tr>\n<tr>\n<td rowspan=\"9\" width=\"25%\"><strong>Longueur X Haut X Largeur (cm)<\/strong><\/td>\n<td colspan=\"2\" width=\"75%\"><strong>D Cell Battery Casing<\/strong><\/td>\n<\/tr>\n<tr>\n<td width=\"31%\">Mesures<\/td>\n<td width=\"45%\">28x8x4.1<\/td>\n<\/tr>\n<tr>\n<td width=\"31%\">Poids<\/td>\n<td width=\"45%\">0.53kg<\/td>\n<\/tr>\n<tr>\n<td width=\"31%\">Dimensions d\u2019emballage<\/td>\n<td width=\"45%\">38.2x12x8<\/td>\n<\/tr>\n<tr>\n<td width=\"31%\">Poids d\u2019emballage par unit\u00e9 (kg\/PC)<\/td>\n<td width=\"45%\">0.4kg<\/td>\n<\/tr>\n<tr>\n<td width=\"31%\">Unit\u00e9s par bo\u00eete (unit\u00e9s\/bo\u00eete)<\/td>\n<td width=\"45%\">10<\/td>\n<\/tr>\n<tr>\n<td width=\"31%\">Dimensions de la bo\u00eete<\/td>\n<td width=\"45%\">40.5x26x43<\/td>\n<\/tr>\n<tr>\n<td width=\"31%\">Poids de la bo\u00eete (kg)<\/td>\n<td width=\"45%\">5<\/td>\n<\/tr>\n<tr>\n<td width=\"31%\">Supports appropri\u00e9s<\/td>\n<td width=\"45%\">FIX-019<\/td>\n<\/tr>\n<\/tbody>\n<\/table>\n\n\t\t\t\t\t\t<\/div><!--ult_price_features--><div class=\"ult_clr\"><\/div>\n\t\t\t<\/div><!--pricing_table-->\n\t\t<\/div><!--pricing_table_wrap-->[\/vc_tta_section][\/vc_tta_tabs][\/vc_column][\/vc_row]<\/p>\n<\/section>","protected":false},"excerpt":{"rendered":"<p>[vc_row][vc_column width=\u00a0\u00bb1\/2&Prime;][vc_column_text]Le cadre ouvert LCD est con\u00e7u pour \u00eatre mont\u00e9 \u00e0 l\u2019int\u00e9rieur des bo\u00eetiers d\u2019\u00e9cran, en particulier pour les sorties. Il peut \u00eatre exhort\u00e9 en fonction de vos besoins car il a des trous de montage sur les c\u00f4t\u00e9s de l\u2019appareil pour une installation facile. Cet appareil LCD vous permet de pr\u00e9senter et d\u2019expliquer vos&hellip;<\/p>\n","protected":false},"author":1,"featured_media":0,"parent":5634,"menu_order":1,"comment_status":"closed","ping_status":"closed","template":"","meta":{"ngg_post_thumbnail":0},"yoast_head":"<!-- This site is optimized with the Yoast SEO plugin v20.3 - https:\/\/yoast.com\/wordpress\/plugins\/seo\/ -->\n<title>7 pouces Open Frame LCD \u00e9cran - Promotienda<\/title>\n<meta name=\"description\" content=\"Interagir avec vos acheteurs avec l\u2019\u00e9cran LCD \u00e0 cadre ouvert de 7 pouces. Am\u00e9liorez vos ventes avec des campagnes innovantes et interactives.\" \/>\n<meta name=\"robots\" content=\"index, follow, max-snippet:-1, max-image-preview:large, max-video-preview:-1\" \/>\n<link rel=\"canonical\" href=\"https:\/\/www.promotienda.es\/fr\/ecrans-publicitaires\/ecran-de-publicite-lcd-de-cadre-ouvert\/7-pouces-open-frame-lcd-ecran\/\" \/>\n<meta property=\"og:locale\" content=\"fr_FR\" \/>\n<meta property=\"og:type\" content=\"article\" \/>\n<meta property=\"og:title\" content=\"7 pouces Open Frame LCD \u00e9cran - Promotienda\" \/>\n<meta property=\"og:description\" content=\"Interagir avec vos acheteurs avec l\u2019\u00e9cran LCD \u00e0 cadre ouvert de 7 pouces. Am\u00e9liorez vos ventes avec des campagnes innovantes et interactives.\" \/>\n<meta property=\"og:url\" content=\"https:\/\/www.promotienda.es\/fr\/ecrans-publicitaires\/ecran-de-publicite-lcd-de-cadre-ouvert\/7-pouces-open-frame-lcd-ecran\/\" \/>\n<meta property=\"og:site_name\" content=\"Promotienda\" \/>\n<meta property=\"article:modified_time\" content=\"2019-05-15T09:22:01+00:00\" \/>\n<meta name=\"twitter:card\" content=\"summary_large_image\" \/>\n<meta name=\"twitter:label1\" content=\"Dur\u00e9e de lecture estim\u00e9e\" \/>\n\t<meta name=\"twitter:data1\" content=\"4 minutes\" \/>\n<script type=\"application\/ld+json\" class=\"yoast-schema-graph\">{\"@context\":\"https:\/\/schema.org\",\"@graph\":[{\"@type\":\"WebPage\",\"@id\":\"https:\/\/www.promotienda.es\/fr\/ecrans-publicitaires\/ecran-de-publicite-lcd-de-cadre-ouvert\/7-pouces-open-frame-lcd-ecran\/\",\"url\":\"https:\/\/www.promotienda.es\/fr\/ecrans-publicitaires\/ecran-de-publicite-lcd-de-cadre-ouvert\/7-pouces-open-frame-lcd-ecran\/\",\"name\":\"7 pouces Open Frame LCD \u00e9cran - Promotienda\",\"isPartOf\":{\"@id\":\"https:\/\/www.promotienda.es\/en\/#website\"},\"datePublished\":\"2019-05-15T09:21:59+00:00\",\"dateModified\":\"2019-05-15T09:22:01+00:00\",\"description\":\"Interagir avec vos acheteurs avec l\u2019\u00e9cran LCD \u00e0 cadre ouvert de 7 pouces. Am\u00e9liorez vos ventes avec des campagnes innovantes et interactives.\",\"breadcrumb\":{\"@id\":\"https:\/\/www.promotienda.es\/fr\/ecrans-publicitaires\/ecran-de-publicite-lcd-de-cadre-ouvert\/7-pouces-open-frame-lcd-ecran\/#breadcrumb\"},\"inLanguage\":\"fr-FR\",\"potentialAction\":[{\"@type\":\"ReadAction\",\"target\":[\"https:\/\/www.promotienda.es\/fr\/ecrans-publicitaires\/ecran-de-publicite-lcd-de-cadre-ouvert\/7-pouces-open-frame-lcd-ecran\/\"]}]},{\"@type\":\"BreadcrumbList\",\"@id\":\"https:\/\/www.promotienda.es\/fr\/ecrans-publicitaires\/ecran-de-publicite-lcd-de-cadre-ouvert\/7-pouces-open-frame-lcd-ecran\/#breadcrumb\",\"itemListElement\":[{\"@type\":\"ListItem\",\"position\":1,\"name\":\"Portada\",\"item\":\"https:\/\/www.promotienda.es\/fr\/\"},{\"@type\":\"ListItem\",\"position\":2,\"name\":\"\u00c9crans publicitaires\",\"item\":\"https:\/\/www.promotienda.es\/fr\/ecrans-publicitaires\/\"},{\"@type\":\"ListItem\",\"position\":3,\"name\":\"\u00c9cran de publicit\u00e9 LCD de cadre ouvert\",\"item\":\"https:\/\/www.promotienda.es\/fr\/ecrans-publicitaires\/ecran-de-publicite-lcd-de-cadre-ouvert\/\"},{\"@type\":\"ListItem\",\"position\":4,\"name\":\"7 pouces Open Frame LCD \u00e9cran\"}]},{\"@type\":\"WebSite\",\"@id\":\"https:\/\/www.promotienda.es\/en\/#website\",\"url\":\"https:\/\/www.promotienda.es\/en\/\",\"name\":\"Promotienda\",\"description\":\"\",\"potentialAction\":[{\"@type\":\"SearchAction\",\"target\":{\"@type\":\"EntryPoint\",\"urlTemplate\":\"https:\/\/www.promotienda.es\/en\/?s={search_term_string}\"},\"query-input\":\"required name=search_term_string\"}],\"inLanguage\":\"fr-FR\"}]}<\/script>\n<!-- \/ Yoast SEO plugin. -->","yoast_head_json":{"title":"7 pouces Open Frame LCD \u00e9cran - Promotienda","description":"Interagir avec vos acheteurs avec l\u2019\u00e9cran LCD \u00e0 cadre ouvert de 7 pouces. Am\u00e9liorez vos ventes avec des campagnes innovantes et interactives.","robots":{"index":"index","follow":"follow","max-snippet":"max-snippet:-1","max-image-preview":"max-image-preview:large","max-video-preview":"max-video-preview:-1"},"canonical":"https:\/\/www.promotienda.es\/fr\/ecrans-publicitaires\/ecran-de-publicite-lcd-de-cadre-ouvert\/7-pouces-open-frame-lcd-ecran\/","og_locale":"fr_FR","og_type":"article","og_title":"7 pouces Open Frame LCD \u00e9cran - Promotienda","og_description":"Interagir avec vos acheteurs avec l\u2019\u00e9cran LCD \u00e0 cadre ouvert de 7 pouces. Am\u00e9liorez vos ventes avec des campagnes innovantes et interactives.","og_url":"https:\/\/www.promotienda.es\/fr\/ecrans-publicitaires\/ecran-de-publicite-lcd-de-cadre-ouvert\/7-pouces-open-frame-lcd-ecran\/","og_site_name":"Promotienda","article_modified_time":"2019-05-15T09:22:01+00:00","twitter_card":"summary_large_image","twitter_misc":{"Dur\u00e9e de lecture estim\u00e9e":"4 minutes"},"schema":{"@context":"https:\/\/schema.org","@graph":[{"@type":"WebPage","@id":"https:\/\/www.promotienda.es\/fr\/ecrans-publicitaires\/ecran-de-publicite-lcd-de-cadre-ouvert\/7-pouces-open-frame-lcd-ecran\/","url":"https:\/\/www.promotienda.es\/fr\/ecrans-publicitaires\/ecran-de-publicite-lcd-de-cadre-ouvert\/7-pouces-open-frame-lcd-ecran\/","name":"7 pouces Open Frame LCD \u00e9cran - Promotienda","isPartOf":{"@id":"https:\/\/www.promotienda.es\/en\/#website"},"datePublished":"2019-05-15T09:21:59+00:00","dateModified":"2019-05-15T09:22:01+00:00","description":"Interagir avec vos acheteurs avec l\u2019\u00e9cran LCD \u00e0 cadre ouvert de 7 pouces. Am\u00e9liorez vos ventes avec des campagnes innovantes et interactives.","breadcrumb":{"@id":"https:\/\/www.promotienda.es\/fr\/ecrans-publicitaires\/ecran-de-publicite-lcd-de-cadre-ouvert\/7-pouces-open-frame-lcd-ecran\/#breadcrumb"},"inLanguage":"fr-FR","potentialAction":[{"@type":"ReadAction","target":["https:\/\/www.promotienda.es\/fr\/ecrans-publicitaires\/ecran-de-publicite-lcd-de-cadre-ouvert\/7-pouces-open-frame-lcd-ecran\/"]}]},{"@type":"BreadcrumbList","@id":"https:\/\/www.promotienda.es\/fr\/ecrans-publicitaires\/ecran-de-publicite-lcd-de-cadre-ouvert\/7-pouces-open-frame-lcd-ecran\/#breadcrumb","itemListElement":[{"@type":"ListItem","position":1,"name":"Portada","item":"https:\/\/www.promotienda.es\/fr\/"},{"@type":"ListItem","position":2,"name":"\u00c9crans publicitaires","item":"https:\/\/www.promotienda.es\/fr\/ecrans-publicitaires\/"},{"@type":"ListItem","position":3,"name":"\u00c9cran de publicit\u00e9 LCD de cadre ouvert","item":"https:\/\/www.promotienda.es\/fr\/ecrans-publicitaires\/ecran-de-publicite-lcd-de-cadre-ouvert\/"},{"@type":"ListItem","position":4,"name":"7 pouces Open Frame LCD \u00e9cran"}]},{"@type":"WebSite","@id":"https:\/\/www.promotienda.es\/en\/#website","url":"https:\/\/www.promotienda.es\/en\/","name":"Promotienda","description":"","potentialAction":[{"@type":"SearchAction","target":{"@type":"EntryPoint","urlTemplate":"https:\/\/www.promotienda.es\/en\/?s={search_term_string}"},"query-input":"required name=search_term_string"}],"inLanguage":"fr-FR"}]}},"_links":{"self":[{"href":"https:\/\/www.promotienda.es\/fr\/wp-json\/wp\/v2\/pages\/5640"}],"collection":[{"href":"https:\/\/www.promotienda.es\/fr\/wp-json\/wp\/v2\/pages"}],"about":[{"href":"https:\/\/www.promotienda.es\/fr\/wp-json\/wp\/v2\/types\/page"}],"author":[{"embeddable":true,"href":"https:\/\/www.promotienda.es\/fr\/wp-json\/wp\/v2\/users\/1"}],"replies":[{"embeddable":true,"href":"https:\/\/www.promotienda.es\/fr\/wp-json\/wp\/v2\/comments?post=5640"}],"version-history":[{"count":1,"href":"https:\/\/www.promotienda.es\/fr\/wp-json\/wp\/v2\/pages\/5640\/revisions"}],"predecessor-version":[{"id":5653,"href":"https:\/\/www.promotienda.es\/fr\/wp-json\/wp\/v2\/pages\/5640\/revisions\/5653"}],"up":[{"embeddable":true,"href":"https:\/\/www.promotienda.es\/fr\/wp-json\/wp\/v2\/pages\/5634"}],"wp:attachment":[{"href":"https:\/\/www.promotienda.es\/fr\/wp-json\/wp\/v2\/media?parent=5640"}],"curies":[{"name":"wp","href":"https:\/\/api.w.org\/{rel}","templated":true}]}}