{"id":5668,"date":"2019-05-15T11:33:03","date_gmt":"2019-05-15T09:33:03","guid":{"rendered":"https:\/\/www.promotienda.es\/ecrans-publicitaires\/lecteurs-multimedias\/lecteur-multimedia-interactif\/"},"modified":"2019-05-15T11:33:06","modified_gmt":"2019-05-15T09:33:06","slug":"lecteur-multimedia-interactif","status":"publish","type":"page","link":"https:\/\/www.promotienda.es\/fr\/ecrans-publicitaires\/lecteurs-multimedias\/lecteur-multimedia-interactif\/","title":{"rendered":"Lecteur multim\u00e9dia interactif"},"content":{"rendered":"<section class=\"wpb-content-wrapper\"><p>[vc_row][vc_column width=\u00a0\u00bb1\/2&Prime;][vc_column_text]Le lecteur multim\u00e9dia interactif GSP002 red\u00e9finit le concept de lecteur. Il fournit la nouvelle technologie qui vous permet d\u2019ins\u00e9rer une carte SD dans votre fente pour lire le contenu haute d\u00e9finition directement \u00e0 la t\u00e9l\u00e9vision ou sur les \u00e9crans d\u2019ordinateur. Le point culminant du produit est son interface interactive, car il peut connecter jusqu\u2019\u00e0 6 boutons lumineux \u00e0 l\u2019unit\u00e9.<\/p>\n<p>Vous pouvez choisir 3 modes diff\u00e9rents: d\u00e9taillant, Mus\u00e9e ou mode de lecture audio. Le mode vente au d\u00e9tail permet aux boutons clignotants de lire les vid\u00e9os s\u00e9lectionn\u00e9es, puis de revenir \u00e0 la boucle vid\u00e9o. Le mode Mus\u00e9e est conforme \u00e0 un environnement calme et le bouton s\u2019allume lorsqu\u2019il est s\u00e9lectionn\u00e9. Le mode de lecture audio vous permet d\u2019utiliser les boutons lecture, suivant, pr\u00e9c\u00e9dent, arr\u00eat, volume haut et bas.[\/vc_column_text][vc_btn title=\u00a0\u00bbT\u00e9l\u00e9charger le PDF\u00a0\u00bb style=\u00a0\u00bbflat\u00a0\u00bb shape=\u00a0\u00bbsquare\u00a0\u00bb color=\u00a0\u00bbprimary\u00a0\u00bb align=\u00a0\u00bbcenter\u00a0\u00bb i_icon_fontawesome=\u00a0\u00bbfa fa-download\u00a0\u00bb add_icon=\u00a0\u00bbtrue\u00a0\u00bb link=\u00a0\u00bburl:https%3A%2F%2Fwww.promotienda.es%2Fpdf%2Freproductor-multimedia-interactivo.pdf|target:%20_blank|rel:nofollow|\u00a0\u00bb][\/vc_column][vc_column width=\u00a0\u00bb1\/2&Prime;][vc_media_grid grid_id=\u00a0\u00bbvc_gid:1543826735256-2c1434c9-e397-0&Prime; include=\u00a0\u00bb545,546,547,548,549&Prime;][\/vc_column][\/vc_row][vc_row][vc_column][vc_tta_tabs style=\u00a0\u00bbmodern\u00a0\u00bb shape=\u00a0\u00bbsquare\u00a0\u00bb color=\u00a0\u00bbwhite\u00a0\u00bb active_section=\u00a0\u00bb1&Prime; no_fill_content_area=\u00a0\u00bbtrue\u00a0\u00bb][vc_tta_section title=\u00a0\u00bbCaract\u00e9ristiques\u00a0\u00bb tab_id=\u00a0\u00bb1487761552104-9edf1378-d107ca22-a2dd\u00a0\u00bb][vc_row_inner][vc_column_inner width=\u00a0\u00bb1\/3&Prime;][vc_single_image image=\u00a0\u00bb546&Prime; img_size=\u00a0\u00bbfull\u00a0\u00bb][\/vc_column_inner][vc_column_inner width=\u00a0\u00bb2\/3&Prime;][vc_column_text]<\/p>\n<h3>Lecteur multim\u00e9dia \u00e0 usage commercial<\/h3>\n<p>[\/vc_column_text][\/vc_column_inner][\/vc_row_inner][vc_row_inner][vc_column_inner width=\u00a0\u00bb1\/3&Prime;][vc_single_image image=\u00a0\u00bb547&Prime; img_size=\u00a0\u00bbfull\u00a0\u00bb][\/vc_column_inner][vc_column_inner width=\u00a0\u00bb2\/3&Prime;][vc_column_text]<\/p>\n<div class=\"textoficha\">\n<h3>Fonctions interactives<\/h3>\n<p>S\u00e9lectionnez les modes pour les d\u00e9taillants, les mus\u00e9es ou les appareils audio num\u00e9riques.<\/p>\n<\/div>\n<p>[\/vc_column_text][\/vc_column_inner][\/vc_row_inner][vc_row_inner][vc_column_inner width=\u00a0\u00bb1\/3&Prime;][vc_single_image image=\u00a0\u00bb624&Prime; img_size=\u00a0\u00bbfull\u00a0\u00bb][\/vc_column_inner][vc_column_inner width=\u00a0\u00bb2\/3&Prime;][vc_column_text]<\/p>\n<h3>Mode de vente au d\u00e9tail<\/h3>\n<p>Con\u00e7u pour les magasins. Boutons clignotants. La vid\u00e9o s\u00e9lectionn\u00e9e sera lue une fois, puis boucl\u00e9e vers la vid\u00e9o.[\/vc_column_text][\/vc_column_inner][\/vc_row_inner][vc_row_inner][vc_column_inner width=\u00a0\u00bb1\/3&Prime;][vc_single_image image=\u00a0\u00bb625&Prime; img_size=\u00a0\u00bbfull\u00a0\u00bb][\/vc_column_inner][vc_column_inner width=\u00a0\u00bb2\/3&Prime;][vc_column_text]<\/p>\n<h3>Mode Mus\u00e9e<\/h3>\n<p>Les touches ne s&rsquo;allument que lorsqu&rsquo;on les appuie. Les mus\u00e9es exigent un environnement calme, de sorte que les boutons ne s\u2019allument et les vid\u00e9os ne jouent que lorsque le bouton est enfonc\u00e9.[\/vc_column_text][\/vc_column_inner][\/vc_row_inner][vc_row_inner][vc_column_inner width=\u00a0\u00bb1\/3&Prime;][vc_single_image image=\u00a0\u00bb623&Prime; img_size=\u00a0\u00bbfull\u00a0\u00bb][\/vc_column_inner][vc_column_inner width=\u00a0\u00bb2\/3&Prime;][vc_column_text]<\/p>\n<h3>Audio num\u00e9rique<\/h3>\n<p>Des fonctions telles que PLAY, STOP, PREVIOUS, NEXT, VOLUME UP et VOLUME DOWN ont \u00e9t\u00e9 pr\u00e9-programm\u00e9es dans le lecteur multim\u00e9dia et peuvent \u00eatre utilis\u00e9es pour l\u2019appareil avec des d\u00e9monstrations audio num\u00e9riques avec le connecteur st\u00e9r\u00e9o 3,5 mm.[\/vc_column_text][\/vc_column_inner][\/vc_row_inner][vc_row_inner][vc_column_inner width=\u00a0\u00bb1\/3&Prime;][vc_single_image image=\u00a0\u00bb627&Prime; img_size=\u00a0\u00bbfull\u00a0\u00bb][\/vc_column_inner][vc_column_inner width=\u00a0\u00bb2\/3&Prime;][vc_column_text]<\/p>\n<h3>Support pour connecteur st\u00e9r\u00e9o 3,5 mm<\/h3>\n<p>[\/vc_column_text][\/vc_column_inner][\/vc_row_inner][vc_row_inner][vc_column_inner width=\u00a0\u00bb1\/3&Prime;][vc_single_image image=\u00a0\u00bb628&Prime; img_size=\u00a0\u00bbfull\u00a0\u00bb][\/vc_column_inner][vc_column_inner width=\u00a0\u00bb2\/3&Prime;][vc_column_text]<\/p>\n<h3>Support pour carte SD<\/h3>\n<p>[\/vc_column_text][\/vc_column_inner][\/vc_row_inner][vc_row_inner][vc_column_inner width=\u00a0\u00bb1\/3&Prime;][vc_single_image image=\u00a0\u00bb626&Prime; img_size=\u00a0\u00bbfull\u00a0\u00bb][\/vc_column_inner][vc_column_inner width=\u00a0\u00bb2\/3&Prime;][vc_column_text]<\/p>\n<h3>Support HDMI<\/h3>\n<p>[\/vc_column_text][\/vc_column_inner][\/vc_row_inner][\/vc_tta_section][vc_tta_section title=\u00a0\u00bbSp\u00e9cifications techniques\u00a0\u00bb tab_id=\u00a0\u00bb1487761552126-ff627175-e835ca22-a2dd\u00a0\u00bb]<div class=\"ult_pricing_table_wrap ult_info_table ult_design_6  ult-cs-blue  \">\n\t\t\t\t\t<div class=\"ult_pricing_table \" style=\" \"><div id=\"Info-table-wrap-6979\" class=\"ult_pricing_heading\" style=\"\">\n\t\t\t\t\t\t\t<h3 class=\"ult-responsive\"  data-ultimate-target='#Info-table-wrap-6979 h3'  data-responsive-json-new='{\"font-size\":\"\",\"line-height\":\"\"}'  style=\"font-weight:normal;\">Modelo GSP002 Media Player<\/h3><\/div><!--ult_pricing_heading--><div id=\"info_table_features_wrap-6649\"  data-ultimate-target='#info_table_features_wrap-6649.ult_price_features'  data-responsive-json-new='{\"font-size\":\"\",\"line-height\":\"\"}'  class=\"ult-responsive ult_price_features\" style=\"font-weight:normal;\">\n\t\t\t\t\t\t\t<table width=\"100%\">\n<tbody>\n<tr>\n<td rowspan=\"16\" width=\"25%\"><strong>Mat\u00e9riel informatique<\/strong><\/td>\n<\/tr>\n<tr>\n<td width=\"31%\">Couvrir<\/td>\n<td width=\"45%\">M\u00e9tal<\/td>\n<\/tr>\n<tr>\n<td width=\"31%\">r\u00e9solution<\/td>\n<td width=\"45%\">1920x1080p<\/td>\n<\/tr>\n<tr>\n<td width=\"31%\">Couleur<\/td>\n<td width=\"45%\">Noir<\/td>\n<\/tr>\n<tr>\n<td width=\"31%\">Syst\u00e8me audio<\/td>\n<td width=\"45%\">St\u00e9r\u00e9o<\/td>\n<\/tr>\n<tr>\n<td width=\"31%\">Format de fichier pris en charge<\/td>\n<td width=\"45%\">JPEG, MPEG1,2,4 music, H.264<\/td>\n<\/tr>\n<tr>\n<td width=\"31%\">M\u00e9moire support\u00e9e<\/td>\n<td width=\"45%\">Carte SD, USB 2,0<\/td>\n<\/tr>\n<tr>\n<td width=\"31%\">Caract\u00e9ristiques de lecture<\/td>\n<td width=\"45%\">Auto start, Auto play, Auto repeat<\/td>\n<\/tr>\n<tr>\n<td width=\"31%\">Capteur de mouvement<\/td>\n<td width=\"45%\">Facultatif<\/td>\n<\/tr>\n<tr>\n<td width=\"31%\">Input<\/td>\n<td width=\"45%\">N\/A<\/td>\n<\/tr>\n<tr>\n<td width=\"31%\">Audio output<\/td>\n<td width=\"45%\">3.5mm st\u00e9r\u00e9o jack<\/td>\n<\/tr>\n<tr>\n<td width=\"31%\">Boutons de commande<\/td>\n<td width=\"45%\">N\/A<\/td>\n<\/tr>\n<tr>\n<td width=\"31%\">Haut-parleur<\/td>\n<td width=\"45%\">N\/A<\/td>\n<\/tr>\n<tr>\n<td width=\"31%\">Tension<\/td>\n<td width=\"45%\">AC 100-240V, 50\/60Hz<\/td>\n<\/tr>\n<tr>\n<td width=\"31%\">Consommation d\u2019\u00e9nergie maximale<\/td>\n<td width=\"45%\">N\/A<\/td>\n<\/tr>\n<tr>\n<td width=\"31%\">Accessoires<\/td>\n<td width=\"45%\">Adaptateur secteur, t\u00e9l\u00e9commande<\/td>\n<\/tr>\n<tr>\n<td rowspan=\"3\" width=\"25%\"><strong>Fonctions facultatives (co\u00fbt additionnel)<\/strong><\/td>\n<td width=\"31%\">Batterie<\/td>\n<td width=\"45%\">Non<\/td>\n<\/tr>\n<tr>\n<td width=\"31%\">Bouton (max. 6 boutons)<\/td>\n<td width=\"45%\">Oui<\/td>\n<\/tr>\n<tr>\n<td width=\"31%\">Lift<\/td>\n<td width=\"45%\">Non<\/td>\n<\/tr>\n<\/tbody>\n<\/table>\n<table width=\"100%\">\n<tbody>\n<tr>\n<td colspan=\"3\" width=\"100%\"><strong>Sp\u00e9cifications de dimension<\/strong><\/td>\n<\/tr>\n<tr>\n<td width=\"25%\"><strong>Mod\u00e8le<\/strong><\/td>\n<td colspan=\"2\" width=\"75%\"><strong>GSP002 Media Player<\/strong><\/td>\n<\/tr>\n<tr>\n<td rowspan=\"9\" width=\"25%\"><strong>Longueur X Haut X Largeur (cm)<\/strong><\/td>\n<td width=\"30%\">Mesures<\/td>\n<td width=\"45%\">16.8x11x2.5<\/td>\n<\/tr>\n<tr>\n<td width=\"30%\">Poids<\/td>\n<td width=\"45%\">0.85kg<\/td>\n<\/tr>\n<tr>\n<td width=\"30%\">Dimensions d\u2019emballage<\/td>\n<td width=\"45%\">37.5x17x5.8<\/td>\n<\/tr>\n<tr>\n<td width=\"30%\">Poids d\u2019emballage par unit\u00e9 (kg\/PC)<\/td>\n<td width=\"45%\">0.88kg<\/td>\n<\/tr>\n<tr>\n<td width=\"30%\">Unit\u00e9s par bo\u00eete (unit\u00e9s\/bo\u00eete)<\/td>\n<td width=\"45%\">10<\/td>\n<\/tr>\n<tr>\n<td width=\"30%\">Dimensions de la bo\u00eete<\/td>\n<td width=\"45%\">39.5&#215;32.5&#215;36<\/td>\n<\/tr>\n<tr>\n<td width=\"30%\">Poids de la bo\u00eete (kg)<\/td>\n<td width=\"45%\">9.8<\/td>\n<\/tr>\n<tr>\n<td width=\"30%\">Dimensions de support<\/td>\n<td width=\"45%\">N\/A<\/td>\n<\/tr>\n<tr>\n<td width=\"30%\">Supports appropri\u00e9s<\/td>\n<td width=\"45%\">N\/A<\/td>\n<\/tr>\n<\/tbody>\n<\/table>\n\n\t\t\t\t\t\t<\/div><!--ult_price_features--><div class=\"ult_clr\"><\/div>\n\t\t\t<\/div><!--pricing_table-->\n\t\t<\/div><!--pricing_table_wrap-->[\/vc_tta_section][\/vc_tta_tabs][\/vc_column][\/vc_row]<\/p>\n<\/section>","protected":false},"excerpt":{"rendered":"<p>[vc_row][vc_column width=\u00a0\u00bb1\/2&Prime;][vc_column_text]Le lecteur multim\u00e9dia interactif GSP002 red\u00e9finit le concept de lecteur. Il fournit la nouvelle technologie qui vous permet d\u2019ins\u00e9rer une carte SD dans votre fente pour lire le contenu haute d\u00e9finition directement \u00e0 la t\u00e9l\u00e9vision ou sur les \u00e9crans d\u2019ordinateur. Le point culminant du produit est son interface interactive, car il peut connecter jusqu\u2019\u00e0&hellip;<\/p>\n","protected":false},"author":1,"featured_media":0,"parent":5666,"menu_order":1,"comment_status":"closed","ping_status":"closed","template":"","meta":{"ngg_post_thumbnail":0},"yoast_head":"<!-- This site is optimized with the Yoast SEO plugin v20.3 - https:\/\/yoast.com\/wordpress\/plugins\/seo\/ -->\n<title>Lecteur multim\u00e9dia interactif - Promotienda<\/title>\n<meta name=\"robots\" content=\"index, follow, max-snippet:-1, max-image-preview:large, max-video-preview:-1\" \/>\n<link rel=\"canonical\" href=\"https:\/\/www.promotienda.es\/fr\/ecrans-publicitaires\/lecteurs-multimedias\/lecteur-multimedia-interactif\/\" \/>\n<meta property=\"og:locale\" content=\"fr_FR\" \/>\n<meta property=\"og:type\" content=\"article\" \/>\n<meta property=\"og:title\" content=\"Lecteur multim\u00e9dia interactif - Promotienda\" \/>\n<meta property=\"og:description\" content=\"[vc_row][vc_column width=\u00a0\u00bb1\/2&Prime;][vc_column_text]Le lecteur multim\u00e9dia interactif GSP002 red\u00e9finit le concept de lecteur. Il fournit la nouvelle technologie qui vous permet d\u2019ins\u00e9rer une carte SD dans votre fente pour lire le contenu haute d\u00e9finition directement \u00e0 la t\u00e9l\u00e9vision ou sur les \u00e9crans d\u2019ordinateur. Le point culminant du produit est son interface interactive, car il peut connecter jusqu\u2019\u00e0&hellip;\" \/>\n<meta property=\"og:url\" content=\"https:\/\/www.promotienda.es\/fr\/ecrans-publicitaires\/lecteurs-multimedias\/lecteur-multimedia-interactif\/\" \/>\n<meta property=\"og:site_name\" content=\"Promotienda\" \/>\n<meta property=\"article:modified_time\" content=\"2019-05-15T09:33:06+00:00\" \/>\n<meta name=\"twitter:card\" content=\"summary_large_image\" \/>\n<meta name=\"twitter:label1\" content=\"Dur\u00e9e de lecture estim\u00e9e\" \/>\n\t<meta name=\"twitter:data1\" content=\"4 minutes\" \/>\n<script type=\"application\/ld+json\" class=\"yoast-schema-graph\">{\"@context\":\"https:\/\/schema.org\",\"@graph\":[{\"@type\":\"WebPage\",\"@id\":\"https:\/\/www.promotienda.es\/fr\/ecrans-publicitaires\/lecteurs-multimedias\/lecteur-multimedia-interactif\/\",\"url\":\"https:\/\/www.promotienda.es\/fr\/ecrans-publicitaires\/lecteurs-multimedias\/lecteur-multimedia-interactif\/\",\"name\":\"Lecteur multim\u00e9dia interactif - Promotienda\",\"isPartOf\":{\"@id\":\"https:\/\/www.promotienda.es\/en\/#website\"},\"datePublished\":\"2019-05-15T09:33:03+00:00\",\"dateModified\":\"2019-05-15T09:33:06+00:00\",\"breadcrumb\":{\"@id\":\"https:\/\/www.promotienda.es\/fr\/ecrans-publicitaires\/lecteurs-multimedias\/lecteur-multimedia-interactif\/#breadcrumb\"},\"inLanguage\":\"fr-FR\",\"potentialAction\":[{\"@type\":\"ReadAction\",\"target\":[\"https:\/\/www.promotienda.es\/fr\/ecrans-publicitaires\/lecteurs-multimedias\/lecteur-multimedia-interactif\/\"]}]},{\"@type\":\"BreadcrumbList\",\"@id\":\"https:\/\/www.promotienda.es\/fr\/ecrans-publicitaires\/lecteurs-multimedias\/lecteur-multimedia-interactif\/#breadcrumb\",\"itemListElement\":[{\"@type\":\"ListItem\",\"position\":1,\"name\":\"Portada\",\"item\":\"https:\/\/www.promotienda.es\/fr\/\"},{\"@type\":\"ListItem\",\"position\":2,\"name\":\"\u00c9crans publicitaires\",\"item\":\"https:\/\/www.promotienda.es\/fr\/ecrans-publicitaires\/\"},{\"@type\":\"ListItem\",\"position\":3,\"name\":\"Lecteurs multim\u00e9dias\",\"item\":\"https:\/\/www.promotienda.es\/fr\/ecrans-publicitaires\/lecteurs-multimedias\/\"},{\"@type\":\"ListItem\",\"position\":4,\"name\":\"Lecteur multim\u00e9dia interactif\"}]},{\"@type\":\"WebSite\",\"@id\":\"https:\/\/www.promotienda.es\/en\/#website\",\"url\":\"https:\/\/www.promotienda.es\/en\/\",\"name\":\"Promotienda\",\"description\":\"\",\"potentialAction\":[{\"@type\":\"SearchAction\",\"target\":{\"@type\":\"EntryPoint\",\"urlTemplate\":\"https:\/\/www.promotienda.es\/en\/?s={search_term_string}\"},\"query-input\":\"required name=search_term_string\"}],\"inLanguage\":\"fr-FR\"}]}<\/script>\n<!-- \/ Yoast SEO plugin. -->","yoast_head_json":{"title":"Lecteur multim\u00e9dia interactif - Promotienda","robots":{"index":"index","follow":"follow","max-snippet":"max-snippet:-1","max-image-preview":"max-image-preview:large","max-video-preview":"max-video-preview:-1"},"canonical":"https:\/\/www.promotienda.es\/fr\/ecrans-publicitaires\/lecteurs-multimedias\/lecteur-multimedia-interactif\/","og_locale":"fr_FR","og_type":"article","og_title":"Lecteur multim\u00e9dia interactif - Promotienda","og_description":"[vc_row][vc_column width=\u00a0\u00bb1\/2&Prime;][vc_column_text]Le lecteur multim\u00e9dia interactif GSP002 red\u00e9finit le concept de lecteur. Il fournit la nouvelle technologie qui vous permet d\u2019ins\u00e9rer une carte SD dans votre fente pour lire le contenu haute d\u00e9finition directement \u00e0 la t\u00e9l\u00e9vision ou sur les \u00e9crans d\u2019ordinateur. Le point culminant du produit est son interface interactive, car il peut connecter jusqu\u2019\u00e0&hellip;","og_url":"https:\/\/www.promotienda.es\/fr\/ecrans-publicitaires\/lecteurs-multimedias\/lecteur-multimedia-interactif\/","og_site_name":"Promotienda","article_modified_time":"2019-05-15T09:33:06+00:00","twitter_card":"summary_large_image","twitter_misc":{"Dur\u00e9e de lecture estim\u00e9e":"4 minutes"},"schema":{"@context":"https:\/\/schema.org","@graph":[{"@type":"WebPage","@id":"https:\/\/www.promotienda.es\/fr\/ecrans-publicitaires\/lecteurs-multimedias\/lecteur-multimedia-interactif\/","url":"https:\/\/www.promotienda.es\/fr\/ecrans-publicitaires\/lecteurs-multimedias\/lecteur-multimedia-interactif\/","name":"Lecteur multim\u00e9dia interactif - Promotienda","isPartOf":{"@id":"https:\/\/www.promotienda.es\/en\/#website"},"datePublished":"2019-05-15T09:33:03+00:00","dateModified":"2019-05-15T09:33:06+00:00","breadcrumb":{"@id":"https:\/\/www.promotienda.es\/fr\/ecrans-publicitaires\/lecteurs-multimedias\/lecteur-multimedia-interactif\/#breadcrumb"},"inLanguage":"fr-FR","potentialAction":[{"@type":"ReadAction","target":["https:\/\/www.promotienda.es\/fr\/ecrans-publicitaires\/lecteurs-multimedias\/lecteur-multimedia-interactif\/"]}]},{"@type":"BreadcrumbList","@id":"https:\/\/www.promotienda.es\/fr\/ecrans-publicitaires\/lecteurs-multimedias\/lecteur-multimedia-interactif\/#breadcrumb","itemListElement":[{"@type":"ListItem","position":1,"name":"Portada","item":"https:\/\/www.promotienda.es\/fr\/"},{"@type":"ListItem","position":2,"name":"\u00c9crans publicitaires","item":"https:\/\/www.promotienda.es\/fr\/ecrans-publicitaires\/"},{"@type":"ListItem","position":3,"name":"Lecteurs multim\u00e9dias","item":"https:\/\/www.promotienda.es\/fr\/ecrans-publicitaires\/lecteurs-multimedias\/"},{"@type":"ListItem","position":4,"name":"Lecteur multim\u00e9dia interactif"}]},{"@type":"WebSite","@id":"https:\/\/www.promotienda.es\/en\/#website","url":"https:\/\/www.promotienda.es\/en\/","name":"Promotienda","description":"","potentialAction":[{"@type":"SearchAction","target":{"@type":"EntryPoint","urlTemplate":"https:\/\/www.promotienda.es\/en\/?s={search_term_string}"},"query-input":"required name=search_term_string"}],"inLanguage":"fr-FR"}]}},"_links":{"self":[{"href":"https:\/\/www.promotienda.es\/fr\/wp-json\/wp\/v2\/pages\/5668"}],"collection":[{"href":"https:\/\/www.promotienda.es\/fr\/wp-json\/wp\/v2\/pages"}],"about":[{"href":"https:\/\/www.promotienda.es\/fr\/wp-json\/wp\/v2\/types\/page"}],"author":[{"embeddable":true,"href":"https:\/\/www.promotienda.es\/fr\/wp-json\/wp\/v2\/users\/1"}],"replies":[{"embeddable":true,"href":"https:\/\/www.promotienda.es\/fr\/wp-json\/wp\/v2\/comments?post=5668"}],"version-history":[{"count":1,"href":"https:\/\/www.promotienda.es\/fr\/wp-json\/wp\/v2\/pages\/5668\/revisions"}],"predecessor-version":[{"id":5669,"href":"https:\/\/www.promotienda.es\/fr\/wp-json\/wp\/v2\/pages\/5668\/revisions\/5669"}],"up":[{"embeddable":true,"href":"https:\/\/www.promotienda.es\/fr\/wp-json\/wp\/v2\/pages\/5666"}],"wp:attachment":[{"href":"https:\/\/www.promotienda.es\/fr\/wp-json\/wp\/v2\/media?parent=5668"}],"curies":[{"name":"wp","href":"https:\/\/api.w.org\/{rel}","templated":true}]}}