{"id":5670,"date":"2019-05-15T11:41:16","date_gmt":"2019-05-15T09:41:16","guid":{"rendered":"https:\/\/www.promotienda.es\/ecrans-publicitaires\/lecteurs-multimedias\/lecteur-multimedia-interactif-avec-wi-fi-et-3g\/"},"modified":"2019-05-15T11:41:18","modified_gmt":"2019-05-15T09:41:18","slug":"lecteur-multimedia-interactif-avec-wi-fi-et-3g","status":"publish","type":"page","link":"https:\/\/www.promotienda.es\/fr\/ecrans-publicitaires\/lecteurs-multimedias\/lecteur-multimedia-interactif-avec-wi-fi-et-3g\/","title":{"rendered":"Lecteur multim\u00e9dia interactif avec Wi-Fi et 3G"},"content":{"rendered":"<section class=\"wpb-content-wrapper\"><p>[vc_row][vc_column width=\u00a0\u00bb1\/2&Prime;][vc_column_text]JARVIS Android Box offre plusieurs avantages:<\/p>\n<p>a) Syst\u00e8me d&rsquo;exploitation Android, qui supporte un grand nombre d&rsquo;applications qui permettent la flexibilit\u00e9.<\/p>\n<p>b) Il est con\u00e7u pour un usage commercial et vous permet de lire des applications, des images, des vid\u00e9os et d&rsquo;autres types de contenu interactif sur n&rsquo;importe quel \u00e9cran en 1080p Full HD. Le mat\u00e9riel est pr\u00eat pour une utilisation continue dans des environnements commerciaux.<\/p>\n<p>c) Compatible avec WIFI et 3G.[\/vc_column_text][vc_btn title=\u00a0\u00bbT\u00e9l\u00e9charger le PDF\u00a0\u00bb style=\u00a0\u00bbflat\u00a0\u00bb shape=\u00a0\u00bbsquare\u00a0\u00bb color=\u00a0\u00bbprimary\u00a0\u00bb align=\u00a0\u00bbcenter\u00a0\u00bb i_icon_fontawesome=\u00a0\u00bbfa fa-download\u00a0\u00bb add_icon=\u00a0\u00bbtrue\u00a0\u00bb link=\u00a0\u00bburl:https%3A%2F%2Fwww.promotienda.es%2Fpdf%2Freproductor-multimedia-interactivo-wifi-3g.pdf|target:%20_blank|rel:nofollow|\u00a0\u00bb][\/vc_column][vc_column width=\u00a0\u00bb1\/2&Prime;][vc_single_image image=\u00a0\u00bb553&Prime; img_size=\u00a0\u00bbfull\u00a0\u00bb alignment=\u00a0\u00bbcenter\u00a0\u00bb][\/vc_column][\/vc_row][vc_row][vc_column][vc_tta_tabs style=\u00a0\u00bbmodern\u00a0\u00bb shape=\u00a0\u00bbsquare\u00a0\u00bb color=\u00a0\u00bbwhite\u00a0\u00bb active_section=\u00a0\u00bb1&Prime; no_fill_content_area=\u00a0\u00bbtrue\u00a0\u00bb][vc_tta_section title=\u00a0\u00bbCaract\u00e9ristiques\u00a0\u00bb tab_id=\u00a0\u00bb1487761552104-9edf1378-d107dc36-9c58&Prime;][vc_row_inner][vc_column_inner][vc_single_image image=\u00a0\u00bb742&Prime; img_size=\u00a0\u00bbfull\u00a0\u00bb alignment=\u00a0\u00bbcenter\u00a0\u00bb][\/vc_column_inner][\/vc_row_inner][\/vc_tta_section][vc_tta_section title=\u00a0\u00bbSp\u00e9cifications techniques\u00a0\u00bb tab_id=\u00a0\u00bb1487761552126-ff627175-e835dc36-9c58&Prime;]<div class=\"ult_pricing_table_wrap ult_info_table ult_design_6  ult-cs-blue  \">\n\t\t\t\t\t<div class=\"ult_pricing_table \" style=\" \"><div id=\"Info-table-wrap-1307\" class=\"ult_pricing_heading\" style=\"\">\n\t\t\t\t\t\t\t<h3 class=\"ult-responsive\"  data-ultimate-target='#Info-table-wrap-1307 h3'  data-responsive-json-new='{\"font-size\":\"\",\"line-height\":\"\"}'  style=\"font-weight:normal;\">Modelo Android Box<\/h3><\/div><!--ult_pricing_heading--><div id=\"info_table_features_wrap-1810\"  data-ultimate-target='#info_table_features_wrap-1810.ult_price_features'  data-responsive-json-new='{\"font-size\":\"\",\"line-height\":\"\"}'  class=\"ult-responsive ult_price_features\" style=\"font-weight:normal;\">\n\t\t\t\t\t\t\t<table width=\"100%\">\n<tbody>\n<tr>\n<td rowspan=\"14\" width=\"25%\"><strong>Mat\u00e9riel informatique<\/strong><\/td>\n<td width=\"30%\">Couleur<\/td>\n<td width=\"45%\">M\u00e9tal\/Noir<\/td>\n<\/tr>\n<tr>\n<td width=\"30%\">R\u00e9solution<\/td>\n<td width=\"45%\">Jusqu&rsquo;\u00e0 1080p<\/td>\n<\/tr>\n<tr>\n<td width=\"30%\">Syst\u00e8me audio<\/td>\n<td width=\"45%\">St\u00e9r\u00e9o<\/td>\n<\/tr>\n<tr>\n<td width=\"30%\">Syst\u00e8me d&rsquo;exploitation<\/td>\n<td width=\"45%\">Android 4.4<\/td>\n<\/tr>\n<tr>\n<td width=\"30%\">RJ45<\/td>\n<td width=\"45%\">Oui<\/td>\n<\/tr>\n<tr>\n<td width=\"30%\">Support de stockage support\u00e9<\/td>\n<td width=\"45%\">Carte SD<\/td>\n<\/tr>\n<tr>\n<td width=\"30%\">USB<\/td>\n<td width=\"45%\">Micro USB (USB OTG) x 1 \/ USB Host x 1<\/td>\n<\/tr>\n<tr>\n<td width=\"30%\">Sorties<\/td>\n<td width=\"45%\">3,5 mm \/ HDMI<\/td>\n<\/tr>\n<tr>\n<td width=\"30%\">Formats de fichiers pris en charge<\/td>\n<td width=\"45%\">&#8211; Full HD : prend en charge les formats vid\u00e9o les plus populaires, notamment VP8, AVS, H.264, H.263, VC-1 et MPEG-1\/2\/4<br \/>\n&#8211; Supporte 1920&#215;1080@60fps dans tous les formats<br \/>\n&#8211; Prise en charge de l&rsquo;encodage H.264 High Profile<br \/>\n&#8211; 1080p@60fps<br \/>\n&#8211; 720p@100fps<\/td>\n<\/tr>\n<tr>\n<td width=\"30%\">M\u00e9moire interne<\/td>\n<td width=\"45%\">2GB<\/td>\n<\/tr>\n<tr>\n<td width=\"30%\">M\u00e9moire flash<\/td>\n<td width=\"45%\">4GB<\/td>\n<\/tr>\n<tr>\n<td width=\"30%\">Wifi<\/td>\n<td width=\"45%\">80211b\/g\/n et 3G (facultatif)<\/td>\n<\/tr>\n<tr>\n<td width=\"30%\">Tension<\/td>\n<td width=\"45%\">DC12V<\/td>\n<\/tr>\n<tr>\n<td width=\"30%\">Consommation d&rsquo;\u00e9nergie maximum<\/td>\n<td width=\"45%\">5,8W<\/td>\n<\/tr>\n<tr>\n<td rowspan=\"7\" width=\"25%\"><strong>Dimensions<\/strong><\/td>\n<td width=\"30%\">Mesures (cm)<\/td>\n<td width=\"45%\">22x14x3 cm<\/td>\n<\/tr>\n<tr>\n<td width=\"30%\">Poids (g)<\/td>\n<td width=\"45%\">790 g<\/td>\n<\/tr>\n<tr>\n<td width=\"30%\">Bo\u00eetier interne (cm)<\/td>\n<td width=\"45%\">44.3x22x6.8 cm<\/td>\n<\/tr>\n<tr>\n<td width=\"30%\">Peso (g)<\/td>\n<td width=\"45%\">1228 g<\/td>\n<\/tr>\n<tr>\n<td width=\"30%\">Dimensions de l&#8217;emballage ext\u00e9rieur<\/td>\n<td width=\"45%\">46&#215;46,5&#215;37 cm<\/td>\n<\/tr>\n<tr>\n<td width=\"30%\">Poids de chaque bo\u00eete<\/td>\n<td width=\"45%\">13,5 Kgs<\/td>\n<\/tr>\n<tr>\n<td width=\"30%\">Contenu de chaque bo\u00eete<\/td>\n<td width=\"45%\">10 unit\u00e9s<\/td>\n<\/tr>\n<\/tbody>\n<\/table>\n\n\t\t\t\t\t\t<\/div><!--ult_price_features--><div class=\"ult_clr\"><\/div>\n\t\t\t<\/div><!--pricing_table-->\n\t\t<\/div><!--pricing_table_wrap-->[\/vc_tta_section][\/vc_tta_tabs][\/vc_column][\/vc_row]<\/p>\n<\/section>","protected":false},"excerpt":{"rendered":"<p>[vc_row][vc_column width=\u00a0\u00bb1\/2&Prime;][vc_column_text]JARVIS Android Box offre plusieurs avantages: a) Syst\u00e8me d&rsquo;exploitation Android, qui supporte un grand nombre d&rsquo;applications qui permettent la flexibilit\u00e9. b) Il est con\u00e7u pour un usage commercial et vous permet de lire des applications, des images, des vid\u00e9os et d&rsquo;autres types de contenu interactif sur n&rsquo;importe quel \u00e9cran en 1080p Full HD. Le&hellip;<\/p>\n","protected":false},"author":1,"featured_media":0,"parent":5666,"menu_order":2,"comment_status":"closed","ping_status":"closed","template":"","meta":{"ngg_post_thumbnail":0},"yoast_head":"<!-- This site is optimized with the Yoast SEO plugin v20.3 - https:\/\/yoast.com\/wordpress\/plugins\/seo\/ -->\n<title>Lecteur multim\u00e9dia interactif avec Wi-Fi et 3G - Promotienda<\/title>\n<meta name=\"robots\" content=\"index, follow, max-snippet:-1, max-image-preview:large, max-video-preview:-1\" \/>\n<link rel=\"canonical\" href=\"https:\/\/www.promotienda.es\/fr\/ecrans-publicitaires\/lecteurs-multimedias\/lecteur-multimedia-interactif-avec-wi-fi-et-3g\/\" \/>\n<meta property=\"og:locale\" content=\"fr_FR\" \/>\n<meta property=\"og:type\" content=\"article\" \/>\n<meta property=\"og:title\" content=\"Lecteur multim\u00e9dia interactif avec Wi-Fi et 3G - Promotienda\" \/>\n<meta property=\"og:description\" content=\"[vc_row][vc_column width=\u00a0\u00bb1\/2&Prime;][vc_column_text]JARVIS Android Box offre plusieurs avantages: a) Syst\u00e8me d&rsquo;exploitation Android, qui supporte un grand nombre d&rsquo;applications qui permettent la flexibilit\u00e9. b) Il est con\u00e7u pour un usage commercial et vous permet de lire des applications, des images, des vid\u00e9os et d&rsquo;autres types de contenu interactif sur n&rsquo;importe quel \u00e9cran en 1080p Full HD. Le&hellip;\" \/>\n<meta property=\"og:url\" content=\"https:\/\/www.promotienda.es\/fr\/ecrans-publicitaires\/lecteurs-multimedias\/lecteur-multimedia-interactif-avec-wi-fi-et-3g\/\" \/>\n<meta property=\"og:site_name\" content=\"Promotienda\" \/>\n<meta property=\"article:modified_time\" content=\"2019-05-15T09:41:18+00:00\" \/>\n<meta name=\"twitter:card\" content=\"summary_large_image\" \/>\n<meta name=\"twitter:label1\" content=\"Dur\u00e9e de lecture estim\u00e9e\" \/>\n\t<meta name=\"twitter:data1\" content=\"2 minutes\" \/>\n<script type=\"application\/ld+json\" class=\"yoast-schema-graph\">{\"@context\":\"https:\/\/schema.org\",\"@graph\":[{\"@type\":\"WebPage\",\"@id\":\"https:\/\/www.promotienda.es\/fr\/ecrans-publicitaires\/lecteurs-multimedias\/lecteur-multimedia-interactif-avec-wi-fi-et-3g\/\",\"url\":\"https:\/\/www.promotienda.es\/fr\/ecrans-publicitaires\/lecteurs-multimedias\/lecteur-multimedia-interactif-avec-wi-fi-et-3g\/\",\"name\":\"Lecteur multim\u00e9dia interactif avec Wi-Fi et 3G - Promotienda\",\"isPartOf\":{\"@id\":\"https:\/\/www.promotienda.es\/en\/#website\"},\"datePublished\":\"2019-05-15T09:41:16+00:00\",\"dateModified\":\"2019-05-15T09:41:18+00:00\",\"breadcrumb\":{\"@id\":\"https:\/\/www.promotienda.es\/fr\/ecrans-publicitaires\/lecteurs-multimedias\/lecteur-multimedia-interactif-avec-wi-fi-et-3g\/#breadcrumb\"},\"inLanguage\":\"fr-FR\",\"potentialAction\":[{\"@type\":\"ReadAction\",\"target\":[\"https:\/\/www.promotienda.es\/fr\/ecrans-publicitaires\/lecteurs-multimedias\/lecteur-multimedia-interactif-avec-wi-fi-et-3g\/\"]}]},{\"@type\":\"BreadcrumbList\",\"@id\":\"https:\/\/www.promotienda.es\/fr\/ecrans-publicitaires\/lecteurs-multimedias\/lecteur-multimedia-interactif-avec-wi-fi-et-3g\/#breadcrumb\",\"itemListElement\":[{\"@type\":\"ListItem\",\"position\":1,\"name\":\"Portada\",\"item\":\"https:\/\/www.promotienda.es\/fr\/\"},{\"@type\":\"ListItem\",\"position\":2,\"name\":\"\u00c9crans publicitaires\",\"item\":\"https:\/\/www.promotienda.es\/fr\/ecrans-publicitaires\/\"},{\"@type\":\"ListItem\",\"position\":3,\"name\":\"Lecteurs multim\u00e9dias\",\"item\":\"https:\/\/www.promotienda.es\/fr\/ecrans-publicitaires\/lecteurs-multimedias\/\"},{\"@type\":\"ListItem\",\"position\":4,\"name\":\"Lecteurs multim\u00e9dias\",\"item\":\"https:\/\/www.promotienda.es\/ecrans-publicitaires\/lecteurs-multimedias\/\"},{\"@type\":\"ListItem\",\"position\":5,\"name\":\"Lecteur multim\u00e9dia interactif avec Wi-Fi et 3G\"}]},{\"@type\":\"WebSite\",\"@id\":\"https:\/\/www.promotienda.es\/en\/#website\",\"url\":\"https:\/\/www.promotienda.es\/en\/\",\"name\":\"Promotienda\",\"description\":\"\",\"potentialAction\":[{\"@type\":\"SearchAction\",\"target\":{\"@type\":\"EntryPoint\",\"urlTemplate\":\"https:\/\/www.promotienda.es\/en\/?s={search_term_string}\"},\"query-input\":\"required name=search_term_string\"}],\"inLanguage\":\"fr-FR\"}]}<\/script>\n<!-- \/ Yoast SEO plugin. -->","yoast_head_json":{"title":"Lecteur multim\u00e9dia interactif avec Wi-Fi et 3G - Promotienda","robots":{"index":"index","follow":"follow","max-snippet":"max-snippet:-1","max-image-preview":"max-image-preview:large","max-video-preview":"max-video-preview:-1"},"canonical":"https:\/\/www.promotienda.es\/fr\/ecrans-publicitaires\/lecteurs-multimedias\/lecteur-multimedia-interactif-avec-wi-fi-et-3g\/","og_locale":"fr_FR","og_type":"article","og_title":"Lecteur multim\u00e9dia interactif avec Wi-Fi et 3G - Promotienda","og_description":"[vc_row][vc_column width=\u00a0\u00bb1\/2&Prime;][vc_column_text]JARVIS Android Box offre plusieurs avantages: a) Syst\u00e8me d&rsquo;exploitation Android, qui supporte un grand nombre d&rsquo;applications qui permettent la flexibilit\u00e9. b) Il est con\u00e7u pour un usage commercial et vous permet de lire des applications, des images, des vid\u00e9os et d&rsquo;autres types de contenu interactif sur n&rsquo;importe quel \u00e9cran en 1080p Full HD. Le&hellip;","og_url":"https:\/\/www.promotienda.es\/fr\/ecrans-publicitaires\/lecteurs-multimedias\/lecteur-multimedia-interactif-avec-wi-fi-et-3g\/","og_site_name":"Promotienda","article_modified_time":"2019-05-15T09:41:18+00:00","twitter_card":"summary_large_image","twitter_misc":{"Dur\u00e9e de lecture estim\u00e9e":"2 minutes"},"schema":{"@context":"https:\/\/schema.org","@graph":[{"@type":"WebPage","@id":"https:\/\/www.promotienda.es\/fr\/ecrans-publicitaires\/lecteurs-multimedias\/lecteur-multimedia-interactif-avec-wi-fi-et-3g\/","url":"https:\/\/www.promotienda.es\/fr\/ecrans-publicitaires\/lecteurs-multimedias\/lecteur-multimedia-interactif-avec-wi-fi-et-3g\/","name":"Lecteur multim\u00e9dia interactif avec Wi-Fi et 3G - Promotienda","isPartOf":{"@id":"https:\/\/www.promotienda.es\/en\/#website"},"datePublished":"2019-05-15T09:41:16+00:00","dateModified":"2019-05-15T09:41:18+00:00","breadcrumb":{"@id":"https:\/\/www.promotienda.es\/fr\/ecrans-publicitaires\/lecteurs-multimedias\/lecteur-multimedia-interactif-avec-wi-fi-et-3g\/#breadcrumb"},"inLanguage":"fr-FR","potentialAction":[{"@type":"ReadAction","target":["https:\/\/www.promotienda.es\/fr\/ecrans-publicitaires\/lecteurs-multimedias\/lecteur-multimedia-interactif-avec-wi-fi-et-3g\/"]}]},{"@type":"BreadcrumbList","@id":"https:\/\/www.promotienda.es\/fr\/ecrans-publicitaires\/lecteurs-multimedias\/lecteur-multimedia-interactif-avec-wi-fi-et-3g\/#breadcrumb","itemListElement":[{"@type":"ListItem","position":1,"name":"Portada","item":"https:\/\/www.promotienda.es\/fr\/"},{"@type":"ListItem","position":2,"name":"\u00c9crans publicitaires","item":"https:\/\/www.promotienda.es\/fr\/ecrans-publicitaires\/"},{"@type":"ListItem","position":3,"name":"Lecteurs multim\u00e9dias","item":"https:\/\/www.promotienda.es\/fr\/ecrans-publicitaires\/lecteurs-multimedias\/"},{"@type":"ListItem","position":4,"name":"Lecteurs multim\u00e9dias","item":"https:\/\/www.promotienda.es\/ecrans-publicitaires\/lecteurs-multimedias\/"},{"@type":"ListItem","position":5,"name":"Lecteur multim\u00e9dia interactif avec Wi-Fi et 3G"}]},{"@type":"WebSite","@id":"https:\/\/www.promotienda.es\/en\/#website","url":"https:\/\/www.promotienda.es\/en\/","name":"Promotienda","description":"","potentialAction":[{"@type":"SearchAction","target":{"@type":"EntryPoint","urlTemplate":"https:\/\/www.promotienda.es\/en\/?s={search_term_string}"},"query-input":"required name=search_term_string"}],"inLanguage":"fr-FR"}]}},"_links":{"self":[{"href":"https:\/\/www.promotienda.es\/fr\/wp-json\/wp\/v2\/pages\/5670"}],"collection":[{"href":"https:\/\/www.promotienda.es\/fr\/wp-json\/wp\/v2\/pages"}],"about":[{"href":"https:\/\/www.promotienda.es\/fr\/wp-json\/wp\/v2\/types\/page"}],"author":[{"embeddable":true,"href":"https:\/\/www.promotienda.es\/fr\/wp-json\/wp\/v2\/users\/1"}],"replies":[{"embeddable":true,"href":"https:\/\/www.promotienda.es\/fr\/wp-json\/wp\/v2\/comments?post=5670"}],"version-history":[{"count":1,"href":"https:\/\/www.promotienda.es\/fr\/wp-json\/wp\/v2\/pages\/5670\/revisions"}],"predecessor-version":[{"id":5673,"href":"https:\/\/www.promotienda.es\/fr\/wp-json\/wp\/v2\/pages\/5670\/revisions\/5673"}],"up":[{"embeddable":true,"href":"https:\/\/www.promotienda.es\/fr\/wp-json\/wp\/v2\/pages\/5666"}],"wp:attachment":[{"href":"https:\/\/www.promotienda.es\/fr\/wp-json\/wp\/v2\/media?parent=5670"}],"curies":[{"name":"wp","href":"https:\/\/api.w.org\/{rel}","templated":true}]}}