{"id":5674,"date":"2019-05-15T11:42:18","date_gmt":"2019-05-15T09:42:18","guid":{"rendered":"https:\/\/www.promotienda.es\/ecrans-publicitaires\/lecteurs-multimedias\/lecteur-multimedia-android\/"},"modified":"2019-05-15T11:42:21","modified_gmt":"2019-05-15T09:42:21","slug":"lecteur-multimedia-android","status":"publish","type":"page","link":"https:\/\/www.promotienda.es\/fr\/ecrans-publicitaires\/lecteurs-multimedias\/lecteur-multimedia-android\/","title":{"rendered":"Lecteur multim\u00e9dia Android"},"content":{"rendered":"<section class=\"wpb-content-wrapper\"><p>[vc_row][vc_column width=\u00a0\u00bb1\/2&Prime;][vc_column_text]Le lecteur multim\u00e9dia Android prend en charge les \u00e9crans tactiles et les r\u00e9seaux d\u2019affichage num\u00e9rique traditionnels. Solide, compact et l\u00e9ger, ce lecteur innovant offre un large \u00e9ventail de fonctionnalit\u00e9s interactives pour am\u00e9liorer l\u2019engagement des consommateurs.<\/p>\n<p>Ce reprodcutor multim\u00e9dia permet de convertir les \u00e9crans tactiles de n\u2019importe quelle taille en tablettes Android enti\u00e8rement fonctionnelles (l\u2019\u00e9cran tactile doit avoir un pilote Android pour travailler). Jouez votre contenu multim\u00e9dia et les applications sur n\u2019importe quel \u00e9cran et n\u2019importe o\u00f9 en haute d\u00e9finition. Connectez-vous \u00e0 distance et suivez vos performances, capturez des donn\u00e9es et cr\u00e9ez des analyses.[\/vc_column_text][\/vc_column][vc_column width=\u00a0\u00bb1\/2&Prime;][vc_single_image image=\u00a0\u00bb554&Prime; img_size=\u00a0\u00bbfull\u00a0\u00bb alignment=\u00a0\u00bbcenter\u00a0\u00bb][\/vc_column][\/vc_row][vc_row][vc_column][vc_row_inner][vc_column_inner width=\u00a0\u00bb1\/3&Prime;][vc_single_image image=\u00a0\u00bb706&Prime; img_size=\u00a0\u00bbfull\u00a0\u00bb][\/vc_column_inner][vc_column_inner width=\u00a0\u00bb2\/3&Prime;][vc_column_text]<\/p>\n<h3>Utilisation commerciale<\/h3>\n<p>Le mat\u00e9riel et les logiciels de l\u2019Android Media Player sont con\u00e7us sp\u00e9cifiquement pour un usage commercial, vous permettant de lire des vid\u00e9os, des images, des applications et d\u2019autres contenus interactifs dans n\u2019importe quelle taille d\u2019\u00e9cran en 1080p Full HD. Solide et l\u00e9ger, le mat\u00e9riel a \u00e9t\u00e9 optimis\u00e9 pour soutenir l\u2019utilisation continue dans les environnements commerciaux.[\/vc_column_text][\/vc_column_inner][\/vc_row_inner][vc_row_inner][vc_column_inner width=\u00a0\u00bb1\/3&Prime;][vc_single_image image=\u00a0\u00bb699&Prime; img_size=\u00a0\u00bbfull\u00a0\u00bb][\/vc_column_inner][vc_column_inner width=\u00a0\u00bb2\/3&Prime;][vc_column_text]<\/p>\n<h3>Mat\u00e9riel puissant et conception intelligente<\/h3>\n<p>La puce de l\u2019Android Media Player a une conception intelligente, pr\u00eat pour la puissance de deux ou quatre processeurs de base. Vous avez la possibilit\u00e9 de le personnaliser afin qu\u2019il corresponde \u00e0 vos besoins en mati\u00e8re de contenu, qu\u2019il s\u2019agisse d\u2019op\u00e9rations standard ou d\u2019images complexes et haute r\u00e9solution. Le lecteur multim\u00e9dia Android peut tout g\u00e9rer.[\/vc_column_text][\/vc_column_inner][\/vc_row_inner][vc_row_inner][vc_column_inner width=\u00a0\u00bb1\/3&Prime;][vc_single_image image=\u00a0\u00bb708&Prime; img_size=\u00a0\u00bbfull\u00a0\u00bb][\/vc_column_inner][vc_column_inner width=\u00a0\u00bb2\/3&Prime;][vc_column_text]<\/p>\n<h3>Pr\u00eat pour les signaux num\u00e9riques<\/h3>\n<p>Le lecteur multim\u00e9dia Android est \u00e9quip\u00e9 d\u2019un WiFi int\u00e9gr\u00e9 et d\u2019une connexion 3G ou 4G LTE en option (selon la disponibilit\u00e9). Cela permet la gestion de contenu \u00e0 distance sur diff\u00e9rents appareils. En outre, le lecteur multim\u00e9dia peut se connecter \u00e0 un r\u00e9seau LAN\/Ethernet.[\/vc_column_text][\/vc_column_inner][\/vc_row_inner][vc_row_inner][vc_column_inner width=\u00a0\u00bb1\/3&Prime;][\/vc_column_inner][vc_column_inner width=\u00a0\u00bb2\/3&Prime;][vc_column_text]<\/p>\n<h3>Propuls\u00e9 par Pulse<\/h3>\n<p>Mat\u00e9riel et logiciel int\u00e9gr\u00e9s optimis\u00e9s pour un usage commercial. Avec des fonctionnalit\u00e9s telles que Auto-Power, Auto-Play, protection par mot de passe, Data Analytics, et compatible avec un large \u00e9ventail de solutions standard de l\u2019industrie.<br \/>\n\u00ab\u00a0Pulse Technology\u00a0\u00bb fait de l\u2019Android Media Player la seule solution qui r\u00e9ponde \u00e0 tous vos besoins d\u2019affaires.[\/vc_column_text][\/vc_column_inner][\/vc_row_inner][vc_row_inner][vc_column_inner width=\u00a0\u00bb1\/3&Prime;][vc_single_image image=\u00a0\u00bb705&Prime; img_size=\u00a0\u00bbfull\u00a0\u00bb][\/vc_column_inner][vc_column_inner width=\u00a0\u00bb2\/3&Prime;][vc_column_text]<\/p>\n<h3>Syst\u00e8me d&rsquo;exploitation Android<\/h3>\n<p>D\u00e9velopp\u00e9 avec le syst\u00e8me d\u2019exploitation Android, ce lecteur multim\u00e9dia peut reproduire une grande vari\u00e9t\u00e9 d\u2019applications pour renforcer les messages marketing et les promotions.[\/vc_column_text][\/vc_column_inner][\/vc_row_inner][vc_row_inner][vc_column_inner width=\u00a0\u00bb1\/3&Prime;][vc_single_image image=\u00a0\u00bb702&Prime; img_size=\u00a0\u00bbfull\u00a0\u00bb][\/vc_column_inner][vc_column_inner width=\u00a0\u00bb2\/3&Prime;][vc_column_text]<\/p>\n<h3>Toujours connect\u00e9<\/h3>\n<p>Le lecteur multim\u00e9dia Android est \u00e9quip\u00e9 d\u2019une connexion Wi-Fi int\u00e9gr\u00e9e et d\u2019une fonctionnalit\u00e9 3G ou 4G LTE optionnelle (o\u00f9 la connexion 4G est disponible). Cela vous permet d\u2019utiliser du contenu distant sur plusieurs appareils. Il a \u00e9galement la possibilit\u00e9 de se connecter \u00e0 une connexion LAN\/Ethernet.[\/vc_column_text][\/vc_column_inner][\/vc_row_inner][vc_row_inner][vc_column_inner width=\u00a0\u00bb1\/3&Prime;][vc_single_image image=\u00a0\u00bb1287&Prime; img_size=\u00a0\u00bbfull\u00a0\u00bb][\/vc_column_inner][vc_column_inner width=\u00a0\u00bb2\/3&Prime;][vc_column_text]<\/p>\n<h3>Faites de votre \u00e9cran tactile une tablette g\u00e9ante<\/h3>\n<p>Le lecteur multim\u00e9dia Android peut prendre en charge les \u00e9crans tactiles de n\u2019importe quelle taille, faisant sur les tablettes Android \u00e0 grande \u00e9chelle. Imaginez les possibilit\u00e9s! Vous pouvez cr\u00e9er un grand \u00e9cran avec du contenu interactif qui excitera et exciter vos clients. * (L\u2019\u00e9cran tactile doit avoir un pilote Android install\u00e9 pour devenir une tablette enti\u00e8rement fonctionnelle. Veuillez nous consulter pour plus d\u2019informations.)[\/vc_column_text][\/vc_column_inner][\/vc_row_inner][vc_row_inner][vc_column_inner width=\u00a0\u00bb1\/3&Prime;][vc_single_image image=\u00a0\u00bb614&Prime; img_size=\u00a0\u00bbfull\u00a0\u00bb][\/vc_column_inner][vc_column_inner width=\u00a0\u00bb2\/3&Prime;][vc_column_text]<\/p>\n<h3>Connexion mat\u00e9rielle externe simple<\/h3>\n<p>Le lecteur Android multimeida vous offre la possibilit\u00e9 de connecter du mat\u00e9riel externe comme un scanner de codes \u00e0 barres, une imprimante ou des \u00e9crans tactiles compatibles Android pour cr\u00e9er votre propre exp\u00e9rience interactive. Connectez une souris externe au lecteur multim\u00e9dia et terminez l\u2019exp\u00e9rience num\u00e9rique avec des boutons poussoirs et un capteur de mouvement.[\/vc_column_text][\/vc_column_inner][\/vc_row_inner][vc_row_inner][vc_column_inner width=\u00a0\u00bb1\/3&Prime;][vc_single_image image=\u00a0\u00bb604&Prime; img_size=\u00a0\u00bbfull\u00a0\u00bb][\/vc_column_inner][vc_column_inner width=\u00a0\u00bb2\/3&Prime;][vc_column_text]<\/p>\n<h3>Gardez votre contenu en s\u00e9curit\u00e9<\/h3>\n<p>Votre contenu est s\u00e9curis\u00e9 et prot\u00e9g\u00e9 par un mot de passe. Seul vous, ou celui qui vous a autoris\u00e9 \u00e0 acc\u00e9der, pouvez modifier le contenu et mettre \u00e0 jour les param\u00e8tres quand vous le souhaitez.[\/vc_column_text][\/vc_column_inner][\/vc_row_inner][vc_row_inner][vc_column_inner width=\u00a0\u00bb1\/3&Prime;][vc_single_image image=\u00a0\u00bb737&Prime; img_size=\u00a0\u00bbfull\u00a0\u00bb][\/vc_column_inner][vc_column_inner width=\u00a0\u00bb2\/3&Prime;][vc_column_text]<\/p>\n<h3>Applications attrayantes pour les consommateurs<\/h3>\n<p>Une multitude d\u2019applications attrayantes, divertissantes et \u00e9ducatives pour les consommateurs peuvent \u00eatre utilis\u00e9es pour offrir une exp\u00e9rience d\u2019achat enrichissante et interactive.[\/vc_column_text][\/vc_column_inner][\/vc_row_inner][\/vc_column][\/vc_row]<\/p>\n<\/section>","protected":false},"excerpt":{"rendered":"<p>[vc_row][vc_column width=\u00a0\u00bb1\/2&Prime;][vc_column_text]Le lecteur multim\u00e9dia Android prend en charge les \u00e9crans tactiles et les r\u00e9seaux d\u2019affichage num\u00e9rique traditionnels. Solide, compact et l\u00e9ger, ce lecteur innovant offre un large \u00e9ventail de fonctionnalit\u00e9s interactives pour am\u00e9liorer l\u2019engagement des consommateurs. Ce reprodcutor multim\u00e9dia permet de convertir les \u00e9crans tactiles de n\u2019importe quelle taille en tablettes Android enti\u00e8rement fonctionnelles (l\u2019\u00e9cran&hellip;<\/p>\n","protected":false},"author":1,"featured_media":0,"parent":5666,"menu_order":3,"comment_status":"closed","ping_status":"closed","template":"","meta":{"ngg_post_thumbnail":0},"yoast_head":"<!-- This site is optimized with the Yoast SEO plugin v20.3 - https:\/\/yoast.com\/wordpress\/plugins\/seo\/ -->\n<title>Lecteur multim\u00e9dia Android - Promotienda<\/title>\n<meta name=\"robots\" content=\"index, follow, max-snippet:-1, max-image-preview:large, max-video-preview:-1\" \/>\n<link rel=\"canonical\" href=\"https:\/\/www.promotienda.es\/fr\/ecrans-publicitaires\/lecteurs-multimedias\/lecteur-multimedia-android\/\" \/>\n<meta property=\"og:locale\" content=\"fr_FR\" \/>\n<meta property=\"og:type\" content=\"article\" \/>\n<meta property=\"og:title\" content=\"Lecteur multim\u00e9dia Android - Promotienda\" \/>\n<meta property=\"og:description\" content=\"[vc_row][vc_column width=\u00a0\u00bb1\/2&Prime;][vc_column_text]Le lecteur multim\u00e9dia Android prend en charge les \u00e9crans tactiles et les r\u00e9seaux d\u2019affichage num\u00e9rique traditionnels. Solide, compact et l\u00e9ger, ce lecteur innovant offre un large \u00e9ventail de fonctionnalit\u00e9s interactives pour am\u00e9liorer l\u2019engagement des consommateurs. Ce reprodcutor multim\u00e9dia permet de convertir les \u00e9crans tactiles de n\u2019importe quelle taille en tablettes Android enti\u00e8rement fonctionnelles (l\u2019\u00e9cran&hellip;\" \/>\n<meta property=\"og:url\" content=\"https:\/\/www.promotienda.es\/fr\/ecrans-publicitaires\/lecteurs-multimedias\/lecteur-multimedia-android\/\" \/>\n<meta property=\"og:site_name\" content=\"Promotienda\" \/>\n<meta property=\"article:modified_time\" content=\"2019-05-15T09:42:21+00:00\" \/>\n<meta name=\"twitter:card\" content=\"summary_large_image\" \/>\n<meta name=\"twitter:label1\" content=\"Dur\u00e9e de lecture estim\u00e9e\" \/>\n\t<meta name=\"twitter:data1\" content=\"5 minutes\" \/>\n<script type=\"application\/ld+json\" class=\"yoast-schema-graph\">{\"@context\":\"https:\/\/schema.org\",\"@graph\":[{\"@type\":\"WebPage\",\"@id\":\"https:\/\/www.promotienda.es\/fr\/ecrans-publicitaires\/lecteurs-multimedias\/lecteur-multimedia-android\/\",\"url\":\"https:\/\/www.promotienda.es\/fr\/ecrans-publicitaires\/lecteurs-multimedias\/lecteur-multimedia-android\/\",\"name\":\"Lecteur multim\u00e9dia Android - Promotienda\",\"isPartOf\":{\"@id\":\"https:\/\/www.promotienda.es\/en\/#website\"},\"datePublished\":\"2019-05-15T09:42:18+00:00\",\"dateModified\":\"2019-05-15T09:42:21+00:00\",\"breadcrumb\":{\"@id\":\"https:\/\/www.promotienda.es\/fr\/ecrans-publicitaires\/lecteurs-multimedias\/lecteur-multimedia-android\/#breadcrumb\"},\"inLanguage\":\"fr-FR\",\"potentialAction\":[{\"@type\":\"ReadAction\",\"target\":[\"https:\/\/www.promotienda.es\/fr\/ecrans-publicitaires\/lecteurs-multimedias\/lecteur-multimedia-android\/\"]}]},{\"@type\":\"BreadcrumbList\",\"@id\":\"https:\/\/www.promotienda.es\/fr\/ecrans-publicitaires\/lecteurs-multimedias\/lecteur-multimedia-android\/#breadcrumb\",\"itemListElement\":[{\"@type\":\"ListItem\",\"position\":1,\"name\":\"Portada\",\"item\":\"https:\/\/www.promotienda.es\/fr\/\"},{\"@type\":\"ListItem\",\"position\":2,\"name\":\"\u00c9crans publicitaires\",\"item\":\"https:\/\/www.promotienda.es\/fr\/ecrans-publicitaires\/\"},{\"@type\":\"ListItem\",\"position\":3,\"name\":\"Lecteurs multim\u00e9dias\",\"item\":\"https:\/\/www.promotienda.es\/fr\/ecrans-publicitaires\/lecteurs-multimedias\/\"},{\"@type\":\"ListItem\",\"position\":4,\"name\":\"Lecteur multim\u00e9dia Android\"}]},{\"@type\":\"WebSite\",\"@id\":\"https:\/\/www.promotienda.es\/en\/#website\",\"url\":\"https:\/\/www.promotienda.es\/en\/\",\"name\":\"Promotienda\",\"description\":\"\",\"potentialAction\":[{\"@type\":\"SearchAction\",\"target\":{\"@type\":\"EntryPoint\",\"urlTemplate\":\"https:\/\/www.promotienda.es\/en\/?s={search_term_string}\"},\"query-input\":\"required name=search_term_string\"}],\"inLanguage\":\"fr-FR\"}]}<\/script>\n<!-- \/ Yoast SEO plugin. -->","yoast_head_json":{"title":"Lecteur multim\u00e9dia Android - Promotienda","robots":{"index":"index","follow":"follow","max-snippet":"max-snippet:-1","max-image-preview":"max-image-preview:large","max-video-preview":"max-video-preview:-1"},"canonical":"https:\/\/www.promotienda.es\/fr\/ecrans-publicitaires\/lecteurs-multimedias\/lecteur-multimedia-android\/","og_locale":"fr_FR","og_type":"article","og_title":"Lecteur multim\u00e9dia Android - Promotienda","og_description":"[vc_row][vc_column width=\u00a0\u00bb1\/2&Prime;][vc_column_text]Le lecteur multim\u00e9dia Android prend en charge les \u00e9crans tactiles et les r\u00e9seaux d\u2019affichage num\u00e9rique traditionnels. Solide, compact et l\u00e9ger, ce lecteur innovant offre un large \u00e9ventail de fonctionnalit\u00e9s interactives pour am\u00e9liorer l\u2019engagement des consommateurs. Ce reprodcutor multim\u00e9dia permet de convertir les \u00e9crans tactiles de n\u2019importe quelle taille en tablettes Android enti\u00e8rement fonctionnelles (l\u2019\u00e9cran&hellip;","og_url":"https:\/\/www.promotienda.es\/fr\/ecrans-publicitaires\/lecteurs-multimedias\/lecteur-multimedia-android\/","og_site_name":"Promotienda","article_modified_time":"2019-05-15T09:42:21+00:00","twitter_card":"summary_large_image","twitter_misc":{"Dur\u00e9e de lecture estim\u00e9e":"5 minutes"},"schema":{"@context":"https:\/\/schema.org","@graph":[{"@type":"WebPage","@id":"https:\/\/www.promotienda.es\/fr\/ecrans-publicitaires\/lecteurs-multimedias\/lecteur-multimedia-android\/","url":"https:\/\/www.promotienda.es\/fr\/ecrans-publicitaires\/lecteurs-multimedias\/lecteur-multimedia-android\/","name":"Lecteur multim\u00e9dia Android - Promotienda","isPartOf":{"@id":"https:\/\/www.promotienda.es\/en\/#website"},"datePublished":"2019-05-15T09:42:18+00:00","dateModified":"2019-05-15T09:42:21+00:00","breadcrumb":{"@id":"https:\/\/www.promotienda.es\/fr\/ecrans-publicitaires\/lecteurs-multimedias\/lecteur-multimedia-android\/#breadcrumb"},"inLanguage":"fr-FR","potentialAction":[{"@type":"ReadAction","target":["https:\/\/www.promotienda.es\/fr\/ecrans-publicitaires\/lecteurs-multimedias\/lecteur-multimedia-android\/"]}]},{"@type":"BreadcrumbList","@id":"https:\/\/www.promotienda.es\/fr\/ecrans-publicitaires\/lecteurs-multimedias\/lecteur-multimedia-android\/#breadcrumb","itemListElement":[{"@type":"ListItem","position":1,"name":"Portada","item":"https:\/\/www.promotienda.es\/fr\/"},{"@type":"ListItem","position":2,"name":"\u00c9crans publicitaires","item":"https:\/\/www.promotienda.es\/fr\/ecrans-publicitaires\/"},{"@type":"ListItem","position":3,"name":"Lecteurs multim\u00e9dias","item":"https:\/\/www.promotienda.es\/fr\/ecrans-publicitaires\/lecteurs-multimedias\/"},{"@type":"ListItem","position":4,"name":"Lecteur multim\u00e9dia Android"}]},{"@type":"WebSite","@id":"https:\/\/www.promotienda.es\/en\/#website","url":"https:\/\/www.promotienda.es\/en\/","name":"Promotienda","description":"","potentialAction":[{"@type":"SearchAction","target":{"@type":"EntryPoint","urlTemplate":"https:\/\/www.promotienda.es\/en\/?s={search_term_string}"},"query-input":"required name=search_term_string"}],"inLanguage":"fr-FR"}]}},"_links":{"self":[{"href":"https:\/\/www.promotienda.es\/fr\/wp-json\/wp\/v2\/pages\/5674"}],"collection":[{"href":"https:\/\/www.promotienda.es\/fr\/wp-json\/wp\/v2\/pages"}],"about":[{"href":"https:\/\/www.promotienda.es\/fr\/wp-json\/wp\/v2\/types\/page"}],"author":[{"embeddable":true,"href":"https:\/\/www.promotienda.es\/fr\/wp-json\/wp\/v2\/users\/1"}],"replies":[{"embeddable":true,"href":"https:\/\/www.promotienda.es\/fr\/wp-json\/wp\/v2\/comments?post=5674"}],"version-history":[{"count":1,"href":"https:\/\/www.promotienda.es\/fr\/wp-json\/wp\/v2\/pages\/5674\/revisions"}],"predecessor-version":[{"id":5675,"href":"https:\/\/www.promotienda.es\/fr\/wp-json\/wp\/v2\/pages\/5674\/revisions\/5675"}],"up":[{"embeddable":true,"href":"https:\/\/www.promotienda.es\/fr\/wp-json\/wp\/v2\/pages\/5666"}],"wp:attachment":[{"href":"https:\/\/www.promotienda.es\/fr\/wp-json\/wp\/v2\/media?parent=5674"}],"curies":[{"name":"wp","href":"https:\/\/api.w.org\/{rel}","templated":true}]}}