{"id":5676,"date":"2019-05-15T11:46:03","date_gmt":"2019-05-15T09:46:03","guid":{"rendered":"https:\/\/www.promotienda.es\/tablettes-android\/"},"modified":"2023-03-22T12:39:13","modified_gmt":"2023-03-22T10:39:13","slug":"tablettes-android","status":"publish","type":"page","link":"https:\/\/www.promotienda.es\/fr\/tablettes-android\/","title":{"rendered":"Tablettes Android"},"content":{"rendered":"<section class=\"wpb-content-wrapper\"><p>[vc_row][vc_column][vc_column_text]Des \u00e9tudes ont montr\u00e9 que jusqu\u2019\u00e0 76% de d\u00e9cisions d\u2019achat sont prises au moment de l\u2019achat au point de vente.<\/p>\n<p>Avec les tablettes Android, vous pouvez atteindre vos clients et les faire interagir avec votre marque d\u2019une mani\u00e8re attrayante offrant plus d\u2019informations sur vos produits. Il est n\u00e9cessaire que le produit persuade, la vie de cuivre, qu\u2019il offre quelque chose de plus et d\u00e9place le consommateur d\u2019agir, de convaincre et stimul\u00e9 l\u2019achat.<\/p>\n<p>Fabriqu\u00e9s \u00e0 partir de mat\u00e9riaux durables et construits sp\u00e9cifiquement pour un usage commercial, tablettes Android ont \u00e9t\u00e9 d\u00e9velopp\u00e9es pour r\u00e9soudre les probl\u00e8mes dans les environnements commerciaux avec les tablettes grand public parce qu\u2019ils ne sont pas con\u00e7us pour l\u2019auto-utilisation et Continu\u00e9.[\/vc_column_text][\/vc_column][\/vc_row][vc_row][vc_column][vc_column_text]<\/p>\n<h2>Nebula Kiosk Tablet<\/h2>\n<p>[\/vc_column_text][vc_single_image image=\u00a0\u00bb10721&Prime; img_size=\u00a0\u00bbfull\u00a0\u00bb alignment=\u00a0\u00bbcenter\u00a0\u00bb onclick=\u00a0\u00bbcustom_link\u00a0\u00bb css_animation=\u00a0\u00bbfadeIn\u00a0\u00bb lazy_loading=\u00a0\u00bbtrue\u00a0\u00bb link=\u00a0\u00bbhttps:\/\/www.promotienda.es\/fr\/tablettes-android\/nebula-kiosk-tablet\/\u00a0\u00bb][vc_btn title=\u00a0\u00bbPlus d&rsquo;informations\u00a0\u00bb style=\u00a0\u00bboutline\u00a0\u00bb shape=\u00a0\u00bbsquare\u00a0\u00bb color=\u00a0\u00bbprimary\u00a0\u00bb align=\u00a0\u00bbcenter\u00a0\u00bb i_icon_fontawesome=\u00a0\u00bbfa fa-plus\u00a0\u00bb add_icon=\u00a0\u00bbtrue\u00a0\u00bb smooth_scroll=\u00a0\u00bbtrue\u00a0\u00bb link=\u00a0\u00bburl:https%3A%2F%2Fwww.promotienda.es%2Ffr%2Ftablettes-android%2Fnebula-kiosk-tablet%2F|||\u00a0\u00bb][\/vc_column][\/vc_row]<\/p>\n<\/section>","protected":false},"excerpt":{"rendered":"<p>[vc_row][vc_column][vc_column_text]Des \u00e9tudes ont montr\u00e9 que jusqu\u2019\u00e0 76% de d\u00e9cisions d\u2019achat sont prises au moment de l\u2019achat au point de vente. Avec les tablettes Android, vous pouvez atteindre vos clients et les faire interagir avec votre marque d\u2019une mani\u00e8re attrayante offrant plus d\u2019informations sur vos produits. Il est n\u00e9cessaire que le produit persuade, la vie de&hellip;<\/p>\n","protected":false},"author":1,"featured_media":0,"parent":0,"menu_order":3,"comment_status":"closed","ping_status":"closed","template":"","meta":{"ngg_post_thumbnail":0},"yoast_head":"<!-- This site is optimized with the Yoast SEO plugin v20.3 - https:\/\/yoast.com\/wordpress\/plugins\/seo\/ -->\n<title>Tablettes Android: publicit\u00e9 interactive, publicit\u00e9 dynamique - Promotienda<\/title>\n<meta name=\"description\" content=\"Avec les tablettes Android, vos clients interagissent avec votre marque de mani\u00e8re attrayante. Nos tablettes Android vous aideront \u00e0 stimuler l\u2019achat.\" \/>\n<meta name=\"robots\" content=\"index, follow, max-snippet:-1, max-image-preview:large, max-video-preview:-1\" \/>\n<link rel=\"canonical\" href=\"https:\/\/www.promotienda.es\/fr\/tablettes-android\/\" \/>\n<meta property=\"og:locale\" content=\"fr_FR\" \/>\n<meta property=\"og:type\" content=\"article\" \/>\n<meta property=\"og:title\" content=\"Tablettes Android: publicit\u00e9 interactive, publicit\u00e9 dynamique - Promotienda\" \/>\n<meta property=\"og:description\" content=\"Avec les tablettes Android, vos clients interagissent avec votre marque de mani\u00e8re attrayante. Nos tablettes Android vous aideront \u00e0 stimuler l\u2019achat.\" \/>\n<meta property=\"og:url\" content=\"https:\/\/www.promotienda.es\/fr\/tablettes-android\/\" \/>\n<meta property=\"og:site_name\" content=\"Promotienda\" \/>\n<meta property=\"article:modified_time\" content=\"2023-03-22T10:39:13+00:00\" \/>\n<meta name=\"twitter:card\" content=\"summary_large_image\" \/>\n<meta name=\"twitter:label1\" content=\"Dur\u00e9e de lecture estim\u00e9e\" \/>\n\t<meta name=\"twitter:data1\" content=\"1 minute\" \/>\n<script type=\"application\/ld+json\" class=\"yoast-schema-graph\">{\"@context\":\"https:\/\/schema.org\",\"@graph\":[{\"@type\":\"WebPage\",\"@id\":\"https:\/\/www.promotienda.es\/fr\/tablettes-android\/\",\"url\":\"https:\/\/www.promotienda.es\/fr\/tablettes-android\/\",\"name\":\"Tablettes Android: publicit\u00e9 interactive, publicit\u00e9 dynamique - Promotienda\",\"isPartOf\":{\"@id\":\"https:\/\/www.promotienda.es\/en\/#website\"},\"datePublished\":\"2019-05-15T09:46:03+00:00\",\"dateModified\":\"2023-03-22T10:39:13+00:00\",\"description\":\"Avec les tablettes Android, vos clients interagissent avec votre marque de mani\u00e8re attrayante. Nos tablettes Android vous aideront \u00e0 stimuler l\u2019achat.\",\"breadcrumb\":{\"@id\":\"https:\/\/www.promotienda.es\/fr\/tablettes-android\/#breadcrumb\"},\"inLanguage\":\"fr-FR\",\"potentialAction\":[{\"@type\":\"ReadAction\",\"target\":[\"https:\/\/www.promotienda.es\/fr\/tablettes-android\/\"]}]},{\"@type\":\"BreadcrumbList\",\"@id\":\"https:\/\/www.promotienda.es\/fr\/tablettes-android\/#breadcrumb\",\"itemListElement\":[{\"@type\":\"ListItem\",\"position\":1,\"name\":\"Portada\",\"item\":\"https:\/\/www.promotienda.es\/fr\/\"},{\"@type\":\"ListItem\",\"position\":2,\"name\":\"Tablettes Android\"}]},{\"@type\":\"WebSite\",\"@id\":\"https:\/\/www.promotienda.es\/en\/#website\",\"url\":\"https:\/\/www.promotienda.es\/en\/\",\"name\":\"Promotienda\",\"description\":\"\",\"potentialAction\":[{\"@type\":\"SearchAction\",\"target\":{\"@type\":\"EntryPoint\",\"urlTemplate\":\"https:\/\/www.promotienda.es\/en\/?s={search_term_string}\"},\"query-input\":\"required name=search_term_string\"}],\"inLanguage\":\"fr-FR\"}]}<\/script>\n<!-- \/ Yoast SEO plugin. -->","yoast_head_json":{"title":"Tablettes Android: publicit\u00e9 interactive, publicit\u00e9 dynamique - Promotienda","description":"Avec les tablettes Android, vos clients interagissent avec votre marque de mani\u00e8re attrayante. Nos tablettes Android vous aideront \u00e0 stimuler l\u2019achat.","robots":{"index":"index","follow":"follow","max-snippet":"max-snippet:-1","max-image-preview":"max-image-preview:large","max-video-preview":"max-video-preview:-1"},"canonical":"https:\/\/www.promotienda.es\/fr\/tablettes-android\/","og_locale":"fr_FR","og_type":"article","og_title":"Tablettes Android: publicit\u00e9 interactive, publicit\u00e9 dynamique - Promotienda","og_description":"Avec les tablettes Android, vos clients interagissent avec votre marque de mani\u00e8re attrayante. Nos tablettes Android vous aideront \u00e0 stimuler l\u2019achat.","og_url":"https:\/\/www.promotienda.es\/fr\/tablettes-android\/","og_site_name":"Promotienda","article_modified_time":"2023-03-22T10:39:13+00:00","twitter_card":"summary_large_image","twitter_misc":{"Dur\u00e9e de lecture estim\u00e9e":"1 minute"},"schema":{"@context":"https:\/\/schema.org","@graph":[{"@type":"WebPage","@id":"https:\/\/www.promotienda.es\/fr\/tablettes-android\/","url":"https:\/\/www.promotienda.es\/fr\/tablettes-android\/","name":"Tablettes Android: publicit\u00e9 interactive, publicit\u00e9 dynamique - Promotienda","isPartOf":{"@id":"https:\/\/www.promotienda.es\/en\/#website"},"datePublished":"2019-05-15T09:46:03+00:00","dateModified":"2023-03-22T10:39:13+00:00","description":"Avec les tablettes Android, vos clients interagissent avec votre marque de mani\u00e8re attrayante. Nos tablettes Android vous aideront \u00e0 stimuler l\u2019achat.","breadcrumb":{"@id":"https:\/\/www.promotienda.es\/fr\/tablettes-android\/#breadcrumb"},"inLanguage":"fr-FR","potentialAction":[{"@type":"ReadAction","target":["https:\/\/www.promotienda.es\/fr\/tablettes-android\/"]}]},{"@type":"BreadcrumbList","@id":"https:\/\/www.promotienda.es\/fr\/tablettes-android\/#breadcrumb","itemListElement":[{"@type":"ListItem","position":1,"name":"Portada","item":"https:\/\/www.promotienda.es\/fr\/"},{"@type":"ListItem","position":2,"name":"Tablettes Android"}]},{"@type":"WebSite","@id":"https:\/\/www.promotienda.es\/en\/#website","url":"https:\/\/www.promotienda.es\/en\/","name":"Promotienda","description":"","potentialAction":[{"@type":"SearchAction","target":{"@type":"EntryPoint","urlTemplate":"https:\/\/www.promotienda.es\/en\/?s={search_term_string}"},"query-input":"required name=search_term_string"}],"inLanguage":"fr-FR"}]}},"_links":{"self":[{"href":"https:\/\/www.promotienda.es\/fr\/wp-json\/wp\/v2\/pages\/5676"}],"collection":[{"href":"https:\/\/www.promotienda.es\/fr\/wp-json\/wp\/v2\/pages"}],"about":[{"href":"https:\/\/www.promotienda.es\/fr\/wp-json\/wp\/v2\/types\/page"}],"author":[{"embeddable":true,"href":"https:\/\/www.promotienda.es\/fr\/wp-json\/wp\/v2\/users\/1"}],"replies":[{"embeddable":true,"href":"https:\/\/www.promotienda.es\/fr\/wp-json\/wp\/v2\/comments?post=5676"}],"version-history":[{"count":5,"href":"https:\/\/www.promotienda.es\/fr\/wp-json\/wp\/v2\/pages\/5676\/revisions"}],"predecessor-version":[{"id":11213,"href":"https:\/\/www.promotienda.es\/fr\/wp-json\/wp\/v2\/pages\/5676\/revisions\/11213"}],"wp:attachment":[{"href":"https:\/\/www.promotienda.es\/fr\/wp-json\/wp\/v2\/media?parent=5676"}],"curies":[{"name":"wp","href":"https:\/\/api.w.org\/{rel}","templated":true}]}}