{"id":5680,"date":"2019-05-15T11:51:03","date_gmt":"2019-05-15T09:51:03","guid":{"rendered":"https:\/\/www.promotienda.es\/tablettes-android\/tablettes-android-avec-wi-fi\/"},"modified":"2019-05-17T13:10:06","modified_gmt":"2019-05-17T11:10:06","slug":"tablettes-android-avec-wi-fi","status":"publish","type":"page","link":"https:\/\/www.promotienda.es\/fr\/tablettes-android\/wi-fi\/","title":{"rendered":"Tablettes Android avec Wi-fi"},"content":{"rendered":"<section class=\"wpb-content-wrapper\"><p>[vc_row][vc_column][vc_column_text]Les tablettes publicitaires Android sont con\u00e7ues de mani\u00e8re \u00e0 ce que les marques et les d\u00e9taillants puissent afficher du contenu interactif.<\/p>\n<p>Ils sont disponibles en diff\u00e9rentes tailles (10 \u00ab\u00a0, 14\u00a0\u00bb, 15,6 \u00ab\u00a0, 18,5\u00a0\u00bb, 21,5 \u00ab\u00a0, 23,8\u00a0\u00bb, 27 \u00ab\u00a0et 32&Prime;), avec \u00e9cran tactile capacitif IPS et CPU haute performance.<\/p>\n<p>Sa conception moderne permet une grande souplesse pour son installation en orientation verticale, horizontale et sur table.[\/vc_column_text][\/vc_column][\/vc_row][vc_row][vc_column][vc_single_image image=\u00a0\u00bb5685&Prime; img_size=\u00a0\u00bbfull\u00a0\u00bb alignment=\u00a0\u00bbcenter\u00a0\u00bb css_animation=\u00a0\u00bbfadeInLeft\u00a0\u00bb lazy_loading=\u00a0\u00bbtrue\u00a0\u00bb][\/vc_column][\/vc_row][vc_row][vc_column][vc_column_text]<\/p>\n<h2>Tablettes Wi-Fi Android: dimensions disponibles<\/h2>\n<p>[\/vc_column_text][\/vc_column][\/vc_row][vc_row][vc_column width=\u00a0\u00bb1\/3&Prime;][vc_single_image image=\u00a0\u00bb5374&Prime; img_size=\u00a0\u00bbfull\u00a0\u00bb alignment=\u00a0\u00bbcenter\u00a0\u00bb css_animation=\u00a0\u00bbfadeInDown\u00a0\u00bb image_hovers=\u00a0\u00bbfalse\u00a0\u00bb lazy_loading=\u00a0\u00bbtrue\u00a0\u00bb css=\u00a0\u00bb.vc_custom_1488308566961{margin-bottom: 5px !important;}\u00a0\u00bb][vc_column_text css=\u00a0\u00bb.vc_custom_1516356288552{margin-top: 10px !important;margin-bottom: 10px !important;}\u00a0\u00bb]<\/p>\n<h3 style=\"text-align: center;\">Tablette Wi-Fi 10 pouces<\/h3>\n<p>[\/vc_column_text][vc_btn title=\u00a0\u00bbSp\u00e9cifications\u00a0\u00bb style=\u00a0\u00bbflat\u00a0\u00bb shape=\u00a0\u00bbsquare\u00a0\u00bb color=\u00a0\u00bbprimary\u00a0\u00bb align=\u00a0\u00bbcenter\u00a0\u00bb i_icon_fontawesome=\u00a0\u00bbfa fa-download\u00a0\u00bb add_icon=\u00a0\u00bbtrue\u00a0\u00bb link=\u00a0\u00bburl:https%3A%2F%2Fwww.promotienda.es%2Fpdf%2Ftablet-wifi-10-pulgadas.pdf|target:%20_blank|\u00a0\u00bb][\/vc_column][vc_column width=\u00a0\u00bb1\/3&Prime;][vc_single_image image=\u00a0\u00bb5683&Prime; img_size=\u00a0\u00bbfull\u00a0\u00bb alignment=\u00a0\u00bbcenter\u00a0\u00bb css_animation=\u00a0\u00bbfadeInDown\u00a0\u00bb image_hovers=\u00a0\u00bbfalse\u00a0\u00bb lazy_loading=\u00a0\u00bbtrue\u00a0\u00bb css=\u00a0\u00bb.vc_custom_1516700770223{margin-bottom: 5px !important;}\u00a0\u00bb][vc_column_text css=\u00a0\u00bb.vc_custom_1516699300862{margin-top: 10px !important;margin-bottom: 10px !important;}\u00a0\u00bb]<\/p>\n<h3 style=\"text-align: center;\">Tablette Wi-Fi 14 pouces<\/h3>\n<p>[\/vc_column_text][vc_btn title=\u00a0\u00bbSp\u00e9cifications\u00a0\u00bb style=\u00a0\u00bbflat\u00a0\u00bb shape=\u00a0\u00bbsquare\u00a0\u00bb color=\u00a0\u00bbprimary\u00a0\u00bb align=\u00a0\u00bbcenter\u00a0\u00bb i_icon_fontawesome=\u00a0\u00bbfa fa-download\u00a0\u00bb add_icon=\u00a0\u00bbtrue\u00a0\u00bb link=\u00a0\u00bburl:https%3A%2F%2Fwww.promotienda.es%2Fpdf%2Ftablet-wifi-14-pulgadas.pdf|target:%20_blank|\u00a0\u00bb][\/vc_column][vc_column width=\u00a0\u00bb1\/3&Prime;][vc_single_image image=\u00a0\u00bb5376&Prime; img_size=\u00a0\u00bbfull\u00a0\u00bb alignment=\u00a0\u00bbcenter\u00a0\u00bb css_animation=\u00a0\u00bbfadeInDown\u00a0\u00bb image_hovers=\u00a0\u00bbfalse\u00a0\u00bb lazy_loading=\u00a0\u00bbtrue\u00a0\u00bb css=\u00a0\u00bb.vc_custom_1488308583500{margin-bottom: 5px !important;}\u00a0\u00bb][vc_column_text css=\u00a0\u00bb.vc_custom_1516356303214{margin-top: 10px !important;margin-bottom: 10px !important;}\u00a0\u00bb]<\/p>\n<h3 style=\"text-align: center;\">Tablette Wi-Fi 15 pouces<\/h3>\n<p>[\/vc_column_text][vc_btn title=\u00a0\u00bbSp\u00e9cifications\u00a0\u00bb style=\u00a0\u00bbflat\u00a0\u00bb shape=\u00a0\u00bbsquare\u00a0\u00bb color=\u00a0\u00bbprimary\u00a0\u00bb align=\u00a0\u00bbcenter\u00a0\u00bb i_icon_fontawesome=\u00a0\u00bbfa fa-download\u00a0\u00bb add_icon=\u00a0\u00bbtrue\u00a0\u00bb link=\u00a0\u00bburl:https%3A%2F%2Fwww.promotienda.es%2Fpdf%2Ftablet-wifi-15-pulgadas.pdf|target:%20_blank|\u00a0\u00bb][\/vc_column][\/vc_row][vc_row][vc_column width=\u00a0\u00bb1\/3&Prime;][vc_single_image image=\u00a0\u00bb5377&Prime; img_size=\u00a0\u00bbfull\u00a0\u00bb alignment=\u00a0\u00bbcenter\u00a0\u00bb css_animation=\u00a0\u00bbfadeInDown\u00a0\u00bb image_hovers=\u00a0\u00bbfalse\u00a0\u00bb lazy_loading=\u00a0\u00bbtrue\u00a0\u00bb css=\u00a0\u00bb.vc_custom_1488308589941{margin-bottom: 5px !important;}\u00a0\u00bb][vc_column_text css=\u00a0\u00bb.vc_custom_1516356312523{margin-top: 10px !important;margin-bottom: 10px !important;}\u00a0\u00bb]<\/p>\n<h3 style=\"text-align: center;\">Tablette Wi-Fi 18 pouces<\/h3>\n<p>[\/vc_column_text][vc_btn title=\u00a0\u00bbSp\u00e9cifications\u00a0\u00bb style=\u00a0\u00bbflat\u00a0\u00bb shape=\u00a0\u00bbsquare\u00a0\u00bb color=\u00a0\u00bbprimary\u00a0\u00bb align=\u00a0\u00bbcenter\u00a0\u00bb i_icon_fontawesome=\u00a0\u00bbfa fa-download\u00a0\u00bb add_icon=\u00a0\u00bbtrue\u00a0\u00bb link=\u00a0\u00bburl:https%3A%2F%2Fwww.promotienda.es%2Fpdf%2Ftablet-wifi-18-pulgadas.pdf|target:%20_blank|\u00a0\u00bb][\/vc_column][vc_column width=\u00a0\u00bb1\/3&Prime;][vc_single_image image=\u00a0\u00bb5378&Prime; img_size=\u00a0\u00bbfull\u00a0\u00bb alignment=\u00a0\u00bbcenter\u00a0\u00bb css_animation=\u00a0\u00bbfadeInDown\u00a0\u00bb image_hovers=\u00a0\u00bbfalse\u00a0\u00bb lazy_loading=\u00a0\u00bbtrue\u00a0\u00bb css=\u00a0\u00bb.vc_custom_1488308595413{margin-bottom: 5px !important;}\u00a0\u00bb][vc_column_text css=\u00a0\u00bb.vc_custom_1516356320185{margin-top: 10px !important;margin-bottom: 10px !important;}\u00a0\u00bb]<\/p>\n<h3 style=\"text-align: center;\">Tablette Wi-Fi 21 pouces<\/h3>\n<p>[\/vc_column_text][vc_btn title=\u00a0\u00bbSp\u00e9cifications\u00a0\u00bb style=\u00a0\u00bbflat\u00a0\u00bb shape=\u00a0\u00bbsquare\u00a0\u00bb color=\u00a0\u00bbprimary\u00a0\u00bb align=\u00a0\u00bbcenter\u00a0\u00bb i_icon_fontawesome=\u00a0\u00bbfa fa-download\u00a0\u00bb add_icon=\u00a0\u00bbtrue\u00a0\u00bb link=\u00a0\u00bburl:https%3A%2F%2Fwww.promotienda.es%2Fpdf%2Ftablet-wifi-21-pulgadas.pdf|target:%20_blank|\u00a0\u00bb][\/vc_column][vc_column width=\u00a0\u00bb1\/3&Prime;][vc_single_image image=\u00a0\u00bb5681&Prime; img_size=\u00a0\u00bbfull\u00a0\u00bb alignment=\u00a0\u00bbcenter\u00a0\u00bb css_animation=\u00a0\u00bbfadeInDown\u00a0\u00bb image_hovers=\u00a0\u00bbfalse\u00a0\u00bb lazy_loading=\u00a0\u00bbtrue\u00a0\u00bb css=\u00a0\u00bb.vc_custom_1516700967257{margin-bottom: 5px !important;}\u00a0\u00bb][vc_column_text css=\u00a0\u00bb.vc_custom_1516356332974{margin-top: 10px !important;margin-bottom: 10px !important;}\u00a0\u00bb]<\/p>\n<h3 style=\"text-align: center;\">Tablette Wi-Fi 24 pouces<\/h3>\n<p>[\/vc_column_text][vc_btn title=\u00a0\u00bbSp\u00e9cifications\u00a0\u00bb style=\u00a0\u00bbflat\u00a0\u00bb shape=\u00a0\u00bbsquare\u00a0\u00bb color=\u00a0\u00bbprimary\u00a0\u00bb align=\u00a0\u00bbcenter\u00a0\u00bb i_icon_fontawesome=\u00a0\u00bbfa fa-download\u00a0\u00bb add_icon=\u00a0\u00bbtrue\u00a0\u00bb link=\u00a0\u00bburl:https%3A%2F%2Fwww.promotienda.es%2Fpdf%2Ftablet-wifi-24-pulgadas.pdf|target:%20_blank|\u00a0\u00bb][\/vc_column][\/vc_row][vc_row][vc_column width=\u00a0\u00bb1\/3&Prime;][vc_single_image image=\u00a0\u00bb5380&Prime; img_size=\u00a0\u00bbfull\u00a0\u00bb alignment=\u00a0\u00bbcenter\u00a0\u00bb css_animation=\u00a0\u00bbfadeInDown\u00a0\u00bb image_hovers=\u00a0\u00bbfalse\u00a0\u00bb lazy_loading=\u00a0\u00bbtrue\u00a0\u00bb css=\u00a0\u00bb.vc_custom_1488308607903{margin-bottom: 5px !important;}\u00a0\u00bb][vc_column_text css=\u00a0\u00bb.vc_custom_1516356341080{margin-top: 10px !important;margin-bottom: 10px !important;}\u00a0\u00bb]<\/p>\n<h3 style=\"text-align: center;\">Tablette Wi-Fi 27 pouces<\/h3>\n<p>[\/vc_column_text][vc_btn title=\u00a0\u00bbSp\u00e9cifications\u00a0\u00bb style=\u00a0\u00bbflat\u00a0\u00bb shape=\u00a0\u00bbsquare\u00a0\u00bb color=\u00a0\u00bbprimary\u00a0\u00bb align=\u00a0\u00bbcenter\u00a0\u00bb i_icon_fontawesome=\u00a0\u00bbfa fa-download\u00a0\u00bb add_icon=\u00a0\u00bbtrue\u00a0\u00bb link=\u00a0\u00bburl:https%3A%2F%2Fwww.promotienda.es%2Fpdf%2Ftablet-wifi-27-pulgadas.pdf|target:%20_blank|\u00a0\u00bb][\/vc_column][vc_column width=\u00a0\u00bb1\/3&Prime;][vc_single_image image=\u00a0\u00bb5381&Prime; img_size=\u00a0\u00bbfull\u00a0\u00bb alignment=\u00a0\u00bbcenter\u00a0\u00bb css_animation=\u00a0\u00bbfadeInDown\u00a0\u00bb image_hovers=\u00a0\u00bbfalse\u00a0\u00bb lazy_loading=\u00a0\u00bbtrue\u00a0\u00bb css=\u00a0\u00bb.vc_custom_1488308614181{margin-bottom: 5px !important;}\u00a0\u00bb][vc_column_text css=\u00a0\u00bb.vc_custom_1516356352183{margin-top: 10px !important;margin-bottom: 10px !important;}\u00a0\u00bb]<\/p>\n<h3 style=\"text-align: center;\">Tablette Wi-Fi 32 pouces<\/h3>\n<p>[\/vc_column_text][vc_btn title=\u00a0\u00bbSp\u00e9cifications\u00a0\u00bb style=\u00a0\u00bbflat\u00a0\u00bb shape=\u00a0\u00bbsquare\u00a0\u00bb color=\u00a0\u00bbprimary\u00a0\u00bb align=\u00a0\u00bbcenter\u00a0\u00bb i_icon_fontawesome=\u00a0\u00bbfa fa-download\u00a0\u00bb add_icon=\u00a0\u00bbtrue\u00a0\u00bb link=\u00a0\u00bburl:https%3A%2F%2Fwww.promotienda.es%2Fpdf%2Ftablet-wifi-32-pulgadas.pdf|target:%20_blank|\u00a0\u00bb][\/vc_column][\/vc_row][vc_row margin_top=\u00a0\u00bb20px\u00a0\u00bb][vc_column][vc_column_text]<\/p>\n<h2>Comparaison des tablettes Wi-Fi<\/h2>\n<p>[\/vc_column_text][vc_column_text]<div id=\"tablepress-1-scroll-wrapper\" class=\"tablepress-scroll-wrapper\">\n\n<table id=\"tablepress-1\" class=\"tablepress tablepress-id-1 tablepress-responsive\">\n<thead>\n<tr class=\"row-1\">\n\t<th colspan=\"2\" class=\"column-1\">Tama\u00f1o de la pantalla<\/th><th class=\"column-3\">10\"<\/th><th class=\"column-4\">14\"<\/th><th class=\"column-5\">15,6\"<\/th><th class=\"column-6\">18,5\"<\/th><th class=\"column-7\">21,5\"<\/th><th class=\"column-8\">23,8\"<\/th><th class=\"column-9\">27\"<\/th><th class=\"column-10\">32\"<\/th>\n<\/tr>\n<\/thead>\n<tbody>\n<tr class=\"row-2\">\n\t<td rowspan=\"7\" class=\"column-1\">Informaci\u00f3n del panel<\/td><td class=\"column-2\">Resoluci\u00f3n<\/td><td class=\"column-3\">1280x800<\/td><td class=\"column-4\">1920x1080<\/td><td class=\"column-5\">1920x1080<\/td><td class=\"column-6\">1920x1080<\/td><td class=\"column-7\">1920x1080<\/td><td class=\"column-8\">1920x1080<\/td><td class=\"column-9\">1920x1080<\/td><td class=\"column-10\">1920x1080<\/td>\n<\/tr>\n<tr class=\"row-3\">\n\t<td class=\"column-2\">Brillo<\/td><td class=\"column-3\">300cd\/m2<\/td><td class=\"column-4\">250cd\/m2<\/td><td class=\"column-5\">220cd\/m2<\/td><td class=\"column-6\">200cd\/m2<\/td><td class=\"column-7\">220cd\/m2<\/td><td class=\"column-8\">250cd\/m2<\/td><td class=\"column-9\">250cd\/m2<\/td><td class=\"column-10\">280cd\/m2<\/td>\n<\/tr>\n<tr class=\"row-4\">\n\t<td class=\"column-2\">Contraste<\/td><td class=\"column-3\">800:1<\/td><td class=\"column-4\">700:1<\/td><td class=\"column-5\">800:1<\/td><td class=\"column-6\">1000:1<\/td><td class=\"column-7\">1000:1<\/td><td class=\"column-8\">1000:1<\/td><td class=\"column-9\">1000:1<\/td><td class=\"column-10\">1200:1<\/td>\n<\/tr>\n<tr class=\"row-5\">\n\t<td class=\"column-2\">Relaci\u00f3n de aspecto<\/td><td class=\"column-3\">16:10<\/td><td colspan=\"7\" class=\"column-4\">16:9<\/td>\n<\/tr>\n<tr class=\"row-6\">\n\t<td class=\"column-2\">Tama\u00f1o de \u00e1rea activa<\/td><td class=\"column-3\">134,8\u00d7216,2 mm<\/td><td class=\"column-4\">165,4\u00d7294,3 mm<\/td><td class=\"column-5\">192,8\u00d7343,6 mm<\/td><td class=\"column-6\">228,0\u00d7407,7 mm<\/td><td class=\"column-7\">266,6\u00d7475,5 mm<\/td><td class=\"column-8\">294,4\u00d7522 mm<\/td><td class=\"column-9\">337,1\u00d7598,6 mm<\/td><td class=\"column-10\">393,8\u00d7699,4 mm<\/td>\n<\/tr>\n<tr class=\"row-7\">\n\t<td class=\"column-2\">\u00c1ngulo de visi\u00f3n<\/td><td class=\"column-3\">H170\u00b0\/ V170\u00b0<\/td><td colspan=\"3\" class=\"column-4\">H178\u00b0\/ V178\u00b0<\/td><td class=\"column-7\">H170\u00b0 \/ V170\u00b0<\/td><td class=\"column-8\">H178\u00b0\/ V178\u00b0<\/td><td class=\"column-9\">H170\u00b0 \/ V170\u00b0<\/td><td class=\"column-10\">H178\u00b0\/ V178\u00b0<\/td>\n<\/tr>\n<tr class=\"row-8\">\n\t<td class=\"column-2\">Tecnolog\u00eda t\u00e1ctil<\/td><td class=\"column-3\">Capacitiva de 5 puntos<\/td><td colspan=\"7\" class=\"column-4\">Capacitiva de 10 puntos (cristal reflexivo)<\/td>\n<\/tr>\n<tr class=\"row-9\">\n\t<td rowspan=\"4\" class=\"column-1\">Hardware y Sistema operativo<\/td><td class=\"column-2\">CPU<\/td><td class=\"column-3\">RK3128 CortexA9,<br \/>\nQuad core<br \/>\n1.8 GHz<\/td><td colspan=\"7\" class=\"column-4\">RK3288 Cortex A17, Quad core 1.8 GHz<\/td>\n<\/tr>\n<tr class=\"row-10\">\n\t<td class=\"column-2\">RAM<\/td><td class=\"column-3\">1GB DDR3<\/td><td colspan=\"7\" class=\"column-4\">2GB DDR3<\/td>\n<\/tr>\n<tr class=\"row-11\">\n\t<td class=\"column-2\">ROM<\/td><td colspan=\"8\" class=\"column-3\">8GB eMMC Flash<\/td>\n<\/tr>\n<tr class=\"row-12\">\n\t<td class=\"column-2\">Sistema operativo<\/td><td colspan=\"8\" class=\"column-3\">Android 5.1<\/td>\n<\/tr>\n<tr class=\"row-13\">\n\t<td rowspan=\"2\" class=\"column-1\">Video\/im\u00e1genes<\/td><td class=\"column-2\">Formatos de v\u00eddeo<\/td><td colspan=\"8\" class=\"column-3\">H.265, VP8, RV, WMV, AVS, H.263, MPEG4, HTML5, Flash 10<\/td>\n<\/tr>\n<tr class=\"row-14\">\n\t<td class=\"column-2\">Formatos de imagen<\/td><td colspan=\"8\" class=\"column-3\">JPEG, BMP, PNG<\/td>\n<\/tr>\n<tr class=\"row-15\">\n\t<td rowspan=\"2\" class=\"column-1\">Audio<\/td><td class=\"column-2\">Altavoces<\/td><td class=\"column-3\">2 x 1W<\/td><td class=\"column-4\">2 x 3W<\/td><td class=\"column-5\">2 x 3W<\/td><td class=\"column-6\">2 x 3W<\/td><td class=\"column-7\">2 x 3W<\/td><td class=\"column-8\">2 x1.5W<\/td><td class=\"column-9\">2 x 5W<\/td><td class=\"column-10\">2 x 5W<\/td>\n<\/tr>\n<tr class=\"row-16\">\n\t<td class=\"column-2\">Formatos de audio<\/td><td colspan=\"8\" class=\"column-3\">MP3\/ WMA\/ AAC etc<\/td>\n<\/tr>\n<tr class=\"row-17\">\n\t<td rowspan=\"3\" class=\"column-1\">Comunicaciones<\/td><td class=\"column-2\">Bluetooth<\/td><td colspan=\"8\" class=\"column-3\">EDR 4.0<\/td>\n<\/tr>\n<tr class=\"row-18\">\n\t<td class=\"column-2\">Wi-Fi<\/td><td colspan=\"8\" class=\"column-3\">802.11 b\/g\/n<\/td>\n<\/tr>\n<tr class=\"row-19\">\n\t<td class=\"column-2\">Conexi\u00f3n Ethernet<\/td><td colspan=\"8\" class=\"column-3\">10\/100 LAN<\/td>\n<\/tr>\n<tr class=\"row-20\">\n\t<td rowspan=\"9\" class=\"column-1\">Informaci\u00f3n general<\/td><td class=\"column-2\">Color<\/td><td colspan=\"8\" class=\"column-3\">Negro<\/td>\n<\/tr>\n<tr class=\"row-21\">\n\t<td class=\"column-2\">Puertos E\/S<\/td><td colspan=\"8\" class=\"column-3\">RJ45 x 1;USB x 3; SD slot x 1; Micro-USB x 1; 3.5mm audio x 1; Recover x 1<\/td>\n<\/tr>\n<tr class=\"row-22\">\n\t<td class=\"column-2\">Contenido de la caja<\/td><td colspan=\"8\" class=\"column-3\">Tablet, Adaptador de corriente, Cable de corriente<\/td>\n<\/tr>\n<tr class=\"row-23\">\n\t<td class=\"column-2\">Sensores<\/td><td colspan=\"8\" class=\"column-3\">G-sensor<\/td>\n<\/tr>\n<tr class=\"row-24\">\n\t<td class=\"column-2\">Alimentaci\u00f3n<\/td><td class=\"column-3\">12V 2A<\/td><td colspan=\"7\" class=\"column-4\">12V 5A<\/td>\n<\/tr>\n<tr class=\"row-25\">\n\t<td class=\"column-2\">Entorno operativo<\/td><td colspan=\"8\" class=\"column-3\">Temperatura en funcionamiento: 0\u00b0C a 40\u00b0C (32\u00b0F a 104\u00b0F); Almacenado: -20\u00b0C a 50\u00b0C (-4\u00b0F a 122\u00b0F). Humedad relativa en funcionamiento: 20%-80%; Almacenado: 10%-95%<\/td>\n<\/tr>\n<tr class=\"row-26\">\n\t<td class=\"column-2\">Certificaciones<\/td><td colspan=\"8\" class=\"column-3\">CE, FCC, ROHS<\/td>\n<\/tr>\n<tr class=\"row-27\">\n\t<td class=\"column-2\">Idioma<\/td><td colspan=\"8\" class=\"column-3\">Multi idioma<\/td>\n<\/tr>\n<tr class=\"row-28\">\n\t<td class=\"column-2\">VESA 75<\/td><td colspan=\"8\" class=\"column-3\">VESA 75\/100<\/td>\n<\/tr>\n<tr class=\"row-29\">\n\t<td rowspan=\"2\" class=\"column-1\">Dimensiones<\/td><td class=\"column-2\">Dimensiones<\/td><td class=\"column-3\">250 \u00d7 28<br \/>\n\u00d7 172 mm<\/td><td class=\"column-4\">355 \u00d7 32,6<br \/>\n\u00d7 228 mm<\/td><td class=\"column-5\">403,76 \u00d7 33,5<br \/>\n\u00d7 252,76 mm<\/td><td class=\"column-6\">462 \u00d7 37,5<br \/>\n\u00d7 282,5 mm<br \/>\n<\/td><td class=\"column-7\">539,11 \u00d7 39,75<br \/>\n\u00d7 332,21 mm<\/td><td class=\"column-8\">595,5 \u00d7 43,6<br \/>\n\u00d7 363,1 mm<\/td><td class=\"column-9\">662,73 \u00d7 60,53<br \/>\n\u00d7 400 mm<\/td><td class=\"column-10\">763,77 \u00d7 72,52<br \/>\n\u00d7 457,21 mm<\/td>\n<\/tr>\n<tr class=\"row-30\">\n\t<td class=\"column-2\">Peso<\/td><td class=\"column-3\">660g<\/td><td class=\"column-4\">1120g<\/td><td class=\"column-5\">1433g<\/td><td class=\"column-6\">2563g<\/td><td class=\"column-7\">3538g<\/td><td class=\"column-8\">4800g<\/td><td class=\"column-9\">5300g<\/td><td class=\"column-10\">8000g<\/td>\n<\/tr>\n<\/tbody>\n<\/table>\n\n<\/div><!-- #tablepress-1 from cache -->[\/vc_column_text][\/vc_column][\/vc_row]<\/p>\n<\/section>","protected":false},"excerpt":{"rendered":"<p>[vc_row][vc_column][vc_column_text]Les tablettes publicitaires Android sont con\u00e7ues de mani\u00e8re \u00e0 ce que les marques et les d\u00e9taillants puissent afficher du contenu interactif. Ils sont disponibles en diff\u00e9rentes tailles (10 \u00ab\u00a0, 14\u00a0\u00bb, 15,6 \u00ab\u00a0, 18,5\u00a0\u00bb, 21,5 \u00ab\u00a0, 23,8\u00a0\u00bb, 27 \u00ab\u00a0et 32&Prime;), avec \u00e9cran tactile capacitif IPS et CPU haute performance. Sa conception moderne permet une grande souplesse&hellip;<\/p>\n","protected":false},"author":7,"featured_media":0,"parent":5676,"menu_order":0,"comment_status":"closed","ping_status":"closed","template":"","meta":{"ngg_post_thumbnail":0},"yoast_head":"<!-- This site is optimized with the Yoast SEO plugin v20.3 - https:\/\/yoast.com\/wordpress\/plugins\/seo\/ -->\n<title>Tablettes Android avec Wi-fi - Promotienda<\/title>\n<meta name=\"robots\" content=\"index, follow, max-snippet:-1, max-image-preview:large, max-video-preview:-1\" \/>\n<link rel=\"canonical\" href=\"https:\/\/www.promotienda.es\/fr\/tablettes-android\/wi-fi\/\" \/>\n<meta property=\"og:locale\" content=\"fr_FR\" \/>\n<meta property=\"og:type\" content=\"article\" \/>\n<meta property=\"og:title\" content=\"Tablettes Android avec Wi-fi - Promotienda\" \/>\n<meta property=\"og:description\" content=\"[vc_row][vc_column][vc_column_text]Les tablettes publicitaires Android sont con\u00e7ues de mani\u00e8re \u00e0 ce que les marques et les d\u00e9taillants puissent afficher du contenu interactif. Ils sont disponibles en diff\u00e9rentes tailles (10 \u00ab\u00a0, 14\u00a0\u00bb, 15,6 \u00ab\u00a0, 18,5\u00a0\u00bb, 21,5 \u00ab\u00a0, 23,8\u00a0\u00bb, 27 \u00ab\u00a0et 32&Prime;), avec \u00e9cran tactile capacitif IPS et CPU haute performance. Sa conception moderne permet une grande souplesse&hellip;\" \/>\n<meta property=\"og:url\" content=\"https:\/\/www.promotienda.es\/fr\/tablettes-android\/wi-fi\/\" \/>\n<meta property=\"og:site_name\" content=\"Promotienda\" \/>\n<meta property=\"article:modified_time\" content=\"2019-05-17T11:10:06+00:00\" \/>\n<meta name=\"twitter:card\" content=\"summary_large_image\" \/>\n<meta name=\"twitter:label1\" content=\"Dur\u00e9e de lecture estim\u00e9e\" \/>\n\t<meta name=\"twitter:data1\" content=\"4 minutes\" \/>\n<script type=\"application\/ld+json\" class=\"yoast-schema-graph\">{\"@context\":\"https:\/\/schema.org\",\"@graph\":[{\"@type\":\"WebPage\",\"@id\":\"https:\/\/www.promotienda.es\/fr\/tablettes-android\/wi-fi\/\",\"url\":\"https:\/\/www.promotienda.es\/fr\/tablettes-android\/wi-fi\/\",\"name\":\"Tablettes Android avec Wi-fi - Promotienda\",\"isPartOf\":{\"@id\":\"https:\/\/www.promotienda.es\/en\/#website\"},\"datePublished\":\"2019-05-15T09:51:03+00:00\",\"dateModified\":\"2019-05-17T11:10:06+00:00\",\"breadcrumb\":{\"@id\":\"https:\/\/www.promotienda.es\/fr\/tablettes-android\/wi-fi\/#breadcrumb\"},\"inLanguage\":\"fr-FR\",\"potentialAction\":[{\"@type\":\"ReadAction\",\"target\":[\"https:\/\/www.promotienda.es\/fr\/tablettes-android\/wi-fi\/\"]}]},{\"@type\":\"BreadcrumbList\",\"@id\":\"https:\/\/www.promotienda.es\/fr\/tablettes-android\/wi-fi\/#breadcrumb\",\"itemListElement\":[{\"@type\":\"ListItem\",\"position\":1,\"name\":\"Portada\",\"item\":\"https:\/\/www.promotienda.es\/fr\/\"},{\"@type\":\"ListItem\",\"position\":2,\"name\":\"Tablettes Android\",\"item\":\"https:\/\/www.promotienda.es\/fr\/tablettes-android\/\"},{\"@type\":\"ListItem\",\"position\":3,\"name\":\"Tablettes Android avec Wi-fi\"}]},{\"@type\":\"WebSite\",\"@id\":\"https:\/\/www.promotienda.es\/en\/#website\",\"url\":\"https:\/\/www.promotienda.es\/en\/\",\"name\":\"Promotienda\",\"description\":\"\",\"potentialAction\":[{\"@type\":\"SearchAction\",\"target\":{\"@type\":\"EntryPoint\",\"urlTemplate\":\"https:\/\/www.promotienda.es\/en\/?s={search_term_string}\"},\"query-input\":\"required name=search_term_string\"}],\"inLanguage\":\"fr-FR\"}]}<\/script>\n<!-- \/ Yoast SEO plugin. -->","yoast_head_json":{"title":"Tablettes Android avec Wi-fi - Promotienda","robots":{"index":"index","follow":"follow","max-snippet":"max-snippet:-1","max-image-preview":"max-image-preview:large","max-video-preview":"max-video-preview:-1"},"canonical":"https:\/\/www.promotienda.es\/fr\/tablettes-android\/wi-fi\/","og_locale":"fr_FR","og_type":"article","og_title":"Tablettes Android avec Wi-fi - Promotienda","og_description":"[vc_row][vc_column][vc_column_text]Les tablettes publicitaires Android sont con\u00e7ues de mani\u00e8re \u00e0 ce que les marques et les d\u00e9taillants puissent afficher du contenu interactif. Ils sont disponibles en diff\u00e9rentes tailles (10 \u00ab\u00a0, 14\u00a0\u00bb, 15,6 \u00ab\u00a0, 18,5\u00a0\u00bb, 21,5 \u00ab\u00a0, 23,8\u00a0\u00bb, 27 \u00ab\u00a0et 32&Prime;), avec \u00e9cran tactile capacitif IPS et CPU haute performance. Sa conception moderne permet une grande souplesse&hellip;","og_url":"https:\/\/www.promotienda.es\/fr\/tablettes-android\/wi-fi\/","og_site_name":"Promotienda","article_modified_time":"2019-05-17T11:10:06+00:00","twitter_card":"summary_large_image","twitter_misc":{"Dur\u00e9e de lecture estim\u00e9e":"4 minutes"},"schema":{"@context":"https:\/\/schema.org","@graph":[{"@type":"WebPage","@id":"https:\/\/www.promotienda.es\/fr\/tablettes-android\/wi-fi\/","url":"https:\/\/www.promotienda.es\/fr\/tablettes-android\/wi-fi\/","name":"Tablettes Android avec Wi-fi - Promotienda","isPartOf":{"@id":"https:\/\/www.promotienda.es\/en\/#website"},"datePublished":"2019-05-15T09:51:03+00:00","dateModified":"2019-05-17T11:10:06+00:00","breadcrumb":{"@id":"https:\/\/www.promotienda.es\/fr\/tablettes-android\/wi-fi\/#breadcrumb"},"inLanguage":"fr-FR","potentialAction":[{"@type":"ReadAction","target":["https:\/\/www.promotienda.es\/fr\/tablettes-android\/wi-fi\/"]}]},{"@type":"BreadcrumbList","@id":"https:\/\/www.promotienda.es\/fr\/tablettes-android\/wi-fi\/#breadcrumb","itemListElement":[{"@type":"ListItem","position":1,"name":"Portada","item":"https:\/\/www.promotienda.es\/fr\/"},{"@type":"ListItem","position":2,"name":"Tablettes Android","item":"https:\/\/www.promotienda.es\/fr\/tablettes-android\/"},{"@type":"ListItem","position":3,"name":"Tablettes Android avec Wi-fi"}]},{"@type":"WebSite","@id":"https:\/\/www.promotienda.es\/en\/#website","url":"https:\/\/www.promotienda.es\/en\/","name":"Promotienda","description":"","potentialAction":[{"@type":"SearchAction","target":{"@type":"EntryPoint","urlTemplate":"https:\/\/www.promotienda.es\/en\/?s={search_term_string}"},"query-input":"required name=search_term_string"}],"inLanguage":"fr-FR"}]}},"_links":{"self":[{"href":"https:\/\/www.promotienda.es\/fr\/wp-json\/wp\/v2\/pages\/5680"}],"collection":[{"href":"https:\/\/www.promotienda.es\/fr\/wp-json\/wp\/v2\/pages"}],"about":[{"href":"https:\/\/www.promotienda.es\/fr\/wp-json\/wp\/v2\/types\/page"}],"author":[{"embeddable":true,"href":"https:\/\/www.promotienda.es\/fr\/wp-json\/wp\/v2\/users\/7"}],"replies":[{"embeddable":true,"href":"https:\/\/www.promotienda.es\/fr\/wp-json\/wp\/v2\/comments?post=5680"}],"version-history":[{"count":2,"href":"https:\/\/www.promotienda.es\/fr\/wp-json\/wp\/v2\/pages\/5680\/revisions"}],"predecessor-version":[{"id":5869,"href":"https:\/\/www.promotienda.es\/fr\/wp-json\/wp\/v2\/pages\/5680\/revisions\/5869"}],"up":[{"embeddable":true,"href":"https:\/\/www.promotienda.es\/fr\/wp-json\/wp\/v2\/pages\/5676"}],"wp:attachment":[{"href":"https:\/\/www.promotienda.es\/fr\/wp-json\/wp\/v2\/media?parent=5680"}],"curies":[{"name":"wp","href":"https:\/\/api.w.org\/{rel}","templated":true}]}}