{"id":5862,"date":"2019-05-16T12:10:32","date_gmt":"2019-05-16T10:10:32","guid":{"rendered":"https:\/\/www.promotienda.es\/politique-de-cookies\/"},"modified":"2019-05-16T12:10:32","modified_gmt":"2019-05-16T10:10:32","slug":"politique-de-cookies","status":"publish","type":"page","link":"https:\/\/www.promotienda.es\/fr\/politique-de-cookies\/","title":{"rendered":"Politique de cookies"},"content":{"rendered":"<p><strong>D\u00e9finition et fonction des cookies <\/strong><\/p>\n<p>Un cookie est un fichier qui est t\u00e9l\u00e9charg\u00e9 sur votre ordinateur lorsque vous acc\u00e9dez \u00e0 certaines pages Web. Les cookies permettent \u00e0 un site Web, entre autres, de stocker et de r\u00e9cup\u00e9rer des informations sur les habitudes de navigation d&rsquo;un utilisateur ou de son ordinateur et, selon les informations qu&rsquo;ils contiennent et la fa\u00e7on dont vous utilisez votre ordinateur, peuvent \u00eatre utilis\u00e9s pour reconna\u00eetre l&rsquo;utilisateur.<\/p>\n<p>Ce site Web, comme la plupart des sites Internet, utilise des cookies pour am\u00e9liorer et optimiser l&rsquo;exp\u00e9rience de l&rsquo;utilisateur. Vous trouverez ci-dessous des informations d\u00e9taill\u00e9es sur le type de cookies utilis\u00e9s par ce site Web, comment les d\u00e9sactiver dans votre navigateur et comment bloquer sp\u00e9cifiquement l&rsquo;installation de cookies tiers.<\/p>\n<p><strong>Type de cookies utilis\u00e9s par le site et son but <\/strong><\/p>\n<p>L&rsquo;utilisation de cookies nous permet de faciliter la navigation de l&rsquo;utilisateur et d&rsquo;adapter les informations et services que nous offrons \u00e0 vos int\u00e9r\u00eats.<\/p>\n<p>Les cookies sont utilis\u00e9s de mani\u00e8re permanente et temporaire (cookies de session). Les cookies permanents sont stock\u00e9s sur votre ordinateur ou votre appareil mobile pour une p\u00e9riode ne d\u00e9passant pas 24 mois.<\/p>\n<p>Nous utilisons nos propres cookies et ceux de tiers pour collecter des donn\u00e9es statistiques globales par le biais des donn\u00e9es fournies par leur utilisation.<\/p>\n<p>TYPES DE COOKIES UTILIS\u00c9S SUR CE SITE<\/p>\n<table width=\"629\">\n<tbody>\n<tr>\n<td width=\"158\"> TYPE DE COOKIES<\/td>\n<td width=\"470\">FINALIT\u00c9 <\/td>\n<\/tr>\n<tr>\n<td width=\"158\">&#038;nbsp ;<\/p>\n<p><strong>FONCTIONNEMENT <\/strong><\/p>\n<p>&#038;nbsp ;<\/p>\n<p>_cfduid devicePixelRatio<\/td>\n<td width=\"470\">&#038;nbsp ;<\/p>\n<p>Ces cookies permettent la navigation sur le Web et l&rsquo;utilisation des diff\u00e9rentes options ou services fournis. Ils sont \u00e9galement utilis\u00e9s pour am\u00e9liorer votre exp\u00e9rience de navigation et pour optimiser le fonctionnement de notre site. Ils stockent les configurations de service afin que l&rsquo;utilisateur n&rsquo;ait pas \u00e0 les reconfigurer \u00e0 chaque fois qu&rsquo;il nous rend visite.<\/p>\n<p>&nbsp;<\/td>\n<\/tr>\n<tr>\n<td width=\"158\">&#038;nbsp ;<\/p>\n<p><strong>ANALITIQUE <\/strong><\/p>\n<p><strong> <\/strong><\/p>\n<p>Uvc<\/p>\n<p>_utma _utmc _utmc _utmz _ga _gat _gid<\/td>\n<td width=\"470\">&#038;nbsp ;<\/p>\n<p>Ces cookies sont utilis\u00e9s pour collecter des informations sur l&rsquo;utilisation de notre site Web par les visiteurs. Nous utilisons ces informations \u00e0 des fins de reporting et d&rsquo;am\u00e9lioration du site. Ces cookies ne sont associ\u00e9s qu&rsquo;\u00e0 un utilisateur anonyme et \u00e0 votre ordinateur\/appareil sans fournir aucune r\u00e9f\u00e9rence qui nous permettrait de conna\u00eetre les donn\u00e9es personnelles. Ils recueillent le nombre de visiteurs sur le site, la dur\u00e9e des visites, le navigateur, le type de terminal, le lieu d&rsquo;origine des visiteurs et les pages visit\u00e9es.<\/p>\n<p>&nbsp;<\/td>\n<\/tr>\n<\/tbody>\n<\/table>\n<p>&#038;nbsp ;<\/p>\n<p><strong>Traitement des cookies <\/strong><\/p>\n<p>Les informations obtenues par le traitement des cookies sont trait\u00e9es par le responsable du site Web.<\/p>\n<p><strong>Que se passe-t-il si les cookies sont d\u00e9sactiv\u00e9s ?<\/strong><\/p>\n<p>Vous pourrez \u00e0 tout moment acc\u00e9der \u00e0 la configuration de votre navigateur pour modifier et\/ou bloquer l&rsquo;installation des Cookies, mais cela peut signifier que certaines fonctions sont d\u00e9sactiv\u00e9es et que l&rsquo;acc\u00e8s \u00e0 certains contenus peut \u00eatre limit\u00e9. La qualit\u00e9 du fonctionnement des services peut \u00eatre affect\u00e9e.<\/p>\n<p><strong>Comment d\u00e9sactiver ou supprimer les cookies <\/strong><\/p>\n<p>Pour activer, conna\u00eetre, bloquer ou supprimer les cookies install\u00e9s sur votre ordinateur, vous pouvez le faire en configurant les options du navigateur install\u00e9 sur votre ordinateur.<\/p>\n<p>Vous trouverez des informations sur la fa\u00e7on de proc\u00e9der si vous utilisez l&rsquo;un des navigateurs suivants:<\/p>\n<p>Internet Explorer:\u00a0 <a href=\"https:\/\/privacy.microsoft.com\/es-es\/privacystatement\">https:\/\/privacy.microsoft.com\/es-es\/privacystatement<\/a><\/p>\n<p>Safari: <a href=\"https:\/\/www.apple.com\/legal\/privacy\/es\/cookies\/\">https:\/\/www.apple.com\/legal\/privacy\/es\/cookies\/<\/a>\u00a0\u00a0\u00a0\u00a0 <a href=\"https:\/\/support.apple.com\/es-es\/HT201265\">https:\/\/support.apple.com\/es-es\/HT201265<\/a><\/p>\n<p>Google Chrome: <a href=\"https:\/\/support.google.com\/chrome\/answer\/95647?hl=es&amp;hlrm=en\">https:\/\/support.google.com\/chrome\/answer\/95647?hl=es&amp;hlrm=en<\/a><\/p>\n<p>Google:\u00a0 <a href=\"https:\/\/www.google.com\/intl\/es\/policies\/privacy\/\">https:\/\/www.google.com\/intl\/es\/policies\/privacy\/<\/a><\/p>\n<p>Firefox: <a href=\"http:\/\/support.mozilla.org\/es\/kb\/Borrar%20cookies\">http:\/\/support.mozilla.org\/es\/kb\/Borrar%20cookies<\/a><\/p>\n<p>Opera: <a href=\"http:\/\/help.opera.com\/Windows\/11.50\/es-ES\/cookies.html\">http:\/\/help.opera.com\/Windows\/11.50\/es-ES\/cookies.html<\/a><\/p>\n<p>Android (Google):\u00a0 <a href=\"https:\/\/www.google.com\/intl\/es\/policies\/privacy\/\">https:\/\/www.google.com\/intl\/es\/policies\/privacy\/<\/a><\/p>\n<p>Windows Phone (Microsoft): <a href=\"https:\/\/privacy.microsoft.com\/es-es\/privacystatement\">https:\/\/privacy.microsoft.com\/es-es\/privacystatement<\/a><\/p>\n<p>Blackberry: <a href=\"http:\/\/global.blackberry.com\/es\/legal\/privacy-policy.html\">http:\/\/global.blackberry.com\/es\/legal\/privacy-policy.html<\/a><\/p>\n<p>Vous pouvez \u00e9galement supprimer facilement les cookies de votre ordinateur ou appareil mobile en utilisant votre navigateur. Pour savoir comment g\u00e9rer et supprimer les cookies, allez dans l&rsquo;onglet \u00ab\u00a0Aide\u00a0\u00bb de votre navigateur. Vous pouvez d\u00e9sactiver les cookies ou recevoir une notification chaque fois qu&rsquo;un nouveau cookie est envoy\u00e9 \u00e0 votre ordinateur ou appareil mobile.<\/p>\n<p>Il existe des outils en ligne qui permettent aux utilisateurs de d\u00e9tecter les cookies sur chaque site Web qu&rsquo;ils visitent et de g\u00e9rer leur d\u00e9sactivation (par exemple, Ghostery : http:\/\/www.ghostery.com\/privacy-statement, http:\/\/www.ghostery.com\/faq).<\/p>\n<p><strong>Mise \u00e0 jour de notre politique en mati\u00e8re de cookies <\/strong>>.<\/p>\n<p>Nous pouvons mettre \u00e0 jour la politique en mati\u00e8re de t\u00e9moins sur notre site Web ; nous vous recommandons donc de la revoir chaque fois que vous acc\u00e9dez \u00e0 notre site Web afin d&rsquo;\u00eatre bien inform\u00e9 sur la fa\u00e7on dont nous utilisons les t\u00e9moins et \u00e0 quoi ils servent. Veuillez noter que les navigateurs peuvent \u00e9galement modifier leurs politiques et l&#8217;emplacement des informations.<\/p>\n<p>La politique sur les t\u00e9moins a \u00e9t\u00e9 mise \u00e0 jour pour la derni\u00e8re fois le 16 juin 2017.<\/p>\n","protected":false},"excerpt":{"rendered":"<p>D\u00e9finition et fonction des cookies Un cookie est un fichier qui est t\u00e9l\u00e9charg\u00e9 sur votre ordinateur lorsque vous acc\u00e9dez \u00e0 certaines pages Web. Les cookies permettent \u00e0 un site Web, entre autres, de stocker et de r\u00e9cup\u00e9rer des informations sur les habitudes de navigation d&rsquo;un utilisateur ou de son ordinateur et, selon les informations qu&rsquo;ils&hellip;<\/p>\n","protected":false},"author":7,"featured_media":0,"parent":0,"menu_order":0,"comment_status":"closed","ping_status":"closed","template":"","meta":{"ngg_post_thumbnail":0},"yoast_head":"<!-- This site is optimized with the Yoast SEO plugin v20.3 - https:\/\/yoast.com\/wordpress\/plugins\/seo\/ -->\n<title>Politique de cookies - Promotienda<\/title>\n<meta name=\"robots\" content=\"noindex, nofollow\" \/>\n<meta property=\"og:locale\" content=\"fr_FR\" \/>\n<meta property=\"og:type\" content=\"article\" \/>\n<meta property=\"og:title\" content=\"Politique de cookies - Promotienda\" \/>\n<meta property=\"og:description\" content=\"D\u00e9finition et fonction des cookies Un cookie est un fichier qui est t\u00e9l\u00e9charg\u00e9 sur votre ordinateur lorsque vous acc\u00e9dez \u00e0 certaines pages Web. Les cookies permettent \u00e0 un site Web, entre autres, de stocker et de r\u00e9cup\u00e9rer des informations sur les habitudes de navigation d&rsquo;un utilisateur ou de son ordinateur et, selon les informations qu&rsquo;ils&hellip;\" \/>\n<meta property=\"og:url\" content=\"https:\/\/www.promotienda.es\/fr\/politique-de-cookies\/\" \/>\n<meta property=\"og:site_name\" content=\"Promotienda\" \/>\n<meta name=\"twitter:card\" content=\"summary_large_image\" \/>\n<meta name=\"twitter:label1\" content=\"Dur\u00e9e de lecture estim\u00e9e\" \/>\n\t<meta name=\"twitter:data1\" content=\"4 minutes\" \/>\n<script type=\"application\/ld+json\" class=\"yoast-schema-graph\">{\"@context\":\"https:\/\/schema.org\",\"@graph\":[{\"@type\":\"WebPage\",\"@id\":\"https:\/\/www.promotienda.es\/fr\/politique-de-cookies\/\",\"url\":\"https:\/\/www.promotienda.es\/fr\/politique-de-cookies\/\",\"name\":\"Politique de cookies - Promotienda\",\"isPartOf\":{\"@id\":\"https:\/\/www.promotienda.es\/en\/#website\"},\"datePublished\":\"2019-05-16T10:10:32+00:00\",\"dateModified\":\"2019-05-16T10:10:32+00:00\",\"breadcrumb\":{\"@id\":\"https:\/\/www.promotienda.es\/fr\/politique-de-cookies\/#breadcrumb\"},\"inLanguage\":\"fr-FR\",\"potentialAction\":[{\"@type\":\"ReadAction\",\"target\":[\"https:\/\/www.promotienda.es\/fr\/politique-de-cookies\/\"]}]},{\"@type\":\"BreadcrumbList\",\"@id\":\"https:\/\/www.promotienda.es\/fr\/politique-de-cookies\/#breadcrumb\",\"itemListElement\":[{\"@type\":\"ListItem\",\"position\":1,\"name\":\"Portada\",\"item\":\"https:\/\/www.promotienda.es\/fr\/\"},{\"@type\":\"ListItem\",\"position\":2,\"name\":\"Politique de cookies\"}]},{\"@type\":\"WebSite\",\"@id\":\"https:\/\/www.promotienda.es\/en\/#website\",\"url\":\"https:\/\/www.promotienda.es\/en\/\",\"name\":\"Promotienda\",\"description\":\"\",\"potentialAction\":[{\"@type\":\"SearchAction\",\"target\":{\"@type\":\"EntryPoint\",\"urlTemplate\":\"https:\/\/www.promotienda.es\/en\/?s={search_term_string}\"},\"query-input\":\"required name=search_term_string\"}],\"inLanguage\":\"fr-FR\"}]}<\/script>\n<!-- \/ Yoast SEO plugin. -->","yoast_head_json":{"title":"Politique de cookies - Promotienda","robots":{"index":"noindex","follow":"nofollow"},"og_locale":"fr_FR","og_type":"article","og_title":"Politique de cookies - Promotienda","og_description":"D\u00e9finition et fonction des cookies Un cookie est un fichier qui est t\u00e9l\u00e9charg\u00e9 sur votre ordinateur lorsque vous acc\u00e9dez \u00e0 certaines pages Web. Les cookies permettent \u00e0 un site Web, entre autres, de stocker et de r\u00e9cup\u00e9rer des informations sur les habitudes de navigation d&rsquo;un utilisateur ou de son ordinateur et, selon les informations qu&rsquo;ils&hellip;","og_url":"https:\/\/www.promotienda.es\/fr\/politique-de-cookies\/","og_site_name":"Promotienda","twitter_card":"summary_large_image","twitter_misc":{"Dur\u00e9e de lecture estim\u00e9e":"4 minutes"},"schema":{"@context":"https:\/\/schema.org","@graph":[{"@type":"WebPage","@id":"https:\/\/www.promotienda.es\/fr\/politique-de-cookies\/","url":"https:\/\/www.promotienda.es\/fr\/politique-de-cookies\/","name":"Politique de cookies - Promotienda","isPartOf":{"@id":"https:\/\/www.promotienda.es\/en\/#website"},"datePublished":"2019-05-16T10:10:32+00:00","dateModified":"2019-05-16T10:10:32+00:00","breadcrumb":{"@id":"https:\/\/www.promotienda.es\/fr\/politique-de-cookies\/#breadcrumb"},"inLanguage":"fr-FR","potentialAction":[{"@type":"ReadAction","target":["https:\/\/www.promotienda.es\/fr\/politique-de-cookies\/"]}]},{"@type":"BreadcrumbList","@id":"https:\/\/www.promotienda.es\/fr\/politique-de-cookies\/#breadcrumb","itemListElement":[{"@type":"ListItem","position":1,"name":"Portada","item":"https:\/\/www.promotienda.es\/fr\/"},{"@type":"ListItem","position":2,"name":"Politique de cookies"}]},{"@type":"WebSite","@id":"https:\/\/www.promotienda.es\/en\/#website","url":"https:\/\/www.promotienda.es\/en\/","name":"Promotienda","description":"","potentialAction":[{"@type":"SearchAction","target":{"@type":"EntryPoint","urlTemplate":"https:\/\/www.promotienda.es\/en\/?s={search_term_string}"},"query-input":"required name=search_term_string"}],"inLanguage":"fr-FR"}]}},"_links":{"self":[{"href":"https:\/\/www.promotienda.es\/fr\/wp-json\/wp\/v2\/pages\/5862"}],"collection":[{"href":"https:\/\/www.promotienda.es\/fr\/wp-json\/wp\/v2\/pages"}],"about":[{"href":"https:\/\/www.promotienda.es\/fr\/wp-json\/wp\/v2\/types\/page"}],"author":[{"embeddable":true,"href":"https:\/\/www.promotienda.es\/fr\/wp-json\/wp\/v2\/users\/7"}],"replies":[{"embeddable":true,"href":"https:\/\/www.promotienda.es\/fr\/wp-json\/wp\/v2\/comments?post=5862"}],"version-history":[{"count":0,"href":"https:\/\/www.promotienda.es\/fr\/wp-json\/wp\/v2\/pages\/5862\/revisions"}],"wp:attachment":[{"href":"https:\/\/www.promotienda.es\/fr\/wp-json\/wp\/v2\/media?parent=5862"}],"curies":[{"name":"wp","href":"https:\/\/api.w.org\/{rel}","templated":true}]}}