{"id":5875,"date":"2019-05-27T12:58:55","date_gmt":"2019-05-27T10:58:55","guid":{"rendered":"https:\/\/www.promotienda.es\/casa\/"},"modified":"2026-03-16T16:24:37","modified_gmt":"2026-03-16T14:24:37","slug":"casa","status":"publish","type":"page","link":"https:\/\/www.promotienda.es\/pt-pt\/","title":{"rendered":"Casa"},"content":{"rendered":"<section class=\"wpb-content-wrapper\"><p>[vc_row margin_bottom=&#8221;0px&#8221; css=&#8221;.vc_custom_1489923382823{margin-bottom: 0px !important;}&#8221;][vc_column][rev_slider_vc alias=&#8221;home2019_pt&#8221;][\/vc_column][\/vc_row][vc_row type=&#8221;1&#8243; margin_top=&#8221;0px&#8221; padding_top=&#8221;0px&#8221; bg_color=&#8221;#fbfbfb&#8221; css=&#8221;.vc_custom_1489923373517{background-color: #e5e5e5 !important;}&#8221;][vc_column][vc_row_inner content_placement=&#8221;middle&#8221; css=&#8221;.vc_custom_1489706296229{margin-top: 20px !important;}&#8221;][vc_column_inner width=&#8221;3\/4&#8243;][vc_column_text css=&#8221;.vc_custom_1489706374775{margin-bottom: 0px !important;padding-bottom: 0px !important;}&#8221;]<\/p>\n<h1>TELAS PUBLICIT\u00c1RIAS NO PONTO DE VENDA. SINALIZA\u00c7\u00c3O DIGITAL<\/h1>\n<p><strong>Promotienda<\/strong> oferece aos seus clientes uma ampla gama de<strong> telas de publicidade profissional<\/strong> com imagem de alta qualidade, v\u00eddeo e jogadores de som e pronto para operar 24 horas 365 dias sem interrup\u00e7\u00f5es. Nosso objetivo \u00e9 proporcionar<strong> inova\u00e7\u00e3o<\/strong> \u00e0 sua empresa, melhorando a apresenta\u00e7\u00e3o de seus produtos de forma din\u00e2mica, Visual e muito atrativa atrav\u00e9s de v\u00eddeos, fotos, textos e \u00e1udio.[\/vc_column_text][vc_btn title=&#8221;Fa\u00e7a o download do nosso cat\u00e1logo&#8221; style=&#8221;flat&#8221; shape=&#8221;square&#8221; color=&#8221;inverse&#8221; align=&#8221;center&#8221; i_icon_fontawesome=&#8221;fa fa-file-o&#8221; add_icon=&#8221;true&#8221; css=&#8221;.vc_custom_1544007448130{margin-top: 0px !important;padding-top: 0px !important;}&#8221; link=&#8221;url:https%3A%2F%2Fwww.promotienda.es%2Fpdf%2Fcatalogo-promotienda.pdf|target:%20_blank|&#8221;][\/vc_column_inner][vc_column_inner width=&#8221;1\/4&#8243;][vc_single_image image=&#8221;11278&#8243; img_size=&#8221;full&#8221; alignment=&#8221;right&#8221; css_animation=&#8221;fadeInRight&#8221; image_hovers=&#8221;false&#8221; lazy_loading=&#8221;true&#8221;][\/vc_column_inner][\/vc_row_inner][\/vc_column][\/vc_row][vc_row margin_top=&#8221;20px&#8221;][vc_column width=&#8221;1\/4&#8243;]<div class=\"ult-content-box-container \" >\t\t<div class=\"ult-content-box\" style=\"background-color:#254598;box-shadow: px px px px #f7f7f7 none;padding-top:20px;padding-right:20px;padding-bottom:10px;padding-left:20px;-webkit-transition: all 700ms ease;-moz-transition: all 700ms ease;-ms-transition: all 700ms ease;-o-transition: all 700ms ease;transition: all 700ms ease;\"  data-hover_box_shadow=\"none\"     data-bg=\"#254598\" >[vc_custom_heading text=&#8221;Telas de publicidade&#8221; font_container=&#8221;tag:h2|font_size:19px|text_align:left|color:%23ffffff&#8221; google_fonts=&#8221;font_family:Open%20Sans%3A300%2C300italic%2Cregular%2Citalic%2C600%2C600italic%2C700%2C700italic%2C800%2C800italic|font_style:400%20regular%3A400%3Anormal&#8221;][vc_separator color=&#8221;white&#8221; css=&#8221;.vc_custom_1489951544623{margin-top: 10px !important;margin-bottom: 10px !important;padding-top: 0px !important;padding-bottom: 0px !important;}&#8221;][vc_column_text el_class=&#8221;blanco&#8221;]Descubra uma das formas mais eficazes de publicidade no local de venda. Tire proveito de todas as suas vantagens para aumentar suas vendas.[\/vc_column_text][vc_btn title=&#8221;MAIS INFORMA\u00c7\u00d5ES&#8221; style=&#8221;outline&#8221; shape=&#8221;square&#8221; color=&#8221;white&#8221; align=&#8221;center&#8221; i_icon_fontawesome=&#8221;fa fa-plus&#8221; css_animation=&#8221;fadeInUp&#8221; add_icon=&#8221;true&#8221; css=&#8221;.vc_custom_1559771183851{padding-top: 0px !important;padding-right: 0px !important;padding-bottom: 0px !important;padding-left: 0px !important;}&#8221; link=&#8221;url:https%3A%2F%2Fwww.promotienda.es%2Fpt-pt%2Ftelas-de-publicidade%2F|title:Telas%20de%20publicidade||&#8221;]\t\t<\/div><\/div>[\/vc_column][vc_column width=&#8221;1\/4&#8243;]<div class=\"ult-content-box-container \" >\t\t<div class=\"ult-content-box\" style=\"background-color:#254598;box-shadow: px px px px #f7f7f7 none;padding-top:20px;padding-right:20px;padding-bottom:10px;padding-left:20px;-webkit-transition: all 700ms ease;-moz-transition: all 700ms ease;-ms-transition: all 700ms ease;-o-transition: all 700ms ease;transition: all 700ms ease;\"  data-hover_box_shadow=\"none\"     data-bg=\"#254598\" >[vc_custom_heading text=&#8221;Tablets Android&#8221; font_container=&#8221;tag:h2|font_size:19px|text_align:left|color:%23ffffff&#8221; google_fonts=&#8221;font_family:Open%20Sans%3A300%2C300italic%2Cregular%2Citalic%2C600%2C600italic%2C700%2C700italic%2C800%2C800italic|font_style:400%20regular%3A400%3Anormal&#8221;][vc_separator color=&#8221;white&#8221; css=&#8221;.vc_custom_1489951544623{margin-top: 10px !important;margin-bottom: 10px !important;padding-top: 0px !important;padding-bottom: 0px !important;}&#8221;][vc_column_text el_class=&#8221;blanco&#8221;]Obtenha seus clientes para interagir com sua marca de uma forma atraente. Nossos tablets ir\u00e3o ajud\u00e1-lo a convencer e estimular a compra.[\/vc_column_text][vc_btn title=&#8221;MAIS INFORMA\u00c7\u00d5ES&#8221; style=&#8221;outline&#8221; shape=&#8221;square&#8221; color=&#8221;white&#8221; align=&#8221;center&#8221; i_icon_fontawesome=&#8221;fa fa-plus&#8221; css_animation=&#8221;fadeInUp&#8221; add_icon=&#8221;true&#8221; css=&#8221;.vc_custom_1559771208544{padding-top: 0px !important;padding-right: 0px !important;padding-bottom: 0px !important;padding-left: 0px !important;}&#8221; link=&#8221;url:https%3A%2F%2Fwww.promotienda.es%2Fpt-pt%2Ftablets-android%2F|title:Tablets%20Android||&#8221;]\t\t<\/div><\/div>[\/vc_column][vc_column width=&#8221;1\/4&#8243;]<div class=\"ult-content-box-container \" >\t\t<div class=\"ult-content-box\" style=\"background-color:#254598;box-shadow: px px px px #f7f7f7 none;padding-top:20px;padding-right:20px;padding-bottom:10px;padding-left:20px;-webkit-transition: all 700ms ease;-moz-transition: all 700ms ease;-ms-transition: all 700ms ease;-o-transition: all 700ms ease;transition: all 700ms ease;\"  data-hover_box_shadow=\"none\"     data-bg=\"#254598\" >[vc_custom_heading text=&#8221;Telas Android&#8221; font_container=&#8221;tag:h2|font_size:19px|text_align:left|color:%23ffffff&#8221; google_fonts=&#8221;font_family:Open%20Sans%3A300%2C300italic%2Cregular%2Citalic%2C600%2C600italic%2C700%2C700italic%2C800%2C800italic|font_style:400%20regular%3A400%3Anormal&#8221;][vc_separator color=&#8221;white&#8221; css=&#8221;.vc_custom_1489951544623{margin-top: 10px !important;margin-bottom: 10px !important;padding-top: 0px !important;padding-bottom: 0px !important;}&#8221;][vc_column_text el_class=&#8221;blanco&#8221;]N\u00e3o-t\u00e1til telas de publicidade com Android e hardware projetado especificamente para uso comercial.[\/vc_column_text][vc_btn title=&#8221;MAIS INFORMA\u00c7\u00d5ES&#8221; style=&#8221;outline&#8221; shape=&#8221;square&#8221; color=&#8221;white&#8221; align=&#8221;center&#8221; i_icon_fontawesome=&#8221;fa fa-plus&#8221; css_animation=&#8221;fadeInUp&#8221; add_icon=&#8221;true&#8221; css=&#8221;.vc_custom_1559771233926{padding-top: 0px !important;padding-right: 0px !important;padding-bottom: 0px !important;padding-left: 0px !important;}&#8221; link=&#8221;url:https%3A%2F%2Fwww.promotienda.es%2Fpt-pt%2Ftelas-de-publicidade%2Ftelas-de-publicidade-android%2F|title:Telas%20de%20publicidade%20Android||&#8221;]\t\t<\/div><\/div>[\/vc_column][vc_column width=&#8221;1\/4&#8243;]<div class=\"ult-content-box-container \" >\t\t<div class=\"ult-content-box\" style=\"background-color:#254598;box-shadow: px px px px #f7f7f7 none;padding-top:20px;padding-right:20px;padding-bottom:10px;padding-left:20px;-webkit-transition: all 700ms ease;-moz-transition: all 700ms ease;-ms-transition: all 700ms ease;-o-transition: all 700ms ease;transition: all 700ms ease;\"  data-hover_box_shadow=\"none\"     data-bg=\"#254598\" >[vc_custom_heading text=&#8221;Software para ecr\u00e3s&#8221; font_container=&#8221;tag:h2|font_size:19px|text_align:left|color:%23ffffff&#8221; google_fonts=&#8221;font_family:Open%20Sans%3A300%2C300italic%2Cregular%2Citalic%2C600%2C600italic%2C700%2C700italic%2C800%2C800italic|font_style:400%20regular%3A400%3Anormal&#8221;][vc_separator color=&#8221;white&#8221; css=&#8221;.vc_custom_1489951544623{margin-top: 10px !important;margin-bottom: 10px !important;padding-top: 0px !important;padding-bottom: 0px !important;}&#8221;][vc_column_text el_class=&#8221;blanco&#8221;]Com o nosso software RDS voc\u00ea ser\u00e1 capaz de monitorar e gerenciar remotamente o conte\u00fado de suas telas nos pontos de venda.[\/vc_column_text][vc_btn title=&#8221;MAIS INFORMA\u00c7\u00d5ES&#8221; style=&#8221;outline&#8221; shape=&#8221;square&#8221; color=&#8221;white&#8221; align=&#8221;center&#8221; i_icon_fontawesome=&#8221;fa fa-plus&#8221; css_animation=&#8221;fadeInUp&#8221; add_icon=&#8221;true&#8221; css=&#8221;.vc_custom_1559771250921{padding-top: 0px !important;padding-right: 0px !important;padding-bottom: 0px !important;padding-left: 0px !important;}&#8221; link=&#8221;url:https%3A%2F%2Fwww.promotienda.es%2Fpt-pt%2Fsoftware-de-publicidade-em-tela-rds%2F|title:Software%20de%20publicidade%20em%20tela%20(RDS)||&#8221;]\t\t<\/div><\/div>[\/vc_column][\/vc_row][vc_row margin_top=&#8221;40px&#8221;][vc_column width=&#8221;1\/3&#8243;][vc_single_image image=&#8221;11655&#8243; img_size=&#8221;full&#8221; alignment=&#8221;center&#8221; css_animation=&#8221;fadeInLeft&#8221; image_hovers=&#8221;false&#8221;][\/vc_column][vc_column width=&#8221;2\/3&#8243;][vc_column_text]<\/p>\n<h3 style=\"font-size: 24px;\">OFERECEMOS UM SERVI\u00c7O DE SINALIZA\u00c7\u00c3O DIGITAL COMPLETO<\/h3>\n<p>Recrutamento e gest\u00e3o (<a title=\"Aluguel de telas de publicidade\" href=\"https:\/\/www.promotienda.es\/pt-pt\/aluguel-de-telas-de-publicidade\/\">loca\u00e7\u00e3o de telas para publicidade<\/a> e <a title=\"Venda de telas de publicidade\" href=\"https:\/\/www.promotienda.es\/pt-pt\/venda-de-telas-de-publicidade\/\">Venda de telas publicit\u00e1rias<\/a>) de <strong>monitores de v\u00eddeo publicit\u00e1rios<\/strong> para Espanha e Portugal que inclui:<\/p>\n<p><strong>Log\u00edstica integral:<\/strong><\/p>\n<ul>\n<li>Despacho do equipamento e coordena\u00e7\u00e3o com o gerente de ponto de venda (GPV) para a montagem e start up dos videomonitors.<\/li>\n<li>Servi\u00e7o de acompanhamento exaustivo para cada a\u00e7\u00e3o.<\/li>\n<li>Controle total atrav\u00e9s da submiss\u00e3o peri\u00f3dica do status.<\/li>\n<li>Manuten\u00e7\u00e3o t\u00e9cnica em 24 h. Dos monitores de v\u00eddeo publicit\u00e1rios no ponto de venda.<\/li>\n<\/ul>\n<p>[\/vc_column_text][\/vc_column][\/vc_row][vc_row margin_top=&#8221;20px&#8221;][vc_column width=&#8221;2\/3&#8243;][vc_column_text]<\/p>\n<h3 style=\"font-size: 24px;\">N\u00d3S CUIDAMOS DO PROCESSO DO IN\u00cdCIO AO FIM<\/h3>\n<ul>\n<li>Edi\u00e7\u00e3o original Spot.<\/li>\n<li>Realiza\u00e7\u00e3o do Master sem fim e cria\u00e7\u00e3o de duplicatas de cart\u00e3o de mem\u00f3ria SD\/CF.<\/li>\n<li>Embarque de equipamentos com anteced\u00eancia de 4-5 dias.<\/li>\n<li>Confirma\u00e7\u00e3o da recep\u00e7\u00e3o no ponto de venda.<\/li>\n<li>Monitoramento da instala\u00e7\u00e3o e correta start-up dos monitores de v\u00eddeo publicit\u00e1rios.<\/li>\n<li>Coleta do equipamento no final da a\u00e7\u00e3o promocional.<\/li>\n<\/ul>\n<p>[\/vc_column_text][\/vc_column][vc_column width=&#8221;1\/3&#8243;][vc_single_image image=&#8221;5876&#8243; img_size=&#8221;full&#8221; alignment=&#8221;center&#8221; css_animation=&#8221;fadeInRight&#8221; image_hovers=&#8221;false&#8221; lazy_loading=&#8221;true&#8221;][\/vc_column][\/vc_row]<\/p>\n<\/section>","protected":false},"excerpt":{"rendered":"<p>[vc_row margin_bottom=&#8221;0px&#8221; css=&#8221;.vc_custom_1489923382823{margin-bottom: 0px !important;}&#8221;][vc_column][rev_slider_vc alias=&#8221;home2019_pt&#8221;][\/vc_column][\/vc_row][vc_row type=&#8221;1&#8243; margin_top=&#8221;0px&#8221; padding_top=&#8221;0px&#8221; bg_color=&#8221;#fbfbfb&#8221; css=&#8221;.vc_custom_1489923373517{background-color: #e5e5e5 !important;}&#8221;][vc_column][vc_row_inner content_placement=&#8221;middle&#8221; css=&#8221;.vc_custom_1489706296229{margin-top: 20px !important;}&#8221;][vc_column_inner width=&#8221;3\/4&#8243;][vc_column_text css=&#8221;.vc_custom_1489706374775{margin-bottom: 0px !important;padding-bottom: 0px !important;}&#8221;] TELAS PUBLICIT\u00c1RIAS NO PONTO DE VENDA. SINALIZA\u00c7\u00c3O DIGITAL Promotienda oferece aos seus clientes uma ampla gama de telas de publicidade profissional com imagem de alta qualidade, v\u00eddeo e jogadores de som e&hellip;<\/p>\n","protected":false},"author":1,"featured_media":0,"parent":0,"menu_order":1,"comment_status":"closed","ping_status":"closed","template":"","meta":{"ngg_post_thumbnail":0},"yoast_head":"<!-- This site is optimized with the Yoast SEO plugin v20.3 - https:\/\/yoast.com\/wordpress\/plugins\/seo\/ -->\n<title>Loca\u00e7\u00e3o de telas publicit\u00e1rias no ponto de venda | Equipamento de sinaliza\u00e7\u00e3o digital | Lcd<\/title>\n<meta name=\"description\" content=\"Loca\u00e7\u00e3o de telas publicit\u00e1rias para o ponto de venda. Aumente suas vendas, fidelize seus clientes e consolide sua marca. Aprenda agora!\" \/>\n<meta name=\"robots\" content=\"index, follow, max-snippet:-1, max-image-preview:large, max-video-preview:-1\" \/>\n<link rel=\"canonical\" href=\"https:\/\/www.promotienda.es\/pt-pt\/\" \/>\n<meta property=\"og:locale\" content=\"pt_PT\" \/>\n<meta property=\"og:type\" content=\"article\" \/>\n<meta property=\"og:title\" content=\"Loca\u00e7\u00e3o de telas publicit\u00e1rias no ponto de venda | Equipamento de sinaliza\u00e7\u00e3o digital | Lcd\" \/>\n<meta property=\"og:description\" content=\"Loca\u00e7\u00e3o de telas publicit\u00e1rias para o ponto de venda. Aumente suas vendas, fidelize seus clientes e consolide sua marca. Aprenda agora!\" \/>\n<meta property=\"og:url\" content=\"https:\/\/www.promotienda.es\/pt-pt\/\" \/>\n<meta property=\"og:site_name\" content=\"Promotienda\" \/>\n<meta property=\"article:modified_time\" content=\"2026-03-16T14:24:37+00:00\" \/>\n<meta name=\"twitter:card\" content=\"summary_large_image\" \/>\n<meta name=\"twitter:label1\" content=\"Tempo estimado de leitura\" \/>\n\t<meta name=\"twitter:data1\" content=\"3 minutos\" \/>\n<script type=\"application\/ld+json\" class=\"yoast-schema-graph\">{\"@context\":\"https:\/\/schema.org\",\"@graph\":[{\"@type\":\"WebPage\",\"@id\":\"https:\/\/www.promotienda.es\/pt-pt\/\",\"url\":\"https:\/\/www.promotienda.es\/pt-pt\/\",\"name\":\"Loca\u00e7\u00e3o de telas publicit\u00e1rias no ponto de venda | Equipamento de sinaliza\u00e7\u00e3o digital | Lcd\",\"isPartOf\":{\"@id\":\"https:\/\/www.promotienda.es\/en\/#website\"},\"datePublished\":\"2019-05-27T10:58:55+00:00\",\"dateModified\":\"2026-03-16T14:24:37+00:00\",\"description\":\"Loca\u00e7\u00e3o de telas publicit\u00e1rias para o ponto de venda. Aumente suas vendas, fidelize seus clientes e consolide sua marca. Aprenda agora!\",\"breadcrumb\":{\"@id\":\"https:\/\/www.promotienda.es\/pt-pt\/#breadcrumb\"},\"inLanguage\":\"pt-PT\",\"potentialAction\":[{\"@type\":\"ReadAction\",\"target\":[\"https:\/\/www.promotienda.es\/pt-pt\/\"]}]},{\"@type\":\"BreadcrumbList\",\"@id\":\"https:\/\/www.promotienda.es\/pt-pt\/#breadcrumb\",\"itemListElement\":[{\"@type\":\"ListItem\",\"position\":1,\"name\":\"Portada\",\"item\":\"https:\/\/www.promotienda.es\/pt-pt\/\"},{\"@type\":\"ListItem\",\"position\":2,\"name\":\"Casa\"}]},{\"@type\":\"WebSite\",\"@id\":\"https:\/\/www.promotienda.es\/en\/#website\",\"url\":\"https:\/\/www.promotienda.es\/en\/\",\"name\":\"Promotienda\",\"description\":\"\",\"potentialAction\":[{\"@type\":\"SearchAction\",\"target\":{\"@type\":\"EntryPoint\",\"urlTemplate\":\"https:\/\/www.promotienda.es\/en\/?s={search_term_string}\"},\"query-input\":\"required name=search_term_string\"}],\"inLanguage\":\"pt-PT\"}]}<\/script>\n<!-- \/ Yoast SEO plugin. -->","yoast_head_json":{"title":"Loca\u00e7\u00e3o de telas publicit\u00e1rias no ponto de venda | Equipamento de sinaliza\u00e7\u00e3o digital | Lcd","description":"Loca\u00e7\u00e3o de telas publicit\u00e1rias para o ponto de venda. Aumente suas vendas, fidelize seus clientes e consolide sua marca. Aprenda agora!","robots":{"index":"index","follow":"follow","max-snippet":"max-snippet:-1","max-image-preview":"max-image-preview:large","max-video-preview":"max-video-preview:-1"},"canonical":"https:\/\/www.promotienda.es\/pt-pt\/","og_locale":"pt_PT","og_type":"article","og_title":"Loca\u00e7\u00e3o de telas publicit\u00e1rias no ponto de venda | Equipamento de sinaliza\u00e7\u00e3o digital | Lcd","og_description":"Loca\u00e7\u00e3o de telas publicit\u00e1rias para o ponto de venda. Aumente suas vendas, fidelize seus clientes e consolide sua marca. Aprenda agora!","og_url":"https:\/\/www.promotienda.es\/pt-pt\/","og_site_name":"Promotienda","article_modified_time":"2026-03-16T14:24:37+00:00","twitter_card":"summary_large_image","twitter_misc":{"Tempo estimado de leitura":"3 minutos"},"schema":{"@context":"https:\/\/schema.org","@graph":[{"@type":"WebPage","@id":"https:\/\/www.promotienda.es\/pt-pt\/","url":"https:\/\/www.promotienda.es\/pt-pt\/","name":"Loca\u00e7\u00e3o de telas publicit\u00e1rias no ponto de venda | Equipamento de sinaliza\u00e7\u00e3o digital | Lcd","isPartOf":{"@id":"https:\/\/www.promotienda.es\/en\/#website"},"datePublished":"2019-05-27T10:58:55+00:00","dateModified":"2026-03-16T14:24:37+00:00","description":"Loca\u00e7\u00e3o de telas publicit\u00e1rias para o ponto de venda. Aumente suas vendas, fidelize seus clientes e consolide sua marca. Aprenda agora!","breadcrumb":{"@id":"https:\/\/www.promotienda.es\/pt-pt\/#breadcrumb"},"inLanguage":"pt-PT","potentialAction":[{"@type":"ReadAction","target":["https:\/\/www.promotienda.es\/pt-pt\/"]}]},{"@type":"BreadcrumbList","@id":"https:\/\/www.promotienda.es\/pt-pt\/#breadcrumb","itemListElement":[{"@type":"ListItem","position":1,"name":"Portada","item":"https:\/\/www.promotienda.es\/pt-pt\/"},{"@type":"ListItem","position":2,"name":"Casa"}]},{"@type":"WebSite","@id":"https:\/\/www.promotienda.es\/en\/#website","url":"https:\/\/www.promotienda.es\/en\/","name":"Promotienda","description":"","potentialAction":[{"@type":"SearchAction","target":{"@type":"EntryPoint","urlTemplate":"https:\/\/www.promotienda.es\/en\/?s={search_term_string}"},"query-input":"required name=search_term_string"}],"inLanguage":"pt-PT"}]}},"_links":{"self":[{"href":"https:\/\/www.promotienda.es\/pt-pt\/wp-json\/wp\/v2\/pages\/5875"}],"collection":[{"href":"https:\/\/www.promotienda.es\/pt-pt\/wp-json\/wp\/v2\/pages"}],"about":[{"href":"https:\/\/www.promotienda.es\/pt-pt\/wp-json\/wp\/v2\/types\/page"}],"author":[{"embeddable":true,"href":"https:\/\/www.promotienda.es\/pt-pt\/wp-json\/wp\/v2\/users\/1"}],"replies":[{"embeddable":true,"href":"https:\/\/www.promotienda.es\/pt-pt\/wp-json\/wp\/v2\/comments?post=5875"}],"version-history":[{"count":10,"href":"https:\/\/www.promotienda.es\/pt-pt\/wp-json\/wp\/v2\/pages\/5875\/revisions"}],"predecessor-version":[{"id":11657,"href":"https:\/\/www.promotienda.es\/pt-pt\/wp-json\/wp\/v2\/pages\/5875\/revisions\/11657"}],"wp:attachment":[{"href":"https:\/\/www.promotienda.es\/pt-pt\/wp-json\/wp\/v2\/media?parent=5875"}],"curies":[{"name":"wp","href":"https:\/\/api.w.org\/{rel}","templated":true}]}}