{"id":5886,"date":"2019-05-27T12:59:37","date_gmt":"2019-05-27T10:59:37","guid":{"rendered":"https:\/\/www.promotienda.es\/servicos-e-produtos\/"},"modified":"2019-05-27T12:59:40","modified_gmt":"2019-05-27T10:59:40","slug":"servicos-e-produtos","status":"publish","type":"page","link":"https:\/\/www.promotienda.es\/pt-pt\/servicos-e-produtos\/","title":{"rendered":"Servi\u00e7os e produtos"},"content":{"rendered":"<section class=\"wpb-content-wrapper\"><p>[vc_row][vc_column][vc_column_text]<strong>Promotienda<\/strong> oferece um servi\u00e7o para<strong> dinamizar o ponto de venda<\/strong> atrav\u00e9s de uma gama completa de<strong> monitores<\/strong>de v\u00eddeo de publicidade.<\/p>\n<p>Nosso esfor\u00e7o visa aumentar a presen\u00e7a de marcas no momento da compra e, assim, gerar um aumento nas vendas<\/p>\n<p>A nossa longa experi\u00eancia audiovisual, primeiro com equipamento VHS e depois com o DVD, faz-nos apresentar na vanguarda da inova\u00e7\u00e3o e das novas tecnologias com o nosso <strong>moderno e vers\u00e1til equipamento TFT<\/strong>.[\/vc_column_text][\/vc_column][\/vc_row]<\/p>\n<\/section>","protected":false},"excerpt":{"rendered":"<p>[vc_row][vc_column][vc_column_text]Promotienda oferece um servi\u00e7o para dinamizar o ponto de venda atrav\u00e9s de uma gama completa de monitoresde v\u00eddeo de publicidade. Nosso esfor\u00e7o visa aumentar a presen\u00e7a de marcas no momento da compra e, assim, gerar um aumento nas vendas A nossa longa experi\u00eancia audiovisual, primeiro com equipamento VHS e depois com o DVD, faz-nos apresentar&hellip;<\/p>\n","protected":false},"author":1,"featured_media":0,"parent":0,"menu_order":2,"comment_status":"closed","ping_status":"closed","template":"","meta":{"ngg_post_thumbnail":0},"yoast_head":"<!-- This site is optimized with the Yoast SEO plugin v20.3 - https:\/\/yoast.com\/wordpress\/plugins\/seo\/ -->\n<title>Servi\u00e7os e produtos: aluguel de exibi\u00e7\u00e3o de publicidade-Promotienda<\/title>\n<meta name=\"description\" content=\"Mais de 25 anos especializando-se na venda e loca\u00e7\u00e3o de telas publicit\u00e1rias. Descubra todas as vantagens da sinaliza\u00e7\u00e3o digital. Fale conosco\" \/>\n<meta name=\"robots\" content=\"index, follow, max-snippet:-1, max-image-preview:large, max-video-preview:-1\" \/>\n<link rel=\"canonical\" href=\"https:\/\/www.promotienda.es\/pt-pt\/servicos-e-produtos\/\" \/>\n<meta property=\"og:locale\" content=\"pt_PT\" \/>\n<meta property=\"og:type\" content=\"article\" \/>\n<meta property=\"og:title\" content=\"Servi\u00e7os e produtos: aluguel de exibi\u00e7\u00e3o de publicidade-Promotienda\" \/>\n<meta property=\"og:description\" content=\"Mais de 25 anos especializando-se na venda e loca\u00e7\u00e3o de telas publicit\u00e1rias. Descubra todas as vantagens da sinaliza\u00e7\u00e3o digital. Fale conosco\" \/>\n<meta property=\"og:url\" content=\"https:\/\/www.promotienda.es\/pt-pt\/servicos-e-produtos\/\" \/>\n<meta property=\"og:site_name\" content=\"Promotienda\" \/>\n<meta property=\"article:modified_time\" content=\"2019-05-27T10:59:40+00:00\" \/>\n<meta name=\"twitter:card\" content=\"summary_large_image\" \/>\n<script type=\"application\/ld+json\" class=\"yoast-schema-graph\">{\"@context\":\"https:\/\/schema.org\",\"@graph\":[{\"@type\":\"WebPage\",\"@id\":\"https:\/\/www.promotienda.es\/pt-pt\/servicos-e-produtos\/\",\"url\":\"https:\/\/www.promotienda.es\/pt-pt\/servicos-e-produtos\/\",\"name\":\"Servi\u00e7os e produtos: aluguel de exibi\u00e7\u00e3o de publicidade-Promotienda\",\"isPartOf\":{\"@id\":\"https:\/\/www.promotienda.es\/en\/#website\"},\"datePublished\":\"2019-05-27T10:59:37+00:00\",\"dateModified\":\"2019-05-27T10:59:40+00:00\",\"description\":\"Mais de 25 anos especializando-se na venda e loca\u00e7\u00e3o de telas publicit\u00e1rias. Descubra todas as vantagens da sinaliza\u00e7\u00e3o digital. Fale conosco\",\"breadcrumb\":{\"@id\":\"https:\/\/www.promotienda.es\/pt-pt\/servicos-e-produtos\/#breadcrumb\"},\"inLanguage\":\"pt-PT\",\"potentialAction\":[{\"@type\":\"ReadAction\",\"target\":[\"https:\/\/www.promotienda.es\/pt-pt\/servicos-e-produtos\/\"]}]},{\"@type\":\"BreadcrumbList\",\"@id\":\"https:\/\/www.promotienda.es\/pt-pt\/servicos-e-produtos\/#breadcrumb\",\"itemListElement\":[{\"@type\":\"ListItem\",\"position\":1,\"name\":\"Portada\",\"item\":\"https:\/\/www.promotienda.es\/pt-pt\/\"},{\"@type\":\"ListItem\",\"position\":2,\"name\":\"Servi\u00e7os e produtos\"}]},{\"@type\":\"WebSite\",\"@id\":\"https:\/\/www.promotienda.es\/en\/#website\",\"url\":\"https:\/\/www.promotienda.es\/en\/\",\"name\":\"Promotienda\",\"description\":\"\",\"potentialAction\":[{\"@type\":\"SearchAction\",\"target\":{\"@type\":\"EntryPoint\",\"urlTemplate\":\"https:\/\/www.promotienda.es\/en\/?s={search_term_string}\"},\"query-input\":\"required name=search_term_string\"}],\"inLanguage\":\"pt-PT\"}]}<\/script>\n<!-- \/ Yoast SEO plugin. -->","yoast_head_json":{"title":"Servi\u00e7os e produtos: aluguel de exibi\u00e7\u00e3o de publicidade-Promotienda","description":"Mais de 25 anos especializando-se na venda e loca\u00e7\u00e3o de telas publicit\u00e1rias. Descubra todas as vantagens da sinaliza\u00e7\u00e3o digital. Fale conosco","robots":{"index":"index","follow":"follow","max-snippet":"max-snippet:-1","max-image-preview":"max-image-preview:large","max-video-preview":"max-video-preview:-1"},"canonical":"https:\/\/www.promotienda.es\/pt-pt\/servicos-e-produtos\/","og_locale":"pt_PT","og_type":"article","og_title":"Servi\u00e7os e produtos: aluguel de exibi\u00e7\u00e3o de publicidade-Promotienda","og_description":"Mais de 25 anos especializando-se na venda e loca\u00e7\u00e3o de telas publicit\u00e1rias. Descubra todas as vantagens da sinaliza\u00e7\u00e3o digital. Fale conosco","og_url":"https:\/\/www.promotienda.es\/pt-pt\/servicos-e-produtos\/","og_site_name":"Promotienda","article_modified_time":"2019-05-27T10:59:40+00:00","twitter_card":"summary_large_image","schema":{"@context":"https:\/\/schema.org","@graph":[{"@type":"WebPage","@id":"https:\/\/www.promotienda.es\/pt-pt\/servicos-e-produtos\/","url":"https:\/\/www.promotienda.es\/pt-pt\/servicos-e-produtos\/","name":"Servi\u00e7os e produtos: aluguel de exibi\u00e7\u00e3o de publicidade-Promotienda","isPartOf":{"@id":"https:\/\/www.promotienda.es\/en\/#website"},"datePublished":"2019-05-27T10:59:37+00:00","dateModified":"2019-05-27T10:59:40+00:00","description":"Mais de 25 anos especializando-se na venda e loca\u00e7\u00e3o de telas publicit\u00e1rias. Descubra todas as vantagens da sinaliza\u00e7\u00e3o digital. Fale conosco","breadcrumb":{"@id":"https:\/\/www.promotienda.es\/pt-pt\/servicos-e-produtos\/#breadcrumb"},"inLanguage":"pt-PT","potentialAction":[{"@type":"ReadAction","target":["https:\/\/www.promotienda.es\/pt-pt\/servicos-e-produtos\/"]}]},{"@type":"BreadcrumbList","@id":"https:\/\/www.promotienda.es\/pt-pt\/servicos-e-produtos\/#breadcrumb","itemListElement":[{"@type":"ListItem","position":1,"name":"Portada","item":"https:\/\/www.promotienda.es\/pt-pt\/"},{"@type":"ListItem","position":2,"name":"Servi\u00e7os e produtos"}]},{"@type":"WebSite","@id":"https:\/\/www.promotienda.es\/en\/#website","url":"https:\/\/www.promotienda.es\/en\/","name":"Promotienda","description":"","potentialAction":[{"@type":"SearchAction","target":{"@type":"EntryPoint","urlTemplate":"https:\/\/www.promotienda.es\/en\/?s={search_term_string}"},"query-input":"required name=search_term_string"}],"inLanguage":"pt-PT"}]}},"_links":{"self":[{"href":"https:\/\/www.promotienda.es\/pt-pt\/wp-json\/wp\/v2\/pages\/5886"}],"collection":[{"href":"https:\/\/www.promotienda.es\/pt-pt\/wp-json\/wp\/v2\/pages"}],"about":[{"href":"https:\/\/www.promotienda.es\/pt-pt\/wp-json\/wp\/v2\/types\/page"}],"author":[{"embeddable":true,"href":"https:\/\/www.promotienda.es\/pt-pt\/wp-json\/wp\/v2\/users\/1"}],"replies":[{"embeddable":true,"href":"https:\/\/www.promotienda.es\/pt-pt\/wp-json\/wp\/v2\/comments?post=5886"}],"version-history":[{"count":1,"href":"https:\/\/www.promotienda.es\/pt-pt\/wp-json\/wp\/v2\/pages\/5886\/revisions"}],"predecessor-version":[{"id":5887,"href":"https:\/\/www.promotienda.es\/pt-pt\/wp-json\/wp\/v2\/pages\/5886\/revisions\/5887"}],"wp:attachment":[{"href":"https:\/\/www.promotienda.es\/pt-pt\/wp-json\/wp\/v2\/media?parent=5886"}],"curies":[{"name":"wp","href":"https:\/\/api.w.org\/{rel}","templated":true}]}}