{"id":5890,"date":"2019-05-27T13:35:33","date_gmt":"2019-05-27T11:35:33","guid":{"rendered":"https:\/\/www.promotienda.es\/servicos-e-produtos\/venda-de-telas-de-publicidade\/"},"modified":"2019-06-05T23:50:25","modified_gmt":"2019-06-05T21:50:25","slug":"venda-de-telas-de-publicidade","status":"publish","type":"page","link":"https:\/\/www.promotienda.es\/pt-pt\/venda-de-telas-de-publicidade\/","title":{"rendered":"Venda de telas de publicidade"},"content":{"rendered":"<section class=\"wpb-content-wrapper\"><p>[vc_row][vc_column][vc_column_text]<strong>PromoTienda<\/strong>, al\u00e9m do <a title=\"alquiler de pantallas LCD publicitarias\" href=\"https:\/\/www.promotienda.es\/pt-pt\/aluguel-de-telas-de-publicidade\/\">aluguer de telas de publicidade LCD<\/a>,\u00a0oferece-lhe a possibilidade de comprar o equipamento (venda de telas de publicidade) a pre\u00e7os muito competitivos.<\/p>\n<p>A venda de telas publicit\u00e1rias permite, se desejar, contratar nosso <strong>servi\u00e7o de manuten\u00e7\u00e3o t\u00e9cnica e log\u00edstica integral no ponto de venda. <\/strong>.<\/p>\n<ul>\n<li>Garantia ilimitada do equipamento e substitui\u00e7\u00e3o completa do equipamento quando necess\u00e1rio.<\/li>\n<li>Coordena\u00e7\u00e3o com a pessoa encarregada do ponto de instala\u00e7\u00e3o, para a sua partida e retirada no per\u00edodo de promo\u00e7\u00e3o acordado.<\/li>\n<li>Monitoriza\u00e7\u00e3o do correcto funcionamento do equipamento.<\/li>\n<li>Substitui\u00e7\u00e3o imediata do equipamento em caso de avaria.<\/li>\n<li>Armazenamento e revis\u00e3o t\u00e9cnica em per\u00edodos de n\u00e3o utiliza\u00e7\u00e3o.<\/li>\n<li>Limpeza, ajuste ou substitui\u00e7\u00e3o de elementos sens\u00edveis ao dano.<\/li>\n<li>Repara\u00e7\u00e3o de equipamentos danificados (pe\u00e7as sobressalentes inclu\u00eddas).<\/li>\n<li>Envio peri\u00f3dico de listagens do Excel com localiza\u00e7\u00e3o f\u00edsica, promo\u00e7\u00e3o ativa e status da equipe.<\/li>\n<\/ul>\n<p>Solicite uma cota\u00e7\u00e3o para a compra de<strong> telas de publicidade<\/strong>.<\/p>\n<p><strong>Baixe<\/strong>\u00a0o nosso cat\u00e1logo em formato PDF <a href=\"http:\/\/www.promotienda.es\/pdf\/catalogo-promotienda.pdf\" target=\"_blank\" rel=\"noopener noreferrer\">clicando aqui<\/a>.[\/vc_column_text][\/vc_column][\/vc_row]<\/p>\n<\/section>","protected":false},"excerpt":{"rendered":"<p>[vc_row][vc_column][vc_column_text]PromoTienda, al\u00e9m do aluguer de telas de publicidade LCD,\u00a0oferece-lhe a possibilidade de comprar o equipamento (venda de telas de publicidade) a pre\u00e7os muito competitivos. A venda de telas publicit\u00e1rias permite, se desejar, contratar nosso servi\u00e7o de manuten\u00e7\u00e3o t\u00e9cnica e log\u00edstica integral no ponto de venda. . Garantia ilimitada do equipamento e substitui\u00e7\u00e3o completa do equipamento&hellip;<\/p>\n","protected":false},"author":1,"featured_media":0,"parent":5886,"menu_order":1,"comment_status":"closed","ping_status":"closed","template":"","meta":{"ngg_post_thumbnail":0},"yoast_head":"<!-- This site is optimized with the Yoast SEO plugin v20.3 - https:\/\/yoast.com\/wordpress\/plugins\/seo\/ -->\n<title>Comprar telas de publicidade, venda de telas de publicidade - Promotienda<\/title>\n<meta name=\"description\" content=\"Comprar telas de publicidade ir\u00e1 ajud\u00e1-lo a aumentar as vendas do seu neg\u00f3cio.\" \/>\n<meta name=\"robots\" content=\"index, follow, max-snippet:-1, max-image-preview:large, max-video-preview:-1\" \/>\n<link rel=\"canonical\" href=\"https:\/\/www.promotienda.es\/pt-pt\/venda-de-telas-de-publicidade\/\" \/>\n<meta property=\"og:locale\" content=\"pt_PT\" \/>\n<meta property=\"og:type\" content=\"article\" \/>\n<meta property=\"og:title\" content=\"Comprar telas de publicidade, venda de telas de publicidade - Promotienda\" \/>\n<meta property=\"og:description\" content=\"Comprar telas de publicidade ir\u00e1 ajud\u00e1-lo a aumentar as vendas do seu neg\u00f3cio.\" \/>\n<meta property=\"og:url\" content=\"https:\/\/www.promotienda.es\/pt-pt\/venda-de-telas-de-publicidade\/\" \/>\n<meta property=\"og:site_name\" content=\"Promotienda\" \/>\n<meta property=\"article:modified_time\" content=\"2019-06-05T21:50:25+00:00\" \/>\n<meta name=\"twitter:card\" content=\"summary_large_image\" \/>\n<meta name=\"twitter:label1\" content=\"Tempo estimado de leitura\" \/>\n\t<meta name=\"twitter:data1\" content=\"1 minuto\" \/>\n<script type=\"application\/ld+json\" class=\"yoast-schema-graph\">{\"@context\":\"https:\/\/schema.org\",\"@graph\":[{\"@type\":\"WebPage\",\"@id\":\"https:\/\/www.promotienda.es\/pt-pt\/venda-de-telas-de-publicidade\/\",\"url\":\"https:\/\/www.promotienda.es\/pt-pt\/venda-de-telas-de-publicidade\/\",\"name\":\"Comprar telas de publicidade, venda de telas de publicidade - Promotienda\",\"isPartOf\":{\"@id\":\"https:\/\/www.promotienda.es\/en\/#website\"},\"datePublished\":\"2019-05-27T11:35:33+00:00\",\"dateModified\":\"2019-06-05T21:50:25+00:00\",\"description\":\"Comprar telas de publicidade ir\u00e1 ajud\u00e1-lo a aumentar as vendas do seu neg\u00f3cio.\",\"breadcrumb\":{\"@id\":\"https:\/\/www.promotienda.es\/pt-pt\/venda-de-telas-de-publicidade\/#breadcrumb\"},\"inLanguage\":\"pt-PT\",\"potentialAction\":[{\"@type\":\"ReadAction\",\"target\":[\"https:\/\/www.promotienda.es\/pt-pt\/venda-de-telas-de-publicidade\/\"]}]},{\"@type\":\"BreadcrumbList\",\"@id\":\"https:\/\/www.promotienda.es\/pt-pt\/venda-de-telas-de-publicidade\/#breadcrumb\",\"itemListElement\":[{\"@type\":\"ListItem\",\"position\":1,\"name\":\"Portada\",\"item\":\"https:\/\/www.promotienda.es\/pt-pt\/\"},{\"@type\":\"ListItem\",\"position\":2,\"name\":\"Servi\u00e7os e produtos\",\"item\":\"https:\/\/www.promotienda.es\/pt-pt\/servicos-e-produtos\/\"},{\"@type\":\"ListItem\",\"position\":3,\"name\":\"Venda de telas de publicidade\"}]},{\"@type\":\"WebSite\",\"@id\":\"https:\/\/www.promotienda.es\/en\/#website\",\"url\":\"https:\/\/www.promotienda.es\/en\/\",\"name\":\"Promotienda\",\"description\":\"\",\"potentialAction\":[{\"@type\":\"SearchAction\",\"target\":{\"@type\":\"EntryPoint\",\"urlTemplate\":\"https:\/\/www.promotienda.es\/en\/?s={search_term_string}\"},\"query-input\":\"required name=search_term_string\"}],\"inLanguage\":\"pt-PT\"}]}<\/script>\n<!-- \/ Yoast SEO plugin. -->","yoast_head_json":{"title":"Comprar telas de publicidade, venda de telas de publicidade - Promotienda","description":"Comprar telas de publicidade ir\u00e1 ajud\u00e1-lo a aumentar as vendas do seu neg\u00f3cio.","robots":{"index":"index","follow":"follow","max-snippet":"max-snippet:-1","max-image-preview":"max-image-preview:large","max-video-preview":"max-video-preview:-1"},"canonical":"https:\/\/www.promotienda.es\/pt-pt\/venda-de-telas-de-publicidade\/","og_locale":"pt_PT","og_type":"article","og_title":"Comprar telas de publicidade, venda de telas de publicidade - Promotienda","og_description":"Comprar telas de publicidade ir\u00e1 ajud\u00e1-lo a aumentar as vendas do seu neg\u00f3cio.","og_url":"https:\/\/www.promotienda.es\/pt-pt\/venda-de-telas-de-publicidade\/","og_site_name":"Promotienda","article_modified_time":"2019-06-05T21:50:25+00:00","twitter_card":"summary_large_image","twitter_misc":{"Tempo estimado de leitura":"1 minuto"},"schema":{"@context":"https:\/\/schema.org","@graph":[{"@type":"WebPage","@id":"https:\/\/www.promotienda.es\/pt-pt\/venda-de-telas-de-publicidade\/","url":"https:\/\/www.promotienda.es\/pt-pt\/venda-de-telas-de-publicidade\/","name":"Comprar telas de publicidade, venda de telas de publicidade - Promotienda","isPartOf":{"@id":"https:\/\/www.promotienda.es\/en\/#website"},"datePublished":"2019-05-27T11:35:33+00:00","dateModified":"2019-06-05T21:50:25+00:00","description":"Comprar telas de publicidade ir\u00e1 ajud\u00e1-lo a aumentar as vendas do seu neg\u00f3cio.","breadcrumb":{"@id":"https:\/\/www.promotienda.es\/pt-pt\/venda-de-telas-de-publicidade\/#breadcrumb"},"inLanguage":"pt-PT","potentialAction":[{"@type":"ReadAction","target":["https:\/\/www.promotienda.es\/pt-pt\/venda-de-telas-de-publicidade\/"]}]},{"@type":"BreadcrumbList","@id":"https:\/\/www.promotienda.es\/pt-pt\/venda-de-telas-de-publicidade\/#breadcrumb","itemListElement":[{"@type":"ListItem","position":1,"name":"Portada","item":"https:\/\/www.promotienda.es\/pt-pt\/"},{"@type":"ListItem","position":2,"name":"Servi\u00e7os e produtos","item":"https:\/\/www.promotienda.es\/pt-pt\/servicos-e-produtos\/"},{"@type":"ListItem","position":3,"name":"Venda de telas de publicidade"}]},{"@type":"WebSite","@id":"https:\/\/www.promotienda.es\/en\/#website","url":"https:\/\/www.promotienda.es\/en\/","name":"Promotienda","description":"","potentialAction":[{"@type":"SearchAction","target":{"@type":"EntryPoint","urlTemplate":"https:\/\/www.promotienda.es\/en\/?s={search_term_string}"},"query-input":"required name=search_term_string"}],"inLanguage":"pt-PT"}]}},"_links":{"self":[{"href":"https:\/\/www.promotienda.es\/pt-pt\/wp-json\/wp\/v2\/pages\/5890"}],"collection":[{"href":"https:\/\/www.promotienda.es\/pt-pt\/wp-json\/wp\/v2\/pages"}],"about":[{"href":"https:\/\/www.promotienda.es\/pt-pt\/wp-json\/wp\/v2\/types\/page"}],"author":[{"embeddable":true,"href":"https:\/\/www.promotienda.es\/pt-pt\/wp-json\/wp\/v2\/users\/1"}],"replies":[{"embeddable":true,"href":"https:\/\/www.promotienda.es\/pt-pt\/wp-json\/wp\/v2\/comments?post=5890"}],"version-history":[{"count":3,"href":"https:\/\/www.promotienda.es\/pt-pt\/wp-json\/wp\/v2\/pages\/5890\/revisions"}],"predecessor-version":[{"id":9288,"href":"https:\/\/www.promotienda.es\/pt-pt\/wp-json\/wp\/v2\/pages\/5890\/revisions\/9288"}],"up":[{"embeddable":true,"href":"https:\/\/www.promotienda.es\/pt-pt\/wp-json\/wp\/v2\/pages\/5886"}],"wp:attachment":[{"href":"https:\/\/www.promotienda.es\/pt-pt\/wp-json\/wp\/v2\/media?parent=5890"}],"curies":[{"name":"wp","href":"https:\/\/api.w.org\/{rel}","templated":true}]}}