{"id":5892,"date":"2019-05-27T13:40:37","date_gmt":"2019-05-27T11:40:37","guid":{"rendered":"https:\/\/www.promotienda.es\/servicos-e-produtos\/aluguel-de-telas-de-publicidade\/"},"modified":"2019-06-05T23:51:05","modified_gmt":"2019-06-05T21:51:05","slug":"aluguel-de-telas-de-publicidade","status":"publish","type":"page","link":"https:\/\/www.promotienda.es\/pt-pt\/aluguel-de-telas-de-publicidade\/","title":{"rendered":"Aluguel de telas de publicidade"},"content":{"rendered":"<section class=\"wpb-content-wrapper\"><p>[vc_row][vc_column][vc_column_text]<strong>PromoTienda<\/strong>, al\u00e9m do <a title=\"venta pantallas LCD publicitarias\" href=\"https:\/\/www.promotienda.es\/pt-pt\/venda-de-telas-de-publicidade\/\" target=\"_blank\" rel=\"noopener noreferrer\">venda de publicidade LCD<\/a>, oferece-lhe a possibilidade de alugar o equipamento (aluguer de telas de publicidade) a pre\u00e7os muito competitivos, oferecendo uma ampla gama de monitores profissionais com jogadores de imagem, v\u00eddeo e Som de alt\u00edssimo qualidade e pronto para operar 24 horas 365 dias sem interrup\u00e7\u00f5es.<\/p>\n<p>Oferecemos um <strong>servi\u00e7o completo de contrata\u00e7\u00e3o e gest\u00e3o<\/strong> de monitores para Espanha e Portugal, que inclui:<\/p>\n<ul>\n<li>Log\u00edstica integral: Despacho do equipamento e coordena\u00e7\u00e3o com o gerente de ponto de venda (GPV) para a montagem e start-up.<\/li>\n<li>Servi\u00e7o de acompanhamento exaustivo para cada a\u00e7\u00e3o.<\/li>\n<li>Controle total atrav\u00e9s da submiss\u00e3o peri\u00f3dica do status.<\/li>\n<li>Manuten\u00e7\u00e3o t\u00e9cnica em 24 h.<\/li>\n<\/ul>\n<p><strong>N\u00f3s tamb\u00e9m cuidamos do processo do in\u00edcio ao fim<\/strong>:<\/p>\n<ul>\n<li>Edi\u00e7\u00e3o original Spot.<\/li>\n<li>Realiza\u00e7\u00e3o do Master sem fim e cria\u00e7\u00e3o de duplicatas de cart\u00e3o de mem\u00f3ria SD\/CF.<\/li>\n<li>Embarque de equipamentos com anteced\u00eancia de 4-5 dias.<\/li>\n<li>Confirma\u00e7\u00e3o da recep\u00e7\u00e3o no ponto de venda.<\/li>\n<li>Acompanhamento de instala\u00e7\u00e3o e arranque correcto.<\/li>\n<li>Coleta do equipamento no final da a\u00e7\u00e3o promocional.<\/li>\n<\/ul>\n<p>Solicite uma cota\u00e7\u00e3o para o aluguel de telas de publicidade LCD.<\/p>\n<p>Ou, se preferir,<\/p>\n<p>Fa\u00e7a o download do nosso cat\u00e1logo de telas de LCD de publicidade em formato PDF <a href=\"http:\/\/www.promotienda.es\/pdf\/catalogo-promotienda.pdf\">clicando aqui.<\/a>[\/vc_column_text][\/vc_column][\/vc_row]<\/p>\n<\/section>","protected":false},"excerpt":{"rendered":"<p>[vc_row][vc_column][vc_column_text]PromoTienda, al\u00e9m do venda de publicidade LCD, oferece-lhe a possibilidade de alugar o equipamento (aluguer de telas de publicidade) a pre\u00e7os muito competitivos, oferecendo uma ampla gama de monitores profissionais com jogadores de imagem, v\u00eddeo e Som de alt\u00edssimo qualidade e pronto para operar 24 horas 365 dias sem interrup\u00e7\u00f5es. Oferecemos um servi\u00e7o completo de&hellip;<\/p>\n","protected":false},"author":1,"featured_media":0,"parent":5886,"menu_order":2,"comment_status":"closed","ping_status":"closed","template":"","meta":{"ngg_post_thumbnail":0},"yoast_head":"<!-- This site is optimized with the Yoast SEO plugin v20.3 - https:\/\/yoast.com\/wordpress\/plugins\/seo\/ -->\n<title>Publicidade telas aluguer, publicidade telas aluguer - Promotienda<\/title>\n<meta name=\"description\" content=\"O aluguel de tela de publicidade permite que voc\u00ea Anuncie no ponto de venda efetivo e de baixo custo.\" \/>\n<meta name=\"robots\" content=\"index, follow, max-snippet:-1, max-image-preview:large, max-video-preview:-1\" \/>\n<link rel=\"canonical\" href=\"https:\/\/www.promotienda.es\/pt-pt\/aluguel-de-telas-de-publicidade\/\" \/>\n<meta property=\"og:locale\" content=\"pt_PT\" \/>\n<meta property=\"og:type\" content=\"article\" \/>\n<meta property=\"og:title\" content=\"Publicidade telas aluguer, publicidade telas aluguer - Promotienda\" \/>\n<meta property=\"og:description\" content=\"O aluguel de tela de publicidade permite que voc\u00ea Anuncie no ponto de venda efetivo e de baixo custo.\" \/>\n<meta property=\"og:url\" content=\"https:\/\/www.promotienda.es\/pt-pt\/aluguel-de-telas-de-publicidade\/\" \/>\n<meta property=\"og:site_name\" content=\"Promotienda\" \/>\n<meta property=\"article:modified_time\" content=\"2019-06-05T21:51:05+00:00\" \/>\n<meta name=\"twitter:card\" content=\"summary_large_image\" \/>\n<meta name=\"twitter:label1\" content=\"Tempo estimado de leitura\" \/>\n\t<meta name=\"twitter:data1\" content=\"1 minuto\" \/>\n<script type=\"application\/ld+json\" class=\"yoast-schema-graph\">{\"@context\":\"https:\/\/schema.org\",\"@graph\":[{\"@type\":\"WebPage\",\"@id\":\"https:\/\/www.promotienda.es\/pt-pt\/aluguel-de-telas-de-publicidade\/\",\"url\":\"https:\/\/www.promotienda.es\/pt-pt\/aluguel-de-telas-de-publicidade\/\",\"name\":\"Publicidade telas aluguer, publicidade telas aluguer - Promotienda\",\"isPartOf\":{\"@id\":\"https:\/\/www.promotienda.es\/en\/#website\"},\"datePublished\":\"2019-05-27T11:40:37+00:00\",\"dateModified\":\"2019-06-05T21:51:05+00:00\",\"description\":\"O aluguel de tela de publicidade permite que voc\u00ea Anuncie no ponto de venda efetivo e de baixo custo.\",\"breadcrumb\":{\"@id\":\"https:\/\/www.promotienda.es\/pt-pt\/aluguel-de-telas-de-publicidade\/#breadcrumb\"},\"inLanguage\":\"pt-PT\",\"potentialAction\":[{\"@type\":\"ReadAction\",\"target\":[\"https:\/\/www.promotienda.es\/pt-pt\/aluguel-de-telas-de-publicidade\/\"]}]},{\"@type\":\"BreadcrumbList\",\"@id\":\"https:\/\/www.promotienda.es\/pt-pt\/aluguel-de-telas-de-publicidade\/#breadcrumb\",\"itemListElement\":[{\"@type\":\"ListItem\",\"position\":1,\"name\":\"Portada\",\"item\":\"https:\/\/www.promotienda.es\/pt-pt\/\"},{\"@type\":\"ListItem\",\"position\":2,\"name\":\"Servi\u00e7os e produtos\",\"item\":\"https:\/\/www.promotienda.es\/pt-pt\/servicos-e-produtos\/\"},{\"@type\":\"ListItem\",\"position\":3,\"name\":\"Aluguel de telas de publicidade\"}]},{\"@type\":\"WebSite\",\"@id\":\"https:\/\/www.promotienda.es\/en\/#website\",\"url\":\"https:\/\/www.promotienda.es\/en\/\",\"name\":\"Promotienda\",\"description\":\"\",\"potentialAction\":[{\"@type\":\"SearchAction\",\"target\":{\"@type\":\"EntryPoint\",\"urlTemplate\":\"https:\/\/www.promotienda.es\/en\/?s={search_term_string}\"},\"query-input\":\"required name=search_term_string\"}],\"inLanguage\":\"pt-PT\"}]}<\/script>\n<!-- \/ Yoast SEO plugin. -->","yoast_head_json":{"title":"Publicidade telas aluguer, publicidade telas aluguer - Promotienda","description":"O aluguel de tela de publicidade permite que voc\u00ea Anuncie no ponto de venda efetivo e de baixo custo.","robots":{"index":"index","follow":"follow","max-snippet":"max-snippet:-1","max-image-preview":"max-image-preview:large","max-video-preview":"max-video-preview:-1"},"canonical":"https:\/\/www.promotienda.es\/pt-pt\/aluguel-de-telas-de-publicidade\/","og_locale":"pt_PT","og_type":"article","og_title":"Publicidade telas aluguer, publicidade telas aluguer - Promotienda","og_description":"O aluguel de tela de publicidade permite que voc\u00ea Anuncie no ponto de venda efetivo e de baixo custo.","og_url":"https:\/\/www.promotienda.es\/pt-pt\/aluguel-de-telas-de-publicidade\/","og_site_name":"Promotienda","article_modified_time":"2019-06-05T21:51:05+00:00","twitter_card":"summary_large_image","twitter_misc":{"Tempo estimado de leitura":"1 minuto"},"schema":{"@context":"https:\/\/schema.org","@graph":[{"@type":"WebPage","@id":"https:\/\/www.promotienda.es\/pt-pt\/aluguel-de-telas-de-publicidade\/","url":"https:\/\/www.promotienda.es\/pt-pt\/aluguel-de-telas-de-publicidade\/","name":"Publicidade telas aluguer, publicidade telas aluguer - Promotienda","isPartOf":{"@id":"https:\/\/www.promotienda.es\/en\/#website"},"datePublished":"2019-05-27T11:40:37+00:00","dateModified":"2019-06-05T21:51:05+00:00","description":"O aluguel de tela de publicidade permite que voc\u00ea Anuncie no ponto de venda efetivo e de baixo custo.","breadcrumb":{"@id":"https:\/\/www.promotienda.es\/pt-pt\/aluguel-de-telas-de-publicidade\/#breadcrumb"},"inLanguage":"pt-PT","potentialAction":[{"@type":"ReadAction","target":["https:\/\/www.promotienda.es\/pt-pt\/aluguel-de-telas-de-publicidade\/"]}]},{"@type":"BreadcrumbList","@id":"https:\/\/www.promotienda.es\/pt-pt\/aluguel-de-telas-de-publicidade\/#breadcrumb","itemListElement":[{"@type":"ListItem","position":1,"name":"Portada","item":"https:\/\/www.promotienda.es\/pt-pt\/"},{"@type":"ListItem","position":2,"name":"Servi\u00e7os e produtos","item":"https:\/\/www.promotienda.es\/pt-pt\/servicos-e-produtos\/"},{"@type":"ListItem","position":3,"name":"Aluguel de telas de publicidade"}]},{"@type":"WebSite","@id":"https:\/\/www.promotienda.es\/en\/#website","url":"https:\/\/www.promotienda.es\/en\/","name":"Promotienda","description":"","potentialAction":[{"@type":"SearchAction","target":{"@type":"EntryPoint","urlTemplate":"https:\/\/www.promotienda.es\/en\/?s={search_term_string}"},"query-input":"required name=search_term_string"}],"inLanguage":"pt-PT"}]}},"_links":{"self":[{"href":"https:\/\/www.promotienda.es\/pt-pt\/wp-json\/wp\/v2\/pages\/5892"}],"collection":[{"href":"https:\/\/www.promotienda.es\/pt-pt\/wp-json\/wp\/v2\/pages"}],"about":[{"href":"https:\/\/www.promotienda.es\/pt-pt\/wp-json\/wp\/v2\/types\/page"}],"author":[{"embeddable":true,"href":"https:\/\/www.promotienda.es\/pt-pt\/wp-json\/wp\/v2\/users\/1"}],"replies":[{"embeddable":true,"href":"https:\/\/www.promotienda.es\/pt-pt\/wp-json\/wp\/v2\/comments?post=5892"}],"version-history":[{"count":2,"href":"https:\/\/www.promotienda.es\/pt-pt\/wp-json\/wp\/v2\/pages\/5892\/revisions"}],"predecessor-version":[{"id":9289,"href":"https:\/\/www.promotienda.es\/pt-pt\/wp-json\/wp\/v2\/pages\/5892\/revisions\/9289"}],"up":[{"embeddable":true,"href":"https:\/\/www.promotienda.es\/pt-pt\/wp-json\/wp\/v2\/pages\/5886"}],"wp:attachment":[{"href":"https:\/\/www.promotienda.es\/pt-pt\/wp-json\/wp\/v2\/media?parent=5892"}],"curies":[{"name":"wp","href":"https:\/\/api.w.org\/{rel}","templated":true}]}}