{"id":5894,"date":"2019-05-27T13:51:06","date_gmt":"2019-05-27T11:51:06","guid":{"rendered":"https:\/\/www.promotienda.es\/servicos-e-produtos\/por-que-promotienda\/"},"modified":"2019-06-05T23:51:21","modified_gmt":"2019-06-05T21:51:21","slug":"por-que-promotienda","status":"publish","type":"page","link":"https:\/\/www.promotienda.es\/pt-pt\/por-que-promotienda\/","title":{"rendered":"Por que Promotienda?"},"content":{"rendered":"<section class=\"wpb-content-wrapper\"><p>[vc_row][vc_column][vc_column_text]<\/p>\n<h2>Transpar\u00eancia e gest\u00e3o<\/h2>\n<p>Oferecemos um servi\u00e7o completo de contrata\u00e7\u00e3o e gest\u00e3o de monitores que inclui:<\/p>\n<ul>\n<li>Servi\u00e7o de acompanhamento exaustivo para cada a\u00e7\u00e3o.<\/li>\n<li>Controle total atrav\u00e9s da submiss\u00e3o peri\u00f3dica do status.<\/li>\n<li>Manuten\u00e7\u00e3o t\u00e9cnica em 24 h.<\/li>\n<\/ul>\n<p><strong>Log\u00edstica integral:<\/strong><\/p>\n<ul>\n<li>Despacho do equipamento e coordena\u00e7\u00e3o com o gerente de ponto de venda (GPV) para a montagem e start-up.<\/li>\n<\/ul>\n<p>N\u00f3s tamb\u00e9m cuidamos do processo do in\u00edcio ao fim:<\/p>\n<ul>\n<li>Edi\u00e7\u00e3o original Spot.<\/li>\n<li>Realiza\u00e7\u00e3o do Master sem fim e cria\u00e7\u00e3o de duplicatas de cart\u00e3o de mem\u00f3ria SD\/CF.<\/li>\n<li>Embarque de equipamentos com anteced\u00eancia de 4-5 dias.<\/li>\n<li>Confirma\u00e7\u00e3o da recep\u00e7\u00e3o no ponto de venda.<\/li>\n<\/ul>\n<ul>\n<li>Acompanhamento de instala\u00e7\u00e3o e arranque correcto.<\/li>\n<li>Cada etapa, coment\u00e1rios e incidentes s\u00e3o relatados por e-mail e Excel.<\/li>\n<li>Quando a data de t\u00e9rmino \u00e9 atingida, o cliente \u00e9 contatado para confirmar a termina\u00e7\u00e3o final ou para prolongar a a\u00e7\u00e3o por meio de extens\u00f5es.<\/li>\n<\/ul>\n<p>&nbsp;<\/p>\n<h2>Processo<\/h2>\n<ul>\n<li>Edi\u00e7\u00e3o do spot, se necess\u00e1rio, para reduzi-lo e adapt\u00e1-lo ao ponto de venda, dependendo das necessidades do cliente (recortar, colar, inserir logotipos, legendas, etc.) e atualiza\u00e7\u00f5es cont\u00ednuas.<\/li>\n<li>Realiza\u00e7\u00e3o do n\u00e3o-fim do local e duplicatas de cart\u00e3o de mem\u00f3ria SD\/CF.<\/li>\n<li>Embarque do equipamento entre 4 e 5 dias antes do in\u00edcio da promo\u00e7\u00e3o, para evitar atrasos causados pelas recep\u00e7\u00f5es dos pontos de venda.<\/li>\n<li>Confirma\u00e7\u00e3o da recep\u00e7\u00e3o no ponto de venda com o GPV.<\/li>\n<li>Monitora\u00e7\u00e3o da instala\u00e7\u00e3o e opera\u00e7\u00e3o apropriada do equipamento.<\/li>\n<li>Em cada etapa, o cliente \u00e9 informado de qualquer incidente e coment\u00e1rio do contato GPV via e-mail e listagens do Excel.<\/li>\n<li>Quando a data de t\u00e9rmino \u00e9 atingida, o cliente \u00e9 informado para decidir se a promo\u00e7\u00e3o \u00e9 encerrada ou se ela ser\u00e1 prolongada. (Extens\u00f5es)<\/li>\n<li>Possibilidade de fazer v\u00eddeos mistos com v\u00e1rios produtos do mesmo fabricante, a fim de usar apenas um equipamento por departamento.<\/li>\n<li>Tamb\u00e9m \u00e9 poss\u00edvel fazer uma mudan\u00e7a de spot (mudan\u00e7a de promo\u00e7\u00e3o) durante um per\u00edodo contratado.<\/li>\n<li>Em caso de avaria, o equipamento \u00e9 substitu\u00eddo em menos de 24 horas.<\/li>\n<\/ul>\n<p><img decoding=\"async\" loading=\"lazy\" class=\"aligncenter size-full wp-image-3664\" src=\"http:\/\/www.promotienda.es\/wp-content\/uploads\/2017\/02\/alquiler-pantallas-publicitarias.jpg\" alt=\"Aluguel de telas de publicidade\" width=\"400\" height=\"241\" srcset=\"https:\/\/www.promotienda.es\/wp-content\/uploads\/2017\/02\/alquiler-pantallas-publicitarias.jpg 400w, https:\/\/www.promotienda.es\/wp-content\/uploads\/2017\/02\/alquiler-pantallas-publicitarias-300x181.jpg 300w\" sizes=\"(max-width: 400px) 100vw, 400px\" \/><\/p>\n<h2>Equipamento<\/h2>\n<p>V\u00eddeo profissionais de alta tecnologia para atender a todas as necessidades<\/p>\n<ul>\n<li>Videomonitors de TFT.<\/li>\n<li>Tamanhos: 7\u2033, 10\u2033, 15\u2033, 17\u2033, 19\u2033, 32\u2033 e 42\u2033.<\/li>\n<li>Reprodu\u00e7\u00e3o de spots publicit\u00e1rios sem interrup\u00e7\u00f5es em MPEG-2 com qualidade de DVD.<\/li>\n<li>Igni\u00e7\u00e3o totalmente autom\u00e1tica.<\/li>\n<li>2 altifalantes frontais com um elevado n\u00edvel de qualidade e volume.<\/li>\n<li>Conex\u00e3o USB para atualizar o local de publicidade instantaneamente com um pendrive.<\/li>\n<li>Vidro de seguran\u00e7a.<\/li>\n<li>Suporte misto que permite que voc\u00ea pendure-los ou coloc\u00e1-los em uma mesa ou estante.<\/li>\n<li>Sensor de movimento que conecta instantaneamente o \u00e1udio quando a presen\u00e7a p\u00fablica \u00e9 detectada.<\/li>\n<li>Possibilidade de personaliza\u00e7\u00e3o de equipamentos.<\/li>\n<\/ul>\n<h2>Contrata\u00e7\u00e3o<\/h2>\n<p>Contratar nosso servi\u00e7o \u00e9 muito simples, j\u00e1 que cuidamos de todo o processo. S\u00f3 precisamos saber:<\/p>\n<p><strong>Quem<\/strong> &#8211; Dados de empresa.<\/p>\n<p><strong>O que<\/strong> &#8211; Original do spot em DVD.<\/p>\n<p><strong>Quando<\/strong> &#8211; Data de in\u00edcio e data de t\u00e9rmino da a\u00e7\u00e3o. Nosso servi\u00e7o de contrata\u00e7\u00e3o de monitor de v\u00eddeo padr\u00e3o \u00e9 de 1, 2 ou 3 meses, embora esses per\u00edodos podem ser estendidos. H\u00e1 tamb\u00e9m a possibilidade de estender o per\u00edodo contratado por meio de extens\u00f5es de 1, 2 ou 3 meses.<\/p>\n<p><strong>Onde<\/strong> &#8211; Lista de pontos de venda onde a equipe vai, com o nome do departamento e designado gerente.<br \/>\n[\/vc_column_text][\/vc_column][\/vc_row]<\/p>\n<\/section>","protected":false},"excerpt":{"rendered":"<p>[vc_row][vc_column][vc_column_text] Transpar\u00eancia e gest\u00e3o Oferecemos um servi\u00e7o completo de contrata\u00e7\u00e3o e gest\u00e3o de monitores que inclui: Servi\u00e7o de acompanhamento exaustivo para cada a\u00e7\u00e3o. Controle total atrav\u00e9s da submiss\u00e3o peri\u00f3dica do status. Manuten\u00e7\u00e3o t\u00e9cnica em 24 h. Log\u00edstica integral: Despacho do equipamento e coordena\u00e7\u00e3o com o gerente de ponto de venda (GPV) para a montagem e&hellip;<\/p>\n","protected":false},"author":1,"featured_media":0,"parent":5886,"menu_order":4,"comment_status":"closed","ping_status":"closed","template":"","meta":{"ngg_post_thumbnail":0},"yoast_head":"<!-- This site is optimized with the Yoast SEO plugin v20.3 - https:\/\/yoast.com\/wordpress\/plugins\/seo\/ -->\n<title>Publicidade telas aluguer - Promotienda<\/title>\n<meta name=\"description\" content=\"Oferecemos um servi\u00e7o completo de recrutamento e gest\u00e3o de telas para publicidade com a tecnologia mais atual.\" \/>\n<meta name=\"robots\" content=\"index, follow, max-snippet:-1, max-image-preview:large, max-video-preview:-1\" \/>\n<link rel=\"canonical\" href=\"https:\/\/www.promotienda.es\/pt-pt\/por-que-promotienda\/\" \/>\n<meta property=\"og:locale\" content=\"pt_PT\" \/>\n<meta property=\"og:type\" content=\"article\" \/>\n<meta property=\"og:title\" content=\"Publicidade telas aluguer - Promotienda\" \/>\n<meta property=\"og:description\" content=\"Oferecemos um servi\u00e7o completo de recrutamento e gest\u00e3o de telas para publicidade com a tecnologia mais atual.\" \/>\n<meta property=\"og:url\" content=\"https:\/\/www.promotienda.es\/pt-pt\/por-que-promotienda\/\" \/>\n<meta property=\"og:site_name\" content=\"Promotienda\" \/>\n<meta property=\"article:modified_time\" content=\"2019-06-05T21:51:21+00:00\" \/>\n<meta property=\"og:image\" content=\"http:\/\/www.promotienda.es\/wp-content\/uploads\/2017\/02\/alquiler-pantallas-publicitarias.jpg\" \/>\n<meta name=\"twitter:card\" content=\"summary_large_image\" \/>\n<meta name=\"twitter:label1\" content=\"Tempo estimado de leitura\" \/>\n\t<meta name=\"twitter:data1\" content=\"3 minutos\" \/>\n<script type=\"application\/ld+json\" class=\"yoast-schema-graph\">{\"@context\":\"https:\/\/schema.org\",\"@graph\":[{\"@type\":\"WebPage\",\"@id\":\"https:\/\/www.promotienda.es\/pt-pt\/por-que-promotienda\/\",\"url\":\"https:\/\/www.promotienda.es\/pt-pt\/por-que-promotienda\/\",\"name\":\"Publicidade telas aluguer - Promotienda\",\"isPartOf\":{\"@id\":\"https:\/\/www.promotienda.es\/en\/#website\"},\"datePublished\":\"2019-05-27T11:51:06+00:00\",\"dateModified\":\"2019-06-05T21:51:21+00:00\",\"description\":\"Oferecemos um servi\u00e7o completo de recrutamento e gest\u00e3o de telas para publicidade com a tecnologia mais atual.\",\"breadcrumb\":{\"@id\":\"https:\/\/www.promotienda.es\/pt-pt\/por-que-promotienda\/#breadcrumb\"},\"inLanguage\":\"pt-PT\",\"potentialAction\":[{\"@type\":\"ReadAction\",\"target\":[\"https:\/\/www.promotienda.es\/pt-pt\/por-que-promotienda\/\"]}]},{\"@type\":\"BreadcrumbList\",\"@id\":\"https:\/\/www.promotienda.es\/pt-pt\/por-que-promotienda\/#breadcrumb\",\"itemListElement\":[{\"@type\":\"ListItem\",\"position\":1,\"name\":\"Portada\",\"item\":\"https:\/\/www.promotienda.es\/pt-pt\/\"},{\"@type\":\"ListItem\",\"position\":2,\"name\":\"Servi\u00e7os e produtos\",\"item\":\"https:\/\/www.promotienda.es\/pt-pt\/servicos-e-produtos\/\"},{\"@type\":\"ListItem\",\"position\":3,\"name\":\"Por que Promotienda?\"}]},{\"@type\":\"WebSite\",\"@id\":\"https:\/\/www.promotienda.es\/en\/#website\",\"url\":\"https:\/\/www.promotienda.es\/en\/\",\"name\":\"Promotienda\",\"description\":\"\",\"potentialAction\":[{\"@type\":\"SearchAction\",\"target\":{\"@type\":\"EntryPoint\",\"urlTemplate\":\"https:\/\/www.promotienda.es\/en\/?s={search_term_string}\"},\"query-input\":\"required name=search_term_string\"}],\"inLanguage\":\"pt-PT\"}]}<\/script>\n<!-- \/ Yoast SEO plugin. -->","yoast_head_json":{"title":"Publicidade telas aluguer - Promotienda","description":"Oferecemos um servi\u00e7o completo de recrutamento e gest\u00e3o de telas para publicidade com a tecnologia mais atual.","robots":{"index":"index","follow":"follow","max-snippet":"max-snippet:-1","max-image-preview":"max-image-preview:large","max-video-preview":"max-video-preview:-1"},"canonical":"https:\/\/www.promotienda.es\/pt-pt\/por-que-promotienda\/","og_locale":"pt_PT","og_type":"article","og_title":"Publicidade telas aluguer - Promotienda","og_description":"Oferecemos um servi\u00e7o completo de recrutamento e gest\u00e3o de telas para publicidade com a tecnologia mais atual.","og_url":"https:\/\/www.promotienda.es\/pt-pt\/por-que-promotienda\/","og_site_name":"Promotienda","article_modified_time":"2019-06-05T21:51:21+00:00","og_image":[{"url":"http:\/\/www.promotienda.es\/wp-content\/uploads\/2017\/02\/alquiler-pantallas-publicitarias.jpg"}],"twitter_card":"summary_large_image","twitter_misc":{"Tempo estimado de leitura":"3 minutos"},"schema":{"@context":"https:\/\/schema.org","@graph":[{"@type":"WebPage","@id":"https:\/\/www.promotienda.es\/pt-pt\/por-que-promotienda\/","url":"https:\/\/www.promotienda.es\/pt-pt\/por-que-promotienda\/","name":"Publicidade telas aluguer - Promotienda","isPartOf":{"@id":"https:\/\/www.promotienda.es\/en\/#website"},"datePublished":"2019-05-27T11:51:06+00:00","dateModified":"2019-06-05T21:51:21+00:00","description":"Oferecemos um servi\u00e7o completo de recrutamento e gest\u00e3o de telas para publicidade com a tecnologia mais atual.","breadcrumb":{"@id":"https:\/\/www.promotienda.es\/pt-pt\/por-que-promotienda\/#breadcrumb"},"inLanguage":"pt-PT","potentialAction":[{"@type":"ReadAction","target":["https:\/\/www.promotienda.es\/pt-pt\/por-que-promotienda\/"]}]},{"@type":"BreadcrumbList","@id":"https:\/\/www.promotienda.es\/pt-pt\/por-que-promotienda\/#breadcrumb","itemListElement":[{"@type":"ListItem","position":1,"name":"Portada","item":"https:\/\/www.promotienda.es\/pt-pt\/"},{"@type":"ListItem","position":2,"name":"Servi\u00e7os e produtos","item":"https:\/\/www.promotienda.es\/pt-pt\/servicos-e-produtos\/"},{"@type":"ListItem","position":3,"name":"Por que Promotienda?"}]},{"@type":"WebSite","@id":"https:\/\/www.promotienda.es\/en\/#website","url":"https:\/\/www.promotienda.es\/en\/","name":"Promotienda","description":"","potentialAction":[{"@type":"SearchAction","target":{"@type":"EntryPoint","urlTemplate":"https:\/\/www.promotienda.es\/en\/?s={search_term_string}"},"query-input":"required name=search_term_string"}],"inLanguage":"pt-PT"}]}},"_links":{"self":[{"href":"https:\/\/www.promotienda.es\/pt-pt\/wp-json\/wp\/v2\/pages\/5894"}],"collection":[{"href":"https:\/\/www.promotienda.es\/pt-pt\/wp-json\/wp\/v2\/pages"}],"about":[{"href":"https:\/\/www.promotienda.es\/pt-pt\/wp-json\/wp\/v2\/types\/page"}],"author":[{"embeddable":true,"href":"https:\/\/www.promotienda.es\/pt-pt\/wp-json\/wp\/v2\/users\/1"}],"replies":[{"embeddable":true,"href":"https:\/\/www.promotienda.es\/pt-pt\/wp-json\/wp\/v2\/comments?post=5894"}],"version-history":[{"count":2,"href":"https:\/\/www.promotienda.es\/pt-pt\/wp-json\/wp\/v2\/pages\/5894\/revisions"}],"predecessor-version":[{"id":9290,"href":"https:\/\/www.promotienda.es\/pt-pt\/wp-json\/wp\/v2\/pages\/5894\/revisions\/9290"}],"up":[{"embeddable":true,"href":"https:\/\/www.promotienda.es\/pt-pt\/wp-json\/wp\/v2\/pages\/5886"}],"wp:attachment":[{"href":"https:\/\/www.promotienda.es\/pt-pt\/wp-json\/wp\/v2\/media?parent=5894"}],"curies":[{"name":"wp","href":"https:\/\/api.w.org\/{rel}","templated":true}]}}