{"id":5900,"date":"2019-05-27T14:05:58","date_gmt":"2019-05-27T12:05:58","guid":{"rendered":"https:\/\/www.promotienda.es\/servicos-e-produtos\/quem-somos-nos\/"},"modified":"2019-06-05T23:51:33","modified_gmt":"2019-06-05T21:51:33","slug":"quem-somos-nos","status":"publish","type":"page","link":"https:\/\/www.promotienda.es\/pt-pt\/quem-somos-nos\/","title":{"rendered":"Quem somos n\u00f3s?"},"content":{"rendered":"<section class=\"wpb-content-wrapper\"><p>[vc_row][vc_column][vc_column_text]PromoTienda \u00e9 uma empresa especializada no ponto de venda e<strong> instala\u00e7\u00e3o de monitores de publicidade de v\u00eddeo (telas de publicidade), e publicidade din\u00e2mica<\/strong>.<\/p>\n<p>PromoTienda nasceu em 1992 com o desenvolvimento de um novo projeto que consistia em instalar em diferentes cadeias alimentares, monitores de televis\u00e3o em lugares estrat\u00e9gicos no supermercado vendo as ofertas do dia. A partir de leitores VHS, equipamentos baseados em DVD, para as telas TFT atuais com cart\u00f5es de mem\u00f3ria CF, 20 anos decorridos. Hoje podemos oferecer equipamentos profissionais conectados \u00e0 Internet com tecnologia ADSL ou 3G, telas sens\u00edveis ao toque, telas com leitor de c\u00f3digo de barras, etc.<\/p>\n<p>Nossa experi\u00eancia no setor de <strong>instala\u00e7\u00e3o de telas no ponto de venda e v\u00eddeo de monitores de publicidade (telas de publicidade)<\/strong> em centros comerciais, grandes \u00e1reas e pontos de venda, levou-nos a posicionar-nos como um provedor de refer\u00eancia Em Espanha e Portugal.<\/p>\n<p>PromoTienda oferece aos seus clientes uma ampla gama de monitores profissionais com imagem de alta qualidade, v\u00eddeo e som players e pronto para operar 24 horas 365 dias sem interrup\u00e7\u00e3o.<\/p>\n<p>Nosso objetivo \u00e9 proporcionar inova\u00e7\u00e3o \u00e0 sua empresa, melhorando a apresenta\u00e7\u00e3o de seus produtos de forma din\u00e2mica, Visual e muito atrativa atrav\u00e9s de v\u00eddeos, fotos, textos e \u00e1udio.<\/p>\n<p><img decoding=\"async\" loading=\"lazy\" class=\"aligncenter wp-image-531 size-full\" src=\"http:\/\/www.promotienda.es\/wp-content\/uploads\/2017\/02\/alquiler-de-pantallas.jpg\" alt=\"Telas de loca\u00e7\u00e3o\" width=\"1209\" height=\"343\" srcset=\"https:\/\/www.promotienda.es\/wp-content\/uploads\/2017\/02\/alquiler-de-pantallas.jpg 1209w, https:\/\/www.promotienda.es\/wp-content\/uploads\/2017\/02\/alquiler-de-pantallas-300x85.jpg 300w, https:\/\/www.promotienda.es\/wp-content\/uploads\/2017\/02\/alquiler-de-pantallas-768x218.jpg 768w, https:\/\/www.promotienda.es\/wp-content\/uploads\/2017\/02\/alquiler-de-pantallas-1030x292.jpg 1030w\" sizes=\"(max-width: 1209px) 100vw, 1209px\" \/>Nosso objetivo \u00e9 proporcionar inova\u00e7\u00e3o \u00e0 sua empresa, melhorando a apresenta\u00e7\u00e3o de seus produtos de forma din\u00e2mica, Visual e muito atrativa atrav\u00e9s de v\u00eddeos, fotos, textos e \u00e1udio. \u00c9 por isso que nos especializamos em telas no ponto de venda e instala\u00e7\u00e3o de monitores de v\u00eddeo publicidade.<\/p>\n<p>Nossa especialidade \u00e9 o projeto e fabrica\u00e7\u00e3o de telas no ponto de venda, monitores de publicidade LCD (3,5 &#8220;, 5,6&#8221;, 7 &#8220;, 8&#8221;, 10,2 &#8220;, 10,4&#8221;, 12,1 &#8220;, 15&#8221;, 17 &#8220;, 19&#8221;, 22 &#8220;, 26&#8221; e 32 &#8220;), e todos os seus acess\u00f3rios e perif\u00e9ricos.<\/p>\n<p>Nossa filosofia \u00e9 um compromisso com o R &amp; D e a qualidade dos produtos que oferecemos, bem como a personaliza\u00e7\u00e3o absoluta de todos os projetos de telas no ponto de venda e a instala\u00e7\u00e3o de monitores de publicidade de v\u00eddeo que realizamos para nossos clientes.[\/vc_column_text][vc_column_text]<\/p>\n<h2>Nossa raz\u00e3o de ser<\/h2>\n<p><strong>Promotienda<\/strong> foi lan\u00e7ado h\u00e1 25 anos motivado por uma clara voca\u00e7\u00e3o:<\/p>\n<p><strong>Para ajudar nossos clientes a transformar o ponto de venda em ponto de neg\u00f3cio<\/strong>.<\/p>\n<p>Nossa motiva\u00e7\u00e3o surge de uma s\u00e9rie de fatos e dados sobre o ponto de venda:<\/p>\n<ul>\n<li>O 75 das decis\u00f5es de compra \u00e9 feita no ponto de venda (POPAi \u2013 Instituto de publicidade do ponto de compra).<\/li>\n<li>O ponto de venda \u00e9 o lugar mais adequado para influenciar o consumidor, pois \u00e9 mais responsivo no momento da compra para uma comunica\u00e7\u00e3o bem focada.<\/li>\n<\/ul>\n<div>\n<ul>\n<li>A presen\u00e7a de um produto na linha n\u00e3o \u00e9 suficiente para motivar a compra. \u00c9 necess\u00e1rio que o produto persuadir, viver, oferecer algo mais e mover o consumidor para atuar.<\/li>\n<li>Para diferenciar o produto da concorr\u00eancia e criar valor acrescentado no ponto de venda, a publicidade audiovisual \u00e9 a melhor ferramenta existente.<\/li>\n<\/ul>\n<p>Promotienda oferece-lhe as ferramentas necess\u00e1rias para distribuir a publicidade no ponto de venda.<\/p>\n<\/div>\n<p>[\/vc_column_text][vc_column_text]<\/p>\n<h2>O que podemos oferecer?<\/h2>\n<p>Nossa especialidade \u00e9 a <strong>concep\u00e7\u00e3o e fabrico de monitores publicit\u00e1rios<\/strong> LCD (3,5 &#8220;, 5,6&#8221;, 7 &#8220;, 8&#8221;, 10,2 &#8220;, 10,4&#8221;, 12,1 &#8220;, 15&#8221;, 17 &#8220;, 19&#8221;, 22 &#8220;, 26&#8221; e 32 &#8220;), e seus acess\u00f3rios e perif\u00e9ricos, bot\u00f5es de press\u00e3o, telas sens\u00edveis ao toque, leitores de c\u00f3digo de barras, cartazes de v\u00eddeo, v\u00eddeo-cat\u00e1logos e \u00e1udio interativo e controladores de v\u00eddeo.<\/p>\n<p>N\u00f3s igualmente oferecemos os produtos na vers\u00e3o do OEM que d\u00e1 sempre a sustenta\u00e7\u00e3o t\u00e9cnica cheia a nossos clientes.<\/p>\n<p>Com esta capacidade, somos capazes de oferecer produtos sempre adaptados \u00e0s suas necessidades.[\/vc_column_text][vc_column_text]<\/p>\n<h2>Como fazemos isso?<\/h2>\n<p><strong>Somos apaixonados por R &amp; D<\/strong><br \/>\nInvestigamos continuamente os mais recentes avan\u00e7os tecnol\u00f3gicos.<\/p>\n<p><strong>Controles de qualidade rigorosos<\/strong><br \/>\n\u00c9 pol\u00edtica da nossa empresa para testar todas as nossas novidades antes de oferec\u00ea-los aos nossos clientes.<\/p>\n<p><strong>Personaliza\u00e7\u00e3o<\/strong><br \/>\nN\u00f3s podemos personalizar nossos equipamentos para adapt\u00e1-los \u00e0s necessidades e demandas de nossos clientes.<\/p>\n<p><strong>Controle total da produ\u00e7\u00e3o<\/strong><br \/>\nNosso fabricante na \u00c1sia tem uma capacidade de produ\u00e7\u00e3o de mais de 20.000 unidades por m\u00eas.<br \/>\nEngenheiros especializados em software e hardware para desenvolver e projetar solu\u00e7\u00f5es medida.<br \/>\nDesde a escolha dos componentes, produ\u00e7\u00e3o de caixas met\u00e1licas, alum\u00ednio e pl\u00e1stico e sempre tendo o cuidado de obter os melhores acabamentos e controles de qualidade.[\/vc_column_text][vc_column_text]<\/p>\n<h2>Vantagens<\/h2>\n<p><strong>Promotienda<\/strong> \u00e9 o melhor aliado para o seu neg\u00f3cio quando:<\/p>\n<ul>\n<li>H\u00e1 uma novidade (lan\u00e7amento ou atualiza\u00e7\u00e3o\/mudan\u00e7a de algum aspecto da mistura de marketing).<\/li>\n<li>Uma explica\u00e7\u00e3o \u00e9 necess\u00e1ria.<\/li>\n<li>Queremos destacar um recurso tempor\u00e1rio (oferta, promo\u00e7\u00e3o).<\/li>\n<li>Destina-se a refor\u00e7ar a imagem da marca ou alguns de seus aspectos.<\/li>\n<\/ul>\n<p>O <strong>ponto de venda<\/strong> \u00e9 transformado em um ponto quente gerando uma zona de atra\u00e7\u00e3o para os consumidores que ir\u00e3o motivar a compra do produto.[\/vc_column_text][vc_column_text]<\/p>\n<h2>Expertise e refer\u00eancias<\/h2>\n<ul>\n<li>Conhecemos em profundidade todos os sectores: hardware, ferramentas, bricolage, Autobrico, bazar, utens\u00edlios de cozinha, electrodom\u00e9sticos, brinquedos, farm\u00e1cia, perfumaria, etc.<\/li>\n<li>Especialistas em shoppings e grandes cadeias, bem como pequenas empresas.<\/li>\n<li>Dispomos de uma extensa rede de ac\u00e7\u00e3o em Espanha e Portugal.<\/li>\n<li>Ampla carteira de clientes nacionais e internacionais com 100 satisfa\u00e7\u00e3o e contrata\u00e7\u00e3o permanente.<\/li>\n<\/ul>\n<p>Alguns pontos de instala\u00e7\u00e3o onde normalmente instalamos nossos monitores de v\u00eddeo:<\/p>\n<p><img decoding=\"async\" loading=\"lazy\" class=\"aligncenter size-full wp-image-541\" src=\"http:\/\/www.promotienda.es\/wp-content\/uploads\/2017\/03\/marcas.jpg\" alt=\"\" width=\"299\" height=\"234\" \/>[\/vc_column_text][\/vc_column][\/vc_row]<\/p>\n<\/section>","protected":false},"excerpt":{"rendered":"<p>[vc_row][vc_column][vc_column_text]PromoTienda \u00e9 uma empresa especializada no ponto de venda e instala\u00e7\u00e3o de monitores de publicidade de v\u00eddeo (telas de publicidade), e publicidade din\u00e2mica. PromoTienda nasceu em 1992 com o desenvolvimento de um novo projeto que consistia em instalar em diferentes cadeias alimentares, monitores de televis\u00e3o em lugares estrat\u00e9gicos no supermercado vendo as ofertas do dia.&hellip;<\/p>\n","protected":false},"author":1,"featured_media":0,"parent":5886,"menu_order":5,"comment_status":"closed","ping_status":"closed","template":"","meta":{"ngg_post_thumbnail":0},"yoast_head":"<!-- This site is optimized with the Yoast SEO plugin v20.3 - https:\/\/yoast.com\/wordpress\/plugins\/seo\/ -->\n<title>Quem somos n\u00f3s? Sinaliza\u00e7\u00e3o digital e equipamentos de publicidade din\u00e2mica - Promotienda<\/title>\n<meta name=\"description\" content=\"Na Promotienda somos especializados em telas de publicidade e equipamentos de sinaliza\u00e7\u00e3o digital. Mais de 25 anos de experi\u00eancia nos garantem.\" \/>\n<meta name=\"robots\" content=\"index, follow, max-snippet:-1, max-image-preview:large, max-video-preview:-1\" \/>\n<link rel=\"canonical\" href=\"https:\/\/www.promotienda.es\/pt-pt\/quem-somos-nos\/\" \/>\n<meta property=\"og:locale\" content=\"pt_PT\" \/>\n<meta property=\"og:type\" content=\"article\" \/>\n<meta property=\"og:title\" content=\"Quem somos n\u00f3s? Sinaliza\u00e7\u00e3o digital e equipamentos de publicidade din\u00e2mica - Promotienda\" \/>\n<meta property=\"og:description\" content=\"Na Promotienda somos especializados em telas de publicidade e equipamentos de sinaliza\u00e7\u00e3o digital. Mais de 25 anos de experi\u00eancia nos garantem.\" \/>\n<meta property=\"og:url\" content=\"https:\/\/www.promotienda.es\/pt-pt\/quem-somos-nos\/\" \/>\n<meta property=\"og:site_name\" content=\"Promotienda\" \/>\n<meta property=\"article:modified_time\" content=\"2019-06-05T21:51:33+00:00\" \/>\n<meta property=\"og:image\" content=\"http:\/\/www.promotienda.es\/wp-content\/uploads\/2017\/02\/alquiler-de-pantallas.jpg\" \/>\n<meta name=\"twitter:card\" content=\"summary_large_image\" \/>\n<meta name=\"twitter:label1\" content=\"Tempo estimado de leitura\" \/>\n\t<meta name=\"twitter:data1\" content=\"5 minutos\" \/>\n<script type=\"application\/ld+json\" class=\"yoast-schema-graph\">{\"@context\":\"https:\/\/schema.org\",\"@graph\":[{\"@type\":\"WebPage\",\"@id\":\"https:\/\/www.promotienda.es\/pt-pt\/quem-somos-nos\/\",\"url\":\"https:\/\/www.promotienda.es\/pt-pt\/quem-somos-nos\/\",\"name\":\"Quem somos n\u00f3s? Sinaliza\u00e7\u00e3o digital e equipamentos de publicidade din\u00e2mica - Promotienda\",\"isPartOf\":{\"@id\":\"https:\/\/www.promotienda.es\/en\/#website\"},\"datePublished\":\"2019-05-27T12:05:58+00:00\",\"dateModified\":\"2019-06-05T21:51:33+00:00\",\"description\":\"Na Promotienda somos especializados em telas de publicidade e equipamentos de sinaliza\u00e7\u00e3o digital. Mais de 25 anos de experi\u00eancia nos garantem.\",\"breadcrumb\":{\"@id\":\"https:\/\/www.promotienda.es\/pt-pt\/quem-somos-nos\/#breadcrumb\"},\"inLanguage\":\"pt-PT\",\"potentialAction\":[{\"@type\":\"ReadAction\",\"target\":[\"https:\/\/www.promotienda.es\/pt-pt\/quem-somos-nos\/\"]}]},{\"@type\":\"BreadcrumbList\",\"@id\":\"https:\/\/www.promotienda.es\/pt-pt\/quem-somos-nos\/#breadcrumb\",\"itemListElement\":[{\"@type\":\"ListItem\",\"position\":1,\"name\":\"Portada\",\"item\":\"https:\/\/www.promotienda.es\/pt-pt\/\"},{\"@type\":\"ListItem\",\"position\":2,\"name\":\"Servi\u00e7os e produtos\",\"item\":\"https:\/\/www.promotienda.es\/pt-pt\/servicos-e-produtos\/\"},{\"@type\":\"ListItem\",\"position\":3,\"name\":\"Quem somos n\u00f3s?\"}]},{\"@type\":\"WebSite\",\"@id\":\"https:\/\/www.promotienda.es\/en\/#website\",\"url\":\"https:\/\/www.promotienda.es\/en\/\",\"name\":\"Promotienda\",\"description\":\"\",\"potentialAction\":[{\"@type\":\"SearchAction\",\"target\":{\"@type\":\"EntryPoint\",\"urlTemplate\":\"https:\/\/www.promotienda.es\/en\/?s={search_term_string}\"},\"query-input\":\"required name=search_term_string\"}],\"inLanguage\":\"pt-PT\"}]}<\/script>\n<!-- \/ Yoast SEO plugin. -->","yoast_head_json":{"title":"Quem somos n\u00f3s? Sinaliza\u00e7\u00e3o digital e equipamentos de publicidade din\u00e2mica - Promotienda","description":"Na Promotienda somos especializados em telas de publicidade e equipamentos de sinaliza\u00e7\u00e3o digital. Mais de 25 anos de experi\u00eancia nos garantem.","robots":{"index":"index","follow":"follow","max-snippet":"max-snippet:-1","max-image-preview":"max-image-preview:large","max-video-preview":"max-video-preview:-1"},"canonical":"https:\/\/www.promotienda.es\/pt-pt\/quem-somos-nos\/","og_locale":"pt_PT","og_type":"article","og_title":"Quem somos n\u00f3s? Sinaliza\u00e7\u00e3o digital e equipamentos de publicidade din\u00e2mica - Promotienda","og_description":"Na Promotienda somos especializados em telas de publicidade e equipamentos de sinaliza\u00e7\u00e3o digital. Mais de 25 anos de experi\u00eancia nos garantem.","og_url":"https:\/\/www.promotienda.es\/pt-pt\/quem-somos-nos\/","og_site_name":"Promotienda","article_modified_time":"2019-06-05T21:51:33+00:00","og_image":[{"url":"http:\/\/www.promotienda.es\/wp-content\/uploads\/2017\/02\/alquiler-de-pantallas.jpg"}],"twitter_card":"summary_large_image","twitter_misc":{"Tempo estimado de leitura":"5 minutos"},"schema":{"@context":"https:\/\/schema.org","@graph":[{"@type":"WebPage","@id":"https:\/\/www.promotienda.es\/pt-pt\/quem-somos-nos\/","url":"https:\/\/www.promotienda.es\/pt-pt\/quem-somos-nos\/","name":"Quem somos n\u00f3s? Sinaliza\u00e7\u00e3o digital e equipamentos de publicidade din\u00e2mica - Promotienda","isPartOf":{"@id":"https:\/\/www.promotienda.es\/en\/#website"},"datePublished":"2019-05-27T12:05:58+00:00","dateModified":"2019-06-05T21:51:33+00:00","description":"Na Promotienda somos especializados em telas de publicidade e equipamentos de sinaliza\u00e7\u00e3o digital. Mais de 25 anos de experi\u00eancia nos garantem.","breadcrumb":{"@id":"https:\/\/www.promotienda.es\/pt-pt\/quem-somos-nos\/#breadcrumb"},"inLanguage":"pt-PT","potentialAction":[{"@type":"ReadAction","target":["https:\/\/www.promotienda.es\/pt-pt\/quem-somos-nos\/"]}]},{"@type":"BreadcrumbList","@id":"https:\/\/www.promotienda.es\/pt-pt\/quem-somos-nos\/#breadcrumb","itemListElement":[{"@type":"ListItem","position":1,"name":"Portada","item":"https:\/\/www.promotienda.es\/pt-pt\/"},{"@type":"ListItem","position":2,"name":"Servi\u00e7os e produtos","item":"https:\/\/www.promotienda.es\/pt-pt\/servicos-e-produtos\/"},{"@type":"ListItem","position":3,"name":"Quem somos n\u00f3s?"}]},{"@type":"WebSite","@id":"https:\/\/www.promotienda.es\/en\/#website","url":"https:\/\/www.promotienda.es\/en\/","name":"Promotienda","description":"","potentialAction":[{"@type":"SearchAction","target":{"@type":"EntryPoint","urlTemplate":"https:\/\/www.promotienda.es\/en\/?s={search_term_string}"},"query-input":"required name=search_term_string"}],"inLanguage":"pt-PT"}]}},"_links":{"self":[{"href":"https:\/\/www.promotienda.es\/pt-pt\/wp-json\/wp\/v2\/pages\/5900"}],"collection":[{"href":"https:\/\/www.promotienda.es\/pt-pt\/wp-json\/wp\/v2\/pages"}],"about":[{"href":"https:\/\/www.promotienda.es\/pt-pt\/wp-json\/wp\/v2\/types\/page"}],"author":[{"embeddable":true,"href":"https:\/\/www.promotienda.es\/pt-pt\/wp-json\/wp\/v2\/users\/1"}],"replies":[{"embeddable":true,"href":"https:\/\/www.promotienda.es\/pt-pt\/wp-json\/wp\/v2\/comments?post=5900"}],"version-history":[{"count":2,"href":"https:\/\/www.promotienda.es\/pt-pt\/wp-json\/wp\/v2\/pages\/5900\/revisions"}],"predecessor-version":[{"id":9291,"href":"https:\/\/www.promotienda.es\/pt-pt\/wp-json\/wp\/v2\/pages\/5900\/revisions\/9291"}],"up":[{"embeddable":true,"href":"https:\/\/www.promotienda.es\/pt-pt\/wp-json\/wp\/v2\/pages\/5886"}],"wp:attachment":[{"href":"https:\/\/www.promotienda.es\/pt-pt\/wp-json\/wp\/v2\/media?parent=5900"}],"curies":[{"name":"wp","href":"https:\/\/api.w.org\/{rel}","templated":true}]}}