{"id":5912,"date":"2019-05-27T18:57:36","date_gmt":"2019-05-27T16:57:36","guid":{"rendered":"https:\/\/www.promotienda.es\/telas-de-publicidade\/"},"modified":"2019-05-27T18:58:25","modified_gmt":"2019-05-27T16:58:25","slug":"telas-de-publicidade","status":"publish","type":"page","link":"https:\/\/www.promotienda.es\/pt-pt\/telas-de-publicidade\/","title":{"rendered":"Telas de publicidade"},"content":{"rendered":"<section class=\"wpb-content-wrapper\"><p>[vc_row][vc_column][vc_column_text]As telas publicit\u00e1rias trazem um benef\u00edcio ineg\u00e1vel para a estrat\u00e9gia de vendas. Mostra-se ser um aumento nas vendas entre 30 e 50.<\/p>\n<p>\u00c9 uma solu\u00e7\u00e3o rent\u00e1vel e eficaz que tamb\u00e9m se adapta \u00e0s necessidades do ponto de venda e os objetivos da campanha.<\/p>\n<p>Nosso cat\u00e1logo de telas de publicidade \u00e9 amplo e variado. Escolha o que melhor se adapte \u00e0s suas necessidades.[\/vc_column_text][\/vc_column][\/vc_row][vc_row margin_bottom=&#8221;30px&#8221; css=&#8221;.vc_custom_1487761201294{margin-bottom: 20px !important;}&#8221;][vc_column width=&#8221;1\/2&#8243;][vc_column_text css=&#8221;.vc_custom_1488527765667{margin-bottom: 5px !important;}&#8221;]<\/p>\n<h2 style=\"text-align: center; font-size: 20px !important;\">Lcd<\/h2>\n<p>[\/vc_column_text][vc_single_image image=&#8221;6503&#8243; img_size=&#8221;full&#8221; add_caption=&#8221;yes&#8221; alignment=&#8221;center&#8221; css=&#8221;.vc_custom_1487761237430{margin-bottom: 5px !important;}&#8221;][vc_btn title=&#8221;Mais informa\u00e7\u00f5es&#8221; style=&#8221;outline&#8221; shape=&#8221;square&#8221; color=&#8221;primary&#8221; align=&#8221;center&#8221; i_icon_fontawesome=&#8221;fa fa-plus&#8221; add_icon=&#8221;true&#8221; link=&#8221;url:http%3A%2F%2Fwww.promotienda.es%2Fpantallas-para-publicidad%2Fpantallas-publicitarias|&#8221;][\/vc_column][vc_column width=&#8221;1\/2&#8243;][vc_column_text css=&#8221;.vc_custom_1494315763701{margin-bottom: 5px !important;}&#8221;]<\/p>\n<h2 style=\"text-align: center; font-size: 20px !important;\">Telas Android<\/h2>\n<p>[\/vc_column_text][vc_single_image image=&#8221;981&#8243; img_size=&#8221;300&#215;206&#8243; add_caption=&#8221;yes&#8221; alignment=&#8221;center&#8221; css=&#8221;.vc_custom_1494316032858{margin-bottom: 30px !important;}&#8221;][vc_btn title=&#8221;Mais informa\u00e7\u00f5es&#8221; style=&#8221;outline&#8221; shape=&#8221;square&#8221; color=&#8221;primary&#8221; align=&#8221;center&#8221; i_icon_fontawesome=&#8221;fa fa-plus&#8221; add_icon=&#8221;true&#8221; link=&#8221;url:http%3A%2F%2Fwww.promotienda.es%2Fpantallas-para-publicidad%2Fpantallas-publicitarias-android|&#8221;][\/vc_column][\/vc_row][vc_row margin_bottom=&#8221;30px&#8221; css=&#8221;.vc_custom_1487761201294{margin-bottom: 20px !important;}&#8221;][vc_column width=&#8221;1\/2&#8243;][vc_column_text css=&#8221;.vc_custom_1488527791436{margin-bottom: 5px !important;}&#8221;]<\/p>\n<h2 style=\"text-align: center; font-size: 20px !important;\">Abrir telas de quadro<\/h2>\n<p>[\/vc_column_text][vc_single_image image=&#8221;665&#8243; img_size=&#8221;full&#8221; add_caption=&#8221;yes&#8221; alignment=&#8221;center&#8221; css=&#8221;.vc_custom_1488527948940{margin-bottom: 5px !important;}&#8221;][vc_btn title=&#8221;Mais informa\u00e7\u00f5es&#8221; style=&#8221;outline&#8221; shape=&#8221;square&#8221; color=&#8221;primary&#8221; align=&#8221;center&#8221; i_icon_fontawesome=&#8221;fa fa-plus&#8221; add_icon=&#8221;true&#8221; link=&#8221;url:http%3A%2F%2Fwww.promotienda.es%2Fpantallas-para-publicidad%2Fopen-frame|&#8221;][\/vc_column][vc_column width=&#8221;1\/2&#8243;][vc_column_text css=&#8221;.vc_custom_1488527855046{margin-bottom: 5px !important;}&#8221;]<\/p>\n<h2 style=\"text-align: center; font-size: 20px !important;\">Players de m\u00eddia<\/h2>\n<p>[\/vc_column_text][vc_single_image image=&#8221;545&#8243; img_size=&#8221;full&#8221; add_caption=&#8221;yes&#8221; alignment=&#8221;center&#8221; css=&#8221;.vc_custom_1488731308449{margin-top: 0px !important;margin-bottom: 5px !important;}&#8221;][vc_btn title=&#8221;Mais informa\u00e7\u00f5es&#8221; style=&#8221;outline&#8221; shape=&#8221;square&#8221; color=&#8221;primary&#8221; align=&#8221;center&#8221; i_icon_fontawesome=&#8221;fa fa-plus&#8221; add_icon=&#8221;true&#8221; link=&#8221;url:http%3A%2F%2Fwww.promotienda.es%2Fpantallas-para-publicidad%2Freproductores-multimedia|&#8221;][\/vc_column][\/vc_row][vc_row][vc_column][vc_column_text]Monitores de v\u00eddeo de publicidade de alta tecnologia profissional para atender a todas as necessidades<\/p>\n<ul>\n<li>Monitores de publicidade LCD.<\/li>\n<li>Tamanhos: 7 &#8220;, 10&#8221;, 15 &#8220;, 17&#8221;, 19 &#8220;, 32&#8221; e 42 &#8220;.<\/li>\n<li>Reprodu\u00e7\u00e3o de spots publicit\u00e1rios sem interrup\u00e7\u00f5es em MPEG-2 com qualidade de DVD.<\/li>\n<li>Igni\u00e7\u00e3o totalmente autom\u00e1tica.<\/li>\n<li>2 altifalantes frontais com um elevado n\u00edvel de qualidade e volume.<\/li>\n<li>Conex\u00e3o USB para atualizar o local de publicidade instantaneamente com um pendrive.<\/li>\n<li>Vidro de seguran\u00e7a.<\/li>\n<li>Suporte misto que permite que voc\u00ea pendure-los ou coloc\u00e1-los em uma mesa ou estante.<\/li>\n<li>Sensor de movimento que conecta instantaneamente o \u00e1udio quando a presen\u00e7a p\u00fablica \u00e9 detectada.<\/li>\n<li>Possibilidade de personaliza\u00e7\u00e3o de equipamentos.<\/li>\n<\/ul>\n<p>[\/vc_column_text][\/vc_column][\/vc_row]<\/p>\n<\/section>","protected":false},"excerpt":{"rendered":"<p>[vc_row][vc_column][vc_column_text]As telas publicit\u00e1rias trazem um benef\u00edcio ineg\u00e1vel para a estrat\u00e9gia de vendas. Mostra-se ser um aumento nas vendas entre 30 e 50. \u00c9 uma solu\u00e7\u00e3o rent\u00e1vel e eficaz que tamb\u00e9m se adapta \u00e0s necessidades do ponto de venda e os objetivos da campanha. Nosso cat\u00e1logo de telas de publicidade \u00e9 amplo e variado. Escolha o&hellip;<\/p>\n","protected":false},"author":1,"featured_media":0,"parent":0,"menu_order":3,"comment_status":"closed","ping_status":"closed","template":"","meta":{"ngg_post_thumbnail":0},"yoast_head":"<!-- This site is optimized with the Yoast SEO plugin v20.3 - https:\/\/yoast.com\/wordpress\/plugins\/seo\/ -->\n<title>Telas publicit\u00e1rias, telas publicit\u00e1rias - Promotienda<\/title>\n<meta name=\"description\" content=\"As exibi\u00e7\u00f5es de publicidade agregam valor \u00e0 sua estrat\u00e9gia de vendas. Seu neg\u00f3cio crescer\u00e1 com telas de propaganda do LCD. Solicite informa\u00e7\u00f5es\" \/>\n<meta name=\"robots\" content=\"index, follow, max-snippet:-1, max-image-preview:large, max-video-preview:-1\" \/>\n<link rel=\"canonical\" href=\"https:\/\/www.promotienda.es\/pt-pt\/telas-de-publicidade\/\" \/>\n<meta property=\"og:locale\" content=\"pt_PT\" \/>\n<meta property=\"og:type\" content=\"article\" \/>\n<meta property=\"og:title\" content=\"Telas publicit\u00e1rias, telas publicit\u00e1rias - Promotienda\" \/>\n<meta property=\"og:description\" content=\"As exibi\u00e7\u00f5es de publicidade agregam valor \u00e0 sua estrat\u00e9gia de vendas. Seu neg\u00f3cio crescer\u00e1 com telas de propaganda do LCD. Solicite informa\u00e7\u00f5es\" \/>\n<meta property=\"og:url\" content=\"https:\/\/www.promotienda.es\/pt-pt\/telas-de-publicidade\/\" \/>\n<meta property=\"og:site_name\" content=\"Promotienda\" \/>\n<meta property=\"article:modified_time\" content=\"2019-05-27T16:58:25+00:00\" \/>\n<meta name=\"twitter:card\" content=\"summary_large_image\" \/>\n<meta name=\"twitter:label1\" content=\"Tempo estimado de leitura\" \/>\n\t<meta name=\"twitter:data1\" content=\"3 minutos\" \/>\n<script type=\"application\/ld+json\" class=\"yoast-schema-graph\">{\"@context\":\"https:\/\/schema.org\",\"@graph\":[{\"@type\":\"WebPage\",\"@id\":\"https:\/\/www.promotienda.es\/pt-pt\/telas-de-publicidade\/\",\"url\":\"https:\/\/www.promotienda.es\/pt-pt\/telas-de-publicidade\/\",\"name\":\"Telas publicit\u00e1rias, telas publicit\u00e1rias - Promotienda\",\"isPartOf\":{\"@id\":\"https:\/\/www.promotienda.es\/en\/#website\"},\"datePublished\":\"2019-05-27T16:57:36+00:00\",\"dateModified\":\"2019-05-27T16:58:25+00:00\",\"description\":\"As exibi\u00e7\u00f5es de publicidade agregam valor \u00e0 sua estrat\u00e9gia de vendas. Seu neg\u00f3cio crescer\u00e1 com telas de propaganda do LCD. Solicite informa\u00e7\u00f5es\",\"breadcrumb\":{\"@id\":\"https:\/\/www.promotienda.es\/pt-pt\/telas-de-publicidade\/#breadcrumb\"},\"inLanguage\":\"pt-PT\",\"potentialAction\":[{\"@type\":\"ReadAction\",\"target\":[\"https:\/\/www.promotienda.es\/pt-pt\/telas-de-publicidade\/\"]}]},{\"@type\":\"BreadcrumbList\",\"@id\":\"https:\/\/www.promotienda.es\/pt-pt\/telas-de-publicidade\/#breadcrumb\",\"itemListElement\":[{\"@type\":\"ListItem\",\"position\":1,\"name\":\"Portada\",\"item\":\"https:\/\/www.promotienda.es\/pt-pt\/\"},{\"@type\":\"ListItem\",\"position\":2,\"name\":\"Telas de publicidade\"}]},{\"@type\":\"WebSite\",\"@id\":\"https:\/\/www.promotienda.es\/en\/#website\",\"url\":\"https:\/\/www.promotienda.es\/en\/\",\"name\":\"Promotienda\",\"description\":\"\",\"potentialAction\":[{\"@type\":\"SearchAction\",\"target\":{\"@type\":\"EntryPoint\",\"urlTemplate\":\"https:\/\/www.promotienda.es\/en\/?s={search_term_string}\"},\"query-input\":\"required name=search_term_string\"}],\"inLanguage\":\"pt-PT\"}]}<\/script>\n<!-- \/ Yoast SEO plugin. -->","yoast_head_json":{"title":"Telas publicit\u00e1rias, telas publicit\u00e1rias - Promotienda","description":"As exibi\u00e7\u00f5es de publicidade agregam valor \u00e0 sua estrat\u00e9gia de vendas. Seu neg\u00f3cio crescer\u00e1 com telas de propaganda do LCD. Solicite informa\u00e7\u00f5es","robots":{"index":"index","follow":"follow","max-snippet":"max-snippet:-1","max-image-preview":"max-image-preview:large","max-video-preview":"max-video-preview:-1"},"canonical":"https:\/\/www.promotienda.es\/pt-pt\/telas-de-publicidade\/","og_locale":"pt_PT","og_type":"article","og_title":"Telas publicit\u00e1rias, telas publicit\u00e1rias - Promotienda","og_description":"As exibi\u00e7\u00f5es de publicidade agregam valor \u00e0 sua estrat\u00e9gia de vendas. Seu neg\u00f3cio crescer\u00e1 com telas de propaganda do LCD. Solicite informa\u00e7\u00f5es","og_url":"https:\/\/www.promotienda.es\/pt-pt\/telas-de-publicidade\/","og_site_name":"Promotienda","article_modified_time":"2019-05-27T16:58:25+00:00","twitter_card":"summary_large_image","twitter_misc":{"Tempo estimado de leitura":"3 minutos"},"schema":{"@context":"https:\/\/schema.org","@graph":[{"@type":"WebPage","@id":"https:\/\/www.promotienda.es\/pt-pt\/telas-de-publicidade\/","url":"https:\/\/www.promotienda.es\/pt-pt\/telas-de-publicidade\/","name":"Telas publicit\u00e1rias, telas publicit\u00e1rias - Promotienda","isPartOf":{"@id":"https:\/\/www.promotienda.es\/en\/#website"},"datePublished":"2019-05-27T16:57:36+00:00","dateModified":"2019-05-27T16:58:25+00:00","description":"As exibi\u00e7\u00f5es de publicidade agregam valor \u00e0 sua estrat\u00e9gia de vendas. Seu neg\u00f3cio crescer\u00e1 com telas de propaganda do LCD. Solicite informa\u00e7\u00f5es","breadcrumb":{"@id":"https:\/\/www.promotienda.es\/pt-pt\/telas-de-publicidade\/#breadcrumb"},"inLanguage":"pt-PT","potentialAction":[{"@type":"ReadAction","target":["https:\/\/www.promotienda.es\/pt-pt\/telas-de-publicidade\/"]}]},{"@type":"BreadcrumbList","@id":"https:\/\/www.promotienda.es\/pt-pt\/telas-de-publicidade\/#breadcrumb","itemListElement":[{"@type":"ListItem","position":1,"name":"Portada","item":"https:\/\/www.promotienda.es\/pt-pt\/"},{"@type":"ListItem","position":2,"name":"Telas de publicidade"}]},{"@type":"WebSite","@id":"https:\/\/www.promotienda.es\/en\/#website","url":"https:\/\/www.promotienda.es\/en\/","name":"Promotienda","description":"","potentialAction":[{"@type":"SearchAction","target":{"@type":"EntryPoint","urlTemplate":"https:\/\/www.promotienda.es\/en\/?s={search_term_string}"},"query-input":"required name=search_term_string"}],"inLanguage":"pt-PT"}]}},"_links":{"self":[{"href":"https:\/\/www.promotienda.es\/pt-pt\/wp-json\/wp\/v2\/pages\/5912"}],"collection":[{"href":"https:\/\/www.promotienda.es\/pt-pt\/wp-json\/wp\/v2\/pages"}],"about":[{"href":"https:\/\/www.promotienda.es\/pt-pt\/wp-json\/wp\/v2\/types\/page"}],"author":[{"embeddable":true,"href":"https:\/\/www.promotienda.es\/pt-pt\/wp-json\/wp\/v2\/users\/1"}],"replies":[{"embeddable":true,"href":"https:\/\/www.promotienda.es\/pt-pt\/wp-json\/wp\/v2\/comments?post=5912"}],"version-history":[{"count":2,"href":"https:\/\/www.promotienda.es\/pt-pt\/wp-json\/wp\/v2\/pages\/5912\/revisions"}],"predecessor-version":[{"id":6518,"href":"https:\/\/www.promotienda.es\/pt-pt\/wp-json\/wp\/v2\/pages\/5912\/revisions\/6518"}],"wp:attachment":[{"href":"https:\/\/www.promotienda.es\/pt-pt\/wp-json\/wp\/v2\/media?parent=5912"}],"curies":[{"name":"wp","href":"https:\/\/api.w.org\/{rel}","templated":true}]}}