{"id":6290,"date":"2019-05-27T18:57:59","date_gmt":"2019-05-27T16:57:59","guid":{"rendered":"https:\/\/www.promotienda.es\/telas-de-publicidade\/telas-de-publicidade-lcd\/"},"modified":"2019-05-27T18:58:25","modified_gmt":"2019-05-27T16:58:25","slug":"telas-de-publicidade-lcd","status":"publish","type":"page","link":"https:\/\/www.promotienda.es\/pt-pt\/telas-de-publicidade\/telas-de-publicidade-lcd\/","title":{"rendered":"Telas de publicidade LCD"},"content":{"rendered":"<section class=\"wpb-content-wrapper\"><p>[vc_row][vc_column][vc_column_text]Publicidade LCD exibe publicidade para o p\u00fablico para melhorar a efic\u00e1cia das promo\u00e7\u00f5es no ponto de venda.[\/vc_column_text][\/vc_column][\/vc_row][vc_row margin_bottom=&#8221;30px&#8221; css=&#8221;.vc_custom_1487761201294{margin-bottom: 20px !important;}&#8221;][vc_column width=&#8221;1\/3&#8243;][vc_column_text css=&#8221;.vc_custom_1487761101446{margin-bottom: 5px !important;}&#8221;]<\/p>\n<h2 style=\"text-align: center; font-size: 20px !important;\">Tela de 7 polegadas<\/h2>\n<p>[\/vc_column_text][vc_single_image image=&#8221;6503&#8243; img_size=&#8221;full&#8221; add_caption=&#8221;yes&#8221; alignment=&#8221;center&#8221; css=&#8221;.vc_custom_1487761237430{margin-bottom: 5px !important;}&#8221;][vc_btn title=&#8221;Mais informa\u00e7\u00f5es&#8221; style=&#8221;outline&#8221; shape=&#8221;square&#8221; color=&#8221;primary&#8221; align=&#8221;center&#8221; i_icon_fontawesome=&#8221;fa fa-plus&#8221; add_icon=&#8221;true&#8221; link=&#8221;url:https%3A%2F%2Fwww.promotienda.es%2Fpantallas-para-publicidad%2Fpantalla-lcd-7-pulgadas|&#8221;][\/vc_column][vc_column width=&#8221;1\/3&#8243;][vc_column_text css=&#8221;.vc_custom_1512941508653{margin-bottom: 5px !important;}&#8221;]<\/p>\n<h2 style=\"text-align: center; font-size: 20px !important;\">Tela de 10,1 polegadas<\/h2>\n<p>[\/vc_column_text][vc_single_image image=&#8221;6291&#8243; img_size=&#8221;full&#8221; add_caption=&#8221;yes&#8221; alignment=&#8221;center&#8221; css=&#8221;.vc_custom_1512941793003{margin-bottom: 5px !important;}&#8221;][vc_btn title=&#8221;Mais informa\u00e7\u00f5es&#8221; style=&#8221;outline&#8221; shape=&#8221;square&#8221; color=&#8221;primary&#8221; align=&#8221;center&#8221; i_icon_fontawesome=&#8221;fa fa-plus&#8221; add_icon=&#8221;true&#8221; link=&#8221;url:https%3A%2F%2Fwww.promotienda.es%2Fpantallas-para-publicidad%2Fpantalla-lcd-10-pulgadas|&#8221;][\/vc_column][vc_column width=&#8221;1\/3&#8243;][vc_column_text css=&#8221;.vc_custom_1487761142719{margin-bottom: 5px !important;}&#8221;]<\/p>\n<h2 style=\"text-align: center; font-size: 20px !important;\">Tela de 15 polegadas<\/h2>\n<p>[\/vc_column_text][vc_single_image image=&#8221;6487&#8243; img_size=&#8221;full&#8221; add_caption=&#8221;yes&#8221; alignment=&#8221;center&#8221; css=&#8221;.vc_custom_1487761289176{margin-bottom: 5px !important;}&#8221;][vc_btn title=&#8221;Mais informa\u00e7\u00f5es&#8221; style=&#8221;outline&#8221; shape=&#8221;square&#8221; color=&#8221;primary&#8221; align=&#8221;center&#8221; i_icon_fontawesome=&#8221;fa fa-plus&#8221; add_icon=&#8221;true&#8221; link=&#8221;url:https%3A%2F%2Fwww.promotienda.es%2Fpantallas-para-publicidad%2Fpantalla-lcd-15-pulgadas|&#8221;][\/vc_column][\/vc_row][vc_row][vc_column width=&#8221;1\/3&#8243;][vc_column_text css=&#8221;.vc_custom_1487761156280{margin-bottom: 5px !important;}&#8221;]<\/p>\n<h2 style=\"text-align: center; font-size: 20px !important;\">Tela de 18,5 polegadas<\/h2>\n<p>[\/vc_column_text][vc_single_image image=&#8221;6295&#8243; img_size=&#8221;full&#8221; add_caption=&#8221;yes&#8221; alignment=&#8221;center&#8221; css=&#8221;.vc_custom_1505986498994{margin-bottom: 5px !important;}&#8221;][vc_btn title=&#8221;Mais informa\u00e7\u00f5es&#8221; style=&#8221;outline&#8221; shape=&#8221;square&#8221; color=&#8221;primary&#8221; align=&#8221;center&#8221; i_icon_fontawesome=&#8221;fa fa-plus&#8221; add_icon=&#8221;true&#8221; link=&#8221;url:https%3A%2F%2Fwww.promotienda.es%2Fpantallas-para-publicidad%2Fpantalla-lcd-18-pulgadas|&#8221;][\/vc_column][vc_column width=&#8221;1\/3&#8243;][vc_column_text css=&#8221;.vc_custom_1487761164465{margin-bottom: 5px !important;}&#8221;]<\/p>\n<h2 style=\"text-align: center; font-size: 20px !important;\">Tela de 21,5 polegadas<\/h2>\n<p>[\/vc_column_text][vc_single_image image=&#8221;6475&#8243; img_size=&#8221;full&#8221; add_caption=&#8221;yes&#8221; alignment=&#8221;center&#8221; css=&#8221;.vc_custom_1487761311739{margin-bottom: 5px !important;}&#8221;][vc_btn title=&#8221;Mais informa\u00e7\u00f5es&#8221; style=&#8221;outline&#8221; shape=&#8221;square&#8221; color=&#8221;primary&#8221; align=&#8221;center&#8221; i_icon_fontawesome=&#8221;fa fa-plus&#8221; add_icon=&#8221;true&#8221; link=&#8221;url:https%3A%2F%2Fwww.promotienda.es%2Fpantallas-para-publicidad%2Fpantalla-lcd-21-pulgadas|&#8221;][\/vc_column][vc_column width=&#8221;1\/3&#8243;][vc_column_text css=&#8221;.vc_custom_1487761170737{margin-bottom: 5px !important;}&#8221;]<\/p>\n<h2 style=\"text-align: center; font-size: 20px !important;\">Tela de 32 polegadas<\/h2>\n<p>[\/vc_column_text][vc_single_image image=&#8221;6471&#8243; img_size=&#8221;full&#8221; add_caption=&#8221;yes&#8221; alignment=&#8221;center&#8221; css=&#8221;.vc_custom_1487761318652{margin-bottom: 5px !important;}&#8221;][vc_btn title=&#8221;Mais informa\u00e7\u00f5es&#8221; style=&#8221;outline&#8221; shape=&#8221;square&#8221; color=&#8221;primary&#8221; align=&#8221;center&#8221; i_icon_fontawesome=&#8221;fa fa-plus&#8221; add_icon=&#8221;true&#8221; link=&#8221;url:https%3A%2F%2Fwww.promotienda.es%2Fpantallas-para-publicidad%2Fpantalla-lcd-32-pulgadas|&#8221;][\/vc_column][\/vc_row]<\/p>\n<\/section>","protected":false},"excerpt":{"rendered":"<p>[vc_row][vc_column][vc_column_text]Publicidade LCD exibe publicidade para o p\u00fablico para melhorar a efic\u00e1cia das promo\u00e7\u00f5es no ponto de venda.[\/vc_column_text][\/vc_column][\/vc_row][vc_row margin_bottom=&#8221;30px&#8221; css=&#8221;.vc_custom_1487761201294{margin-bottom: 20px !important;}&#8221;][vc_column width=&#8221;1\/3&#8243;][vc_column_text css=&#8221;.vc_custom_1487761101446{margin-bottom: 5px !important;}&#8221;] Tela de 7 polegadas [\/vc_column_text][vc_single_image image=&#8221;6503&#8243; img_size=&#8221;full&#8221; add_caption=&#8221;yes&#8221; alignment=&#8221;center&#8221; css=&#8221;.vc_custom_1487761237430{margin-bottom: 5px !important;}&#8221;][vc_btn title=&#8221;Mais informa\u00e7\u00f5es&#8221; style=&#8221;outline&#8221; shape=&#8221;square&#8221; color=&#8221;primary&#8221; align=&#8221;center&#8221; i_icon_fontawesome=&#8221;fa fa-plus&#8221; add_icon=&#8221;true&#8221; link=&#8221;url:https%3A%2F%2Fwww.promotienda.es%2Fpantallas-para-publicidad%2Fpantalla-lcd-7-pulgadas|&#8221;][\/vc_column][vc_column width=&#8221;1\/3&#8243;][vc_column_text css=&#8221;.vc_custom_1512941508653{margin-bottom: 5px !important;}&#8221;] Tela de 10,1 polegadas&hellip;<\/p>\n","protected":false},"author":1,"featured_media":0,"parent":5912,"menu_order":1,"comment_status":"closed","ping_status":"closed","template":"","meta":{"ngg_post_thumbnail":0},"yoast_head":"<!-- This site is optimized with the Yoast SEO plugin v20.3 - https:\/\/yoast.com\/wordpress\/plugins\/seo\/ -->\n<title>Telas de publicidade LCD, publicidade monitores - Promotienda<\/title>\n<meta name=\"description\" content=\"Com telas de publicidade LCD voc\u00ea vai captar a aten\u00e7\u00e3o do cliente, criando novas experi\u00eancias. Ajud\u00e1-lo em sua decis\u00e3o de compra e melhorar suas vendas.\" \/>\n<meta name=\"robots\" content=\"index, follow, max-snippet:-1, max-image-preview:large, max-video-preview:-1\" \/>\n<link rel=\"canonical\" href=\"https:\/\/www.promotienda.es\/pt-pt\/telas-de-publicidade\/telas-de-publicidade-lcd\/\" \/>\n<meta property=\"og:locale\" content=\"pt_PT\" \/>\n<meta property=\"og:type\" content=\"article\" \/>\n<meta property=\"og:title\" content=\"Telas de publicidade LCD, publicidade monitores - Promotienda\" \/>\n<meta property=\"og:description\" content=\"Com telas de publicidade LCD voc\u00ea vai captar a aten\u00e7\u00e3o do cliente, criando novas experi\u00eancias. Ajud\u00e1-lo em sua decis\u00e3o de compra e melhorar suas vendas.\" \/>\n<meta property=\"og:url\" content=\"https:\/\/www.promotienda.es\/pt-pt\/telas-de-publicidade\/telas-de-publicidade-lcd\/\" \/>\n<meta property=\"og:site_name\" content=\"Promotienda\" \/>\n<meta property=\"article:modified_time\" content=\"2019-05-27T16:58:25+00:00\" \/>\n<meta name=\"twitter:card\" content=\"summary_large_image\" \/>\n<meta name=\"twitter:label1\" content=\"Tempo estimado de leitura\" \/>\n\t<meta name=\"twitter:data1\" content=\"2 minutos\" \/>\n<script type=\"application\/ld+json\" class=\"yoast-schema-graph\">{\"@context\":\"https:\/\/schema.org\",\"@graph\":[{\"@type\":\"WebPage\",\"@id\":\"https:\/\/www.promotienda.es\/pt-pt\/telas-de-publicidade\/telas-de-publicidade-lcd\/\",\"url\":\"https:\/\/www.promotienda.es\/pt-pt\/telas-de-publicidade\/telas-de-publicidade-lcd\/\",\"name\":\"Telas de publicidade LCD, publicidade monitores - Promotienda\",\"isPartOf\":{\"@id\":\"https:\/\/www.promotienda.es\/en\/#website\"},\"datePublished\":\"2019-05-27T16:57:59+00:00\",\"dateModified\":\"2019-05-27T16:58:25+00:00\",\"description\":\"Com telas de publicidade LCD voc\u00ea vai captar a aten\u00e7\u00e3o do cliente, criando novas experi\u00eancias. Ajud\u00e1-lo em sua decis\u00e3o de compra e melhorar suas vendas.\",\"breadcrumb\":{\"@id\":\"https:\/\/www.promotienda.es\/pt-pt\/telas-de-publicidade\/telas-de-publicidade-lcd\/#breadcrumb\"},\"inLanguage\":\"pt-PT\",\"potentialAction\":[{\"@type\":\"ReadAction\",\"target\":[\"https:\/\/www.promotienda.es\/pt-pt\/telas-de-publicidade\/telas-de-publicidade-lcd\/\"]}]},{\"@type\":\"BreadcrumbList\",\"@id\":\"https:\/\/www.promotienda.es\/pt-pt\/telas-de-publicidade\/telas-de-publicidade-lcd\/#breadcrumb\",\"itemListElement\":[{\"@type\":\"ListItem\",\"position\":1,\"name\":\"Portada\",\"item\":\"https:\/\/www.promotienda.es\/pt-pt\/\"},{\"@type\":\"ListItem\",\"position\":2,\"name\":\"Telas de publicidade\",\"item\":\"https:\/\/www.promotienda.es\/pt-pt\/telas-de-publicidade\/\"},{\"@type\":\"ListItem\",\"position\":3,\"name\":\"Telas de publicidade LCD\"}]},{\"@type\":\"WebSite\",\"@id\":\"https:\/\/www.promotienda.es\/en\/#website\",\"url\":\"https:\/\/www.promotienda.es\/en\/\",\"name\":\"Promotienda\",\"description\":\"\",\"potentialAction\":[{\"@type\":\"SearchAction\",\"target\":{\"@type\":\"EntryPoint\",\"urlTemplate\":\"https:\/\/www.promotienda.es\/en\/?s={search_term_string}\"},\"query-input\":\"required name=search_term_string\"}],\"inLanguage\":\"pt-PT\"}]}<\/script>\n<!-- \/ Yoast SEO plugin. -->","yoast_head_json":{"title":"Telas de publicidade LCD, publicidade monitores - Promotienda","description":"Com telas de publicidade LCD voc\u00ea vai captar a aten\u00e7\u00e3o do cliente, criando novas experi\u00eancias. Ajud\u00e1-lo em sua decis\u00e3o de compra e melhorar suas vendas.","robots":{"index":"index","follow":"follow","max-snippet":"max-snippet:-1","max-image-preview":"max-image-preview:large","max-video-preview":"max-video-preview:-1"},"canonical":"https:\/\/www.promotienda.es\/pt-pt\/telas-de-publicidade\/telas-de-publicidade-lcd\/","og_locale":"pt_PT","og_type":"article","og_title":"Telas de publicidade LCD, publicidade monitores - Promotienda","og_description":"Com telas de publicidade LCD voc\u00ea vai captar a aten\u00e7\u00e3o do cliente, criando novas experi\u00eancias. Ajud\u00e1-lo em sua decis\u00e3o de compra e melhorar suas vendas.","og_url":"https:\/\/www.promotienda.es\/pt-pt\/telas-de-publicidade\/telas-de-publicidade-lcd\/","og_site_name":"Promotienda","article_modified_time":"2019-05-27T16:58:25+00:00","twitter_card":"summary_large_image","twitter_misc":{"Tempo estimado de leitura":"2 minutos"},"schema":{"@context":"https:\/\/schema.org","@graph":[{"@type":"WebPage","@id":"https:\/\/www.promotienda.es\/pt-pt\/telas-de-publicidade\/telas-de-publicidade-lcd\/","url":"https:\/\/www.promotienda.es\/pt-pt\/telas-de-publicidade\/telas-de-publicidade-lcd\/","name":"Telas de publicidade LCD, publicidade monitores - Promotienda","isPartOf":{"@id":"https:\/\/www.promotienda.es\/en\/#website"},"datePublished":"2019-05-27T16:57:59+00:00","dateModified":"2019-05-27T16:58:25+00:00","description":"Com telas de publicidade LCD voc\u00ea vai captar a aten\u00e7\u00e3o do cliente, criando novas experi\u00eancias. Ajud\u00e1-lo em sua decis\u00e3o de compra e melhorar suas vendas.","breadcrumb":{"@id":"https:\/\/www.promotienda.es\/pt-pt\/telas-de-publicidade\/telas-de-publicidade-lcd\/#breadcrumb"},"inLanguage":"pt-PT","potentialAction":[{"@type":"ReadAction","target":["https:\/\/www.promotienda.es\/pt-pt\/telas-de-publicidade\/telas-de-publicidade-lcd\/"]}]},{"@type":"BreadcrumbList","@id":"https:\/\/www.promotienda.es\/pt-pt\/telas-de-publicidade\/telas-de-publicidade-lcd\/#breadcrumb","itemListElement":[{"@type":"ListItem","position":1,"name":"Portada","item":"https:\/\/www.promotienda.es\/pt-pt\/"},{"@type":"ListItem","position":2,"name":"Telas de publicidade","item":"https:\/\/www.promotienda.es\/pt-pt\/telas-de-publicidade\/"},{"@type":"ListItem","position":3,"name":"Telas de publicidade LCD"}]},{"@type":"WebSite","@id":"https:\/\/www.promotienda.es\/en\/#website","url":"https:\/\/www.promotienda.es\/en\/","name":"Promotienda","description":"","potentialAction":[{"@type":"SearchAction","target":{"@type":"EntryPoint","urlTemplate":"https:\/\/www.promotienda.es\/en\/?s={search_term_string}"},"query-input":"required name=search_term_string"}],"inLanguage":"pt-PT"}]}},"_links":{"self":[{"href":"https:\/\/www.promotienda.es\/pt-pt\/wp-json\/wp\/v2\/pages\/6290"}],"collection":[{"href":"https:\/\/www.promotienda.es\/pt-pt\/wp-json\/wp\/v2\/pages"}],"about":[{"href":"https:\/\/www.promotienda.es\/pt-pt\/wp-json\/wp\/v2\/types\/page"}],"author":[{"embeddable":true,"href":"https:\/\/www.promotienda.es\/pt-pt\/wp-json\/wp\/v2\/users\/1"}],"replies":[{"embeddable":true,"href":"https:\/\/www.promotienda.es\/pt-pt\/wp-json\/wp\/v2\/comments?post=6290"}],"version-history":[{"count":2,"href":"https:\/\/www.promotienda.es\/pt-pt\/wp-json\/wp\/v2\/pages\/6290\/revisions"}],"predecessor-version":[{"id":6519,"href":"https:\/\/www.promotienda.es\/pt-pt\/wp-json\/wp\/v2\/pages\/6290\/revisions\/6519"}],"up":[{"embeddable":true,"href":"https:\/\/www.promotienda.es\/pt-pt\/wp-json\/wp\/v2\/pages\/5912"}],"wp:attachment":[{"href":"https:\/\/www.promotienda.es\/pt-pt\/wp-json\/wp\/v2\/media?parent=6290"}],"curies":[{"name":"wp","href":"https:\/\/api.w.org\/{rel}","templated":true}]}}