{"id":6869,"date":"2019-05-28T12:55:59","date_gmt":"2019-05-28T10:55:59","guid":{"rendered":"https:\/\/www.promotienda.es\/telas-de-publicidade\/telas-de-publicidade-android\/"},"modified":"2019-05-28T12:56:10","modified_gmt":"2019-05-28T10:56:10","slug":"telas-de-publicidade-android","status":"publish","type":"page","link":"https:\/\/www.promotienda.es\/pt-pt\/telas-de-publicidade\/telas-de-publicidade-android\/","title":{"rendered":"Telas de publicidade Android"},"content":{"rendered":"<section class=\"wpb-content-wrapper\"><p>[vc_row][vc_column][vc_column_text]Telas de publicidade Android s\u00e3o uma \u00f3tima solu\u00e7\u00e3o para as marcas e varejistas que querem anunciar suas mensagens de marketing digital em um ambiente comercial. Com o sistema operacional Android e alimentado por tecnologia Pulse, estes monitores compactos incluem todas as caracter\u00edsticas de um tablet Android sem capacidade t\u00e1til.[\/vc_column_text][vc_single_image image=&#8221;981&#8243; img_size=&#8221;full&#8221; alignment=&#8221;center&#8221; css_animation=&#8221;fadeInLeft&#8221; lazy_loading=&#8221;true&#8221;][\/vc_column][\/vc_row][vc_row][vc_column][vc_column_text]<\/p>\n<h3>Tamanhos de tela Android dispon\u00edveis<\/h3>\n<p>[\/vc_column_text][\/vc_column][\/vc_row][vc_row][vc_column width=&#8221;1\/3&#8243;][vc_single_image image=&#8221;489&#8243; img_size=&#8221;full&#8221; alignment=&#8221;center&#8221; css_animation=&#8221;fadeInDown&#8221; image_hovers=&#8221;false&#8221; lazy_loading=&#8221;true&#8221; css=&#8221;.vc_custom_1491239220853{margin-bottom: 5px !important;}&#8221;][vc_btn title=&#8221;Especifica\u00e7\u00f5es&#8221; style=&#8221;flat&#8221; shape=&#8221;square&#8221; color=&#8221;primary&#8221; align=&#8221;center&#8221; i_icon_fontawesome=&#8221;fa fa-download&#8221; add_icon=&#8221;true&#8221; link=&#8221;url:https%3A%2F%2Fwww.promotienda.es%2Fpdf%2Fpantalla-android-15-6-pulgadas.pdf|target:%20_blank|&#8221;][\/vc_column][vc_column width=&#8221;1\/3&#8243;][vc_single_image image=&#8221;490&#8243; img_size=&#8221;full&#8221; alignment=&#8221;center&#8221; css_animation=&#8221;fadeInDown&#8221; image_hovers=&#8221;false&#8221; lazy_loading=&#8221;true&#8221; css=&#8221;.vc_custom_1491239238373{margin-bottom: 5px !important;}&#8221;][vc_btn title=&#8221;Especifica\u00e7\u00f5es&#8221; style=&#8221;flat&#8221; shape=&#8221;square&#8221; color=&#8221;primary&#8221; align=&#8221;center&#8221; i_icon_fontawesome=&#8221;fa fa-download&#8221; add_icon=&#8221;true&#8221; link=&#8221;url:https%3A%2F%2Fwww.promotienda.es%2Fpdf%2Fpantalla-android-18-5-pulgadas.pdf|target:%20_blank|&#8221;][\/vc_column][vc_column width=&#8221;1\/3&#8243;][vc_single_image image=&#8221;491&#8243; img_size=&#8221;full&#8221; alignment=&#8221;center&#8221; css_animation=&#8221;fadeInDown&#8221; image_hovers=&#8221;false&#8221; lazy_loading=&#8221;true&#8221; css=&#8221;.vc_custom_1491239256302{margin-bottom: 5px !important;}&#8221;][vc_btn title=&#8221;Especifica\u00e7\u00f5es&#8221; style=&#8221;flat&#8221; shape=&#8221;square&#8221; color=&#8221;primary&#8221; align=&#8221;center&#8221; i_icon_fontawesome=&#8221;fa fa-download&#8221; add_icon=&#8221;true&#8221; link=&#8221;url:https%3A%2F%2Fwww.promotienda.es%2Fpdf%2Fpantalla-android-21-5-pulgadas.pdf|target:%20_blank|&#8221;][\/vc_column][\/vc_row][vc_row margin_top=&#8221;30px&#8221;][vc_column][vc_row_inner][vc_column_inner][vc_column_text]<\/p>\n<h2>Telas Android: recursos<\/h2>\n<p>[\/vc_column_text][\/vc_column_inner][\/vc_row_inner][vc_row_inner][vc_column_inner width=&#8221;1\/3&#8243;][vc_single_image image=&#8221;1043&#8243; img_size=&#8221;full&#8221; alignment=&#8221;center&#8221;][\/vc_column_inner][vc_column_inner width=&#8221;2\/3&#8243;][vc_column_text]<\/p>\n<h3>Variedade de projetos<\/h3>\n<p>Os tamanhos e os projetos diferentes do suporte est\u00e3o dispon\u00edveis para suportar sua tela do Android. Montagem na parede, montagem de mesa, montagem no ch\u00e3o, instala\u00e7\u00e3o de prateleiras e outras solu\u00e7\u00f5es permitem que voc\u00ea coloque sua tela de publicidade Android em qualquer local desejado dentro de seu espa\u00e7o.[\/vc_column_text][\/vc_column_inner][\/vc_row_inner][vc_row_inner][vc_column_inner width=&#8221;1\/3&#8243;][vc_single_image image=&#8221;1042&#8243; img_size=&#8221;full&#8221; alignment=&#8221;center&#8221;][\/vc_column_inner][vc_column_inner width=&#8221;2\/3&#8243;][vc_column_text]<\/p>\n<h3>Uso comercial<\/h3>\n<p>Os monitores Android possuem hardware e software projetados especificamente para uso comercial. O uso de telas em um ambiente comercial requer muitas horas de opera\u00e7\u00e3o cont\u00ednua e uso frequente dos usu\u00e1rios. N\u00f3s desenvolvemos nossos produtos com materiais resistentes para adaptar-se perfeitamente a este ambiente de exig\u00eancia.[\/vc_column_text][\/vc_column_inner][\/vc_row_inner][vc_row_inner][vc_column_inner width=&#8221;1\/3&#8243;][vc_single_image image=&#8221;1035&#8243; img_size=&#8221;full&#8221; alignment=&#8221;center&#8221;][\/vc_column_inner][vc_column_inner width=&#8221;2\/3&#8243;][vc_column_text]<\/p>\n<h3>Sistema operacional Android<\/h3>\n<div>Desenvolvido com o sistema operacional Android, as telas podem reproduzir uma grande variedade de aplica\u00e7\u00f5es para refor\u00e7ar as mensagens de marketing e promo\u00e7\u00f5es.<\/div>\n<p>[\/vc_column_text][\/vc_column_inner][\/vc_row_inner][vc_row_inner][vc_column_inner width=&#8221;1\/3&#8243;][vc_single_image image=&#8221;1040&#8243; img_size=&#8221;full&#8221; alignment=&#8221;center&#8221;][\/vc_column_inner][vc_column_inner width=&#8221;2\/3&#8243;][vc_column_text]<\/p>\n<h3>Processos autom\u00e1ticos<\/h3>\n<p>O recurso de detec\u00e7\u00e3o autom\u00e1tica permite que a tela do Android detecte automaticamente qualquer novo conte\u00fado carregado por meio de um dispositivo USB. A fun\u00e7\u00e3o de c\u00f3pia autom\u00e1tica, em seguida, copia automaticamente o conte\u00fado para a pasta predefinida no dispositivo. Finalmente, a fun\u00e7\u00e3o Auto Play permite a reprodu\u00e7\u00e3o autom\u00e1tica do conte\u00fado, uma vez que o dispositivo est\u00e1 ligado.[\/vc_column_text][\/vc_column_inner][\/vc_row_inner][vc_row_inner][vc_column_inner width=&#8221;1\/3&#8243;][vc_single_image image=&#8221;1038&#8243; img_size=&#8221;full&#8221; alignment=&#8221;center&#8221;][\/vc_column_inner][vc_column_inner width=&#8221;2\/3&#8243;][vc_column_text]<\/p>\n<h3>Sempre conectado<\/h3>\n<p>A exibi\u00e7\u00e3o de publicidade est\u00e1 equipada com Wi-Fi incorporado e funcionalidade 3G ou 4G LTE opcional (onde a conex\u00e3o 4G est\u00e1 dispon\u00edvel). Isso permite que voc\u00ea use o conte\u00fado remoto em v\u00e1rios dispositivos. Ele tamb\u00e9m tem a capacidade de se conectar a uma conex\u00e3o LAN\/Ethernet.[\/vc_column_text][\/vc_column_inner][\/vc_row_inner][vc_row_inner][vc_column_inner width=&#8221;1\/3&#8243;][vc_single_image image=&#8221;1037&#8243; img_size=&#8221;full&#8221; alignment=&#8221;center&#8221;][\/vc_column_inner][vc_column_inner width=&#8221;2\/3&#8243;][vc_column_text]<\/p>\n<h3>Solu\u00e7\u00f5es de montagem<\/h3>\n<p>O sistema de fixa\u00e7\u00e3o VESA na parte de tr\u00e1s do dispositivo permite a montagem simples e segura de qualquer suporte e localiza\u00e7\u00e3o padr\u00e3o no seu espa\u00e7o comercial.[\/vc_column_text][\/vc_column_inner][\/vc_row_inner][vc_row_inner][vc_column_inner width=&#8221;1\/3&#8243;][vc_single_image image=&#8221;1032&#8243; img_size=&#8221;full&#8221; alignment=&#8221;center&#8221;][\/vc_column_inner][vc_column_inner width=&#8221;2\/3&#8243;][vc_column_text]<\/p>\n<h3>Design robusto<\/h3>\n<p>Os monitores Android s\u00e3o constru\u00eddos com materiais que permitem o uso cont\u00ednuo por v\u00e1rias horas. As telas s\u00e3o feitas dos materiais capazes de suportar as demandas elevadas do ambiente de varejo.[\/vc_column_text][\/vc_column_inner][\/vc_row_inner][vc_row_inner][vc_column_inner width=&#8221;1\/3&#8243;][vc_single_image image=&#8221;1033&#8243; img_size=&#8221;full&#8221; alignment=&#8221;center&#8221;][\/vc_column_inner][vc_column_inner width=&#8221;2\/3&#8243;][vc_column_text]<\/p>\n<h3>Vista ajust\u00e1vel<\/h3>\n<p>A vista horizontal ou vertical, cabe a voc\u00ea, cabe a voc\u00ea, coloc o dispositivo como voc\u00ea quer. A tela do Android funciona perfeitamente em ambos os tipos de vista.[\/vc_column_text][\/vc_column_inner][\/vc_row_inner][vc_row_inner][vc_column_inner width=&#8221;1\/3&#8243;][vc_single_image image=&#8221;1034&#8243; img_size=&#8221;full&#8221; alignment=&#8221;center&#8221;][\/vc_column_inner][vc_column_inner width=&#8221;2\/3&#8243;][vc_column_text]<\/p>\n<h3>Constru\u00eddo para venda a retalho<\/h3>\n<p>Os bot\u00f5es de volume e brilho, portas USB e outras conex\u00f5es est\u00e3o localizados na parte de tr\u00e1s da unidade para impedir que os clientes modifiquem suas configura\u00e7\u00f5es definidas.[\/vc_column_text][\/vc_column_inner][\/vc_row_inner][\/vc_column][\/vc_row][vc_row][vc_column][vc_column_text]<\/p>\n<h3>Alterar promo\u00e7\u00f5es do seu escrit\u00f3rio<\/h3>\n<p>Telas de publicidade do sistema operacional Android permitem o gerenciamento de conte\u00fado remotamente com nosso <a href=\"http:\/\/www.promotienda.es\/software-para-publicidad-en-pantallas-rdm\/\">software de publicidade para<\/a> monitores remotos Manager <strong>(RDM)<\/strong><\/p>\n<p>Por meio de conex\u00e3o Wi-Fi ou um modem 3G integrado \u00e9 poss\u00edvel monitorar e gerenciar remotamente o conte\u00fado das telas, instalado em qualquer ponto de venda da geografia espanhola.<\/p>\n<p>Com o <strong>software para<\/strong> <strong>publicidade em telas<\/strong> RDM planos e programas a qualquer momento, individualmente, segmentada ou coletiva, o que a publicidade ser\u00e1 exibida em cada ponto de venda dando total flexibilidade para a marca.[\/vc_column_text][\/vc_column][\/vc_row]<\/p>\n<\/section>","protected":false},"excerpt":{"rendered":"<p>[vc_row][vc_column][vc_column_text]Telas de publicidade Android s\u00e3o uma \u00f3tima solu\u00e7\u00e3o para as marcas e varejistas que querem anunciar suas mensagens de marketing digital em um ambiente comercial. Com o sistema operacional Android e alimentado por tecnologia Pulse, estes monitores compactos incluem todas as caracter\u00edsticas de um tablet Android sem capacidade t\u00e1til.[\/vc_column_text][vc_single_image image=&#8221;981&#8243; img_size=&#8221;full&#8221; alignment=&#8221;center&#8221; css_animation=&#8221;fadeInLeft&#8221; lazy_loading=&#8221;true&#8221;][\/vc_column][\/vc_row][vc_row][vc_column][vc_column_text] Tamanhos&hellip;<\/p>\n","protected":false},"author":1,"featured_media":0,"parent":5912,"menu_order":2,"comment_status":"closed","ping_status":"closed","template":"","meta":{"ngg_post_thumbnail":0},"yoast_head":"<!-- This site is optimized with the Yoast SEO plugin v20.3 - https:\/\/yoast.com\/wordpress\/plugins\/seo\/ -->\n<title>Telas de publicidade Android, Android screens - Promotienda<\/title>\n<meta name=\"description\" content=\"N\u00e3o-t\u00e1til telas de publicidade com Android e hardware projetado especificamente para uso comercial. Seja informado sem obriga\u00e7\u00e3o.\" \/>\n<meta name=\"robots\" content=\"index, follow, max-snippet:-1, max-image-preview:large, max-video-preview:-1\" \/>\n<link rel=\"canonical\" href=\"https:\/\/www.promotienda.es\/pt-pt\/telas-de-publicidade\/telas-de-publicidade-android\/\" \/>\n<meta property=\"og:locale\" content=\"pt_PT\" \/>\n<meta property=\"og:type\" content=\"article\" \/>\n<meta property=\"og:title\" content=\"Telas de publicidade Android, Android screens - Promotienda\" \/>\n<meta property=\"og:description\" content=\"N\u00e3o-t\u00e1til telas de publicidade com Android e hardware projetado especificamente para uso comercial. Seja informado sem obriga\u00e7\u00e3o.\" \/>\n<meta property=\"og:url\" content=\"https:\/\/www.promotienda.es\/pt-pt\/telas-de-publicidade\/telas-de-publicidade-android\/\" \/>\n<meta property=\"og:site_name\" content=\"Promotienda\" \/>\n<meta property=\"article:modified_time\" content=\"2019-05-28T10:56:10+00:00\" \/>\n<meta name=\"twitter:card\" content=\"summary_large_image\" \/>\n<meta name=\"twitter:label1\" content=\"Tempo estimado de leitura\" \/>\n\t<meta name=\"twitter:data1\" content=\"6 minutos\" \/>\n<script type=\"application\/ld+json\" class=\"yoast-schema-graph\">{\"@context\":\"https:\/\/schema.org\",\"@graph\":[{\"@type\":\"WebPage\",\"@id\":\"https:\/\/www.promotienda.es\/pt-pt\/telas-de-publicidade\/telas-de-publicidade-android\/\",\"url\":\"https:\/\/www.promotienda.es\/pt-pt\/telas-de-publicidade\/telas-de-publicidade-android\/\",\"name\":\"Telas de publicidade Android, Android screens - Promotienda\",\"isPartOf\":{\"@id\":\"https:\/\/www.promotienda.es\/en\/#website\"},\"datePublished\":\"2019-05-28T10:55:59+00:00\",\"dateModified\":\"2019-05-28T10:56:10+00:00\",\"description\":\"N\u00e3o-t\u00e1til telas de publicidade com Android e hardware projetado especificamente para uso comercial. Seja informado sem obriga\u00e7\u00e3o.\",\"breadcrumb\":{\"@id\":\"https:\/\/www.promotienda.es\/pt-pt\/telas-de-publicidade\/telas-de-publicidade-android\/#breadcrumb\"},\"inLanguage\":\"pt-PT\",\"potentialAction\":[{\"@type\":\"ReadAction\",\"target\":[\"https:\/\/www.promotienda.es\/pt-pt\/telas-de-publicidade\/telas-de-publicidade-android\/\"]}]},{\"@type\":\"BreadcrumbList\",\"@id\":\"https:\/\/www.promotienda.es\/pt-pt\/telas-de-publicidade\/telas-de-publicidade-android\/#breadcrumb\",\"itemListElement\":[{\"@type\":\"ListItem\",\"position\":1,\"name\":\"Portada\",\"item\":\"https:\/\/www.promotienda.es\/pt-pt\/\"},{\"@type\":\"ListItem\",\"position\":2,\"name\":\"Telas de publicidade\",\"item\":\"https:\/\/www.promotienda.es\/pt-pt\/telas-de-publicidade\/\"},{\"@type\":\"ListItem\",\"position\":3,\"name\":\"Telas de publicidade Android\"}]},{\"@type\":\"WebSite\",\"@id\":\"https:\/\/www.promotienda.es\/en\/#website\",\"url\":\"https:\/\/www.promotienda.es\/en\/\",\"name\":\"Promotienda\",\"description\":\"\",\"potentialAction\":[{\"@type\":\"SearchAction\",\"target\":{\"@type\":\"EntryPoint\",\"urlTemplate\":\"https:\/\/www.promotienda.es\/en\/?s={search_term_string}\"},\"query-input\":\"required name=search_term_string\"}],\"inLanguage\":\"pt-PT\"}]}<\/script>\n<!-- \/ Yoast SEO plugin. -->","yoast_head_json":{"title":"Telas de publicidade Android, Android screens - Promotienda","description":"N\u00e3o-t\u00e1til telas de publicidade com Android e hardware projetado especificamente para uso comercial. Seja informado sem obriga\u00e7\u00e3o.","robots":{"index":"index","follow":"follow","max-snippet":"max-snippet:-1","max-image-preview":"max-image-preview:large","max-video-preview":"max-video-preview:-1"},"canonical":"https:\/\/www.promotienda.es\/pt-pt\/telas-de-publicidade\/telas-de-publicidade-android\/","og_locale":"pt_PT","og_type":"article","og_title":"Telas de publicidade Android, Android screens - Promotienda","og_description":"N\u00e3o-t\u00e1til telas de publicidade com Android e hardware projetado especificamente para uso comercial. Seja informado sem obriga\u00e7\u00e3o.","og_url":"https:\/\/www.promotienda.es\/pt-pt\/telas-de-publicidade\/telas-de-publicidade-android\/","og_site_name":"Promotienda","article_modified_time":"2019-05-28T10:56:10+00:00","twitter_card":"summary_large_image","twitter_misc":{"Tempo estimado de leitura":"6 minutos"},"schema":{"@context":"https:\/\/schema.org","@graph":[{"@type":"WebPage","@id":"https:\/\/www.promotienda.es\/pt-pt\/telas-de-publicidade\/telas-de-publicidade-android\/","url":"https:\/\/www.promotienda.es\/pt-pt\/telas-de-publicidade\/telas-de-publicidade-android\/","name":"Telas de publicidade Android, Android screens - Promotienda","isPartOf":{"@id":"https:\/\/www.promotienda.es\/en\/#website"},"datePublished":"2019-05-28T10:55:59+00:00","dateModified":"2019-05-28T10:56:10+00:00","description":"N\u00e3o-t\u00e1til telas de publicidade com Android e hardware projetado especificamente para uso comercial. Seja informado sem obriga\u00e7\u00e3o.","breadcrumb":{"@id":"https:\/\/www.promotienda.es\/pt-pt\/telas-de-publicidade\/telas-de-publicidade-android\/#breadcrumb"},"inLanguage":"pt-PT","potentialAction":[{"@type":"ReadAction","target":["https:\/\/www.promotienda.es\/pt-pt\/telas-de-publicidade\/telas-de-publicidade-android\/"]}]},{"@type":"BreadcrumbList","@id":"https:\/\/www.promotienda.es\/pt-pt\/telas-de-publicidade\/telas-de-publicidade-android\/#breadcrumb","itemListElement":[{"@type":"ListItem","position":1,"name":"Portada","item":"https:\/\/www.promotienda.es\/pt-pt\/"},{"@type":"ListItem","position":2,"name":"Telas de publicidade","item":"https:\/\/www.promotienda.es\/pt-pt\/telas-de-publicidade\/"},{"@type":"ListItem","position":3,"name":"Telas de publicidade Android"}]},{"@type":"WebSite","@id":"https:\/\/www.promotienda.es\/en\/#website","url":"https:\/\/www.promotienda.es\/en\/","name":"Promotienda","description":"","potentialAction":[{"@type":"SearchAction","target":{"@type":"EntryPoint","urlTemplate":"https:\/\/www.promotienda.es\/en\/?s={search_term_string}"},"query-input":"required name=search_term_string"}],"inLanguage":"pt-PT"}]}},"_links":{"self":[{"href":"https:\/\/www.promotienda.es\/pt-pt\/wp-json\/wp\/v2\/pages\/6869"}],"collection":[{"href":"https:\/\/www.promotienda.es\/pt-pt\/wp-json\/wp\/v2\/pages"}],"about":[{"href":"https:\/\/www.promotienda.es\/pt-pt\/wp-json\/wp\/v2\/types\/page"}],"author":[{"embeddable":true,"href":"https:\/\/www.promotienda.es\/pt-pt\/wp-json\/wp\/v2\/users\/1"}],"replies":[{"embeddable":true,"href":"https:\/\/www.promotienda.es\/pt-pt\/wp-json\/wp\/v2\/comments?post=6869"}],"version-history":[{"count":1,"href":"https:\/\/www.promotienda.es\/pt-pt\/wp-json\/wp\/v2\/pages\/6869\/revisions"}],"predecessor-version":[{"id":6910,"href":"https:\/\/www.promotienda.es\/pt-pt\/wp-json\/wp\/v2\/pages\/6869\/revisions\/6910"}],"up":[{"embeddable":true,"href":"https:\/\/www.promotienda.es\/pt-pt\/wp-json\/wp\/v2\/pages\/5912"}],"wp:attachment":[{"href":"https:\/\/www.promotienda.es\/pt-pt\/wp-json\/wp\/v2\/media?parent=6869"}],"curies":[{"name":"wp","href":"https:\/\/api.w.org\/{rel}","templated":true}]}}