{"id":6914,"date":"2019-05-28T13:00:37","date_gmt":"2019-05-28T11:00:37","guid":{"rendered":"https:\/\/www.promotienda.es\/telas-de-publicidade\/telas-de-publicidade-lcd\/tela-de-15-polegadas\/"},"modified":"2019-05-28T13:00:47","modified_gmt":"2019-05-28T11:00:47","slug":"tela-de-15-polegadas","status":"publish","type":"page","link":"https:\/\/www.promotienda.es\/pt-pt\/telas-de-publicidade\/telas-de-publicidade-lcd\/tela-de-15-polegadas\/","title":{"rendered":"Tela de 15 polegadas"},"content":{"rendered":"<section class=\"wpb-content-wrapper\"><p>[vc_row][vc_column width=&#8221;1\/2&#8243;][vc_column_text]Com este 15 &#8220;LCD dispositivo que voc\u00ea pode oferecer publicidade aos seus clientes. A instala\u00e7\u00e3o deste Visualizador de publicidade oferece uma oportunidade para atrair a aten\u00e7\u00e3o de seus clientes em potencial, mostrando as principais caracter\u00edsticas de sua empresa e produtos.<\/p>\n<p>\u00c9 uma maneira brilhante de aumentar o reconhecimento da marca em um ambiente de neg\u00f3cios competitivo.[\/vc_column_text][vc_btn title=&#8221;Descarregar PDF&#8221; style=&#8221;flat&#8221; shape=&#8221;square&#8221; color=&#8221;primary&#8221; align=&#8221;center&#8221; i_icon_fontawesome=&#8221;fa fa-download&#8221; add_icon=&#8221;true&#8221; link=&#8221;url:https%3A%2F%2Fwww.promotienda.es%2Fpdf%2Fpantalla-publicitaria-lcd-15-6-pulgadas.pdf|target:%20_blank|&#8221;][\/vc_column][vc_column width=&#8221;1\/2&#8243;][vc_media_grid element_width=&#8221;3&#8243; grid_id=&#8221;vc_gid:1543825920625-ad848974-dcea-1&#8243; include=&#8221;338,339,340,341,342,343,344,345,346,347,348,349,350,351,352&#8243;][\/vc_column][\/vc_row][vc_row][vc_column][vc_tta_tabs style=&#8221;modern&#8221; shape=&#8221;square&#8221; color=&#8221;white&#8221; active_section=&#8221;1&#8243; no_fill_content_area=&#8221;true&#8221;][vc_tta_section title=&#8221;Caracter\u00edsticas&#8221; tab_id=&#8221;1487761552104-9edf1378-d107de25-5cc8&#8243;][vc_row_inner][vc_column_inner width=&#8221;1\/3&#8243;][vc_single_image image=&#8221;6529&#8243; img_size=&#8221;full&#8221;][\/vc_column_inner][vc_column_inner width=&#8221;2\/3&#8243;][vc_column_text]<\/p>\n<h3>Auto come\u00e7o, auto la\u00e7o<\/h3>\n<p>Iniciar e jogar automaticamente quando conectado.[\/vc_column_text][\/vc_column_inner][\/vc_row_inner][vc_row_inner][vc_column_inner width=&#8221;1\/3&#8243;][vc_single_image image=&#8221;6311&#8243; img_size=&#8221;full&#8221;][\/vc_column_inner][vc_column_inner width=&#8221;2\/3&#8243;][vc_column_text]<\/p>\n<h3>Inv\u00f3lucro met\u00e1lico forte e resistente<\/h3>\n<p>[\/vc_column_text][\/vc_column_inner][\/vc_row_inner][vc_row_inner][vc_column_inner width=&#8221;1\/3&#8243;][vc_single_image image=&#8221;6525&#8243; img_size=&#8221;full&#8221;][\/vc_column_inner][vc_column_inner width=&#8221;2\/3&#8243;][vc_column_text]<\/p>\n<h3>Sensor de movimento<\/h3>\n<p>Com o detector de movimento, o v\u00eddeo e a reprodu\u00e7\u00e3o da imagem s\u00f3 ser\u00e3o ativados quando o cliente estiver dentro de sua faixa de a\u00e7\u00e3o.[\/vc_column_text][\/vc_column_inner][\/vc_row_inner][vc_row_inner][vc_column_inner width=&#8221;1\/3&#8243;][vc_single_image image=&#8221;6303&#8243; img_size=&#8221;full&#8221;][\/vc_column_inner][vc_column_inner width=&#8221;2\/3&#8243;][vc_column_text]<\/p>\n<h3>Impedindo a atualiza\u00e7\u00e3o de conte\u00fado n\u00e3o autorizado<\/h3>\n<p>Configura\u00e7\u00f5es de senha para atualiza\u00e7\u00f5es USB.[\/vc_column_text][\/vc_column_inner][\/vc_row_inner][vc_row_inner][vc_column_inner width=&#8221;1\/3&#8243;][vc_single_image image=&#8221;6541&#8243; img_size=&#8221;full&#8221;][\/vc_column_inner][vc_column_inner width=&#8221;2\/3&#8243;][vc_column_text]<\/p>\n<h3>Upgrade por USB<\/h3>\n<p>O conte\u00fado do jogador pode ser atualizado diretamente atrav\u00e9s de um dispositivo USB.[\/vc_column_text][\/vc_column_inner][\/vc_row_inner][vc_row_inner][vc_column_inner width=&#8221;1\/3&#8243;][vc_single_image image=&#8221;6307&#8243; img_size=&#8221;full&#8221;][\/vc_column_inner][vc_column_inner width=&#8221;2\/3&#8243;][vc_column_text]<\/p>\n<h3>Impedir o acesso n\u00e3o autorizado<\/h3>\n<p>Cart\u00e3o SD selado. Bot\u00f5es de controle cobertos por uma tampa met\u00e1lica.[\/vc_column_text][\/vc_column_inner][\/vc_row_inner][vc_column_text]<\/p>\n<h3>CARACTER\u00cdSTICAS ADICIONAIS<\/h3>\n<p>[\/vc_column_text][vc_row_inner][vc_column_inner width=&#8221;1\/3&#8243;][vc_single_image image=&#8221;6537&#8243; img_size=&#8221;full&#8221;][\/vc_column_inner][vc_column_inner width=&#8221;2\/3&#8243;][vc_column_text]<\/p>\n<h3>Bot\u00f5es<\/h3>\n<p>O cliente pode selecionar um v\u00eddeo de um produto espec\u00edfico que deseja ver.[\/vc_column_text][\/vc_column_inner][\/vc_row_inner][vc_row_inner][vc_column_inner width=&#8221;1\/3&#8243;][vc_single_image image=&#8221;6299&#8243; img_size=&#8221;full&#8221;][\/vc_column_inner][vc_column_inner width=&#8221;2\/3&#8243;][vc_column_text]<\/p>\n<h3>Timer<\/h3>\n<p>[\/vc_column_text][\/vc_column_inner][\/vc_row_inner][\/vc_tta_section][vc_tta_section title=&#8221;Especifica\u00e7\u00f5es t\u00e9cnicas&#8221; tab_id=&#8221;1487761552126-ff627175-e835de25-5cc8&#8243;]<div class=\"ult_pricing_table_wrap ult_info_table ult_design_6  ult-cs-blue  \">\n\t\t\t\t\t<div class=\"ult_pricing_table \" style=\" \"><div id=\"Info-table-wrap-6803\" class=\"ult_pricing_heading\" style=\"\">\n\t\t\t\t\t\t\t<h3 class=\"ult-responsive\"  data-ultimate-target='#Info-table-wrap-6803 h3'  data-responsive-json-new='{\"font-size\":\"\",\"line-height\":\"\"}'  style=\"font-weight:normal;\">Modelo GSTAD156<\/h3><\/div><!--ult_pricing_heading--><div id=\"info_table_features_wrap-7178\"  data-ultimate-target='#info_table_features_wrap-7178.ult_price_features'  data-responsive-json-new='{\"font-size\":\"\",\"line-height\":\"\"}'  class=\"ult-responsive ult_price_features\" style=\"font-weight:normal;\">\n\t\t\t\t\t\t\t<table width=\"100%\">\n<tbody>\n<tr>\n<td rowspan=\"7\" width=\"25%\"><strong>Tela<\/strong><\/td>\n<td width=\"31%\">Tamanho<\/td>\n<td width=\"45%\">15,6&#8243;<\/td>\n<\/tr>\n<tr>\n<td width=\"31%\">Propor\u00e7\u00e3o<\/td>\n<td width=\"45%\">16:9<\/td>\n<\/tr>\n<tr>\n<td width=\"31%\">Resolu\u00e7\u00e3o<\/td>\n<td width=\"45%\">1920&#215;1080<\/td>\n<\/tr>\n<tr>\n<td width=\"31%\">Brilho (CD\/m2)<\/td>\n<td width=\"45%\">250<\/td>\n<\/tr>\n<tr>\n<td width=\"31%\">Contraste<\/td>\n<td width=\"45%\">400:1<\/td>\n<\/tr>\n<tr>\n<td width=\"31%\">\u00c2ngulo de vis\u00e3o<\/td>\n<td width=\"45%\">U\/D: 80, L\/R: 80<\/td>\n<\/tr>\n<tr>\n<td width=\"31%\">Tipo de tela<\/td>\n<td width=\"45%\">Tft<\/td>\n<\/tr>\n<tr>\n<td rowspan=\"14\" width=\"25%\"><strong>Hardware<\/strong><\/td>\n<td width=\"31%\">Cobrir<\/td>\n<td width=\"45%\">Metal<\/td>\n<\/tr>\n<tr>\n<td width=\"31%\">Color<\/td>\n<td width=\"45%\">Preto<\/td>\n<\/tr>\n<tr>\n<td width=\"31%\">Sistema de \u00e1udio<\/td>\n<td width=\"45%\">Est\u00e9reo<\/td>\n<\/tr>\n<tr>\n<td width=\"31%\">Formato de arquivo suportado<\/td>\n<td width=\"45%\">AVI, DIVX, XVID, MPG, VOB, DAT, RMVB, 3GP, MP4<\/td>\n<\/tr>\n<tr>\n<td width=\"31%\">Mem\u00f3ria suportada<\/td>\n<td width=\"45%\">Cart\u00e3o SD, USB 2,0<\/td>\n<\/tr>\n<tr>\n<td width=\"31%\">Caracter\u00edsticas de reprodu\u00e7\u00e3o<\/td>\n<td width=\"45%\">Auto come\u00e7o, auto jogo, repeti\u00e7\u00e3o<\/td>\n<\/tr>\n<tr>\n<td width=\"31%\">Sensor de movimento<\/td>\n<td width=\"45%\">30s, 90s, 360s, 45s mudo<\/td>\n<\/tr>\n<tr>\n<td width=\"31%\">Entrada<\/td>\n<td width=\"45%\">VGA<\/td>\n<\/tr>\n<tr>\n<td width=\"31%\">Entrada de \u00e1udio<\/td>\n<td width=\"45%\">Sim<\/td>\n<\/tr>\n<tr>\n<td width=\"31%\">Bot\u00f5es de controle<\/td>\n<td width=\"45%\">Para cima, para baixo, menu<\/td>\n<\/tr>\n<tr>\n<td width=\"31%\">Falante<\/td>\n<td width=\"45%\">5W x 2<\/td>\n<\/tr>\n<tr>\n<td width=\"31%\">Tens\u00e3o<\/td>\n<td width=\"45%\">C.A. 100-240V, 50\/60Hz<\/td>\n<\/tr>\n<tr>\n<td width=\"31%\">Consumo m\u00e1ximo de energia<\/td>\n<td width=\"45%\">48W<\/td>\n<\/tr>\n<tr>\n<td width=\"31%\">Acess\u00f3rios<\/td>\n<td width=\"45%\">Controle remoto, manual do usu\u00e1rio<\/td>\n<\/tr>\n<tr>\n<td rowspan=\"5\" width=\"25%\"><strong>Fun\u00e7\u00f5es opcionais (custo adicional)<\/strong><\/td>\n<\/tr>\n<tr>\n<td width=\"31%\">Bot\u00e3o<\/td>\n<td width=\"45%\">Sim<\/td>\n<\/tr>\n<tr>\n<td width=\"31%\">Levantar<\/td>\n<td width=\"45%\">Sim<\/td>\n<\/tr>\n<\/tbody>\n<\/table>\n<table width=\"100%\">\n<tbody>\n<tr>\n<td colspan=\"3\" width=\"100%\"><strong>Especifica\u00e7\u00f5es da dimens\u00e3o<\/strong><\/td>\n<\/tr>\n<tr>\n<td rowspan=\"8\" width=\"25%\"><strong>Comprimento X alta X largura (cm)<\/strong><\/td>\n<td width=\"30%\">Medidas<\/td>\n<td width=\"45%\">39,9&#215;27,7&#215;5<\/td>\n<\/tr>\n<tr>\n<td width=\"30%\">Peso<\/td>\n<td width=\"45%\">4kg<\/td>\n<\/tr>\n<tr>\n<td width=\"30%\">Dimens\u00f5es da embalagem<\/td>\n<td width=\"45%\">54,5&#215;38,8&#215;12,4<\/td>\n<\/tr>\n<tr>\n<td width=\"30%\">Peso da embalagem por unidade (kg\/PC)<\/td>\n<td width=\"45%\">5,4 quilogramas<\/td>\n<\/tr>\n<tr>\n<td width=\"30%\">Unidades por caixa (unidades\/caixa)<\/td>\n<td width=\"45%\">3<\/td>\n<\/tr>\n<tr>\n<td width=\"30%\">Dimens\u00f5es da caixa<\/td>\n<td width=\"45%\">57x42x39,5<\/td>\n<\/tr>\n<tr>\n<td width=\"30%\">Peso da caixa (quilograma)<\/td>\n<td width=\"45%\">17.1<\/td>\n<\/tr>\n<tr>\n<td width=\"30%\">Meios apropriados<\/td>\n<td width=\"45%\">FIX-005, FIX-006, FIX-011, FIX-020, WM01512S<\/td>\n<\/tr>\n<\/tbody>\n<\/table>\n\n\t\t\t\t\t\t<\/div><!--ult_price_features--><div class=\"ult_clr\"><\/div>\n\t\t\t<\/div><!--pricing_table-->\n\t\t<\/div><!--pricing_table_wrap-->[\/vc_tta_section][\/vc_tta_tabs][\/vc_column][\/vc_row]<\/p>\n<\/section>","protected":false},"excerpt":{"rendered":"<p>[vc_row][vc_column width=&#8221;1\/2&#8243;][vc_column_text]Com este 15 &#8220;LCD dispositivo que voc\u00ea pode oferecer publicidade aos seus clientes. A instala\u00e7\u00e3o deste Visualizador de publicidade oferece uma oportunidade para atrair a aten\u00e7\u00e3o de seus clientes em potencial, mostrando as principais caracter\u00edsticas de sua empresa e produtos. \u00c9 uma maneira brilhante de aumentar o reconhecimento da marca em um ambiente de&hellip;<\/p>\n","protected":false},"author":1,"featured_media":0,"parent":6290,"menu_order":5,"comment_status":"closed","ping_status":"closed","template":"","meta":{"ngg_post_thumbnail":0},"yoast_head":"<!-- This site is optimized with the Yoast SEO plugin v20.3 - https:\/\/yoast.com\/wordpress\/plugins\/seo\/ -->\n<title>Tela de 15 polegadas, anunciando telas - Promotienda<\/title>\n<meta name=\"description\" content=\"Sinaliza\u00e7\u00e3o digital com tela de 15 polegadas, publicidade eficaz e de baixo custo no ponto de venda. Melhore suas vendas, seja informado agora.\" \/>\n<meta name=\"robots\" content=\"index, follow, max-snippet:-1, max-image-preview:large, max-video-preview:-1\" \/>\n<link rel=\"canonical\" href=\"https:\/\/www.promotienda.es\/pt-pt\/telas-de-publicidade\/telas-de-publicidade-lcd\/tela-de-15-polegadas\/\" \/>\n<meta property=\"og:locale\" content=\"pt_PT\" \/>\n<meta property=\"og:type\" content=\"article\" \/>\n<meta property=\"og:title\" content=\"Tela de 15 polegadas, anunciando telas - Promotienda\" \/>\n<meta property=\"og:description\" content=\"Sinaliza\u00e7\u00e3o digital com tela de 15 polegadas, publicidade eficaz e de baixo custo no ponto de venda. Melhore suas vendas, seja informado agora.\" \/>\n<meta property=\"og:url\" content=\"https:\/\/www.promotienda.es\/pt-pt\/telas-de-publicidade\/telas-de-publicidade-lcd\/tela-de-15-polegadas\/\" \/>\n<meta property=\"og:site_name\" content=\"Promotienda\" \/>\n<meta property=\"article:modified_time\" content=\"2019-05-28T11:00:47+00:00\" \/>\n<meta name=\"twitter:card\" content=\"summary_large_image\" \/>\n<meta name=\"twitter:label1\" content=\"Tempo estimado de leitura\" \/>\n\t<meta name=\"twitter:data1\" content=\"4 minutos\" \/>\n<script type=\"application\/ld+json\" class=\"yoast-schema-graph\">{\"@context\":\"https:\/\/schema.org\",\"@graph\":[{\"@type\":\"WebPage\",\"@id\":\"https:\/\/www.promotienda.es\/pt-pt\/telas-de-publicidade\/telas-de-publicidade-lcd\/tela-de-15-polegadas\/\",\"url\":\"https:\/\/www.promotienda.es\/pt-pt\/telas-de-publicidade\/telas-de-publicidade-lcd\/tela-de-15-polegadas\/\",\"name\":\"Tela de 15 polegadas, anunciando telas - Promotienda\",\"isPartOf\":{\"@id\":\"https:\/\/www.promotienda.es\/en\/#website\"},\"datePublished\":\"2019-05-28T11:00:37+00:00\",\"dateModified\":\"2019-05-28T11:00:47+00:00\",\"description\":\"Sinaliza\u00e7\u00e3o digital com tela de 15 polegadas, publicidade eficaz e de baixo custo no ponto de venda. Melhore suas vendas, seja informado agora.\",\"breadcrumb\":{\"@id\":\"https:\/\/www.promotienda.es\/pt-pt\/telas-de-publicidade\/telas-de-publicidade-lcd\/tela-de-15-polegadas\/#breadcrumb\"},\"inLanguage\":\"pt-PT\",\"potentialAction\":[{\"@type\":\"ReadAction\",\"target\":[\"https:\/\/www.promotienda.es\/pt-pt\/telas-de-publicidade\/telas-de-publicidade-lcd\/tela-de-15-polegadas\/\"]}]},{\"@type\":\"BreadcrumbList\",\"@id\":\"https:\/\/www.promotienda.es\/pt-pt\/telas-de-publicidade\/telas-de-publicidade-lcd\/tela-de-15-polegadas\/#breadcrumb\",\"itemListElement\":[{\"@type\":\"ListItem\",\"position\":1,\"name\":\"Portada\",\"item\":\"https:\/\/www.promotienda.es\/pt-pt\/\"},{\"@type\":\"ListItem\",\"position\":2,\"name\":\"Telas de publicidade\",\"item\":\"https:\/\/www.promotienda.es\/pt-pt\/telas-de-publicidade\/\"},{\"@type\":\"ListItem\",\"position\":3,\"name\":\"Telas de publicidade LCD\",\"item\":\"https:\/\/www.promotienda.es\/pt-pt\/telas-de-publicidade\/telas-de-publicidade-lcd\/\"},{\"@type\":\"ListItem\",\"position\":4,\"name\":\"Tela de 15 polegadas\"}]},{\"@type\":\"WebSite\",\"@id\":\"https:\/\/www.promotienda.es\/en\/#website\",\"url\":\"https:\/\/www.promotienda.es\/en\/\",\"name\":\"Promotienda\",\"description\":\"\",\"potentialAction\":[{\"@type\":\"SearchAction\",\"target\":{\"@type\":\"EntryPoint\",\"urlTemplate\":\"https:\/\/www.promotienda.es\/en\/?s={search_term_string}\"},\"query-input\":\"required name=search_term_string\"}],\"inLanguage\":\"pt-PT\"}]}<\/script>\n<!-- \/ Yoast SEO plugin. -->","yoast_head_json":{"title":"Tela de 15 polegadas, anunciando telas - Promotienda","description":"Sinaliza\u00e7\u00e3o digital com tela de 15 polegadas, publicidade eficaz e de baixo custo no ponto de venda. Melhore suas vendas, seja informado agora.","robots":{"index":"index","follow":"follow","max-snippet":"max-snippet:-1","max-image-preview":"max-image-preview:large","max-video-preview":"max-video-preview:-1"},"canonical":"https:\/\/www.promotienda.es\/pt-pt\/telas-de-publicidade\/telas-de-publicidade-lcd\/tela-de-15-polegadas\/","og_locale":"pt_PT","og_type":"article","og_title":"Tela de 15 polegadas, anunciando telas - Promotienda","og_description":"Sinaliza\u00e7\u00e3o digital com tela de 15 polegadas, publicidade eficaz e de baixo custo no ponto de venda. Melhore suas vendas, seja informado agora.","og_url":"https:\/\/www.promotienda.es\/pt-pt\/telas-de-publicidade\/telas-de-publicidade-lcd\/tela-de-15-polegadas\/","og_site_name":"Promotienda","article_modified_time":"2019-05-28T11:00:47+00:00","twitter_card":"summary_large_image","twitter_misc":{"Tempo estimado de leitura":"4 minutos"},"schema":{"@context":"https:\/\/schema.org","@graph":[{"@type":"WebPage","@id":"https:\/\/www.promotienda.es\/pt-pt\/telas-de-publicidade\/telas-de-publicidade-lcd\/tela-de-15-polegadas\/","url":"https:\/\/www.promotienda.es\/pt-pt\/telas-de-publicidade\/telas-de-publicidade-lcd\/tela-de-15-polegadas\/","name":"Tela de 15 polegadas, anunciando telas - Promotienda","isPartOf":{"@id":"https:\/\/www.promotienda.es\/en\/#website"},"datePublished":"2019-05-28T11:00:37+00:00","dateModified":"2019-05-28T11:00:47+00:00","description":"Sinaliza\u00e7\u00e3o digital com tela de 15 polegadas, publicidade eficaz e de baixo custo no ponto de venda. Melhore suas vendas, seja informado agora.","breadcrumb":{"@id":"https:\/\/www.promotienda.es\/pt-pt\/telas-de-publicidade\/telas-de-publicidade-lcd\/tela-de-15-polegadas\/#breadcrumb"},"inLanguage":"pt-PT","potentialAction":[{"@type":"ReadAction","target":["https:\/\/www.promotienda.es\/pt-pt\/telas-de-publicidade\/telas-de-publicidade-lcd\/tela-de-15-polegadas\/"]}]},{"@type":"BreadcrumbList","@id":"https:\/\/www.promotienda.es\/pt-pt\/telas-de-publicidade\/telas-de-publicidade-lcd\/tela-de-15-polegadas\/#breadcrumb","itemListElement":[{"@type":"ListItem","position":1,"name":"Portada","item":"https:\/\/www.promotienda.es\/pt-pt\/"},{"@type":"ListItem","position":2,"name":"Telas de publicidade","item":"https:\/\/www.promotienda.es\/pt-pt\/telas-de-publicidade\/"},{"@type":"ListItem","position":3,"name":"Telas de publicidade LCD","item":"https:\/\/www.promotienda.es\/pt-pt\/telas-de-publicidade\/telas-de-publicidade-lcd\/"},{"@type":"ListItem","position":4,"name":"Tela de 15 polegadas"}]},{"@type":"WebSite","@id":"https:\/\/www.promotienda.es\/en\/#website","url":"https:\/\/www.promotienda.es\/en\/","name":"Promotienda","description":"","potentialAction":[{"@type":"SearchAction","target":{"@type":"EntryPoint","urlTemplate":"https:\/\/www.promotienda.es\/en\/?s={search_term_string}"},"query-input":"required name=search_term_string"}],"inLanguage":"pt-PT"}]}},"_links":{"self":[{"href":"https:\/\/www.promotienda.es\/pt-pt\/wp-json\/wp\/v2\/pages\/6914"}],"collection":[{"href":"https:\/\/www.promotienda.es\/pt-pt\/wp-json\/wp\/v2\/pages"}],"about":[{"href":"https:\/\/www.promotienda.es\/pt-pt\/wp-json\/wp\/v2\/types\/page"}],"author":[{"embeddable":true,"href":"https:\/\/www.promotienda.es\/pt-pt\/wp-json\/wp\/v2\/users\/1"}],"replies":[{"embeddable":true,"href":"https:\/\/www.promotienda.es\/pt-pt\/wp-json\/wp\/v2\/comments?post=6914"}],"version-history":[{"count":2,"href":"https:\/\/www.promotienda.es\/pt-pt\/wp-json\/wp\/v2\/pages\/6914\/revisions"}],"predecessor-version":[{"id":6976,"href":"https:\/\/www.promotienda.es\/pt-pt\/wp-json\/wp\/v2\/pages\/6914\/revisions\/6976"}],"up":[{"embeddable":true,"href":"https:\/\/www.promotienda.es\/pt-pt\/wp-json\/wp\/v2\/pages\/6290"}],"wp:attachment":[{"href":"https:\/\/www.promotienda.es\/pt-pt\/wp-json\/wp\/v2\/media?parent=6914"}],"curies":[{"name":"wp","href":"https:\/\/api.w.org\/{rel}","templated":true}]}}