{"id":6977,"date":"2019-05-28T13:02:46","date_gmt":"2019-05-28T11:02:46","guid":{"rendered":"https:\/\/www.promotienda.es\/telas-de-publicidade\/tela-aberta-do-anuncio-do-lcd-do-frame\/"},"modified":"2019-05-28T13:02:52","modified_gmt":"2019-05-28T11:02:52","slug":"tela-aberta-do-anuncio-do-lcd-do-frame","status":"publish","type":"page","link":"https:\/\/www.promotienda.es\/pt-pt\/telas-de-publicidade\/tela-aberta-do-anuncio-do-lcd-do-frame\/","title":{"rendered":"Tela aberta do an\u00fancio do LCD do frame"},"content":{"rendered":"<section class=\"wpb-content-wrapper\"><p>[vc_row margin_bottom=&#8221;30px&#8221; css=&#8221;.vc_custom_1487761201294{margin-bottom: 20px !important;}&#8221;][vc_column width=&#8221;1\/3&#8243;][vc_column_text css=&#8221;.vc_custom_1488306689210{margin-bottom: 5px !important;}&#8221;]<\/p>\n<h2 style=\"text-align: center; font-size: 20px !important;\">Tela aberta do LCD do frame de 7 polegadas<\/h2>\n<p>[\/vc_column_text][vc_single_image image=&#8221;467&#8243; img_size=&#8221;full&#8221; alignment=&#8221;center&#8221; css=&#8221;.vc_custom_1488306216233{margin-bottom: 5px !important;}&#8221;][vc_btn title=&#8221;Mais informa\u00e7\u00f5es&#8221; style=&#8221;outline&#8221; shape=&#8221;square&#8221; color=&#8221;primary&#8221; align=&#8221;center&#8221; i_icon_fontawesome=&#8221;fa fa-plus&#8221; add_icon=&#8221;true&#8221; link=&#8221;url:%2F%3Fp%3D467|&#8221;][\/vc_column][vc_column width=&#8221;1\/3&#8243;][vc_column_text css=&#8221;.vc_custom_1488306129552{margin-bottom: 5px !important;}&#8221;]<\/p>\n<h2 style=\"text-align: center; font-size: 20px !important;\">Tela aberta do frame de 7 polegadas<\/h2>\n<p>[\/vc_column_text][vc_single_image image=&#8221;665&#8243; img_size=&#8221;full&#8221; add_caption=&#8221;yes&#8221; alignment=&#8221;center&#8221; css=&#8221;.vc_custom_1488447076872{margin-bottom: 5px !important;}&#8221;][vc_btn title=&#8221;Mais informa\u00e7\u00f5es&#8221; style=&#8221;outline&#8221; shape=&#8221;square&#8221; color=&#8221;primary&#8221; align=&#8221;center&#8221; i_icon_fontawesome=&#8221;fa fa-plus&#8221; add_icon=&#8221;true&#8221; link=&#8221;url:https%3A%2F%2Fwww.promotienda.es%2Fpantallas-para-publicidad%2Fpantalla-open-frame-lcd-7-pulgadas%2F|&#8221;][\/vc_column][vc_column width=&#8221;1\/3&#8243;][vc_column_text css=&#8221;.vc_custom_1488447194090{margin-bottom: 5px !important;}&#8221;]<\/p>\n<h2 style=\"text-align: center; font-size: 20px !important;\">Abra o quadro 10,4 tela polegadas<\/h2>\n<p>[\/vc_column_text][vc_single_image image=&#8221;670&#8243; img_size=&#8221;full&#8221; add_caption=&#8221;yes&#8221; alignment=&#8221;center&#8221; css=&#8221;.vc_custom_1488447178104{margin-bottom: 5px !important;}&#8221;][vc_btn title=&#8221;Mais informa\u00e7\u00f5es&#8221; style=&#8221;outline&#8221; shape=&#8221;square&#8221; color=&#8221;primary&#8221; align=&#8221;center&#8221; i_icon_fontawesome=&#8221;fa fa-plus&#8221; add_icon=&#8221;true&#8221; link=&#8221;url:https%3A%2F%2Fwww.promotienda.es%2Fpantallas-para-publicidad%2Fpantalla-open-frame-lcd-10-4%2F|&#8221;][\/vc_column][\/vc_row][vc_row][vc_column][vc_column_text]Os monitores video da propaganda da <strong>s\u00e9rie aberta do frame<\/strong>incluem:<\/p>\n<p>-Controle remoto<br \/>\n-Adaptador de energia<br \/>\n-Manual de instru\u00e7\u00f5es<\/p>\n<p>Estas telas de publicidade <strong>sempre incluem<\/strong>:<\/p>\n<p>Suporta JPEG, MPEG1 2, 4, m\u00fasica, compat\u00edvel com o tipo de CF I\/II ou cart\u00e3o SD, atualiza\u00e7\u00e3o autom\u00e1tica por USB com senha, alto-falantes est\u00e9reo, auto-play e auto-repeti\u00e7\u00f5es (v\u00eddeo sem fim).<\/p>\n<p><strong>Opcional<\/strong> com monitores de publicidade Open Frame:<\/p>\n<p>-Sensor de movimento<br \/>\n-Bot\u00e3o de ativa\u00e7\u00e3o<br \/>\n-Baterias<br \/>\n-Ativa\u00e7\u00e3o do sensor[\/vc_column_text][vc_single_image image=&#8221;674&#8243; img_size=&#8221;full&#8221; alignment=&#8221;center&#8221; css_animation=&#8221;fadeInLeft&#8221;][\/vc_column][\/vc_row]<\/p>\n<\/section>","protected":false},"excerpt":{"rendered":"<p>[vc_row margin_bottom=&#8221;30px&#8221; css=&#8221;.vc_custom_1487761201294{margin-bottom: 20px !important;}&#8221;][vc_column width=&#8221;1\/3&#8243;][vc_column_text css=&#8221;.vc_custom_1488306689210{margin-bottom: 5px !important;}&#8221;] Tela aberta do LCD do frame de 7 polegadas [\/vc_column_text][vc_single_image image=&#8221;467&#8243; img_size=&#8221;full&#8221; alignment=&#8221;center&#8221; css=&#8221;.vc_custom_1488306216233{margin-bottom: 5px !important;}&#8221;][vc_btn title=&#8221;Mais informa\u00e7\u00f5es&#8221; style=&#8221;outline&#8221; shape=&#8221;square&#8221; color=&#8221;primary&#8221; align=&#8221;center&#8221; i_icon_fontawesome=&#8221;fa fa-plus&#8221; add_icon=&#8221;true&#8221; link=&#8221;url:%2F%3Fp%3D467|&#8221;][\/vc_column][vc_column width=&#8221;1\/3&#8243;][vc_column_text css=&#8221;.vc_custom_1488306129552{margin-bottom: 5px !important;}&#8221;] Tela aberta do frame de 7 polegadas [\/vc_column_text][vc_single_image image=&#8221;665&#8243; img_size=&#8221;full&#8221; add_caption=&#8221;yes&#8221; alignment=&#8221;center&#8221; css=&#8221;.vc_custom_1488447076872{margin-bottom: 5px !important;}&#8221;][vc_btn title=&#8221;Mais&hellip;<\/p>\n","protected":false},"author":1,"featured_media":0,"parent":5912,"menu_order":3,"comment_status":"closed","ping_status":"closed","template":"","meta":{"ngg_post_thumbnail":0},"yoast_head":"<!-- This site is optimized with the Yoast SEO plugin v20.3 - https:\/\/yoast.com\/wordpress\/plugins\/seo\/ -->\n<title>LCD Open Frame publicidade telas - Promotienda<\/title>\n<meta name=\"description\" content=\"As telas de an\u00fancio do frame aberto fazem f\u00e1cil para que voc\u00ea comunique-se com seus compradores. Crie campanhas inovadoras e interativas para melhorar suas vendas.\" \/>\n<meta name=\"robots\" content=\"index, follow, max-snippet:-1, max-image-preview:large, max-video-preview:-1\" \/>\n<link rel=\"canonical\" href=\"https:\/\/www.promotienda.es\/pt-pt\/telas-de-publicidade\/tela-aberta-do-anuncio-do-lcd-do-frame\/\" \/>\n<meta property=\"og:locale\" content=\"pt_PT\" \/>\n<meta property=\"og:type\" content=\"article\" \/>\n<meta property=\"og:title\" content=\"LCD Open Frame publicidade telas - Promotienda\" \/>\n<meta property=\"og:description\" content=\"As telas de an\u00fancio do frame aberto fazem f\u00e1cil para que voc\u00ea comunique-se com seus compradores. Crie campanhas inovadoras e interativas para melhorar suas vendas.\" \/>\n<meta property=\"og:url\" content=\"https:\/\/www.promotienda.es\/pt-pt\/telas-de-publicidade\/tela-aberta-do-anuncio-do-lcd-do-frame\/\" \/>\n<meta property=\"og:site_name\" content=\"Promotienda\" \/>\n<meta property=\"article:modified_time\" content=\"2019-05-28T11:02:52+00:00\" \/>\n<meta name=\"twitter:card\" content=\"summary_large_image\" \/>\n<meta name=\"twitter:label1\" content=\"Tempo estimado de leitura\" \/>\n\t<meta name=\"twitter:data1\" content=\"2 minutos\" \/>\n<script type=\"application\/ld+json\" class=\"yoast-schema-graph\">{\"@context\":\"https:\/\/schema.org\",\"@graph\":[{\"@type\":\"WebPage\",\"@id\":\"https:\/\/www.promotienda.es\/pt-pt\/telas-de-publicidade\/tela-aberta-do-anuncio-do-lcd-do-frame\/\",\"url\":\"https:\/\/www.promotienda.es\/pt-pt\/telas-de-publicidade\/tela-aberta-do-anuncio-do-lcd-do-frame\/\",\"name\":\"LCD Open Frame publicidade telas - Promotienda\",\"isPartOf\":{\"@id\":\"https:\/\/www.promotienda.es\/en\/#website\"},\"datePublished\":\"2019-05-28T11:02:46+00:00\",\"dateModified\":\"2019-05-28T11:02:52+00:00\",\"description\":\"As telas de an\u00fancio do frame aberto fazem f\u00e1cil para que voc\u00ea comunique-se com seus compradores. Crie campanhas inovadoras e interativas para melhorar suas vendas.\",\"breadcrumb\":{\"@id\":\"https:\/\/www.promotienda.es\/pt-pt\/telas-de-publicidade\/tela-aberta-do-anuncio-do-lcd-do-frame\/#breadcrumb\"},\"inLanguage\":\"pt-PT\",\"potentialAction\":[{\"@type\":\"ReadAction\",\"target\":[\"https:\/\/www.promotienda.es\/pt-pt\/telas-de-publicidade\/tela-aberta-do-anuncio-do-lcd-do-frame\/\"]}]},{\"@type\":\"BreadcrumbList\",\"@id\":\"https:\/\/www.promotienda.es\/pt-pt\/telas-de-publicidade\/tela-aberta-do-anuncio-do-lcd-do-frame\/#breadcrumb\",\"itemListElement\":[{\"@type\":\"ListItem\",\"position\":1,\"name\":\"Portada\",\"item\":\"https:\/\/www.promotienda.es\/pt-pt\/\"},{\"@type\":\"ListItem\",\"position\":2,\"name\":\"Telas de publicidade\",\"item\":\"https:\/\/www.promotienda.es\/pt-pt\/telas-de-publicidade\/\"},{\"@type\":\"ListItem\",\"position\":3,\"name\":\"Tela aberta do an\u00fancio do LCD do frame\"}]},{\"@type\":\"WebSite\",\"@id\":\"https:\/\/www.promotienda.es\/en\/#website\",\"url\":\"https:\/\/www.promotienda.es\/en\/\",\"name\":\"Promotienda\",\"description\":\"\",\"potentialAction\":[{\"@type\":\"SearchAction\",\"target\":{\"@type\":\"EntryPoint\",\"urlTemplate\":\"https:\/\/www.promotienda.es\/en\/?s={search_term_string}\"},\"query-input\":\"required name=search_term_string\"}],\"inLanguage\":\"pt-PT\"}]}<\/script>\n<!-- \/ Yoast SEO plugin. -->","yoast_head_json":{"title":"LCD Open Frame publicidade telas - Promotienda","description":"As telas de an\u00fancio do frame aberto fazem f\u00e1cil para que voc\u00ea comunique-se com seus compradores. Crie campanhas inovadoras e interativas para melhorar suas vendas.","robots":{"index":"index","follow":"follow","max-snippet":"max-snippet:-1","max-image-preview":"max-image-preview:large","max-video-preview":"max-video-preview:-1"},"canonical":"https:\/\/www.promotienda.es\/pt-pt\/telas-de-publicidade\/tela-aberta-do-anuncio-do-lcd-do-frame\/","og_locale":"pt_PT","og_type":"article","og_title":"LCD Open Frame publicidade telas - Promotienda","og_description":"As telas de an\u00fancio do frame aberto fazem f\u00e1cil para que voc\u00ea comunique-se com seus compradores. Crie campanhas inovadoras e interativas para melhorar suas vendas.","og_url":"https:\/\/www.promotienda.es\/pt-pt\/telas-de-publicidade\/tela-aberta-do-anuncio-do-lcd-do-frame\/","og_site_name":"Promotienda","article_modified_time":"2019-05-28T11:02:52+00:00","twitter_card":"summary_large_image","twitter_misc":{"Tempo estimado de leitura":"2 minutos"},"schema":{"@context":"https:\/\/schema.org","@graph":[{"@type":"WebPage","@id":"https:\/\/www.promotienda.es\/pt-pt\/telas-de-publicidade\/tela-aberta-do-anuncio-do-lcd-do-frame\/","url":"https:\/\/www.promotienda.es\/pt-pt\/telas-de-publicidade\/tela-aberta-do-anuncio-do-lcd-do-frame\/","name":"LCD Open Frame publicidade telas - Promotienda","isPartOf":{"@id":"https:\/\/www.promotienda.es\/en\/#website"},"datePublished":"2019-05-28T11:02:46+00:00","dateModified":"2019-05-28T11:02:52+00:00","description":"As telas de an\u00fancio do frame aberto fazem f\u00e1cil para que voc\u00ea comunique-se com seus compradores. Crie campanhas inovadoras e interativas para melhorar suas vendas.","breadcrumb":{"@id":"https:\/\/www.promotienda.es\/pt-pt\/telas-de-publicidade\/tela-aberta-do-anuncio-do-lcd-do-frame\/#breadcrumb"},"inLanguage":"pt-PT","potentialAction":[{"@type":"ReadAction","target":["https:\/\/www.promotienda.es\/pt-pt\/telas-de-publicidade\/tela-aberta-do-anuncio-do-lcd-do-frame\/"]}]},{"@type":"BreadcrumbList","@id":"https:\/\/www.promotienda.es\/pt-pt\/telas-de-publicidade\/tela-aberta-do-anuncio-do-lcd-do-frame\/#breadcrumb","itemListElement":[{"@type":"ListItem","position":1,"name":"Portada","item":"https:\/\/www.promotienda.es\/pt-pt\/"},{"@type":"ListItem","position":2,"name":"Telas de publicidade","item":"https:\/\/www.promotienda.es\/pt-pt\/telas-de-publicidade\/"},{"@type":"ListItem","position":3,"name":"Tela aberta do an\u00fancio do LCD do frame"}]},{"@type":"WebSite","@id":"https:\/\/www.promotienda.es\/en\/#website","url":"https:\/\/www.promotienda.es\/en\/","name":"Promotienda","description":"","potentialAction":[{"@type":"SearchAction","target":{"@type":"EntryPoint","urlTemplate":"https:\/\/www.promotienda.es\/en\/?s={search_term_string}"},"query-input":"required name=search_term_string"}],"inLanguage":"pt-PT"}]}},"_links":{"self":[{"href":"https:\/\/www.promotienda.es\/pt-pt\/wp-json\/wp\/v2\/pages\/6977"}],"collection":[{"href":"https:\/\/www.promotienda.es\/pt-pt\/wp-json\/wp\/v2\/pages"}],"about":[{"href":"https:\/\/www.promotienda.es\/pt-pt\/wp-json\/wp\/v2\/types\/page"}],"author":[{"embeddable":true,"href":"https:\/\/www.promotienda.es\/pt-pt\/wp-json\/wp\/v2\/users\/1"}],"replies":[{"embeddable":true,"href":"https:\/\/www.promotienda.es\/pt-pt\/wp-json\/wp\/v2\/comments?post=6977"}],"version-history":[{"count":2,"href":"https:\/\/www.promotienda.es\/pt-pt\/wp-json\/wp\/v2\/pages\/6977\/revisions"}],"predecessor-version":[{"id":7027,"href":"https:\/\/www.promotienda.es\/pt-pt\/wp-json\/wp\/v2\/pages\/6977\/revisions\/7027"}],"up":[{"embeddable":true,"href":"https:\/\/www.promotienda.es\/pt-pt\/wp-json\/wp\/v2\/pages\/5912"}],"wp:attachment":[{"href":"https:\/\/www.promotienda.es\/pt-pt\/wp-json\/wp\/v2\/media?parent=6977"}],"curies":[{"name":"wp","href":"https:\/\/api.w.org\/{rel}","templated":true}]}}