{"id":7062,"date":"2019-05-29T13:35:12","date_gmt":"2019-05-29T11:35:12","guid":{"rendered":"https:\/\/www.promotienda.es\/telas-de-publicidade\/tela-aberta-do-anuncio-do-lcd-do-frame\/7-polegadas-open-frame-tela-lcd-2\/"},"modified":"2019-05-29T13:36:03","modified_gmt":"2019-05-29T11:36:03","slug":"7-polegadas-open-frame-tela-lcd-2","status":"publish","type":"page","link":"https:\/\/www.promotienda.es\/pt-pt\/telas-de-publicidade\/tela-aberta-do-anuncio-do-lcd-do-frame\/7-polegadas-open-frame-tela-lcd-2\/","title":{"rendered":"7 polegadas Open Frame tela LCD"},"content":{"rendered":"<section class=\"wpb-content-wrapper\"><p>[vc_row][vc_column width=&#8221;1\/2&#8243;][vc_column_text]O 7,3 &#8220;Open Frame LCD foi projetado para ser montado dentro de caixas de tela, especialmente para lojas de varejo. Pode ser incitado de acordo com suas necessidades porque tem furos de montagem nos lados do dispositivo para a instala\u00e7\u00e3o f\u00e1cil.[\/vc_column_text][vc_btn title=&#8221;Descarregar PDF&#8221; style=&#8221;flat&#8221; shape=&#8221;square&#8221; color=&#8221;primary&#8221; align=&#8221;center&#8221; i_icon_fontawesome=&#8221;fa fa-download&#8221; add_icon=&#8221;true&#8221; link=&#8221;url:https%3A%2F%2Fwww.promotienda.es%2Fpdf%2Fpantalla-open-frame-7-pulgadas.pdf|target:%20_blank|rel:nofollow|&#8221;][\/vc_column][vc_column width=&#8221;1\/2&#8243;][vc_media_grid grid_id=&#8221;vc_gid:1543826262169-8c3c04fa-0cb9-6&#8243; include=&#8221;7075,7071,7067,7063&#8243;][\/vc_column][\/vc_row][vc_row][vc_column][vc_tta_tabs style=&#8221;modern&#8221; shape=&#8221;square&#8221; color=&#8221;white&#8221; active_section=&#8221;1&#8243; no_fill_content_area=&#8221;true&#8221;][vc_tta_section title=&#8221;Caracter\u00edsticas&#8221; tab_id=&#8221;1487761552104-9edf1378-d107abf7-7529&#8243;][vc_row_inner][vc_column_inner width=&#8221;1\/3&#8243;][vc_single_image image=&#8221;7033&#8243; img_size=&#8221;full&#8221;][\/vc_column_inner][vc_column_inner width=&#8221;2\/3&#8243;][vc_column_text]<\/p>\n<h3>Abra a s\u00e9rie do frame<\/h3>\n<p>A s\u00e9rie do frame aberto \u00e9 projetada ser coloc dentro das carca\u00e7as da tela onde h\u00e1 uns furos de montagem na parte lateral da exposi\u00e7\u00e3o para a instala\u00e7\u00e3o f\u00e1cil a fim integr\u00e1-la em uma grande variedade de telas.[\/vc_column_text][\/vc_column_inner][\/vc_row_inner][vc_row_inner][vc_column_inner width=&#8221;1\/3&#8243;][vc_single_image image=&#8221;7037&#8243; img_size=&#8221;full&#8221;][\/vc_column_inner][vc_column_inner width=&#8221;2\/3&#8243;][vc_column_text]<\/p>\n<h3>Montagem<\/h3>\n<p>Atrav\u00e9s dos quatro furos de montagem padr\u00e3o, pode facilmente ser montado em plataformas diferentes que podem ser projetadas por voc\u00ea.[\/vc_column_text][\/vc_column_inner][\/vc_row_inner][vc_row_inner][vc_column_inner width=&#8221;1\/3&#8243;][vc_single_image image=&#8221;7049&#8243; img_size=&#8221;full&#8221;][\/vc_column_inner][vc_column_inner width=&#8221;2\/3&#8243;][vc_column_text]<\/p>\n<h3>Pilhas<\/h3>\n<p>Ele pode trabalhar com D-tipo de baterias.[\/vc_column_text][\/vc_column_inner][\/vc_row_inner][vc_single_image image=&#8221;7045&#8243; img_size=&#8221;full&#8221; alignment=&#8221;center&#8221;][vc_row_inner][vc_column_inner width=&#8221;1\/3&#8243;][vc_single_image image=&#8221;7041&#8243; img_size=&#8221;full&#8221;][\/vc_column_inner][vc_column_inner width=&#8221;2\/3&#8243;][vc_column_text]<\/p>\n<h3>Esc\u00e1ner de c\u00f3digo de barras<\/h3>\n<p>Ele melhora a liga\u00e7\u00e3o do cliente com o produto por ser capaz de ver uma demonstra\u00e7\u00e3o demanda.[\/vc_column_text][\/vc_column_inner][\/vc_row_inner][vc_row_inner][vc_column_inner width=&#8221;1\/3&#8243;][vc_single_image image=&#8221;7029&#8243; img_size=&#8221;full&#8221;][\/vc_column_inner][vc_column_inner width=&#8221;2\/3&#8243;][vc_column_text]<\/p>\n<h3>Levantar<\/h3>\n<p>Quando um cliente levanta um produto, um v\u00eddeo relacionado a mais informa\u00e7\u00f5es sobre o produto no qual ele est\u00e1 interessado \u00e9 mostrado.[\/vc_column_text][\/vc_column_inner][\/vc_row_inner][\/vc_tta_section][vc_tta_section title=&#8221;Especifica\u00e7\u00f5es t\u00e9cnicas&#8221; tab_id=&#8221;1487761552126-ff627175-e835abf7-7529&#8243;]<div class=\"ult_pricing_table_wrap ult_info_table ult_design_6  ult-cs-blue  \">\n\t\t\t\t\t<div class=\"ult_pricing_table \" style=\" \"><div id=\"Info-table-wrap-5095\" class=\"ult_pricing_heading\" style=\"\">\n\t\t\t\t\t\t\t<h3 class=\"ult-responsive\"  data-ultimate-target='#Info-table-wrap-5095 h3'  data-responsive-json-new='{\"font-size\":\"\",\"line-height\":\"\"}'  style=\"font-weight:normal;\">Modelo GSGAD073-OF<\/h3><\/div><!--ult_pricing_heading--><div id=\"info_table_features_wrap-6497\"  data-ultimate-target='#info_table_features_wrap-6497.ult_price_features'  data-responsive-json-new='{\"font-size\":\"\",\"line-height\":\"\"}'  class=\"ult-responsive ult_price_features\" style=\"font-weight:normal;\">\n\t\t\t\t\t\t\t<table width=\"100%\">\n<tbody>\n<tr>\n<td rowspan=\"7\" width=\"25%\"><strong>Tela<\/strong><\/td>\n<td width=\"31%\">Tamanho<\/td>\n<td width=\"45%\">7<\/td>\n<\/tr>\n<tr>\n<td width=\"31%\">Propor\u00e7\u00e3o<\/td>\n<td width=\"45%\">16:9<\/td>\n<\/tr>\n<tr>\n<td width=\"31%\">Resolu\u00e7\u00e3o<\/td>\n<td width=\"45%\">800 x 480<\/td>\n<\/tr>\n<tr>\n<td width=\"31%\">Brilho (CD\/m2)<\/td>\n<td width=\"45%\">250 CD\/m2<\/td>\n<\/tr>\n<tr>\n<td width=\"31%\">Contraste<\/td>\n<td width=\"45%\">500:1<\/td>\n<\/tr>\n<tr>\n<td width=\"31%\">\u00c2ngulo de vis\u00e3o<\/td>\n<td width=\"45%\">U\/D: 50, 70, L\/R: 70,70<\/td>\n<\/tr>\n<tr>\n<td width=\"31%\">Tipo de tela<\/td>\n<td width=\"45%\">Tft<\/td>\n<\/tr>\n<tr>\n<td rowspan=\"14\" width=\"25%\"><strong>Hardware<\/strong><\/td>\n<td width=\"31%\">Cobrir<\/td>\n<td width=\"45%\">Pl\u00e1stico<\/td>\n<\/tr>\n<tr>\n<td width=\"31%\">Color<\/td>\n<td width=\"45%\">Preto<\/td>\n<\/tr>\n<tr>\n<td width=\"31%\">Sistema de \u00e1udio<\/td>\n<td width=\"45%\">Est\u00e9reo<\/td>\n<\/tr>\n<tr>\n<td width=\"31%\">Formato de arquivo suportado<\/td>\n<td width=\"45%\">MPEG-1, MPEG-2, MP3<\/td>\n<\/tr>\n<tr>\n<td width=\"31%\">Mem\u00f3ria suportada<\/td>\n<td width=\"45%\">Cart\u00e3o SD<\/td>\n<\/tr>\n<tr>\n<td width=\"31%\">Caracter\u00edsticas de reprodu\u00e7\u00e3o<\/td>\n<td width=\"45%\">Repeti\u00e7\u00e3o autom\u00e1tica, repita<\/td>\n<\/tr>\n<tr>\n<td width=\"31%\">Sensor de movimento<\/td>\n<td width=\"45%\">Opcional<\/td>\n<\/tr>\n<tr>\n<td width=\"31%\">Entrada<\/td>\n<td width=\"45%\">N\/A<\/td>\n<\/tr>\n<tr>\n<td width=\"31%\">Entrada de \u00e1udio<\/td>\n<td width=\"45%\">N\/A<\/td>\n<\/tr>\n<tr>\n<td width=\"31%\">Bot\u00f5es de controle<\/td>\n<td width=\"45%\">N\/A<\/td>\n<\/tr>\n<tr>\n<td width=\"31%\">Falante<\/td>\n<td width=\"45%\">1W x 2<\/td>\n<\/tr>\n<tr>\n<td width=\"31%\">Tens\u00e3o<\/td>\n<td width=\"45%\">C.A. 100-240V, 50\/60Hz<\/td>\n<\/tr>\n<tr>\n<td width=\"31%\">Consumo m\u00e1ximo de energia<\/td>\n<td width=\"45%\">6w<\/td>\n<\/tr>\n<tr>\n<td width=\"31%\">Acess\u00f3rios<\/td>\n<td width=\"45%\">Adaptador de alimenta\u00e7\u00e3o, controle remoto, manual do usu\u00e1rio<\/td>\n<\/tr>\n<tr>\n<td rowspan=\"3\" width=\"25%\"><strong>Fun\u00e7\u00f5es opcionais (custo adicional)<\/strong><\/td>\n<td width=\"31%\">Bateria<\/td>\n<td width=\"45%\">Sim<\/td>\n<\/tr>\n<tr>\n<td width=\"31%\">Bot\u00e3o (m\u00e1x. 6 bot\u00f5es)<\/td>\n<td width=\"45%\">Sim<\/td>\n<\/tr>\n<tr>\n<td width=\"31%\">Lift (m\u00e1ximo 6 lifts)<\/td>\n<td width=\"45%\">Sim<\/td>\n<\/tr>\n<\/tbody>\n<\/table>\n<table width=\"100%\">\n<tbody>\n<tr>\n<td colspan=\"3\" width=\"100%\"><strong>Especifica\u00e7\u00f5es da dimens\u00e3o<\/strong><\/td>\n<\/tr>\n<tr>\n<td width=\"25%\"><strong>Modelo<\/strong><\/td>\n<td colspan=\"2\" width=\"75%\"><strong>GSGAD073-OF<\/strong><\/td>\n<\/tr>\n<tr>\n<td rowspan=\"9\" width=\"25%\"><strong>Comprimento X alta X largura (cm)<\/strong><\/td>\n<td width=\"30%\">Medidas<\/td>\n<td width=\"45%\">18,2&#215;10,51&#215;2,8<\/td>\n<\/tr>\n<tr>\n<td width=\"30%\">Peso<\/td>\n<td width=\"45%\">0,33 quilogramas<\/td>\n<\/tr>\n<tr>\n<td width=\"30%\">Dimens\u00f5es da embalagem<\/td>\n<td width=\"45%\">N\/A<\/td>\n<\/tr>\n<tr>\n<td width=\"30%\">Peso da embalagem por unidade (kg\/PC)<\/td>\n<td width=\"45%\">N\/A<\/td>\n<\/tr>\n<tr>\n<td width=\"30%\">Unidades por caixa (unidades\/caixa)<\/td>\n<td width=\"45%\">N\/A<\/td>\n<\/tr>\n<tr>\n<td width=\"30%\">Dimens\u00f5es da caixa<\/td>\n<td width=\"45%\">62,5&#215;63,5&#215;21,5<\/td>\n<\/tr>\n<tr>\n<td width=\"30%\">Peso da caixa (quilograma)<\/td>\n<td width=\"45%\">18.5<\/td>\n<\/tr>\n<tr>\n<td width=\"30%\">Dimens\u00f5es de suporte<\/td>\n<td width=\"45%\">153mm x 91mm<\/td>\n<\/tr>\n<tr>\n<td width=\"30%\">Meios apropriados<\/td>\n<td width=\"45%\">N\/A<\/td>\n<\/tr>\n<\/tbody>\n<\/table>\n\n\t\t\t\t\t\t<\/div><!--ult_price_features--><div class=\"ult_clr\"><\/div>\n\t\t\t<\/div><!--pricing_table-->\n\t\t<\/div><!--pricing_table_wrap-->[\/vc_tta_section][\/vc_tta_tabs][\/vc_column][\/vc_row]<\/p>\n<\/section>","protected":false},"excerpt":{"rendered":"<p>[vc_row][vc_column width=&#8221;1\/2&#8243;][vc_column_text]O 7,3 &#8220;Open Frame LCD foi projetado para ser montado dentro de caixas de tela, especialmente para lojas de varejo. Pode ser incitado de acordo com suas necessidades porque tem furos de montagem nos lados do dispositivo para a instala\u00e7\u00e3o f\u00e1cil.[\/vc_column_text][vc_btn title=&#8221;Descarregar PDF&#8221; style=&#8221;flat&#8221; shape=&#8221;square&#8221; color=&#8221;primary&#8221; align=&#8221;center&#8221; i_icon_fontawesome=&#8221;fa fa-download&#8221; add_icon=&#8221;true&#8221; link=&#8221;url:https%3A%2F%2Fwww.promotienda.es%2Fpdf%2Fpantalla-open-frame-7-pulgadas.pdf|target:%20_blank|rel:nofollow|&#8221;][\/vc_column][vc_column width=&#8221;1\/2&#8243;][vc_media_grid grid_id=&#8221;vc_gid:1543826262169-8c3c04fa-0cb9-6&#8243; include=&#8221;7075,7071,7067,7063&#8243;][\/vc_column][\/vc_row][vc_row][vc_column][vc_tta_tabs&hellip;<\/p>\n","protected":false},"author":1,"featured_media":0,"parent":6977,"menu_order":2,"comment_status":"closed","ping_status":"closed","template":"","meta":{"ngg_post_thumbnail":0},"yoast_head":"<!-- This site is optimized with the Yoast SEO plugin v20.3 - https:\/\/yoast.com\/wordpress\/plugins\/seo\/ -->\n<title>7 polegadas Open Frame tela LCD - Promotienda<\/title>\n<meta name=\"description\" content=\"Crie campanhas inovadoras e interativas com a tela de quadro aberto de 7 polegadas. Melhore a comunica\u00e7\u00e3o com seus compradores e aumente suas vendas\" \/>\n<meta name=\"robots\" content=\"index, follow, max-snippet:-1, max-image-preview:large, max-video-preview:-1\" \/>\n<link rel=\"canonical\" href=\"https:\/\/www.promotienda.es\/pt-pt\/telas-de-publicidade\/tela-aberta-do-anuncio-do-lcd-do-frame\/7-polegadas-open-frame-tela-lcd-2\/\" \/>\n<meta property=\"og:locale\" content=\"pt_PT\" \/>\n<meta property=\"og:type\" content=\"article\" \/>\n<meta property=\"og:title\" content=\"7 polegadas Open Frame tela LCD - Promotienda\" \/>\n<meta property=\"og:description\" content=\"Crie campanhas inovadoras e interativas com a tela de quadro aberto de 7 polegadas. Melhore a comunica\u00e7\u00e3o com seus compradores e aumente suas vendas\" \/>\n<meta property=\"og:url\" content=\"https:\/\/www.promotienda.es\/pt-pt\/telas-de-publicidade\/tela-aberta-do-anuncio-do-lcd-do-frame\/7-polegadas-open-frame-tela-lcd-2\/\" \/>\n<meta property=\"og:site_name\" content=\"Promotienda\" \/>\n<meta property=\"article:modified_time\" content=\"2019-05-29T11:36:03+00:00\" \/>\n<meta name=\"twitter:card\" content=\"summary_large_image\" \/>\n<meta name=\"twitter:label1\" content=\"Tempo estimado de leitura\" \/>\n\t<meta name=\"twitter:data1\" content=\"3 minutos\" \/>\n<script type=\"application\/ld+json\" class=\"yoast-schema-graph\">{\"@context\":\"https:\/\/schema.org\",\"@graph\":[{\"@type\":\"WebPage\",\"@id\":\"https:\/\/www.promotienda.es\/pt-pt\/telas-de-publicidade\/tela-aberta-do-anuncio-do-lcd-do-frame\/7-polegadas-open-frame-tela-lcd-2\/\",\"url\":\"https:\/\/www.promotienda.es\/pt-pt\/telas-de-publicidade\/tela-aberta-do-anuncio-do-lcd-do-frame\/7-polegadas-open-frame-tela-lcd-2\/\",\"name\":\"7 polegadas Open Frame tela LCD - Promotienda\",\"isPartOf\":{\"@id\":\"https:\/\/www.promotienda.es\/en\/#website\"},\"datePublished\":\"2019-05-29T11:35:12+00:00\",\"dateModified\":\"2019-05-29T11:36:03+00:00\",\"description\":\"Crie campanhas inovadoras e interativas com a tela de quadro aberto de 7 polegadas. Melhore a comunica\u00e7\u00e3o com seus compradores e aumente suas vendas\",\"breadcrumb\":{\"@id\":\"https:\/\/www.promotienda.es\/pt-pt\/telas-de-publicidade\/tela-aberta-do-anuncio-do-lcd-do-frame\/7-polegadas-open-frame-tela-lcd-2\/#breadcrumb\"},\"inLanguage\":\"pt-PT\",\"potentialAction\":[{\"@type\":\"ReadAction\",\"target\":[\"https:\/\/www.promotienda.es\/pt-pt\/telas-de-publicidade\/tela-aberta-do-anuncio-do-lcd-do-frame\/7-polegadas-open-frame-tela-lcd-2\/\"]}]},{\"@type\":\"BreadcrumbList\",\"@id\":\"https:\/\/www.promotienda.es\/pt-pt\/telas-de-publicidade\/tela-aberta-do-anuncio-do-lcd-do-frame\/7-polegadas-open-frame-tela-lcd-2\/#breadcrumb\",\"itemListElement\":[{\"@type\":\"ListItem\",\"position\":1,\"name\":\"Portada\",\"item\":\"https:\/\/www.promotienda.es\/pt-pt\/\"},{\"@type\":\"ListItem\",\"position\":2,\"name\":\"Telas de publicidade\",\"item\":\"https:\/\/www.promotienda.es\/pt-pt\/telas-de-publicidade\/\"},{\"@type\":\"ListItem\",\"position\":3,\"name\":\"Tela aberta do an\u00fancio do LCD do frame\",\"item\":\"https:\/\/www.promotienda.es\/pt-pt\/telas-de-publicidade\/tela-aberta-do-anuncio-do-lcd-do-frame\/\"},{\"@type\":\"ListItem\",\"position\":4,\"name\":\"7 polegadas Open Frame tela LCD\"}]},{\"@type\":\"WebSite\",\"@id\":\"https:\/\/www.promotienda.es\/en\/#website\",\"url\":\"https:\/\/www.promotienda.es\/en\/\",\"name\":\"Promotienda\",\"description\":\"\",\"potentialAction\":[{\"@type\":\"SearchAction\",\"target\":{\"@type\":\"EntryPoint\",\"urlTemplate\":\"https:\/\/www.promotienda.es\/en\/?s={search_term_string}\"},\"query-input\":\"required name=search_term_string\"}],\"inLanguage\":\"pt-PT\"}]}<\/script>\n<!-- \/ Yoast SEO plugin. -->","yoast_head_json":{"title":"7 polegadas Open Frame tela LCD - Promotienda","description":"Crie campanhas inovadoras e interativas com a tela de quadro aberto de 7 polegadas. Melhore a comunica\u00e7\u00e3o com seus compradores e aumente suas vendas","robots":{"index":"index","follow":"follow","max-snippet":"max-snippet:-1","max-image-preview":"max-image-preview:large","max-video-preview":"max-video-preview:-1"},"canonical":"https:\/\/www.promotienda.es\/pt-pt\/telas-de-publicidade\/tela-aberta-do-anuncio-do-lcd-do-frame\/7-polegadas-open-frame-tela-lcd-2\/","og_locale":"pt_PT","og_type":"article","og_title":"7 polegadas Open Frame tela LCD - Promotienda","og_description":"Crie campanhas inovadoras e interativas com a tela de quadro aberto de 7 polegadas. Melhore a comunica\u00e7\u00e3o com seus compradores e aumente suas vendas","og_url":"https:\/\/www.promotienda.es\/pt-pt\/telas-de-publicidade\/tela-aberta-do-anuncio-do-lcd-do-frame\/7-polegadas-open-frame-tela-lcd-2\/","og_site_name":"Promotienda","article_modified_time":"2019-05-29T11:36:03+00:00","twitter_card":"summary_large_image","twitter_misc":{"Tempo estimado de leitura":"3 minutos"},"schema":{"@context":"https:\/\/schema.org","@graph":[{"@type":"WebPage","@id":"https:\/\/www.promotienda.es\/pt-pt\/telas-de-publicidade\/tela-aberta-do-anuncio-do-lcd-do-frame\/7-polegadas-open-frame-tela-lcd-2\/","url":"https:\/\/www.promotienda.es\/pt-pt\/telas-de-publicidade\/tela-aberta-do-anuncio-do-lcd-do-frame\/7-polegadas-open-frame-tela-lcd-2\/","name":"7 polegadas Open Frame tela LCD - Promotienda","isPartOf":{"@id":"https:\/\/www.promotienda.es\/en\/#website"},"datePublished":"2019-05-29T11:35:12+00:00","dateModified":"2019-05-29T11:36:03+00:00","description":"Crie campanhas inovadoras e interativas com a tela de quadro aberto de 7 polegadas. Melhore a comunica\u00e7\u00e3o com seus compradores e aumente suas vendas","breadcrumb":{"@id":"https:\/\/www.promotienda.es\/pt-pt\/telas-de-publicidade\/tela-aberta-do-anuncio-do-lcd-do-frame\/7-polegadas-open-frame-tela-lcd-2\/#breadcrumb"},"inLanguage":"pt-PT","potentialAction":[{"@type":"ReadAction","target":["https:\/\/www.promotienda.es\/pt-pt\/telas-de-publicidade\/tela-aberta-do-anuncio-do-lcd-do-frame\/7-polegadas-open-frame-tela-lcd-2\/"]}]},{"@type":"BreadcrumbList","@id":"https:\/\/www.promotienda.es\/pt-pt\/telas-de-publicidade\/tela-aberta-do-anuncio-do-lcd-do-frame\/7-polegadas-open-frame-tela-lcd-2\/#breadcrumb","itemListElement":[{"@type":"ListItem","position":1,"name":"Portada","item":"https:\/\/www.promotienda.es\/pt-pt\/"},{"@type":"ListItem","position":2,"name":"Telas de publicidade","item":"https:\/\/www.promotienda.es\/pt-pt\/telas-de-publicidade\/"},{"@type":"ListItem","position":3,"name":"Tela aberta do an\u00fancio do LCD do frame","item":"https:\/\/www.promotienda.es\/pt-pt\/telas-de-publicidade\/tela-aberta-do-anuncio-do-lcd-do-frame\/"},{"@type":"ListItem","position":4,"name":"7 polegadas Open Frame tela LCD"}]},{"@type":"WebSite","@id":"https:\/\/www.promotienda.es\/en\/#website","url":"https:\/\/www.promotienda.es\/en\/","name":"Promotienda","description":"","potentialAction":[{"@type":"SearchAction","target":{"@type":"EntryPoint","urlTemplate":"https:\/\/www.promotienda.es\/en\/?s={search_term_string}"},"query-input":"required name=search_term_string"}],"inLanguage":"pt-PT"}]}},"_links":{"self":[{"href":"https:\/\/www.promotienda.es\/pt-pt\/wp-json\/wp\/v2\/pages\/7062"}],"collection":[{"href":"https:\/\/www.promotienda.es\/pt-pt\/wp-json\/wp\/v2\/pages"}],"about":[{"href":"https:\/\/www.promotienda.es\/pt-pt\/wp-json\/wp\/v2\/types\/page"}],"author":[{"embeddable":true,"href":"https:\/\/www.promotienda.es\/pt-pt\/wp-json\/wp\/v2\/users\/1"}],"replies":[{"embeddable":true,"href":"https:\/\/www.promotienda.es\/pt-pt\/wp-json\/wp\/v2\/comments?post=7062"}],"version-history":[{"count":2,"href":"https:\/\/www.promotienda.es\/pt-pt\/wp-json\/wp\/v2\/pages\/7062\/revisions"}],"predecessor-version":[{"id":7167,"href":"https:\/\/www.promotienda.es\/pt-pt\/wp-json\/wp\/v2\/pages\/7062\/revisions\/7167"}],"up":[{"embeddable":true,"href":"https:\/\/www.promotienda.es\/pt-pt\/wp-json\/wp\/v2\/pages\/6977"}],"wp:attachment":[{"href":"https:\/\/www.promotienda.es\/pt-pt\/wp-json\/wp\/v2\/media?parent=7062"}],"curies":[{"name":"wp","href":"https:\/\/api.w.org\/{rel}","templated":true}]}}