{"id":7082,"date":"2019-05-29T13:35:21","date_gmt":"2019-05-29T11:35:21","guid":{"rendered":"https:\/\/www.promotienda.es\/telas-de-publicidade\/players-de-midia\/"},"modified":"2019-05-29T13:36:04","modified_gmt":"2019-05-29T11:36:04","slug":"players-de-midia","status":"publish","type":"page","link":"https:\/\/www.promotienda.es\/pt-pt\/telas-de-publicidade\/players-de-midia\/","title":{"rendered":"Players de m\u00eddia"},"content":{"rendered":"<section class=\"wpb-content-wrapper\"><p>[vc_row margin_bottom=&#8221;0px&#8221; css=&#8221;.vc_custom_1488366373475{margin-bottom: 20px !important;}&#8221;][vc_column width=&#8221;1\/3&#8243;][vc_column_text css=&#8221;.vc_custom_1488365799564{margin-bottom: 5px !important;}&#8221;]<\/p>\n<h2 style=\"text-align: center; font-size: 20px !important;\">Media Player interativo<\/h2>\n<p>[\/vc_column_text][vc_single_image image=&#8221;7109&#8243; img_size=&#8221;full&#8221; alignment=&#8221;center&#8221; css=&#8221;.vc_custom_1488366194118{margin-bottom: 5px !important;}&#8221;][vc_btn title=&#8221;Mais informa\u00e7\u00f5es&#8221; style=&#8221;outline&#8221; shape=&#8221;square&#8221; color=&#8221;primary&#8221; align=&#8221;center&#8221; i_icon_fontawesome=&#8221;fa fa-plus&#8221; add_icon=&#8221;true&#8221; link=&#8221;url:https%3A%2F%2Fwww.promotienda.es%2Fpantallas-para-publicidad%2Freproductor-multimedia-interactivo%2F|&#8221;][\/vc_column][vc_column width=&#8221;1\/3&#8243;][vc_column_text css=&#8221;.vc_custom_1488365822757{margin-bottom: 5px !important;}&#8221;]<\/p>\n<h2 style=\"text-align: center; font-size: 20px !important;\">Multimedia Player com Wi-Fi e 3G<\/h2>\n<p>[\/vc_column_text][vc_single_image image=&#8221;7087&#8243; img_size=&#8221;full&#8221; alignment=&#8221;center&#8221; css=&#8221;.vc_custom_1488527547914{margin-top: 15px !important;margin-bottom: 15px !important;}&#8221;][vc_btn title=&#8221;Mais informa\u00e7\u00f5es&#8221; style=&#8221;outline&#8221; shape=&#8221;square&#8221; color=&#8221;primary&#8221; align=&#8221;center&#8221; i_icon_fontawesome=&#8221;fa fa-plus&#8221; add_icon=&#8221;true&#8221; link=&#8221;url:https%3A%2F%2Fwww.promotienda.es%2Fpantallas-para-publicidad%2Freproductor-multimedia-interactivo-con-wi-fi-y-3g%2F|&#8221;][\/vc_column][vc_column width=&#8221;1\/3&#8243;][vc_column_text css=&#8221;.vc_custom_1488729827928{margin-bottom: 5px !important;}&#8221;]<\/p>\n<h2 style=\"text-align: center; font-size: 20px !important;\">Android Media Player<\/h2>\n<p>[\/vc_column_text][vc_single_image image=&#8221;7083&#8243; img_size=&#8221;full&#8221; alignment=&#8221;center&#8221; css=&#8221;.vc_custom_1488527593017{margin-top: 30px !important;margin-bottom: 30px !important;}&#8221;][vc_btn title=&#8221;Mais informa\u00e7\u00f5es&#8221; style=&#8221;outline&#8221; shape=&#8221;square&#8221; color=&#8221;primary&#8221; align=&#8221;center&#8221; i_icon_fontawesome=&#8221;fa fa-plus&#8221; add_icon=&#8221;true&#8221; link=&#8221;url:https%3A%2F%2Fwww.promotienda.es%2Fpantallas-para-publicidad%2Freproductor-multimedia-android%2F|&#8221;][\/vc_column][\/vc_row]<\/p>\n<\/section>","protected":false},"excerpt":{"rendered":"<p>[vc_row margin_bottom=&#8221;0px&#8221; css=&#8221;.vc_custom_1488366373475{margin-bottom: 20px !important;}&#8221;][vc_column width=&#8221;1\/3&#8243;][vc_column_text css=&#8221;.vc_custom_1488365799564{margin-bottom: 5px !important;}&#8221;] Media Player interativo [\/vc_column_text][vc_single_image image=&#8221;7109&#8243; img_size=&#8221;full&#8221; alignment=&#8221;center&#8221; css=&#8221;.vc_custom_1488366194118{margin-bottom: 5px !important;}&#8221;][vc_btn title=&#8221;Mais informa\u00e7\u00f5es&#8221; style=&#8221;outline&#8221; shape=&#8221;square&#8221; color=&#8221;primary&#8221; align=&#8221;center&#8221; i_icon_fontawesome=&#8221;fa fa-plus&#8221; add_icon=&#8221;true&#8221; link=&#8221;url:https%3A%2F%2Fwww.promotienda.es%2Fpantallas-para-publicidad%2Freproductor-multimedia-interactivo%2F|&#8221;][\/vc_column][vc_column width=&#8221;1\/3&#8243;][vc_column_text css=&#8221;.vc_custom_1488365822757{margin-bottom: 5px !important;}&#8221;] Multimedia Player com Wi-Fi e 3G [\/vc_column_text][vc_single_image image=&#8221;7087&#8243; img_size=&#8221;full&#8221; alignment=&#8221;center&#8221; css=&#8221;.vc_custom_1488527547914{margin-top: 15px !important;margin-bottom: 15px !important;}&#8221;][vc_btn title=&#8221;Mais informa\u00e7\u00f5es&#8221; style=&#8221;outline&#8221; shape=&#8221;square&#8221; color=&#8221;primary&#8221; align=&#8221;center&#8221; i_icon_fontawesome=&#8221;fa&hellip;<\/p>\n","protected":false},"author":1,"featured_media":0,"parent":5912,"menu_order":6,"comment_status":"closed","ping_status":"closed","template":"","meta":{"ngg_post_thumbnail":0},"yoast_head":"<!-- This site is optimized with the Yoast SEO plugin v20.3 - https:\/\/yoast.com\/wordpress\/plugins\/seo\/ -->\n<title>Players de m\u00eddia interativos-Promotienda<\/title>\n<meta name=\"description\" content=\"Players de m\u00eddia interativos para uso comercial para estimular as compras de seus clientes. Aumente o seu neg\u00f3cio com jogadores Android.\" \/>\n<meta name=\"robots\" content=\"index, follow, max-snippet:-1, max-image-preview:large, max-video-preview:-1\" \/>\n<link rel=\"canonical\" href=\"https:\/\/www.promotienda.es\/pt-pt\/telas-de-publicidade\/players-de-midia\/\" \/>\n<meta property=\"og:locale\" content=\"pt_PT\" \/>\n<meta property=\"og:type\" content=\"article\" \/>\n<meta property=\"og:title\" content=\"Players de m\u00eddia interativos-Promotienda\" \/>\n<meta property=\"og:description\" content=\"Players de m\u00eddia interativos para uso comercial para estimular as compras de seus clientes. Aumente o seu neg\u00f3cio com jogadores Android.\" \/>\n<meta property=\"og:url\" content=\"https:\/\/www.promotienda.es\/pt-pt\/telas-de-publicidade\/players-de-midia\/\" \/>\n<meta property=\"og:site_name\" content=\"Promotienda\" \/>\n<meta property=\"article:modified_time\" content=\"2019-05-29T11:36:04+00:00\" \/>\n<meta name=\"twitter:card\" content=\"summary_large_image\" \/>\n<meta name=\"twitter:label1\" content=\"Tempo estimado de leitura\" \/>\n\t<meta name=\"twitter:data1\" content=\"1 minuto\" \/>\n<script type=\"application\/ld+json\" class=\"yoast-schema-graph\">{\"@context\":\"https:\/\/schema.org\",\"@graph\":[{\"@type\":\"WebPage\",\"@id\":\"https:\/\/www.promotienda.es\/pt-pt\/telas-de-publicidade\/players-de-midia\/\",\"url\":\"https:\/\/www.promotienda.es\/pt-pt\/telas-de-publicidade\/players-de-midia\/\",\"name\":\"Players de m\u00eddia interativos-Promotienda\",\"isPartOf\":{\"@id\":\"https:\/\/www.promotienda.es\/en\/#website\"},\"datePublished\":\"2019-05-29T11:35:21+00:00\",\"dateModified\":\"2019-05-29T11:36:04+00:00\",\"description\":\"Players de m\u00eddia interativos para uso comercial para estimular as compras de seus clientes. Aumente o seu neg\u00f3cio com jogadores Android.\",\"breadcrumb\":{\"@id\":\"https:\/\/www.promotienda.es\/pt-pt\/telas-de-publicidade\/players-de-midia\/#breadcrumb\"},\"inLanguage\":\"pt-PT\",\"potentialAction\":[{\"@type\":\"ReadAction\",\"target\":[\"https:\/\/www.promotienda.es\/pt-pt\/telas-de-publicidade\/players-de-midia\/\"]}]},{\"@type\":\"BreadcrumbList\",\"@id\":\"https:\/\/www.promotienda.es\/pt-pt\/telas-de-publicidade\/players-de-midia\/#breadcrumb\",\"itemListElement\":[{\"@type\":\"ListItem\",\"position\":1,\"name\":\"Portada\",\"item\":\"https:\/\/www.promotienda.es\/pt-pt\/\"},{\"@type\":\"ListItem\",\"position\":2,\"name\":\"Telas de publicidade\",\"item\":\"https:\/\/www.promotienda.es\/pt-pt\/telas-de-publicidade\/\"},{\"@type\":\"ListItem\",\"position\":3,\"name\":\"Players de m\u00eddia\"}]},{\"@type\":\"WebSite\",\"@id\":\"https:\/\/www.promotienda.es\/en\/#website\",\"url\":\"https:\/\/www.promotienda.es\/en\/\",\"name\":\"Promotienda\",\"description\":\"\",\"potentialAction\":[{\"@type\":\"SearchAction\",\"target\":{\"@type\":\"EntryPoint\",\"urlTemplate\":\"https:\/\/www.promotienda.es\/en\/?s={search_term_string}\"},\"query-input\":\"required name=search_term_string\"}],\"inLanguage\":\"pt-PT\"}]}<\/script>\n<!-- \/ Yoast SEO plugin. -->","yoast_head_json":{"title":"Players de m\u00eddia interativos-Promotienda","description":"Players de m\u00eddia interativos para uso comercial para estimular as compras de seus clientes. Aumente o seu neg\u00f3cio com jogadores Android.","robots":{"index":"index","follow":"follow","max-snippet":"max-snippet:-1","max-image-preview":"max-image-preview:large","max-video-preview":"max-video-preview:-1"},"canonical":"https:\/\/www.promotienda.es\/pt-pt\/telas-de-publicidade\/players-de-midia\/","og_locale":"pt_PT","og_type":"article","og_title":"Players de m\u00eddia interativos-Promotienda","og_description":"Players de m\u00eddia interativos para uso comercial para estimular as compras de seus clientes. Aumente o seu neg\u00f3cio com jogadores Android.","og_url":"https:\/\/www.promotienda.es\/pt-pt\/telas-de-publicidade\/players-de-midia\/","og_site_name":"Promotienda","article_modified_time":"2019-05-29T11:36:04+00:00","twitter_card":"summary_large_image","twitter_misc":{"Tempo estimado de leitura":"1 minuto"},"schema":{"@context":"https:\/\/schema.org","@graph":[{"@type":"WebPage","@id":"https:\/\/www.promotienda.es\/pt-pt\/telas-de-publicidade\/players-de-midia\/","url":"https:\/\/www.promotienda.es\/pt-pt\/telas-de-publicidade\/players-de-midia\/","name":"Players de m\u00eddia interativos-Promotienda","isPartOf":{"@id":"https:\/\/www.promotienda.es\/en\/#website"},"datePublished":"2019-05-29T11:35:21+00:00","dateModified":"2019-05-29T11:36:04+00:00","description":"Players de m\u00eddia interativos para uso comercial para estimular as compras de seus clientes. Aumente o seu neg\u00f3cio com jogadores Android.","breadcrumb":{"@id":"https:\/\/www.promotienda.es\/pt-pt\/telas-de-publicidade\/players-de-midia\/#breadcrumb"},"inLanguage":"pt-PT","potentialAction":[{"@type":"ReadAction","target":["https:\/\/www.promotienda.es\/pt-pt\/telas-de-publicidade\/players-de-midia\/"]}]},{"@type":"BreadcrumbList","@id":"https:\/\/www.promotienda.es\/pt-pt\/telas-de-publicidade\/players-de-midia\/#breadcrumb","itemListElement":[{"@type":"ListItem","position":1,"name":"Portada","item":"https:\/\/www.promotienda.es\/pt-pt\/"},{"@type":"ListItem","position":2,"name":"Telas de publicidade","item":"https:\/\/www.promotienda.es\/pt-pt\/telas-de-publicidade\/"},{"@type":"ListItem","position":3,"name":"Players de m\u00eddia"}]},{"@type":"WebSite","@id":"https:\/\/www.promotienda.es\/en\/#website","url":"https:\/\/www.promotienda.es\/en\/","name":"Promotienda","description":"","potentialAction":[{"@type":"SearchAction","target":{"@type":"EntryPoint","urlTemplate":"https:\/\/www.promotienda.es\/en\/?s={search_term_string}"},"query-input":"required name=search_term_string"}],"inLanguage":"pt-PT"}]}},"_links":{"self":[{"href":"https:\/\/www.promotienda.es\/pt-pt\/wp-json\/wp\/v2\/pages\/7082"}],"collection":[{"href":"https:\/\/www.promotienda.es\/pt-pt\/wp-json\/wp\/v2\/pages"}],"about":[{"href":"https:\/\/www.promotienda.es\/pt-pt\/wp-json\/wp\/v2\/types\/page"}],"author":[{"embeddable":true,"href":"https:\/\/www.promotienda.es\/pt-pt\/wp-json\/wp\/v2\/users\/1"}],"replies":[{"embeddable":true,"href":"https:\/\/www.promotienda.es\/pt-pt\/wp-json\/wp\/v2\/comments?post=7082"}],"version-history":[{"count":2,"href":"https:\/\/www.promotienda.es\/pt-pt\/wp-json\/wp\/v2\/pages\/7082\/revisions"}],"predecessor-version":[{"id":7169,"href":"https:\/\/www.promotienda.es\/pt-pt\/wp-json\/wp\/v2\/pages\/7082\/revisions\/7169"}],"up":[{"embeddable":true,"href":"https:\/\/www.promotienda.es\/pt-pt\/wp-json\/wp\/v2\/pages\/5912"}],"wp:attachment":[{"href":"https:\/\/www.promotienda.es\/pt-pt\/wp-json\/wp\/v2\/media?parent=7082"}],"curies":[{"name":"wp","href":"https:\/\/api.w.org\/{rel}","templated":true}]}}