{"id":7092,"date":"2019-05-29T13:35:25","date_gmt":"2019-05-29T11:35:25","guid":{"rendered":"https:\/\/www.promotienda.es\/telas-de-publicidade\/players-de-midia\/media-player-interativo\/"},"modified":"2019-05-29T13:36:04","modified_gmt":"2019-05-29T11:36:04","slug":"media-player-interativo","status":"publish","type":"page","link":"https:\/\/www.promotienda.es\/pt-pt\/telas-de-publicidade\/players-de-midia\/media-player-interativo\/","title":{"rendered":"Media Player interativo"},"content":{"rendered":"<section class=\"wpb-content-wrapper\"><p>[vc_row][vc_column width=&#8221;1\/2&#8243;][vc_column_text]O GSP002 Interactive Media Player redefine o conceito de um jogador. Ele fornece a nova tecnologia que permite que voc\u00ea insira um cart\u00e3o SD em seu slot para reproduzir conte\u00fado de alta defini\u00e7\u00e3o diretamente na TV ou em telas de computador. O destaque do produto \u00e9 a sua interface interativa, pois pode conectar at\u00e9 6 bot\u00f5es luminosos \u00e0 unidade.<\/p>\n<p>Voc\u00ea pode escolher 3 modos diferentes: varejista, Museu ou modo de reprodu\u00e7\u00e3o de \u00e1udio. O modo de varejo permite bot\u00f5es piscando para reproduzir os v\u00eddeos selecionados e, em seguida, retornar ao loop de v\u00eddeo. O modo de museu est\u00e1 em conformidade com um ambiente silencioso e o bot\u00e3o acende-se quando seleccionado. O modo de reprodu\u00e7\u00e3o de \u00e1udio permite que voc\u00ea use o jogo, pr\u00f3ximo, anterior, parar, volume para cima e para baixo bot\u00f5es.[\/vc_column_text][vc_btn title=&#8221;Descarregar PDF&#8221; style=&#8221;flat&#8221; shape=&#8221;square&#8221; color=&#8221;primary&#8221; align=&#8221;center&#8221; i_icon_fontawesome=&#8221;fa fa-download&#8221; add_icon=&#8221;true&#8221; link=&#8221;url:https%3A%2F%2Fwww.promotienda.es%2Fpdf%2Freproductor-multimedia-interactivo.pdf|target:%20_blank|rel:nofollow|&#8221;][\/vc_column][vc_column width=&#8221;1\/2&#8243;][vc_media_grid grid_id=&#8221;vc_gid:1543826735256-2c1434c9-e397-0&#8243; include=&#8221;7109,7105,7101,7097,7093&#8243;][\/vc_column][\/vc_row][vc_row][vc_column][vc_tta_tabs style=&#8221;modern&#8221; shape=&#8221;square&#8221; color=&#8221;white&#8221; active_section=&#8221;1&#8243; no_fill_content_area=&#8221;true&#8221;][vc_tta_section title=&#8221;Caracter\u00edsticas&#8221; tab_id=&#8221;1487761552104-9edf1378-d107ca22-a2dd&#8221;][vc_row_inner][vc_column_inner width=&#8221;1\/3&#8243;][vc_single_image image=&#8221;7105&#8243; img_size=&#8221;full&#8221;][\/vc_column_inner][vc_column_inner width=&#8221;2\/3&#8243;][vc_column_text]<\/p>\n<h3>Media Player para uso comercial<\/h3>\n<p>[\/vc_column_text][\/vc_column_inner][\/vc_row_inner][vc_row_inner][vc_column_inner width=&#8221;1\/3&#8243;][vc_single_image image=&#8221;7101&#8243; img_size=&#8221;full&#8221;][\/vc_column_inner][vc_column_inner width=&#8221;2\/3&#8243;][vc_column_text]<\/p>\n<div class=\"textoficha\">\n<h3>Recursos interativos<\/h3>\n<p>Selecione os modos para varejistas, museus ou dispositivos de \u00e1udio digital.<\/p>\n<\/div>\n<p>[\/vc_column_text][\/vc_column_inner][\/vc_row_inner][vc_row_inner][vc_column_inner width=&#8221;1\/3&#8243;][vc_single_image image=&#8221;6117&#8243; img_size=&#8221;full&#8221;][\/vc_column_inner][vc_column_inner width=&#8221;2\/3&#8243;][vc_column_text]<\/p>\n<h3>Modo de varejo<\/h3>\n<p>Projetado para lojas. Piscando bot\u00f5es de luz. O v\u00eddeo selecionado ser\u00e1 reproduzido uma vez e, em seguida, retornar ao v\u00eddeo em loop.[\/vc_column_text][\/vc_column_inner][\/vc_row_inner][vc_row_inner][vc_column_inner width=&#8221;1\/3&#8243;][vc_single_image image=&#8221;6113&#8243; img_size=&#8221;full&#8221;][\/vc_column_inner][vc_column_inner width=&#8221;2\/3&#8243;][vc_column_text]<\/p>\n<h3>Modalidade do Museu<\/h3>\n<p>Os bot\u00f5es s\u00f3 acender quando pressionado. Os museus exigem um ambiente silencioso, de modo que os bot\u00f5es s\u00f3 vai acender e os v\u00eddeos s\u00f3 vai jogar quando o bot\u00e3o \u00e9 pressionado.[\/vc_column_text][\/vc_column_inner][\/vc_row_inner][vc_row_inner][vc_column_inner width=&#8221;1\/3&#8243;][vc_single_image image=&#8221;6121&#8243; img_size=&#8221;full&#8221;][\/vc_column_inner][vc_column_inner width=&#8221;2\/3&#8243;][vc_column_text]<\/p>\n<h3>\u00c1udio digital<\/h3>\n<p>Fun\u00e7\u00f5es como PLAY, STOP, anterior, NEXT, VOLUME UP e VOLUME DOWN foram pr\u00e9-programadas para o Media Player e podem ser usadas para o dispositivo com demonstra\u00e7\u00f5es de \u00e1udio digital com o conector est\u00e9reo de 3,5 mm.[\/vc_column_text][\/vc_column_inner][\/vc_row_inner][vc_row_inner][vc_column_inner width=&#8221;1\/3&#8243;][vc_single_image image=&#8221;6105&#8243; img_size=&#8221;full&#8221;][\/vc_column_inner][vc_column_inner width=&#8221;2\/3&#8243;][vc_column_text]<\/p>\n<h3>Suporte para conector est\u00e9reo de 3,5 mm<\/h3>\n<p>[\/vc_column_text][\/vc_column_inner][\/vc_row_inner][vc_row_inner][vc_column_inner width=&#8221;1\/3&#8243;][vc_single_image image=&#8221;6101&#8243; img_size=&#8221;full&#8221;][\/vc_column_inner][vc_column_inner width=&#8221;2\/3&#8243;][vc_column_text]<\/p>\n<h3>Cart\u00e3o do SD da sustenta\u00e7\u00e3o<\/h3>\n<p>[\/vc_column_text][\/vc_column_inner][\/vc_row_inner][vc_row_inner][vc_column_inner width=&#8221;1\/3&#8243;][vc_single_image image=&#8221;6109&#8243; img_size=&#8221;full&#8221;][\/vc_column_inner][vc_column_inner width=&#8221;2\/3&#8243;][vc_column_text]<\/p>\n<h3>Suporte HDMI<\/h3>\n<p>[\/vc_column_text][\/vc_column_inner][\/vc_row_inner][\/vc_tta_section][vc_tta_section title=&#8221;Especifica\u00e7\u00f5es t\u00e9cnicas&#8221; tab_id=&#8221;1487761552126-ff627175-e835ca22-a2dd&#8221;]<div class=\"ult_pricing_table_wrap ult_info_table ult_design_6  ult-cs-blue  \">\n\t\t\t\t\t<div class=\"ult_pricing_table \" style=\" \"><div id=\"Info-table-wrap-3367\" class=\"ult_pricing_heading\" style=\"\">\n\t\t\t\t\t\t\t<h3 class=\"ult-responsive\"  data-ultimate-target='#Info-table-wrap-3367 h3'  data-responsive-json-new='{\"font-size\":\"\",\"line-height\":\"\"}'  style=\"font-weight:normal;\">Modelo GSP002 Media Player<\/h3><\/div><!--ult_pricing_heading--><div id=\"info_table_features_wrap-8871\"  data-ultimate-target='#info_table_features_wrap-8871.ult_price_features'  data-responsive-json-new='{\"font-size\":\"\",\"line-height\":\"\"}'  class=\"ult-responsive ult_price_features\" style=\"font-weight:normal;\">\n\t\t\t\t\t\t\t<table width=\"100%\">\n<tbody>\n<tr>\n<td rowspan=\"16\" width=\"25%\"><strong>Hardware<\/strong><\/td>\n<\/tr>\n<tr>\n<td width=\"31%\">Cobrir<\/td>\n<td width=\"45%\">Metal<\/td>\n<\/tr>\n<tr>\n<td width=\"31%\">Resolu\u00e7\u00e3o<\/td>\n<td width=\"45%\">1920x1080p<\/td>\n<\/tr>\n<tr>\n<td width=\"31%\">Color<\/td>\n<td width=\"45%\">Preto<\/td>\n<\/tr>\n<tr>\n<td width=\"31%\">Sistema de \u00e1udio<\/td>\n<td width=\"45%\">Est\u00e9reo<\/td>\n<\/tr>\n<tr>\n<td width=\"31%\">Formato de arquivo suportado<\/td>\n<td width=\"45%\">JPEG, MPEG1, 2, 4 m\u00fasica, H. 264<\/td>\n<\/tr>\n<tr>\n<td width=\"31%\">Mem\u00f3ria suportada<\/td>\n<td width=\"45%\">Cart\u00e3o SD, USB 2,0<\/td>\n<\/tr>\n<tr>\n<td width=\"31%\">Caracter\u00edsticas de reprodu\u00e7\u00e3o<\/td>\n<td width=\"45%\">Auto come\u00e7o, auto jogo, auto repeti\u00e7\u00e3o<\/td>\n<\/tr>\n<tr>\n<td width=\"31%\">Sensor de movimento<\/td>\n<td width=\"45%\">Opcional<\/td>\n<\/tr>\n<tr>\n<td width=\"31%\">Entrada<\/td>\n<td width=\"45%\">N\/A<\/td>\n<\/tr>\n<tr>\n<td width=\"31%\">Sa\u00edda de \u00e1udio<\/td>\n<td width=\"45%\">3,5 mm tomada est\u00e9reo<\/td>\n<\/tr>\n<tr>\n<td width=\"31%\">Bot\u00f5es de controle<\/td>\n<td width=\"45%\">N\/A<\/td>\n<\/tr>\n<tr>\n<td width=\"31%\">Falante<\/td>\n<td width=\"45%\">N\/A<\/td>\n<\/tr>\n<tr>\n<td width=\"31%\">Tens\u00e3o<\/td>\n<td width=\"45%\">C.A. 100-240V, 50\/60Hz<\/td>\n<\/tr>\n<tr>\n<td width=\"31%\">Consumo m\u00e1ximo de energia<\/td>\n<td width=\"45%\">N\/A<\/td>\n<\/tr>\n<tr>\n<td width=\"31%\">Acess\u00f3rios<\/td>\n<td width=\"45%\">Adaptador de energia, controle remoto<\/td>\n<\/tr>\n<tr>\n<td rowspan=\"3\" width=\"25%\"><strong>Fun\u00e7\u00f5es opcionais (custo adicional)<\/strong><\/td>\n<td width=\"31%\">Bateria<\/td>\n<td width=\"45%\">N\u00e3o<\/td>\n<\/tr>\n<tr>\n<td width=\"31%\">Bot\u00e3o (m\u00e1x. 6 bot\u00f5es)<\/td>\n<td width=\"45%\">Sim<\/td>\n<\/tr>\n<tr>\n<td width=\"31%\">Levantar<\/td>\n<td width=\"45%\">N\u00e3o<\/td>\n<\/tr>\n<\/tbody>\n<\/table>\n<table width=\"100%\">\n<tbody>\n<tr>\n<td colspan=\"3\" width=\"100%\"><strong>Especifica\u00e7\u00f5es da dimens\u00e3o<\/strong><\/td>\n<\/tr>\n<tr>\n<td width=\"25%\"><strong>Modelo<\/strong><\/td>\n<td colspan=\"2\" width=\"75%\"><strong>GSP002 Media Player<\/strong><\/td>\n<\/tr>\n<tr>\n<td rowspan=\"9\" width=\"25%\"><strong>Comprimento X alta X largura (cm)<\/strong><\/td>\n<td width=\"30%\">Medidas<\/td>\n<td width=\"45%\">16,8 x11x 2,5<\/td>\n<\/tr>\n<tr>\n<td width=\"30%\">Peso<\/td>\n<td width=\"45%\">0,85 quilogramas<\/td>\n<\/tr>\n<tr>\n<td width=\"30%\">Dimens\u00f5es da embalagem<\/td>\n<td width=\"45%\">37,5x17x5,8<\/td>\n<\/tr>\n<tr>\n<td width=\"30%\">Peso da embalagem por unidade (kg\/PC)<\/td>\n<td width=\"45%\">0,88 quilogramas<\/td>\n<\/tr>\n<tr>\n<td width=\"30%\">Unidades por caixa (unidades\/caixa)<\/td>\n<td width=\"45%\">10<\/td>\n<\/tr>\n<tr>\n<td width=\"30%\">Dimens\u00f5es da caixa<\/td>\n<td width=\"45%\">39,5&#215;32,5&#215;36<\/td>\n<\/tr>\n<tr>\n<td width=\"30%\">Peso da caixa (quilograma)<\/td>\n<td width=\"45%\">9.8<\/td>\n<\/tr>\n<tr>\n<td width=\"30%\">Dimens\u00f5es de suporte<\/td>\n<td width=\"45%\">N\/A<\/td>\n<\/tr>\n<tr>\n<td width=\"30%\">Meios apropriados<\/td>\n<td width=\"45%\">N\/A<\/td>\n<\/tr>\n<\/tbody>\n<\/table>\n\n\t\t\t\t\t\t<\/div><!--ult_price_features--><div class=\"ult_clr\"><\/div>\n\t\t\t<\/div><!--pricing_table-->\n\t\t<\/div><!--pricing_table_wrap-->[\/vc_tta_section][\/vc_tta_tabs][\/vc_column][\/vc_row]<\/p>\n<\/section>","protected":false},"excerpt":{"rendered":"<p>[vc_row][vc_column width=&#8221;1\/2&#8243;][vc_column_text]O GSP002 Interactive Media Player redefine o conceito de um jogador. Ele fornece a nova tecnologia que permite que voc\u00ea insira um cart\u00e3o SD em seu slot para reproduzir conte\u00fado de alta defini\u00e7\u00e3o diretamente na TV ou em telas de computador. O destaque do produto \u00e9 a sua interface interativa, pois pode conectar at\u00e9&hellip;<\/p>\n","protected":false},"author":1,"featured_media":0,"parent":7082,"menu_order":1,"comment_status":"closed","ping_status":"closed","template":"","meta":{"ngg_post_thumbnail":0},"yoast_head":"<!-- This site is optimized with the Yoast SEO plugin v20.3 - https:\/\/yoast.com\/wordpress\/plugins\/seo\/ -->\n<title>Media Player interativo - Promotienda<\/title>\n<meta name=\"robots\" content=\"index, follow, max-snippet:-1, max-image-preview:large, max-video-preview:-1\" \/>\n<link rel=\"canonical\" href=\"https:\/\/www.promotienda.es\/pt-pt\/telas-de-publicidade\/players-de-midia\/media-player-interativo\/\" \/>\n<meta property=\"og:locale\" content=\"pt_PT\" \/>\n<meta property=\"og:type\" content=\"article\" \/>\n<meta property=\"og:title\" content=\"Media Player interativo - Promotienda\" \/>\n<meta property=\"og:description\" content=\"[vc_row][vc_column width=&#8221;1\/2&#8243;][vc_column_text]O GSP002 Interactive Media Player redefine o conceito de um jogador. Ele fornece a nova tecnologia que permite que voc\u00ea insira um cart\u00e3o SD em seu slot para reproduzir conte\u00fado de alta defini\u00e7\u00e3o diretamente na TV ou em telas de computador. O destaque do produto \u00e9 a sua interface interativa, pois pode conectar at\u00e9&hellip;\" \/>\n<meta property=\"og:url\" content=\"https:\/\/www.promotienda.es\/pt-pt\/telas-de-publicidade\/players-de-midia\/media-player-interativo\/\" \/>\n<meta property=\"og:site_name\" content=\"Promotienda\" \/>\n<meta property=\"article:modified_time\" content=\"2019-05-29T11:36:04+00:00\" \/>\n<meta name=\"twitter:card\" content=\"summary_large_image\" \/>\n<meta name=\"twitter:label1\" content=\"Tempo estimado de leitura\" \/>\n\t<meta name=\"twitter:data1\" content=\"4 minutos\" \/>\n<script type=\"application\/ld+json\" class=\"yoast-schema-graph\">{\"@context\":\"https:\/\/schema.org\",\"@graph\":[{\"@type\":\"WebPage\",\"@id\":\"https:\/\/www.promotienda.es\/pt-pt\/telas-de-publicidade\/players-de-midia\/media-player-interativo\/\",\"url\":\"https:\/\/www.promotienda.es\/pt-pt\/telas-de-publicidade\/players-de-midia\/media-player-interativo\/\",\"name\":\"Media Player interativo - Promotienda\",\"isPartOf\":{\"@id\":\"https:\/\/www.promotienda.es\/en\/#website\"},\"datePublished\":\"2019-05-29T11:35:25+00:00\",\"dateModified\":\"2019-05-29T11:36:04+00:00\",\"breadcrumb\":{\"@id\":\"https:\/\/www.promotienda.es\/pt-pt\/telas-de-publicidade\/players-de-midia\/media-player-interativo\/#breadcrumb\"},\"inLanguage\":\"pt-PT\",\"potentialAction\":[{\"@type\":\"ReadAction\",\"target\":[\"https:\/\/www.promotienda.es\/pt-pt\/telas-de-publicidade\/players-de-midia\/media-player-interativo\/\"]}]},{\"@type\":\"BreadcrumbList\",\"@id\":\"https:\/\/www.promotienda.es\/pt-pt\/telas-de-publicidade\/players-de-midia\/media-player-interativo\/#breadcrumb\",\"itemListElement\":[{\"@type\":\"ListItem\",\"position\":1,\"name\":\"Portada\",\"item\":\"https:\/\/www.promotienda.es\/pt-pt\/\"},{\"@type\":\"ListItem\",\"position\":2,\"name\":\"Telas de publicidade\",\"item\":\"https:\/\/www.promotienda.es\/pt-pt\/telas-de-publicidade\/\"},{\"@type\":\"ListItem\",\"position\":3,\"name\":\"Players de m\u00eddia\",\"item\":\"https:\/\/www.promotienda.es\/pt-pt\/telas-de-publicidade\/players-de-midia\/\"},{\"@type\":\"ListItem\",\"position\":4,\"name\":\"Media Player interativo\"}]},{\"@type\":\"WebSite\",\"@id\":\"https:\/\/www.promotienda.es\/en\/#website\",\"url\":\"https:\/\/www.promotienda.es\/en\/\",\"name\":\"Promotienda\",\"description\":\"\",\"potentialAction\":[{\"@type\":\"SearchAction\",\"target\":{\"@type\":\"EntryPoint\",\"urlTemplate\":\"https:\/\/www.promotienda.es\/en\/?s={search_term_string}\"},\"query-input\":\"required name=search_term_string\"}],\"inLanguage\":\"pt-PT\"}]}<\/script>\n<!-- \/ Yoast SEO plugin. -->","yoast_head_json":{"title":"Media Player interativo - Promotienda","robots":{"index":"index","follow":"follow","max-snippet":"max-snippet:-1","max-image-preview":"max-image-preview:large","max-video-preview":"max-video-preview:-1"},"canonical":"https:\/\/www.promotienda.es\/pt-pt\/telas-de-publicidade\/players-de-midia\/media-player-interativo\/","og_locale":"pt_PT","og_type":"article","og_title":"Media Player interativo - Promotienda","og_description":"[vc_row][vc_column width=&#8221;1\/2&#8243;][vc_column_text]O GSP002 Interactive Media Player redefine o conceito de um jogador. Ele fornece a nova tecnologia que permite que voc\u00ea insira um cart\u00e3o SD em seu slot para reproduzir conte\u00fado de alta defini\u00e7\u00e3o diretamente na TV ou em telas de computador. O destaque do produto \u00e9 a sua interface interativa, pois pode conectar at\u00e9&hellip;","og_url":"https:\/\/www.promotienda.es\/pt-pt\/telas-de-publicidade\/players-de-midia\/media-player-interativo\/","og_site_name":"Promotienda","article_modified_time":"2019-05-29T11:36:04+00:00","twitter_card":"summary_large_image","twitter_misc":{"Tempo estimado de leitura":"4 minutos"},"schema":{"@context":"https:\/\/schema.org","@graph":[{"@type":"WebPage","@id":"https:\/\/www.promotienda.es\/pt-pt\/telas-de-publicidade\/players-de-midia\/media-player-interativo\/","url":"https:\/\/www.promotienda.es\/pt-pt\/telas-de-publicidade\/players-de-midia\/media-player-interativo\/","name":"Media Player interativo - Promotienda","isPartOf":{"@id":"https:\/\/www.promotienda.es\/en\/#website"},"datePublished":"2019-05-29T11:35:25+00:00","dateModified":"2019-05-29T11:36:04+00:00","breadcrumb":{"@id":"https:\/\/www.promotienda.es\/pt-pt\/telas-de-publicidade\/players-de-midia\/media-player-interativo\/#breadcrumb"},"inLanguage":"pt-PT","potentialAction":[{"@type":"ReadAction","target":["https:\/\/www.promotienda.es\/pt-pt\/telas-de-publicidade\/players-de-midia\/media-player-interativo\/"]}]},{"@type":"BreadcrumbList","@id":"https:\/\/www.promotienda.es\/pt-pt\/telas-de-publicidade\/players-de-midia\/media-player-interativo\/#breadcrumb","itemListElement":[{"@type":"ListItem","position":1,"name":"Portada","item":"https:\/\/www.promotienda.es\/pt-pt\/"},{"@type":"ListItem","position":2,"name":"Telas de publicidade","item":"https:\/\/www.promotienda.es\/pt-pt\/telas-de-publicidade\/"},{"@type":"ListItem","position":3,"name":"Players de m\u00eddia","item":"https:\/\/www.promotienda.es\/pt-pt\/telas-de-publicidade\/players-de-midia\/"},{"@type":"ListItem","position":4,"name":"Media Player interativo"}]},{"@type":"WebSite","@id":"https:\/\/www.promotienda.es\/en\/#website","url":"https:\/\/www.promotienda.es\/en\/","name":"Promotienda","description":"","potentialAction":[{"@type":"SearchAction","target":{"@type":"EntryPoint","urlTemplate":"https:\/\/www.promotienda.es\/en\/?s={search_term_string}"},"query-input":"required name=search_term_string"}],"inLanguage":"pt-PT"}]}},"_links":{"self":[{"href":"https:\/\/www.promotienda.es\/pt-pt\/wp-json\/wp\/v2\/pages\/7092"}],"collection":[{"href":"https:\/\/www.promotienda.es\/pt-pt\/wp-json\/wp\/v2\/pages"}],"about":[{"href":"https:\/\/www.promotienda.es\/pt-pt\/wp-json\/wp\/v2\/types\/page"}],"author":[{"embeddable":true,"href":"https:\/\/www.promotienda.es\/pt-pt\/wp-json\/wp\/v2\/users\/1"}],"replies":[{"embeddable":true,"href":"https:\/\/www.promotienda.es\/pt-pt\/wp-json\/wp\/v2\/comments?post=7092"}],"version-history":[{"count":2,"href":"https:\/\/www.promotienda.es\/pt-pt\/wp-json\/wp\/v2\/pages\/7092\/revisions"}],"predecessor-version":[{"id":7170,"href":"https:\/\/www.promotienda.es\/pt-pt\/wp-json\/wp\/v2\/pages\/7092\/revisions\/7170"}],"up":[{"embeddable":true,"href":"https:\/\/www.promotienda.es\/pt-pt\/wp-json\/wp\/v2\/pages\/7082"}],"wp:attachment":[{"href":"https:\/\/www.promotienda.es\/pt-pt\/wp-json\/wp\/v2\/media?parent=7092"}],"curies":[{"name":"wp","href":"https:\/\/api.w.org\/{rel}","templated":true}]}}