{"id":7114,"date":"2019-05-29T13:35:31","date_gmt":"2019-05-29T11:35:31","guid":{"rendered":"https:\/\/www.promotienda.es\/telas-de-publicidade\/players-de-midia\/leitor-multimedia-interactivo-com-wi-fi-e-3g\/"},"modified":"2019-05-29T13:36:04","modified_gmt":"2019-05-29T11:36:04","slug":"leitor-multimedia-interactivo-com-wi-fi-e-3g","status":"publish","type":"page","link":"https:\/\/www.promotienda.es\/pt-pt\/telas-de-publicidade\/players-de-midia\/leitor-multimedia-interactivo-com-wi-fi-e-3g\/","title":{"rendered":"Leitor multim\u00e9dia interactivo com Wi-Fi e 3G"},"content":{"rendered":"<section class=\"wpb-content-wrapper\"><p>[vc_row][vc_column width=&#8221;1\/2&#8243;][vc_column_text]JARVIS Android Box oferece v\u00e1rias vantagens:<\/p>\n<p>A) sistema operacional Android, que suporta uma grande quantidade de aplica\u00e7\u00f5es que permitem a flexibilidade.<\/p>\n<p>b) \u00e9 projetado para uso comercial e permite que voc\u00ea jogue aplica\u00e7\u00f5es, imagens, v\u00eddeos e outros tipos de conte\u00fado interativo em qualquer tela em 1080p Full HD. O hardware est\u00e1 pronto para uso cont\u00ednuo em ambientes comerciais.<\/p>\n<p>c) compat\u00edvel com WIFI e 3G.[\/vc_column_text][vc_btn title=&#8221;Descarregar PDF&#8221; style=&#8221;flat&#8221; shape=&#8221;square&#8221; color=&#8221;primary&#8221; align=&#8221;center&#8221; i_icon_fontawesome=&#8221;fa fa-download&#8221; add_icon=&#8221;true&#8221; link=&#8221;url:https%3A%2F%2Fwww.promotienda.es%2Fpdf%2Freproductor-multimedia-interactivo-wifi-3g.pdf|target:%20_blank|rel:nofollow|&#8221;][\/vc_column][vc_column width=&#8221;1\/2&#8243;][vc_single_image image=&#8221;7087&#8243; img_size=&#8221;full&#8221; alignment=&#8221;center&#8221;][\/vc_column][\/vc_row][vc_row][vc_column][vc_tta_tabs style=&#8221;modern&#8221; shape=&#8221;square&#8221; color=&#8221;white&#8221; active_section=&#8221;1&#8243; no_fill_content_area=&#8221;true&#8221;][vc_tta_section title=&#8221;Caracter\u00edsticas&#8221; tab_id=&#8221;1487761552104-9edf1378-d107dc36-9c58&#8243;][vc_row_inner][vc_column_inner][vc_single_image image=&#8221;7115&#8243; img_size=&#8221;full&#8221; alignment=&#8221;center&#8221;][\/vc_column_inner][\/vc_row_inner][\/vc_tta_section][vc_tta_section title=&#8221;Especifica\u00e7\u00f5es t\u00e9cnicas&#8221; tab_id=&#8221;1487761552126-ff627175-e835dc36-9c58&#8243;]<div class=\"ult_pricing_table_wrap ult_info_table ult_design_6  ult-cs-blue  \">\n\t\t\t\t\t<div class=\"ult_pricing_table \" style=\" \"><div id=\"Info-table-wrap-8268\" class=\"ult_pricing_heading\" style=\"\">\n\t\t\t\t\t\t\t<h3 class=\"ult-responsive\"  data-ultimate-target='#Info-table-wrap-8268 h3'  data-responsive-json-new='{\"font-size\":\"\",\"line-height\":\"\"}'  style=\"font-weight:normal;\">Modelo Android Box<\/h3><\/div><!--ult_pricing_heading--><div id=\"info_table_features_wrap-4174\"  data-ultimate-target='#info_table_features_wrap-4174.ult_price_features'  data-responsive-json-new='{\"font-size\":\"\",\"line-height\":\"\"}'  class=\"ult-responsive ult_price_features\" style=\"font-weight:normal;\">\n\t\t\t\t\t\t\t<table width=\"100%\">\n<tbody>\n<tr>\n<td rowspan=\"14\" width=\"25%\"><strong>Hardware<\/strong><\/td>\n<td width=\"30%\">Color<\/td>\n<td width=\"45%\">Metal\/preto<\/td>\n<\/tr>\n<tr>\n<td width=\"30%\">Resolu\u00e7\u00e3o<\/td>\n<td width=\"45%\">At\u00e9 1080p<\/td>\n<\/tr>\n<tr>\n<td width=\"30%\">Sistema de \u00e1udio<\/td>\n<td width=\"45%\">Est\u00e9reo<\/td>\n<\/tr>\n<tr>\n<td width=\"30%\">Sistema Operacional<\/td>\n<td width=\"45%\">Android 4,4<\/td>\n<\/tr>\n<tr>\n<td width=\"30%\">RJ45<\/td>\n<td width=\"45%\">Sim<\/td>\n<\/tr>\n<tr>\n<td width=\"30%\">Meio de armazenamento suportado<\/td>\n<td width=\"45%\">Cart\u00e3o SD<\/td>\n<\/tr>\n<tr>\n<td width=\"30%\">Usb<\/td>\n<td width=\"45%\">Micro USB (USB OTG) x 1\/USB Host x 1<\/td>\n<\/tr>\n<tr>\n<td width=\"30%\">Sa\u00eddas<\/td>\n<td width=\"45%\">3,5 mm\/HDMI<\/td>\n<\/tr>\n<tr>\n<td width=\"30%\">Formatos de arquivo suportados<\/td>\n<td width=\"45%\">-Full HD: suporta os formatos de v\u00eddeo mais populares, incluindo VP8, AVS, H. 264, H. 263, VC-1 e MPEG-1\/2\/4<br \/>\n-Suporta 1920&#215;1080 @ 60fps em todos os formatos<br \/>\n-Suporta codifica\u00e7\u00e3o H. 264 Alto perfil<br \/>\n&#8211; 1080p@60fps<br \/>\n&#8211; 720p@100fps<\/td>\n<\/tr>\n<tr>\n<td width=\"30%\">Mem\u00f3ria interna<\/td>\n<td width=\"45%\">2GB<\/td>\n<\/tr>\n<tr>\n<td width=\"30%\">Mem\u00f3ria flash<\/td>\n<td width=\"45%\">4GB<\/td>\n<\/tr>\n<tr>\n<td width=\"30%\">Wifi<\/td>\n<td width=\"45%\">80211B\/g\/N e 3G (opcional)<\/td>\n<\/tr>\n<tr>\n<td width=\"30%\">Tens\u00e3o<\/td>\n<td width=\"45%\">DC12V<\/td>\n<\/tr>\n<tr>\n<td width=\"30%\">Consumo m\u00e1ximo de energia<\/td>\n<td width=\"45%\">5, 8W<\/td>\n<\/tr>\n<tr>\n<td rowspan=\"7\" width=\"25%\"><strong>Dimens\u00f5es<\/strong><\/td>\n<td width=\"30%\">Medi\u00e7\u00f5es (CM)<\/td>\n<td width=\"45%\">22x14x3 cent\u00edmetros<\/td>\n<\/tr>\n<tr>\n<td width=\"30%\">Peso (g)<\/td>\n<td width=\"45%\">790 g<\/td>\n<\/tr>\n<tr>\n<td width=\"30%\">Caixa interna (cm)<\/td>\n<td width=\"45%\">44,3 x22x 6,8 cm<\/td>\n<\/tr>\n<tr>\n<td width=\"30%\">Peso (g)<\/td>\n<td width=\"45%\">1228 g<\/td>\n<\/tr>\n<tr>\n<td width=\"30%\">Medidas de embalagem exteriores<\/td>\n<td width=\"45%\">46&#215;46,5&#215;37 cm<\/td>\n<\/tr>\n<tr>\n<td width=\"30%\">Peso de cada caixa<\/td>\n<td width=\"45%\">13,5 quilogramas<\/td>\n<\/tr>\n<tr>\n<td width=\"30%\">Conte\u00fado de cada caixa<\/td>\n<td width=\"45%\">10 unidades<\/td>\n<\/tr>\n<\/tbody>\n<\/table>\n\n\t\t\t\t\t\t<\/div><!--ult_price_features--><div class=\"ult_clr\"><\/div>\n\t\t\t<\/div><!--pricing_table-->\n\t\t<\/div><!--pricing_table_wrap-->[\/vc_tta_section][\/vc_tta_tabs][\/vc_column][\/vc_row]<\/p>\n<\/section>","protected":false},"excerpt":{"rendered":"<p>[vc_row][vc_column width=&#8221;1\/2&#8243;][vc_column_text]JARVIS Android Box oferece v\u00e1rias vantagens: A) sistema operacional Android, que suporta uma grande quantidade de aplica\u00e7\u00f5es que permitem a flexibilidade. b) \u00e9 projetado para uso comercial e permite que voc\u00ea jogue aplica\u00e7\u00f5es, imagens, v\u00eddeos e outros tipos de conte\u00fado interativo em qualquer tela em 1080p Full HD. O hardware est\u00e1 pronto para uso&hellip;<\/p>\n","protected":false},"author":1,"featured_media":0,"parent":7082,"menu_order":2,"comment_status":"closed","ping_status":"closed","template":"","meta":{"ngg_post_thumbnail":0},"yoast_head":"<!-- This site is optimized with the Yoast SEO plugin v20.3 - https:\/\/yoast.com\/wordpress\/plugins\/seo\/ -->\n<title>Leitor multim\u00e9dia interactivo com Wi-Fi e 3G - Promotienda<\/title>\n<meta name=\"robots\" content=\"index, follow, max-snippet:-1, max-image-preview:large, max-video-preview:-1\" \/>\n<link rel=\"canonical\" href=\"https:\/\/www.promotienda.es\/pt-pt\/telas-de-publicidade\/players-de-midia\/leitor-multimedia-interactivo-com-wi-fi-e-3g\/\" \/>\n<meta property=\"og:locale\" content=\"pt_PT\" \/>\n<meta property=\"og:type\" content=\"article\" \/>\n<meta property=\"og:title\" content=\"Leitor multim\u00e9dia interactivo com Wi-Fi e 3G - Promotienda\" \/>\n<meta property=\"og:description\" content=\"[vc_row][vc_column width=&#8221;1\/2&#8243;][vc_column_text]JARVIS Android Box oferece v\u00e1rias vantagens: A) sistema operacional Android, que suporta uma grande quantidade de aplica\u00e7\u00f5es que permitem a flexibilidade. b) \u00e9 projetado para uso comercial e permite que voc\u00ea jogue aplica\u00e7\u00f5es, imagens, v\u00eddeos e outros tipos de conte\u00fado interativo em qualquer tela em 1080p Full HD. O hardware est\u00e1 pronto para uso&hellip;\" \/>\n<meta property=\"og:url\" content=\"https:\/\/www.promotienda.es\/pt-pt\/telas-de-publicidade\/players-de-midia\/leitor-multimedia-interactivo-com-wi-fi-e-3g\/\" \/>\n<meta property=\"og:site_name\" content=\"Promotienda\" \/>\n<meta property=\"article:modified_time\" content=\"2019-05-29T11:36:04+00:00\" \/>\n<meta name=\"twitter:card\" content=\"summary_large_image\" \/>\n<meta name=\"twitter:label1\" content=\"Tempo estimado de leitura\" \/>\n\t<meta name=\"twitter:data1\" content=\"2 minutos\" \/>\n<script type=\"application\/ld+json\" class=\"yoast-schema-graph\">{\"@context\":\"https:\/\/schema.org\",\"@graph\":[{\"@type\":\"WebPage\",\"@id\":\"https:\/\/www.promotienda.es\/pt-pt\/telas-de-publicidade\/players-de-midia\/leitor-multimedia-interactivo-com-wi-fi-e-3g\/\",\"url\":\"https:\/\/www.promotienda.es\/pt-pt\/telas-de-publicidade\/players-de-midia\/leitor-multimedia-interactivo-com-wi-fi-e-3g\/\",\"name\":\"Leitor multim\u00e9dia interactivo com Wi-Fi e 3G - Promotienda\",\"isPartOf\":{\"@id\":\"https:\/\/www.promotienda.es\/en\/#website\"},\"datePublished\":\"2019-05-29T11:35:31+00:00\",\"dateModified\":\"2019-05-29T11:36:04+00:00\",\"breadcrumb\":{\"@id\":\"https:\/\/www.promotienda.es\/pt-pt\/telas-de-publicidade\/players-de-midia\/leitor-multimedia-interactivo-com-wi-fi-e-3g\/#breadcrumb\"},\"inLanguage\":\"pt-PT\",\"potentialAction\":[{\"@type\":\"ReadAction\",\"target\":[\"https:\/\/www.promotienda.es\/pt-pt\/telas-de-publicidade\/players-de-midia\/leitor-multimedia-interactivo-com-wi-fi-e-3g\/\"]}]},{\"@type\":\"BreadcrumbList\",\"@id\":\"https:\/\/www.promotienda.es\/pt-pt\/telas-de-publicidade\/players-de-midia\/leitor-multimedia-interactivo-com-wi-fi-e-3g\/#breadcrumb\",\"itemListElement\":[{\"@type\":\"ListItem\",\"position\":1,\"name\":\"Portada\",\"item\":\"https:\/\/www.promotienda.es\/pt-pt\/\"},{\"@type\":\"ListItem\",\"position\":2,\"name\":\"Telas de publicidade\",\"item\":\"https:\/\/www.promotienda.es\/pt-pt\/telas-de-publicidade\/\"},{\"@type\":\"ListItem\",\"position\":3,\"name\":\"Players de m\u00eddia\",\"item\":\"https:\/\/www.promotienda.es\/pt-pt\/telas-de-publicidade\/players-de-midia\/\"},{\"@type\":\"ListItem\",\"position\":4,\"name\":\"Leitor multim\u00e9dia interactivo com Wi-Fi e 3G\"}]},{\"@type\":\"WebSite\",\"@id\":\"https:\/\/www.promotienda.es\/en\/#website\",\"url\":\"https:\/\/www.promotienda.es\/en\/\",\"name\":\"Promotienda\",\"description\":\"\",\"potentialAction\":[{\"@type\":\"SearchAction\",\"target\":{\"@type\":\"EntryPoint\",\"urlTemplate\":\"https:\/\/www.promotienda.es\/en\/?s={search_term_string}\"},\"query-input\":\"required name=search_term_string\"}],\"inLanguage\":\"pt-PT\"}]}<\/script>\n<!-- \/ Yoast SEO plugin. -->","yoast_head_json":{"title":"Leitor multim\u00e9dia interactivo com Wi-Fi e 3G - Promotienda","robots":{"index":"index","follow":"follow","max-snippet":"max-snippet:-1","max-image-preview":"max-image-preview:large","max-video-preview":"max-video-preview:-1"},"canonical":"https:\/\/www.promotienda.es\/pt-pt\/telas-de-publicidade\/players-de-midia\/leitor-multimedia-interactivo-com-wi-fi-e-3g\/","og_locale":"pt_PT","og_type":"article","og_title":"Leitor multim\u00e9dia interactivo com Wi-Fi e 3G - Promotienda","og_description":"[vc_row][vc_column width=&#8221;1\/2&#8243;][vc_column_text]JARVIS Android Box oferece v\u00e1rias vantagens: A) sistema operacional Android, que suporta uma grande quantidade de aplica\u00e7\u00f5es que permitem a flexibilidade. b) \u00e9 projetado para uso comercial e permite que voc\u00ea jogue aplica\u00e7\u00f5es, imagens, v\u00eddeos e outros tipos de conte\u00fado interativo em qualquer tela em 1080p Full HD. O hardware est\u00e1 pronto para uso&hellip;","og_url":"https:\/\/www.promotienda.es\/pt-pt\/telas-de-publicidade\/players-de-midia\/leitor-multimedia-interactivo-com-wi-fi-e-3g\/","og_site_name":"Promotienda","article_modified_time":"2019-05-29T11:36:04+00:00","twitter_card":"summary_large_image","twitter_misc":{"Tempo estimado de leitura":"2 minutos"},"schema":{"@context":"https:\/\/schema.org","@graph":[{"@type":"WebPage","@id":"https:\/\/www.promotienda.es\/pt-pt\/telas-de-publicidade\/players-de-midia\/leitor-multimedia-interactivo-com-wi-fi-e-3g\/","url":"https:\/\/www.promotienda.es\/pt-pt\/telas-de-publicidade\/players-de-midia\/leitor-multimedia-interactivo-com-wi-fi-e-3g\/","name":"Leitor multim\u00e9dia interactivo com Wi-Fi e 3G - Promotienda","isPartOf":{"@id":"https:\/\/www.promotienda.es\/en\/#website"},"datePublished":"2019-05-29T11:35:31+00:00","dateModified":"2019-05-29T11:36:04+00:00","breadcrumb":{"@id":"https:\/\/www.promotienda.es\/pt-pt\/telas-de-publicidade\/players-de-midia\/leitor-multimedia-interactivo-com-wi-fi-e-3g\/#breadcrumb"},"inLanguage":"pt-PT","potentialAction":[{"@type":"ReadAction","target":["https:\/\/www.promotienda.es\/pt-pt\/telas-de-publicidade\/players-de-midia\/leitor-multimedia-interactivo-com-wi-fi-e-3g\/"]}]},{"@type":"BreadcrumbList","@id":"https:\/\/www.promotienda.es\/pt-pt\/telas-de-publicidade\/players-de-midia\/leitor-multimedia-interactivo-com-wi-fi-e-3g\/#breadcrumb","itemListElement":[{"@type":"ListItem","position":1,"name":"Portada","item":"https:\/\/www.promotienda.es\/pt-pt\/"},{"@type":"ListItem","position":2,"name":"Telas de publicidade","item":"https:\/\/www.promotienda.es\/pt-pt\/telas-de-publicidade\/"},{"@type":"ListItem","position":3,"name":"Players de m\u00eddia","item":"https:\/\/www.promotienda.es\/pt-pt\/telas-de-publicidade\/players-de-midia\/"},{"@type":"ListItem","position":4,"name":"Leitor multim\u00e9dia interactivo com Wi-Fi e 3G"}]},{"@type":"WebSite","@id":"https:\/\/www.promotienda.es\/en\/#website","url":"https:\/\/www.promotienda.es\/en\/","name":"Promotienda","description":"","potentialAction":[{"@type":"SearchAction","target":{"@type":"EntryPoint","urlTemplate":"https:\/\/www.promotienda.es\/en\/?s={search_term_string}"},"query-input":"required name=search_term_string"}],"inLanguage":"pt-PT"}]}},"_links":{"self":[{"href":"https:\/\/www.promotienda.es\/pt-pt\/wp-json\/wp\/v2\/pages\/7114"}],"collection":[{"href":"https:\/\/www.promotienda.es\/pt-pt\/wp-json\/wp\/v2\/pages"}],"about":[{"href":"https:\/\/www.promotienda.es\/pt-pt\/wp-json\/wp\/v2\/types\/page"}],"author":[{"embeddable":true,"href":"https:\/\/www.promotienda.es\/pt-pt\/wp-json\/wp\/v2\/users\/1"}],"replies":[{"embeddable":true,"href":"https:\/\/www.promotienda.es\/pt-pt\/wp-json\/wp\/v2\/comments?post=7114"}],"version-history":[{"count":2,"href":"https:\/\/www.promotienda.es\/pt-pt\/wp-json\/wp\/v2\/pages\/7114\/revisions"}],"predecessor-version":[{"id":7171,"href":"https:\/\/www.promotienda.es\/pt-pt\/wp-json\/wp\/v2\/pages\/7114\/revisions\/7171"}],"up":[{"embeddable":true,"href":"https:\/\/www.promotienda.es\/pt-pt\/wp-json\/wp\/v2\/pages\/7082"}],"wp:attachment":[{"href":"https:\/\/www.promotienda.es\/pt-pt\/wp-json\/wp\/v2\/media?parent=7114"}],"curies":[{"name":"wp","href":"https:\/\/api.w.org\/{rel}","templated":true}]}}