{"id":7120,"date":"2019-05-29T13:35:36","date_gmt":"2019-05-29T11:35:36","guid":{"rendered":"https:\/\/www.promotienda.es\/telas-de-publicidade\/players-de-midia\/android-media-player\/"},"modified":"2019-05-29T13:36:05","modified_gmt":"2019-05-29T11:36:05","slug":"android-media-player","status":"publish","type":"page","link":"https:\/\/www.promotienda.es\/pt-pt\/telas-de-publicidade\/players-de-midia\/android-media-player\/","title":{"rendered":"Android Media Player"},"content":{"rendered":"<section class=\"wpb-content-wrapper\"><p>[vc_row][vc_column width=&#8221;1\/2&#8243;][vc_column_text]O Android Media Player tem suporte para telas sens\u00edveis ao toque e redes tradicionais de sinaliza\u00e7\u00e3o digital. S\u00f3lido, compacto e leve, este Player inovador oferece uma ampla gama de recursos interativos para aprimorar o engajamento do consumidor.<\/p>\n<p>Este reprodcutor multim\u00eddia permite converter telas sens\u00edveis ao toque de qualquer tamanho em tablets Android totalmente funcionais (o touchscreen deve ter um driver Android para trabalhar). Reproduza o seu conte\u00fado multim\u00e9dia e aplica\u00e7\u00f5es em qualquer ecr\u00e3 e em qualquer lugar em alta defini\u00e7\u00e3o. Conecte-se remotamente e siga seu desempenho, Capture dados e crie an\u00e1lises.[\/vc_column_text][\/vc_column][vc_column width=&#8221;1\/2&#8243;][vc_single_image image=&#8221;7083&#8243; img_size=&#8221;full&#8221; alignment=&#8221;center&#8221;][\/vc_column][\/vc_row][vc_row][vc_column][vc_row_inner][vc_column_inner width=&#8221;1\/3&#8243;][vc_single_image image=&#8221;5985&#8243; img_size=&#8221;full&#8221;][\/vc_column_inner][vc_column_inner width=&#8221;2\/3&#8243;][vc_column_text]<\/p>\n<h3>Uso comercial<\/h3>\n<p>O hardware e o software do Android Media Player s\u00e3o projetados especificamente para uso comercial, permitindo que voc\u00ea reproduza v\u00eddeos, imagens, aplicativos e outros conte\u00fados interativos em qualquer tamanho de tela em 1080p Full HD. S\u00f3lido e leve, o hardware foi otimizado para suportar o uso continuado em ambientes comerciais.[\/vc_column_text][\/vc_column_inner][\/vc_row_inner][vc_row_inner][vc_column_inner width=&#8221;1\/3&#8243;][vc_single_image image=&#8221;6013&#8243; img_size=&#8221;full&#8221;][\/vc_column_inner][vc_column_inner width=&#8221;2\/3&#8243;][vc_column_text]<\/p>\n<h3>Hardware poderoso e design inteligente<\/h3>\n<p>O chip do Android Media Player tem um design inteligente, pronto para o poder de dois ou quatro processadores de n\u00facleo. Voc\u00ea tem a flexibilidade de personaliz\u00e1-lo para que ele atenda \u00e0s suas necessidades de conte\u00fado \u2014 sejam elas opera\u00e7\u00f5es padr\u00e3o, ou imagens complexas e de alta resolu\u00e7\u00e3o. O Android Media Player pode lidar com tudo.[\/vc_column_text][\/vc_column_inner][\/vc_row_inner][vc_row_inner][vc_column_inner width=&#8221;1\/3&#8243;][vc_single_image image=&#8221;5977&#8243; img_size=&#8221;full&#8221;][\/vc_column_inner][vc_column_inner width=&#8221;2\/3&#8243;][vc_column_text]<\/p>\n<h3>Apronte para sinais digitais<\/h3>\n<p>O Android Media Player est\u00e1 equipado com Wi-Fi embutido e conex\u00e3o 3G ou 4G LTE opcional (dependendo da disponibilidade). Isso permite o gerenciamento de conte\u00fado remoto em diferentes dispositivos. Al\u00e9m disso, o Media Player pode se conectar a uma rede LAN\/Ethernet.[\/vc_column_text][\/vc_column_inner][\/vc_row_inner][vc_row_inner][vc_column_inner width=&#8221;1\/3&#8243;][\/vc_column_inner][vc_column_inner width=&#8221;2\/3&#8243;][vc_column_text]<\/p>\n<h3>Alimentado por Pulse<\/h3>\n<p>Hardware integrado e software otimizado para uso comercial. Com recursos como Auto-Power, auto-play, prote\u00e7\u00e3o por senha, data Analytics e compat\u00edvel com uma ampla gama de solu\u00e7\u00f5es padr\u00e3o da ind\u00fastria.<br \/>\n&#8220;Pulse Technology&#8221; torna o Android Media Player a \u00fanica solu\u00e7\u00e3o que satisfaz todas as suas necessidades de neg\u00f3cios.[\/vc_column_text][\/vc_column_inner][\/vc_row_inner][vc_row_inner][vc_column_inner width=&#8221;1\/3&#8243;][vc_single_image image=&#8221;5989&#8243; img_size=&#8221;full&#8221;][\/vc_column_inner][vc_column_inner width=&#8221;2\/3&#8243;][vc_column_text]<\/p>\n<h3>Sistema operacional Android<\/h3>\n<p>Desenvolvido com o sistema operacional Android, este reprodutor de m\u00eddia pode reproduzir uma grande variedade de aplica\u00e7\u00f5es para refor\u00e7ar as mensagens de marketing e promo\u00e7\u00f5es.[\/vc_column_text][\/vc_column_inner][\/vc_row_inner][vc_row_inner][vc_column_inner width=&#8221;1\/3&#8243;][vc_single_image image=&#8221;6001&#8243; img_size=&#8221;full&#8221;][\/vc_column_inner][vc_column_inner width=&#8221;2\/3&#8243;][vc_column_text]<\/p>\n<h3>Sempre conectado<\/h3>\n<p>O Android Media Player est\u00e1 equipado com built-in Wi-Fi e opcional 3G ou 4G LTE funcionalidade (onde a conex\u00e3o 4G est\u00e1 dispon\u00edvel). Isso permite que voc\u00ea use o conte\u00fado remoto em v\u00e1rios dispositivos. Ele tamb\u00e9m tem a capacidade de se conectar a uma conex\u00e3o LAN\/Ethernet.[\/vc_column_text][\/vc_column_inner][\/vc_row_inner][vc_row_inner][vc_column_inner width=&#8221;1\/3&#8243;][vc_single_image image=&#8221;1287&#8243; img_size=&#8221;full&#8221;][\/vc_column_inner][vc_column_inner width=&#8221;2\/3&#8243;][vc_column_text]<\/p>\n<h3>Fa\u00e7a o seu touchscreen um Tablet gigante<\/h3>\n<p>O Android Media Player pode suportar telas sens\u00edveis ao toque de qualquer tamanho, fazendo em tablets Android em grande escala. Imagine as possibilidades! Voc\u00ea pode criar uma tela enorme com conte\u00fado interativo que ir\u00e1 excitar e excitar seus clientes. * (Tela sens\u00edvel ao toque deve ter um driver Android instalado para se tornar um tablet totalmente funcional. Por favor, consulte-nos para mais informa\u00e7\u00f5es.)[\/vc_column_text][\/vc_column_inner][\/vc_row_inner][vc_row_inner][vc_column_inner width=&#8221;1\/3&#8243;][vc_single_image image=&#8221;6145&#8243; img_size=&#8221;full&#8221;][\/vc_column_inner][vc_column_inner width=&#8221;2\/3&#8243;][vc_column_text]<\/p>\n<h3>Conex\u00e3o de hardware externa simples<\/h3>\n<p>O Player Multimeida Android d\u00e1 a voc\u00ea a flexibilidade de conectar hardware externo como um scanner de c\u00f3digo de barras, uma impressora ou telas sens\u00edveis ao toque compat\u00edveis com Android para criar sua pr\u00f3pria experi\u00eancia interativa. Conecte um mouse externo ao reprodutor de m\u00eddia e conclua a experi\u00eancia digital com bot\u00f5es de press\u00e3o e um sensor de movimento.[\/vc_column_text][\/vc_column_inner][\/vc_row_inner][vc_row_inner][vc_column_inner width=&#8221;1\/3&#8243;][vc_single_image image=&#8221;6303&#8243; img_size=&#8221;full&#8221;][\/vc_column_inner][vc_column_inner width=&#8221;2\/3&#8243;][vc_column_text]<\/p>\n<h3>Mantenha seu conte\u00fado seguro<\/h3>\n<p>Seu conte\u00fado \u00e9 seguro e protegido por uma senha. Somente voc\u00ea, ou quem lhe permitiu acesso, pode alterar o conte\u00fado e atualizar as configura\u00e7\u00f5es sempre que quiser.[\/vc_column_text][\/vc_column_inner][\/vc_row_inner][vc_row_inner][vc_column_inner width=&#8221;1\/3&#8243;][vc_single_image image=&#8221;5917&#8243; img_size=&#8221;full&#8221;][\/vc_column_inner][vc_column_inner width=&#8221;2\/3&#8243;][vc_column_text]<\/p>\n<h3>Aplica\u00e7\u00f5es atraentes para o consumidor<\/h3>\n<p>Uma riqueza de aplica\u00e7\u00f5es atraentes, divertidas e educacionais para o consumidor pode ser usada para proporcionar uma experi\u00eancia de compra enriquecedora e interativa.[\/vc_column_text][\/vc_column_inner][\/vc_row_inner][\/vc_column][\/vc_row]<\/p>\n<\/section>","protected":false},"excerpt":{"rendered":"<p>[vc_row][vc_column width=&#8221;1\/2&#8243;][vc_column_text]O Android Media Player tem suporte para telas sens\u00edveis ao toque e redes tradicionais de sinaliza\u00e7\u00e3o digital. S\u00f3lido, compacto e leve, este Player inovador oferece uma ampla gama de recursos interativos para aprimorar o engajamento do consumidor. Este reprodcutor multim\u00eddia permite converter telas sens\u00edveis ao toque de qualquer tamanho em tablets Android totalmente funcionais&hellip;<\/p>\n","protected":false},"author":1,"featured_media":0,"parent":7082,"menu_order":3,"comment_status":"closed","ping_status":"closed","template":"","meta":{"ngg_post_thumbnail":0},"yoast_head":"<!-- This site is optimized with the Yoast SEO plugin v20.3 - https:\/\/yoast.com\/wordpress\/plugins\/seo\/ -->\n<title>Android Media Player - Promotienda<\/title>\n<meta name=\"robots\" content=\"index, follow, max-snippet:-1, max-image-preview:large, max-video-preview:-1\" \/>\n<link rel=\"canonical\" href=\"https:\/\/www.promotienda.es\/pt-pt\/telas-de-publicidade\/players-de-midia\/android-media-player\/\" \/>\n<meta property=\"og:locale\" content=\"pt_PT\" \/>\n<meta property=\"og:type\" content=\"article\" \/>\n<meta property=\"og:title\" content=\"Android Media Player - Promotienda\" \/>\n<meta property=\"og:description\" content=\"[vc_row][vc_column width=&#8221;1\/2&#8243;][vc_column_text]O Android Media Player tem suporte para telas sens\u00edveis ao toque e redes tradicionais de sinaliza\u00e7\u00e3o digital. S\u00f3lido, compacto e leve, este Player inovador oferece uma ampla gama de recursos interativos para aprimorar o engajamento do consumidor. Este reprodcutor multim\u00eddia permite converter telas sens\u00edveis ao toque de qualquer tamanho em tablets Android totalmente funcionais&hellip;\" \/>\n<meta property=\"og:url\" content=\"https:\/\/www.promotienda.es\/pt-pt\/telas-de-publicidade\/players-de-midia\/android-media-player\/\" \/>\n<meta property=\"og:site_name\" content=\"Promotienda\" \/>\n<meta property=\"article:modified_time\" content=\"2019-05-29T11:36:05+00:00\" \/>\n<meta name=\"twitter:card\" content=\"summary_large_image\" \/>\n<meta name=\"twitter:label1\" content=\"Tempo estimado de leitura\" \/>\n\t<meta name=\"twitter:data1\" content=\"5 minutos\" \/>\n<script type=\"application\/ld+json\" class=\"yoast-schema-graph\">{\"@context\":\"https:\/\/schema.org\",\"@graph\":[{\"@type\":\"WebPage\",\"@id\":\"https:\/\/www.promotienda.es\/pt-pt\/telas-de-publicidade\/players-de-midia\/android-media-player\/\",\"url\":\"https:\/\/www.promotienda.es\/pt-pt\/telas-de-publicidade\/players-de-midia\/android-media-player\/\",\"name\":\"Android Media Player - Promotienda\",\"isPartOf\":{\"@id\":\"https:\/\/www.promotienda.es\/en\/#website\"},\"datePublished\":\"2019-05-29T11:35:36+00:00\",\"dateModified\":\"2019-05-29T11:36:05+00:00\",\"breadcrumb\":{\"@id\":\"https:\/\/www.promotienda.es\/pt-pt\/telas-de-publicidade\/players-de-midia\/android-media-player\/#breadcrumb\"},\"inLanguage\":\"pt-PT\",\"potentialAction\":[{\"@type\":\"ReadAction\",\"target\":[\"https:\/\/www.promotienda.es\/pt-pt\/telas-de-publicidade\/players-de-midia\/android-media-player\/\"]}]},{\"@type\":\"BreadcrumbList\",\"@id\":\"https:\/\/www.promotienda.es\/pt-pt\/telas-de-publicidade\/players-de-midia\/android-media-player\/#breadcrumb\",\"itemListElement\":[{\"@type\":\"ListItem\",\"position\":1,\"name\":\"Portada\",\"item\":\"https:\/\/www.promotienda.es\/pt-pt\/\"},{\"@type\":\"ListItem\",\"position\":2,\"name\":\"Telas de publicidade\",\"item\":\"https:\/\/www.promotienda.es\/pt-pt\/telas-de-publicidade\/\"},{\"@type\":\"ListItem\",\"position\":3,\"name\":\"Players de m\u00eddia\",\"item\":\"https:\/\/www.promotienda.es\/pt-pt\/telas-de-publicidade\/players-de-midia\/\"},{\"@type\":\"ListItem\",\"position\":4,\"name\":\"Android Media Player\"}]},{\"@type\":\"WebSite\",\"@id\":\"https:\/\/www.promotienda.es\/en\/#website\",\"url\":\"https:\/\/www.promotienda.es\/en\/\",\"name\":\"Promotienda\",\"description\":\"\",\"potentialAction\":[{\"@type\":\"SearchAction\",\"target\":{\"@type\":\"EntryPoint\",\"urlTemplate\":\"https:\/\/www.promotienda.es\/en\/?s={search_term_string}\"},\"query-input\":\"required name=search_term_string\"}],\"inLanguage\":\"pt-PT\"}]}<\/script>\n<!-- \/ Yoast SEO plugin. -->","yoast_head_json":{"title":"Android Media Player - Promotienda","robots":{"index":"index","follow":"follow","max-snippet":"max-snippet:-1","max-image-preview":"max-image-preview:large","max-video-preview":"max-video-preview:-1"},"canonical":"https:\/\/www.promotienda.es\/pt-pt\/telas-de-publicidade\/players-de-midia\/android-media-player\/","og_locale":"pt_PT","og_type":"article","og_title":"Android Media Player - Promotienda","og_description":"[vc_row][vc_column width=&#8221;1\/2&#8243;][vc_column_text]O Android Media Player tem suporte para telas sens\u00edveis ao toque e redes tradicionais de sinaliza\u00e7\u00e3o digital. S\u00f3lido, compacto e leve, este Player inovador oferece uma ampla gama de recursos interativos para aprimorar o engajamento do consumidor. Este reprodcutor multim\u00eddia permite converter telas sens\u00edveis ao toque de qualquer tamanho em tablets Android totalmente funcionais&hellip;","og_url":"https:\/\/www.promotienda.es\/pt-pt\/telas-de-publicidade\/players-de-midia\/android-media-player\/","og_site_name":"Promotienda","article_modified_time":"2019-05-29T11:36:05+00:00","twitter_card":"summary_large_image","twitter_misc":{"Tempo estimado de leitura":"5 minutos"},"schema":{"@context":"https:\/\/schema.org","@graph":[{"@type":"WebPage","@id":"https:\/\/www.promotienda.es\/pt-pt\/telas-de-publicidade\/players-de-midia\/android-media-player\/","url":"https:\/\/www.promotienda.es\/pt-pt\/telas-de-publicidade\/players-de-midia\/android-media-player\/","name":"Android Media Player - Promotienda","isPartOf":{"@id":"https:\/\/www.promotienda.es\/en\/#website"},"datePublished":"2019-05-29T11:35:36+00:00","dateModified":"2019-05-29T11:36:05+00:00","breadcrumb":{"@id":"https:\/\/www.promotienda.es\/pt-pt\/telas-de-publicidade\/players-de-midia\/android-media-player\/#breadcrumb"},"inLanguage":"pt-PT","potentialAction":[{"@type":"ReadAction","target":["https:\/\/www.promotienda.es\/pt-pt\/telas-de-publicidade\/players-de-midia\/android-media-player\/"]}]},{"@type":"BreadcrumbList","@id":"https:\/\/www.promotienda.es\/pt-pt\/telas-de-publicidade\/players-de-midia\/android-media-player\/#breadcrumb","itemListElement":[{"@type":"ListItem","position":1,"name":"Portada","item":"https:\/\/www.promotienda.es\/pt-pt\/"},{"@type":"ListItem","position":2,"name":"Telas de publicidade","item":"https:\/\/www.promotienda.es\/pt-pt\/telas-de-publicidade\/"},{"@type":"ListItem","position":3,"name":"Players de m\u00eddia","item":"https:\/\/www.promotienda.es\/pt-pt\/telas-de-publicidade\/players-de-midia\/"},{"@type":"ListItem","position":4,"name":"Android Media Player"}]},{"@type":"WebSite","@id":"https:\/\/www.promotienda.es\/en\/#website","url":"https:\/\/www.promotienda.es\/en\/","name":"Promotienda","description":"","potentialAction":[{"@type":"SearchAction","target":{"@type":"EntryPoint","urlTemplate":"https:\/\/www.promotienda.es\/en\/?s={search_term_string}"},"query-input":"required name=search_term_string"}],"inLanguage":"pt-PT"}]}},"_links":{"self":[{"href":"https:\/\/www.promotienda.es\/pt-pt\/wp-json\/wp\/v2\/pages\/7120"}],"collection":[{"href":"https:\/\/www.promotienda.es\/pt-pt\/wp-json\/wp\/v2\/pages"}],"about":[{"href":"https:\/\/www.promotienda.es\/pt-pt\/wp-json\/wp\/v2\/types\/page"}],"author":[{"embeddable":true,"href":"https:\/\/www.promotienda.es\/pt-pt\/wp-json\/wp\/v2\/users\/1"}],"replies":[{"embeddable":true,"href":"https:\/\/www.promotienda.es\/pt-pt\/wp-json\/wp\/v2\/comments?post=7120"}],"version-history":[{"count":2,"href":"https:\/\/www.promotienda.es\/pt-pt\/wp-json\/wp\/v2\/pages\/7120\/revisions"}],"predecessor-version":[{"id":7172,"href":"https:\/\/www.promotienda.es\/pt-pt\/wp-json\/wp\/v2\/pages\/7120\/revisions\/7172"}],"up":[{"embeddable":true,"href":"https:\/\/www.promotienda.es\/pt-pt\/wp-json\/wp\/v2\/pages\/7082"}],"wp:attachment":[{"href":"https:\/\/www.promotienda.es\/pt-pt\/wp-json\/wp\/v2\/media?parent=7120"}],"curies":[{"name":"wp","href":"https:\/\/api.w.org\/{rel}","templated":true}]}}