{"id":7122,"date":"2019-05-29T13:35:41","date_gmt":"2019-05-29T11:35:41","guid":{"rendered":"https:\/\/www.promotienda.es\/tablets-android\/"},"modified":"2023-03-22T12:46:16","modified_gmt":"2023-03-22T10:46:16","slug":"tablets-android","status":"publish","type":"page","link":"https:\/\/www.promotienda.es\/pt-pt\/tablets-android\/","title":{"rendered":"Tablets Android"},"content":{"rendered":"<section class=\"wpb-content-wrapper\"><p>[vc_row][vc_column][vc_column_text]Estudos t\u00eam demonstrado que at\u00e9 76 de decis\u00f5es de compra s\u00e3o feitas no momento da compra no ponto de venda.<\/p>\n<p>Com tablets Android, voc\u00ea pode alcan\u00e7ar seus clientes e torn\u00e1-los interagir com sua marca de forma atraente, oferecendo mais informa\u00e7\u00f5es sobre seus produtos. \u00c9 necess\u00e1rio que o produto persuadece, a vida de cobre, que oferece algo mais e move o consumidor para atuar, convencer e estimulou a compra.<\/p>\n<p>Feitos a partir de materiais dur\u00e1veis e constru\u00eddos especificamente para uso comercial, tablets Android foram desenvolvidos para resolver problemas em ambientes comerciais com tablets de consumo, porque eles n\u00e3o s\u00e3o projetados para uso pr\u00f3prio e Continuou.[\/vc_column_text][\/vc_column][\/vc_row][vc_row][vc_column][vc_column_text]<\/p>\n<h2>Nebula Kiosk Tablet<\/h2>\n<p>[\/vc_column_text][vc_single_image image=&#8221;10722&#8243; img_size=&#8221;full&#8221; alignment=&#8221;center&#8221; onclick=&#8221;custom_link&#8221; css_animation=&#8221;fadeIn&#8221; lazy_loading=&#8221;true&#8221; link=&#8221;https:\/\/www.promotienda.es\/pt-pt\/tablets-android\/nebula-kiosk-tablet\/&#8221;][vc_btn title=&#8221;Mais informa\u00e7\u00f5es&#8221; style=&#8221;outline&#8221; shape=&#8221;square&#8221; color=&#8221;primary&#8221; align=&#8221;center&#8221; i_icon_fontawesome=&#8221;fa fa-plus&#8221; add_icon=&#8221;true&#8221; smooth_scroll=&#8221;true&#8221; link=&#8221;url:https%3A%2F%2Fwww.promotienda.es%2Fpt-pt%2Ftablets-android%2Fnebula-kiosk-tablet%2F|title:Tablets%20Android%203G%2F4G||&#8221;][\/vc_column][\/vc_row]<\/p>\n<\/section>","protected":false},"excerpt":{"rendered":"<p>[vc_row][vc_column][vc_column_text]Estudos t\u00eam demonstrado que at\u00e9 76 de decis\u00f5es de compra s\u00e3o feitas no momento da compra no ponto de venda. Com tablets Android, voc\u00ea pode alcan\u00e7ar seus clientes e torn\u00e1-los interagir com sua marca de forma atraente, oferecendo mais informa\u00e7\u00f5es sobre seus produtos. \u00c9 necess\u00e1rio que o produto persuadece, a vida de cobre, que oferece&hellip;<\/p>\n","protected":false},"author":1,"featured_media":0,"parent":0,"menu_order":3,"comment_status":"closed","ping_status":"closed","template":"","meta":{"ngg_post_thumbnail":0},"yoast_head":"<!-- This site is optimized with the Yoast SEO plugin v20.3 - https:\/\/yoast.com\/wordpress\/plugins\/seo\/ -->\n<title>Tablets Android: publicidade interativa, publicidade din\u00e2mica - Promotienda<\/title>\n<meta name=\"description\" content=\"Com tablets Android seus clientes ir\u00e3o interagir com a sua marca de uma forma atraente. Nossos tablets Android ir\u00e3o ajud\u00e1-lo a estimular a compra.\" \/>\n<meta name=\"robots\" content=\"index, follow, max-snippet:-1, max-image-preview:large, max-video-preview:-1\" \/>\n<link rel=\"canonical\" href=\"https:\/\/www.promotienda.es\/pt-pt\/tablets-android\/\" \/>\n<meta property=\"og:locale\" content=\"pt_PT\" \/>\n<meta property=\"og:type\" content=\"article\" \/>\n<meta property=\"og:title\" content=\"Tablets Android: publicidade interativa, publicidade din\u00e2mica - Promotienda\" \/>\n<meta property=\"og:description\" content=\"Com tablets Android seus clientes ir\u00e3o interagir com a sua marca de uma forma atraente. Nossos tablets Android ir\u00e3o ajud\u00e1-lo a estimular a compra.\" \/>\n<meta property=\"og:url\" content=\"https:\/\/www.promotienda.es\/pt-pt\/tablets-android\/\" \/>\n<meta property=\"og:site_name\" content=\"Promotienda\" \/>\n<meta property=\"article:modified_time\" content=\"2023-03-22T10:46:16+00:00\" \/>\n<meta name=\"twitter:card\" content=\"summary_large_image\" \/>\n<meta name=\"twitter:label1\" content=\"Tempo estimado de leitura\" \/>\n\t<meta name=\"twitter:data1\" content=\"1 minuto\" \/>\n<script type=\"application\/ld+json\" class=\"yoast-schema-graph\">{\"@context\":\"https:\/\/schema.org\",\"@graph\":[{\"@type\":\"WebPage\",\"@id\":\"https:\/\/www.promotienda.es\/pt-pt\/tablets-android\/\",\"url\":\"https:\/\/www.promotienda.es\/pt-pt\/tablets-android\/\",\"name\":\"Tablets Android: publicidade interativa, publicidade din\u00e2mica - Promotienda\",\"isPartOf\":{\"@id\":\"https:\/\/www.promotienda.es\/en\/#website\"},\"datePublished\":\"2019-05-29T11:35:41+00:00\",\"dateModified\":\"2023-03-22T10:46:16+00:00\",\"description\":\"Com tablets Android seus clientes ir\u00e3o interagir com a sua marca de uma forma atraente. Nossos tablets Android ir\u00e3o ajud\u00e1-lo a estimular a compra.\",\"breadcrumb\":{\"@id\":\"https:\/\/www.promotienda.es\/pt-pt\/tablets-android\/#breadcrumb\"},\"inLanguage\":\"pt-PT\",\"potentialAction\":[{\"@type\":\"ReadAction\",\"target\":[\"https:\/\/www.promotienda.es\/pt-pt\/tablets-android\/\"]}]},{\"@type\":\"BreadcrumbList\",\"@id\":\"https:\/\/www.promotienda.es\/pt-pt\/tablets-android\/#breadcrumb\",\"itemListElement\":[{\"@type\":\"ListItem\",\"position\":1,\"name\":\"Portada\",\"item\":\"https:\/\/www.promotienda.es\/pt-pt\/\"},{\"@type\":\"ListItem\",\"position\":2,\"name\":\"Tablets Android\"}]},{\"@type\":\"WebSite\",\"@id\":\"https:\/\/www.promotienda.es\/en\/#website\",\"url\":\"https:\/\/www.promotienda.es\/en\/\",\"name\":\"Promotienda\",\"description\":\"\",\"potentialAction\":[{\"@type\":\"SearchAction\",\"target\":{\"@type\":\"EntryPoint\",\"urlTemplate\":\"https:\/\/www.promotienda.es\/en\/?s={search_term_string}\"},\"query-input\":\"required name=search_term_string\"}],\"inLanguage\":\"pt-PT\"}]}<\/script>\n<!-- \/ Yoast SEO plugin. -->","yoast_head_json":{"title":"Tablets Android: publicidade interativa, publicidade din\u00e2mica - Promotienda","description":"Com tablets Android seus clientes ir\u00e3o interagir com a sua marca de uma forma atraente. Nossos tablets Android ir\u00e3o ajud\u00e1-lo a estimular a compra.","robots":{"index":"index","follow":"follow","max-snippet":"max-snippet:-1","max-image-preview":"max-image-preview:large","max-video-preview":"max-video-preview:-1"},"canonical":"https:\/\/www.promotienda.es\/pt-pt\/tablets-android\/","og_locale":"pt_PT","og_type":"article","og_title":"Tablets Android: publicidade interativa, publicidade din\u00e2mica - Promotienda","og_description":"Com tablets Android seus clientes ir\u00e3o interagir com a sua marca de uma forma atraente. Nossos tablets Android ir\u00e3o ajud\u00e1-lo a estimular a compra.","og_url":"https:\/\/www.promotienda.es\/pt-pt\/tablets-android\/","og_site_name":"Promotienda","article_modified_time":"2023-03-22T10:46:16+00:00","twitter_card":"summary_large_image","twitter_misc":{"Tempo estimado de leitura":"1 minuto"},"schema":{"@context":"https:\/\/schema.org","@graph":[{"@type":"WebPage","@id":"https:\/\/www.promotienda.es\/pt-pt\/tablets-android\/","url":"https:\/\/www.promotienda.es\/pt-pt\/tablets-android\/","name":"Tablets Android: publicidade interativa, publicidade din\u00e2mica - Promotienda","isPartOf":{"@id":"https:\/\/www.promotienda.es\/en\/#website"},"datePublished":"2019-05-29T11:35:41+00:00","dateModified":"2023-03-22T10:46:16+00:00","description":"Com tablets Android seus clientes ir\u00e3o interagir com a sua marca de uma forma atraente. Nossos tablets Android ir\u00e3o ajud\u00e1-lo a estimular a compra.","breadcrumb":{"@id":"https:\/\/www.promotienda.es\/pt-pt\/tablets-android\/#breadcrumb"},"inLanguage":"pt-PT","potentialAction":[{"@type":"ReadAction","target":["https:\/\/www.promotienda.es\/pt-pt\/tablets-android\/"]}]},{"@type":"BreadcrumbList","@id":"https:\/\/www.promotienda.es\/pt-pt\/tablets-android\/#breadcrumb","itemListElement":[{"@type":"ListItem","position":1,"name":"Portada","item":"https:\/\/www.promotienda.es\/pt-pt\/"},{"@type":"ListItem","position":2,"name":"Tablets Android"}]},{"@type":"WebSite","@id":"https:\/\/www.promotienda.es\/en\/#website","url":"https:\/\/www.promotienda.es\/en\/","name":"Promotienda","description":"","potentialAction":[{"@type":"SearchAction","target":{"@type":"EntryPoint","urlTemplate":"https:\/\/www.promotienda.es\/en\/?s={search_term_string}"},"query-input":"required name=search_term_string"}],"inLanguage":"pt-PT"}]}},"_links":{"self":[{"href":"https:\/\/www.promotienda.es\/pt-pt\/wp-json\/wp\/v2\/pages\/7122"}],"collection":[{"href":"https:\/\/www.promotienda.es\/pt-pt\/wp-json\/wp\/v2\/pages"}],"about":[{"href":"https:\/\/www.promotienda.es\/pt-pt\/wp-json\/wp\/v2\/types\/page"}],"author":[{"embeddable":true,"href":"https:\/\/www.promotienda.es\/pt-pt\/wp-json\/wp\/v2\/users\/1"}],"replies":[{"embeddable":true,"href":"https:\/\/www.promotienda.es\/pt-pt\/wp-json\/wp\/v2\/comments?post=7122"}],"version-history":[{"count":6,"href":"https:\/\/www.promotienda.es\/pt-pt\/wp-json\/wp\/v2\/pages\/7122\/revisions"}],"predecessor-version":[{"id":11216,"href":"https:\/\/www.promotienda.es\/pt-pt\/wp-json\/wp\/v2\/pages\/7122\/revisions\/11216"}],"wp:attachment":[{"href":"https:\/\/www.promotienda.es\/pt-pt\/wp-json\/wp\/v2\/media?parent=7122"}],"curies":[{"name":"wp","href":"https:\/\/api.w.org\/{rel}","templated":true}]}}