{"id":7421,"date":"2019-05-29T18:02:55","date_gmt":"2019-05-29T16:02:55","guid":{"rendered":"https:\/\/www.promotienda.es\/acessorios-de-tela\/fix016-montagem-da-placa\/"},"modified":"2019-05-29T18:03:14","modified_gmt":"2019-05-29T16:03:14","slug":"fix016-montagem-da-placa","status":"publish","type":"page","link":"https:\/\/www.promotienda.es\/pt-pt\/acessorios-de-tela\/fix016-montagem-da-placa\/","title":{"rendered":"FIX016 montagem da placa"},"content":{"rendered":"<section class=\"wpb-content-wrapper\"><p>[vc_row][vc_column][vc_row_inner][vc_column_inner][vc_single_image image=&#8221;7293&#8243; img_size=&#8221;full&#8221; alignment=&#8221;center&#8221;][\/vc_column_inner][\/vc_row_inner][vc_btn title=&#8221;Descarregar PDF&#8221; style=&#8221;flat&#8221; shape=&#8221;square&#8221; color=&#8221;primary&#8221; align=&#8221;center&#8221; i_icon_fontawesome=&#8221;fa fa-download&#8221; add_icon=&#8221;true&#8221; link=&#8221;url:https%3A%2F%2Fwww.promotienda.es%2Fpdf%2Ffix016.pdf|target:%20_blank|&#8221;][\/vc_column][\/vc_row][vc_row][vc_column][vc_tta_tabs style=&#8221;modern&#8221; shape=&#8221;square&#8221; color=&#8221;white&#8221; active_section=&#8221;1&#8243; no_fill_content_area=&#8221;true&#8221;][vc_tta_section title=&#8221;Caracter\u00edsticas&#8221; tab_id=&#8221;1487761552104-9edf1378-d1070527-2a5a1637-9738&#8243;][vc_row_inner][vc_column_inner][vc_single_image image=&#8221;7430&#8243; img_size=&#8221;full&#8221; alignment=&#8221;center&#8221;][vc_single_image image=&#8221;7426&#8243; img_size=&#8221;full&#8221; alignment=&#8221;center&#8221;][vc_single_image image=&#8221;7422&#8243; img_size=&#8221;full&#8221; alignment=&#8221;center&#8221;][\/vc_column_inner][\/vc_row_inner][\/vc_tta_section][vc_tta_section title=&#8221;Especifica\u00e7\u00f5es t\u00e9cnicas&#8221; tab_id=&#8221;1487761552126-ff627175-e8350527-2a5a1637-9738&#8243;]<div class=\"ult_pricing_table_wrap ult_info_table ult_design_6  ult-cs-blue  \">\n\t\t\t\t\t<div class=\"ult_pricing_table \" style=\" \"><div id=\"Info-table-wrap-5659\" class=\"ult_pricing_heading\" style=\"\">\n\t\t\t\t\t\t\t<h3 class=\"ult-responsive\"  data-ultimate-target='#Info-table-wrap-5659 h3'  data-responsive-json-new='{\"font-size\":\"\",\"line-height\":\"\"}'  style=\"font-weight:normal;\">Modelo FIX016<\/h3><\/div><!--ult_pricing_heading--><div id=\"info_table_features_wrap-9704\"  data-ultimate-target='#info_table_features_wrap-9704.ult_price_features'  data-responsive-json-new='{\"font-size\":\"\",\"line-height\":\"\"}'  class=\"ult-responsive ult_price_features\" style=\"font-weight:normal;\">\n\t\t\t\t\t\t\t<table width=\"100%\">\n<tbody>\n<tr>\n<td width=\"75%\">Onde instalar<\/td>\n<td width=\"45%\">Parede<\/td>\n<\/tr>\n<tr>\n<td width=\"75%\">Aplicativo<\/td>\n<td width=\"45%\">7&#8243;-10,4&#8243;<\/td>\n<\/tr>\n<tr>\n<td>Dimens\u00f5es (mil\u00edmetro)<\/td>\n<td>90x90x240<\/td>\n<\/tr>\n<tr>\n<td>Peso<\/td>\n<td>N\/A<\/td>\n<\/tr>\n<tr>\n<td width=\"75%\">Dimens\u00f5es com empacotamento<\/td>\n<td width=\"45%\">N\/A<\/td>\n<\/tr>\n<tr>\n<td width=\"75%\">Peso com empacotamento<\/td>\n<td width=\"45%\">N\/A<\/td>\n<\/tr>\n<tr>\n<td width=\"75%\">Unidades por caixa<\/td>\n<td width=\"45%\">N\/A<\/td>\n<\/tr>\n<tr>\n<td width=\"75%\">Dimens\u00f5es da caixa<\/td>\n<td width=\"45%\">N\/A<\/td>\n<\/tr>\n<tr>\n<td width=\"75%\">Peso da caixa<\/td>\n<td width=\"45%\">N\/A<\/td>\n<\/tr>\n<tr>\n<td width=\"75%\">VESA<\/td>\n<td width=\"45%\">30&#215;30<\/td>\n<\/tr>\n<\/tbody>\n<\/table>\n\n\t\t\t\t\t\t<\/div><!--ult_price_features--><div class=\"ult_clr\"><\/div>\n\t\t\t<\/div><!--pricing_table-->\n\t\t<\/div><!--pricing_table_wrap-->[\/vc_tta_section][\/vc_tta_tabs][\/vc_column][\/vc_row]<\/p>\n<\/section>","protected":false},"excerpt":{"rendered":"<p>[vc_row][vc_column][vc_row_inner][vc_column_inner][vc_single_image image=&#8221;7293&#8243; img_size=&#8221;full&#8221; alignment=&#8221;center&#8221;][\/vc_column_inner][\/vc_row_inner][vc_btn title=&#8221;Descarregar PDF&#8221; style=&#8221;flat&#8221; shape=&#8221;square&#8221; color=&#8221;primary&#8221; align=&#8221;center&#8221; i_icon_fontawesome=&#8221;fa fa-download&#8221; add_icon=&#8221;true&#8221; link=&#8221;url:https%3A%2F%2Fwww.promotienda.es%2Fpdf%2Ffix016.pdf|target:%20_blank|&#8221;][\/vc_column][\/vc_row][vc_row][vc_column][vc_tta_tabs style=&#8221;modern&#8221; shape=&#8221;square&#8221; color=&#8221;white&#8221; active_section=&#8221;1&#8243; no_fill_content_area=&#8221;true&#8221;][vc_tta_section title=&#8221;Caracter\u00edsticas&#8221; tab_id=&#8221;1487761552104-9edf1378-d1070527-2a5a1637-9738&#8243;][vc_row_inner][vc_column_inner][vc_single_image image=&#8221;7430&#8243; img_size=&#8221;full&#8221; alignment=&#8221;center&#8221;][vc_single_image image=&#8221;7426&#8243; img_size=&#8221;full&#8221; alignment=&#8221;center&#8221;][vc_single_image image=&#8221;7422&#8243; img_size=&#8221;full&#8221; alignment=&#8221;center&#8221;][\/vc_column_inner][\/vc_row_inner][\/vc_tta_section][vc_tta_section title=&#8221;Especifica\u00e7\u00f5es t\u00e9cnicas&#8221; tab_id=&#8221;1487761552126-ff627175-e8350527-2a5a1637-9738&#8243;][\/vc_tta_section][\/vc_tta_tabs][\/vc_column][\/vc_row]<\/p>\n","protected":false},"author":1,"featured_media":0,"parent":7188,"menu_order":9,"comment_status":"closed","ping_status":"closed","template":"","meta":{"ngg_post_thumbnail":0},"yoast_head":"<!-- This site is optimized with the Yoast SEO plugin v20.3 - https:\/\/yoast.com\/wordpress\/plugins\/seo\/ -->\n<title>FIX016 montagem da placa - Promotienda<\/title>\n<meta name=\"robots\" content=\"index, follow, max-snippet:-1, max-image-preview:large, max-video-preview:-1\" \/>\n<link rel=\"canonical\" href=\"https:\/\/www.promotienda.es\/pt-pt\/acessorios-de-tela\/fix016-montagem-da-placa\/\" \/>\n<meta property=\"og:locale\" content=\"pt_PT\" \/>\n<meta property=\"og:type\" content=\"article\" \/>\n<meta property=\"og:title\" content=\"FIX016 montagem da placa - Promotienda\" \/>\n<meta property=\"og:description\" content=\"[vc_row][vc_column][vc_row_inner][vc_column_inner][vc_single_image image=&#8221;7293&#8243; img_size=&#8221;full&#8221; alignment=&#8221;center&#8221;][\/vc_column_inner][\/vc_row_inner][vc_btn title=&#8221;Descarregar PDF&#8221; style=&#8221;flat&#8221; shape=&#8221;square&#8221; color=&#8221;primary&#8221; align=&#8221;center&#8221; i_icon_fontawesome=&#8221;fa fa-download&#8221; add_icon=&#8221;true&#8221; link=&#8221;url:https%3A%2F%2Fwww.promotienda.es%2Fpdf%2Ffix016.pdf|target:%20_blank|&#8221;][\/vc_column][\/vc_row][vc_row][vc_column][vc_tta_tabs style=&#8221;modern&#8221; shape=&#8221;square&#8221; color=&#8221;white&#8221; active_section=&#8221;1&#8243; no_fill_content_area=&#8221;true&#8221;][vc_tta_section title=&#8221;Caracter\u00edsticas&#8221; tab_id=&#8221;1487761552104-9edf1378-d1070527-2a5a1637-9738&#8243;][vc_row_inner][vc_column_inner][vc_single_image image=&#8221;7430&#8243; img_size=&#8221;full&#8221; alignment=&#8221;center&#8221;][vc_single_image image=&#8221;7426&#8243; img_size=&#8221;full&#8221; alignment=&#8221;center&#8221;][vc_single_image image=&#8221;7422&#8243; img_size=&#8221;full&#8221; alignment=&#8221;center&#8221;][\/vc_column_inner][\/vc_row_inner][\/vc_tta_section][vc_tta_section title=&#8221;Especifica\u00e7\u00f5es t\u00e9cnicas&#8221; tab_id=&#8221;1487761552126-ff627175-e8350527-2a5a1637-9738&#8243;][\/vc_tta_section][\/vc_tta_tabs][\/vc_column][\/vc_row]\" \/>\n<meta property=\"og:url\" content=\"https:\/\/www.promotienda.es\/pt-pt\/acessorios-de-tela\/fix016-montagem-da-placa\/\" \/>\n<meta property=\"og:site_name\" content=\"Promotienda\" \/>\n<meta property=\"article:modified_time\" content=\"2019-05-29T16:03:14+00:00\" \/>\n<meta name=\"twitter:card\" content=\"summary_large_image\" \/>\n<meta name=\"twitter:label1\" content=\"Tempo estimado de leitura\" \/>\n\t<meta name=\"twitter:data1\" content=\"1 minuto\" \/>\n<script type=\"application\/ld+json\" class=\"yoast-schema-graph\">{\"@context\":\"https:\/\/schema.org\",\"@graph\":[{\"@type\":\"WebPage\",\"@id\":\"https:\/\/www.promotienda.es\/pt-pt\/acessorios-de-tela\/fix016-montagem-da-placa\/\",\"url\":\"https:\/\/www.promotienda.es\/pt-pt\/acessorios-de-tela\/fix016-montagem-da-placa\/\",\"name\":\"FIX016 montagem da placa - Promotienda\",\"isPartOf\":{\"@id\":\"https:\/\/www.promotienda.es\/en\/#website\"},\"datePublished\":\"2019-05-29T16:02:55+00:00\",\"dateModified\":\"2019-05-29T16:03:14+00:00\",\"breadcrumb\":{\"@id\":\"https:\/\/www.promotienda.es\/pt-pt\/acessorios-de-tela\/fix016-montagem-da-placa\/#breadcrumb\"},\"inLanguage\":\"pt-PT\",\"potentialAction\":[{\"@type\":\"ReadAction\",\"target\":[\"https:\/\/www.promotienda.es\/pt-pt\/acessorios-de-tela\/fix016-montagem-da-placa\/\"]}]},{\"@type\":\"BreadcrumbList\",\"@id\":\"https:\/\/www.promotienda.es\/pt-pt\/acessorios-de-tela\/fix016-montagem-da-placa\/#breadcrumb\",\"itemListElement\":[{\"@type\":\"ListItem\",\"position\":1,\"name\":\"Portada\",\"item\":\"https:\/\/www.promotienda.es\/pt-pt\/\"},{\"@type\":\"ListItem\",\"position\":2,\"name\":\"Acess\u00f3rios de tela\",\"item\":\"https:\/\/www.promotienda.es\/pt-pt\/acessorios-de-tela\/\"},{\"@type\":\"ListItem\",\"position\":3,\"name\":\"FIX016 montagem da placa\"}]},{\"@type\":\"WebSite\",\"@id\":\"https:\/\/www.promotienda.es\/en\/#website\",\"url\":\"https:\/\/www.promotienda.es\/en\/\",\"name\":\"Promotienda\",\"description\":\"\",\"potentialAction\":[{\"@type\":\"SearchAction\",\"target\":{\"@type\":\"EntryPoint\",\"urlTemplate\":\"https:\/\/www.promotienda.es\/en\/?s={search_term_string}\"},\"query-input\":\"required name=search_term_string\"}],\"inLanguage\":\"pt-PT\"}]}<\/script>\n<!-- \/ Yoast SEO plugin. -->","yoast_head_json":{"title":"FIX016 montagem da placa - Promotienda","robots":{"index":"index","follow":"follow","max-snippet":"max-snippet:-1","max-image-preview":"max-image-preview:large","max-video-preview":"max-video-preview:-1"},"canonical":"https:\/\/www.promotienda.es\/pt-pt\/acessorios-de-tela\/fix016-montagem-da-placa\/","og_locale":"pt_PT","og_type":"article","og_title":"FIX016 montagem da placa - Promotienda","og_description":"[vc_row][vc_column][vc_row_inner][vc_column_inner][vc_single_image image=&#8221;7293&#8243; img_size=&#8221;full&#8221; alignment=&#8221;center&#8221;][\/vc_column_inner][\/vc_row_inner][vc_btn title=&#8221;Descarregar PDF&#8221; style=&#8221;flat&#8221; shape=&#8221;square&#8221; color=&#8221;primary&#8221; align=&#8221;center&#8221; i_icon_fontawesome=&#8221;fa fa-download&#8221; add_icon=&#8221;true&#8221; link=&#8221;url:https%3A%2F%2Fwww.promotienda.es%2Fpdf%2Ffix016.pdf|target:%20_blank|&#8221;][\/vc_column][\/vc_row][vc_row][vc_column][vc_tta_tabs style=&#8221;modern&#8221; shape=&#8221;square&#8221; color=&#8221;white&#8221; active_section=&#8221;1&#8243; no_fill_content_area=&#8221;true&#8221;][vc_tta_section title=&#8221;Caracter\u00edsticas&#8221; tab_id=&#8221;1487761552104-9edf1378-d1070527-2a5a1637-9738&#8243;][vc_row_inner][vc_column_inner][vc_single_image image=&#8221;7430&#8243; img_size=&#8221;full&#8221; alignment=&#8221;center&#8221;][vc_single_image image=&#8221;7426&#8243; img_size=&#8221;full&#8221; alignment=&#8221;center&#8221;][vc_single_image image=&#8221;7422&#8243; img_size=&#8221;full&#8221; alignment=&#8221;center&#8221;][\/vc_column_inner][\/vc_row_inner][\/vc_tta_section][vc_tta_section title=&#8221;Especifica\u00e7\u00f5es t\u00e9cnicas&#8221; tab_id=&#8221;1487761552126-ff627175-e8350527-2a5a1637-9738&#8243;][\/vc_tta_section][\/vc_tta_tabs][\/vc_column][\/vc_row]","og_url":"https:\/\/www.promotienda.es\/pt-pt\/acessorios-de-tela\/fix016-montagem-da-placa\/","og_site_name":"Promotienda","article_modified_time":"2019-05-29T16:03:14+00:00","twitter_card":"summary_large_image","twitter_misc":{"Tempo estimado de leitura":"1 minuto"},"schema":{"@context":"https:\/\/schema.org","@graph":[{"@type":"WebPage","@id":"https:\/\/www.promotienda.es\/pt-pt\/acessorios-de-tela\/fix016-montagem-da-placa\/","url":"https:\/\/www.promotienda.es\/pt-pt\/acessorios-de-tela\/fix016-montagem-da-placa\/","name":"FIX016 montagem da placa - Promotienda","isPartOf":{"@id":"https:\/\/www.promotienda.es\/en\/#website"},"datePublished":"2019-05-29T16:02:55+00:00","dateModified":"2019-05-29T16:03:14+00:00","breadcrumb":{"@id":"https:\/\/www.promotienda.es\/pt-pt\/acessorios-de-tela\/fix016-montagem-da-placa\/#breadcrumb"},"inLanguage":"pt-PT","potentialAction":[{"@type":"ReadAction","target":["https:\/\/www.promotienda.es\/pt-pt\/acessorios-de-tela\/fix016-montagem-da-placa\/"]}]},{"@type":"BreadcrumbList","@id":"https:\/\/www.promotienda.es\/pt-pt\/acessorios-de-tela\/fix016-montagem-da-placa\/#breadcrumb","itemListElement":[{"@type":"ListItem","position":1,"name":"Portada","item":"https:\/\/www.promotienda.es\/pt-pt\/"},{"@type":"ListItem","position":2,"name":"Acess\u00f3rios de tela","item":"https:\/\/www.promotienda.es\/pt-pt\/acessorios-de-tela\/"},{"@type":"ListItem","position":3,"name":"FIX016 montagem da placa"}]},{"@type":"WebSite","@id":"https:\/\/www.promotienda.es\/en\/#website","url":"https:\/\/www.promotienda.es\/en\/","name":"Promotienda","description":"","potentialAction":[{"@type":"SearchAction","target":{"@type":"EntryPoint","urlTemplate":"https:\/\/www.promotienda.es\/en\/?s={search_term_string}"},"query-input":"required name=search_term_string"}],"inLanguage":"pt-PT"}]}},"_links":{"self":[{"href":"https:\/\/www.promotienda.es\/pt-pt\/wp-json\/wp\/v2\/pages\/7421"}],"collection":[{"href":"https:\/\/www.promotienda.es\/pt-pt\/wp-json\/wp\/v2\/pages"}],"about":[{"href":"https:\/\/www.promotienda.es\/pt-pt\/wp-json\/wp\/v2\/types\/page"}],"author":[{"embeddable":true,"href":"https:\/\/www.promotienda.es\/pt-pt\/wp-json\/wp\/v2\/users\/1"}],"replies":[{"embeddable":true,"href":"https:\/\/www.promotienda.es\/pt-pt\/wp-json\/wp\/v2\/comments?post=7421"}],"version-history":[{"count":2,"href":"https:\/\/www.promotienda.es\/pt-pt\/wp-json\/wp\/v2\/pages\/7421\/revisions"}],"predecessor-version":[{"id":7452,"href":"https:\/\/www.promotienda.es\/pt-pt\/wp-json\/wp\/v2\/pages\/7421\/revisions\/7452"}],"up":[{"embeddable":true,"href":"https:\/\/www.promotienda.es\/pt-pt\/wp-json\/wp\/v2\/pages\/7188"}],"wp:attachment":[{"href":"https:\/\/www.promotienda.es\/pt-pt\/wp-json\/wp\/v2\/media?parent=7421"}],"curies":[{"name":"wp","href":"https:\/\/api.w.org\/{rel}","templated":true}]}}