{"id":7435,"date":"2019-05-29T18:03:00","date_gmt":"2019-05-29T16:03:00","guid":{"rendered":"https:\/\/www.promotienda.es\/software-de-publicidade-em-tela-rds\/"},"modified":"2019-05-29T18:03:14","modified_gmt":"2019-05-29T16:03:14","slug":"software-de-publicidade-em-tela-rds","status":"publish","type":"page","link":"https:\/\/www.promotienda.es\/pt-pt\/software-de-publicidade-em-tela-rds\/","title":{"rendered":"Software de publicidade em tela (RDS)"},"content":{"rendered":"<section class=\"wpb-content-wrapper\"><p>[vc_row][vc_column][vc_column_text]Nosso software permite que voc\u00ea monitore e gerencie remotamente o conte\u00fado de suas telas com conex\u00e3o de dados (Wi-Fi ou 3G) nos pontos de venda.<\/p>\n<p>Com o nosso software Digital Signage RDS voc\u00ea ser\u00e1 capaz de&#8230;<\/p>\n<ul>\n<li>Monitore e atualize o conte\u00fado de suas telas<\/li>\n<li>Verifique o estado das suas telas online<\/li>\n<li>Geolocaliza\u00e7\u00e3o com o Google Maps todas as telas instaladas<\/li>\n<li>Carregue os seus v\u00eddeos e crie listas de reprodu\u00e7\u00e3o<\/li>\n<li>Verifique seus v\u00eddeos nas telas<\/li>\n<li>Baixe seus v\u00eddeos quando precisar deles<\/li>\n<li>Definir v\u00e1rias empresas, filiais e usu\u00e1rios com diferentes permiss\u00f5es<\/li>\n<li>Adicionar a data de in\u00edcio e de t\u00e9rmino da promo\u00e7\u00e3o<\/li>\n<li>Pesquisar e filtrar telas por diferentes crit\u00e9rios<\/li>\n<li>Criar a\u00e7\u00f5es para v\u00e1rias telas<\/li>\n<li>Exporte suas listagens de exibi\u00e7\u00e3o no Excel<\/li>\n<\/ul>\n<p>&nbsp;<\/p>\n<p>&nbsp;<\/p>\n<p><img decoding=\"async\" loading=\"lazy\" class=\"size-medium wp-image-5144 aligncenter\" src=\"http:\/\/www.promotienda.es\/wp-content\/uploads\/2019\/03\/software-digital-signage-rds-e1549894439247-300x33.jpg\" alt=\"\" width=\"300\" height=\"33\" srcset=\"https:\/\/www.promotienda.es\/wp-content\/uploads\/2019\/03\/software-digital-signage-rds-e1549894439247-300x33.jpg 300w, https:\/\/www.promotienda.es\/wp-content\/uploads\/2019\/03\/software-digital-signage-rds-e1549894439247.jpg 350w\" sizes=\"(max-width: 300px) 100vw, 300px\" \/><\/p>\n<p>[\/vc_column_text][vc_btn title=&#8221;AVALIA\u00c7\u00c3O GRATUITA DE 30 DIAS&#8221; style=&#8221;flat&#8221; color=&#8221;primary&#8221; size=&#8221;lg&#8221; align=&#8221;center&#8221; i_icon_fontawesome=&#8221;fa fa-chevron-right&#8221; add_icon=&#8221;true&#8221; link=&#8221;url:https%3A%2F%2Fwww.digitalsignagerds.com|target:%20_blank|rel:nofollow|&#8221;][vc_single_image image=&#8221;7440&#8243; img_size=&#8221;full&#8221; alignment=&#8221;center&#8221; css_animation=&#8221;fadeIn&#8221;][\/vc_column][\/vc_row]<\/p>\n<\/section>","protected":false},"excerpt":{"rendered":"<p>[vc_row][vc_column][vc_column_text]Nosso software permite que voc\u00ea monitore e gerencie remotamente o conte\u00fado de suas telas com conex\u00e3o de dados (Wi-Fi ou 3G) nos pontos de venda. Com o nosso software Digital Signage RDS voc\u00ea ser\u00e1 capaz de&#8230; Monitore e atualize o conte\u00fado de suas telas Verifique o estado das suas telas online Geolocaliza\u00e7\u00e3o com o Google&hellip;<\/p>\n","protected":false},"author":1,"featured_media":0,"parent":0,"menu_order":4,"comment_status":"closed","ping_status":"closed","template":"","meta":{"ngg_post_thumbnail":0},"yoast_head":"<!-- This site is optimized with the Yoast SEO plugin v20.3 - https:\/\/yoast.com\/wordpress\/plugins\/seo\/ -->\n<title>Software de publicidade em tela (RDS) - Promotienda<\/title>\n<meta name=\"description\" content=\"Nosso software de tela de publicidade RDM permitir\u00e1 que voc\u00ea gerencie remotamente o conte\u00fado de suas telas de publicidade.\" \/>\n<meta name=\"robots\" content=\"index, follow, max-snippet:-1, max-image-preview:large, max-video-preview:-1\" \/>\n<link rel=\"canonical\" href=\"https:\/\/www.promotienda.es\/pt-pt\/software-de-publicidade-em-tela-rds\/\" \/>\n<meta property=\"og:locale\" content=\"pt_PT\" \/>\n<meta property=\"og:type\" content=\"article\" \/>\n<meta property=\"og:title\" content=\"Software de publicidade em tela (RDS) - Promotienda\" \/>\n<meta property=\"og:description\" content=\"Nosso software de tela de publicidade RDM permitir\u00e1 que voc\u00ea gerencie remotamente o conte\u00fado de suas telas de publicidade.\" \/>\n<meta property=\"og:url\" content=\"https:\/\/www.promotienda.es\/pt-pt\/software-de-publicidade-em-tela-rds\/\" \/>\n<meta property=\"og:site_name\" content=\"Promotienda\" \/>\n<meta property=\"article:modified_time\" content=\"2019-05-29T16:03:14+00:00\" \/>\n<meta property=\"og:image\" content=\"http:\/\/www.promotienda.es\/wp-content\/uploads\/2019\/03\/software-digital-signage-rds-e1549894439247-300x33.jpg\" \/>\n<meta name=\"twitter:card\" content=\"summary_large_image\" \/>\n<meta name=\"twitter:label1\" content=\"Tempo estimado de leitura\" \/>\n\t<meta name=\"twitter:data1\" content=\"1 minuto\" \/>\n<script type=\"application\/ld+json\" class=\"yoast-schema-graph\">{\"@context\":\"https:\/\/schema.org\",\"@graph\":[{\"@type\":\"WebPage\",\"@id\":\"https:\/\/www.promotienda.es\/pt-pt\/software-de-publicidade-em-tela-rds\/\",\"url\":\"https:\/\/www.promotienda.es\/pt-pt\/software-de-publicidade-em-tela-rds\/\",\"name\":\"Software de publicidade em tela (RDS) - Promotienda\",\"isPartOf\":{\"@id\":\"https:\/\/www.promotienda.es\/en\/#website\"},\"datePublished\":\"2019-05-29T16:03:00+00:00\",\"dateModified\":\"2019-05-29T16:03:14+00:00\",\"description\":\"Nosso software de tela de publicidade RDM permitir\u00e1 que voc\u00ea gerencie remotamente o conte\u00fado de suas telas de publicidade.\",\"breadcrumb\":{\"@id\":\"https:\/\/www.promotienda.es\/pt-pt\/software-de-publicidade-em-tela-rds\/#breadcrumb\"},\"inLanguage\":\"pt-PT\",\"potentialAction\":[{\"@type\":\"ReadAction\",\"target\":[\"https:\/\/www.promotienda.es\/pt-pt\/software-de-publicidade-em-tela-rds\/\"]}]},{\"@type\":\"BreadcrumbList\",\"@id\":\"https:\/\/www.promotienda.es\/pt-pt\/software-de-publicidade-em-tela-rds\/#breadcrumb\",\"itemListElement\":[{\"@type\":\"ListItem\",\"position\":1,\"name\":\"Portada\",\"item\":\"https:\/\/www.promotienda.es\/pt-pt\/\"},{\"@type\":\"ListItem\",\"position\":2,\"name\":\"Software de publicidade em tela (RDS)\"}]},{\"@type\":\"WebSite\",\"@id\":\"https:\/\/www.promotienda.es\/en\/#website\",\"url\":\"https:\/\/www.promotienda.es\/en\/\",\"name\":\"Promotienda\",\"description\":\"\",\"potentialAction\":[{\"@type\":\"SearchAction\",\"target\":{\"@type\":\"EntryPoint\",\"urlTemplate\":\"https:\/\/www.promotienda.es\/en\/?s={search_term_string}\"},\"query-input\":\"required name=search_term_string\"}],\"inLanguage\":\"pt-PT\"}]}<\/script>\n<!-- \/ Yoast SEO plugin. -->","yoast_head_json":{"title":"Software de publicidade em tela (RDS) - Promotienda","description":"Nosso software de tela de publicidade RDM permitir\u00e1 que voc\u00ea gerencie remotamente o conte\u00fado de suas telas de publicidade.","robots":{"index":"index","follow":"follow","max-snippet":"max-snippet:-1","max-image-preview":"max-image-preview:large","max-video-preview":"max-video-preview:-1"},"canonical":"https:\/\/www.promotienda.es\/pt-pt\/software-de-publicidade-em-tela-rds\/","og_locale":"pt_PT","og_type":"article","og_title":"Software de publicidade em tela (RDS) - Promotienda","og_description":"Nosso software de tela de publicidade RDM permitir\u00e1 que voc\u00ea gerencie remotamente o conte\u00fado de suas telas de publicidade.","og_url":"https:\/\/www.promotienda.es\/pt-pt\/software-de-publicidade-em-tela-rds\/","og_site_name":"Promotienda","article_modified_time":"2019-05-29T16:03:14+00:00","og_image":[{"url":"http:\/\/www.promotienda.es\/wp-content\/uploads\/2019\/03\/software-digital-signage-rds-e1549894439247-300x33.jpg"}],"twitter_card":"summary_large_image","twitter_misc":{"Tempo estimado de leitura":"1 minuto"},"schema":{"@context":"https:\/\/schema.org","@graph":[{"@type":"WebPage","@id":"https:\/\/www.promotienda.es\/pt-pt\/software-de-publicidade-em-tela-rds\/","url":"https:\/\/www.promotienda.es\/pt-pt\/software-de-publicidade-em-tela-rds\/","name":"Software de publicidade em tela (RDS) - Promotienda","isPartOf":{"@id":"https:\/\/www.promotienda.es\/en\/#website"},"datePublished":"2019-05-29T16:03:00+00:00","dateModified":"2019-05-29T16:03:14+00:00","description":"Nosso software de tela de publicidade RDM permitir\u00e1 que voc\u00ea gerencie remotamente o conte\u00fado de suas telas de publicidade.","breadcrumb":{"@id":"https:\/\/www.promotienda.es\/pt-pt\/software-de-publicidade-em-tela-rds\/#breadcrumb"},"inLanguage":"pt-PT","potentialAction":[{"@type":"ReadAction","target":["https:\/\/www.promotienda.es\/pt-pt\/software-de-publicidade-em-tela-rds\/"]}]},{"@type":"BreadcrumbList","@id":"https:\/\/www.promotienda.es\/pt-pt\/software-de-publicidade-em-tela-rds\/#breadcrumb","itemListElement":[{"@type":"ListItem","position":1,"name":"Portada","item":"https:\/\/www.promotienda.es\/pt-pt\/"},{"@type":"ListItem","position":2,"name":"Software de publicidade em tela (RDS)"}]},{"@type":"WebSite","@id":"https:\/\/www.promotienda.es\/en\/#website","url":"https:\/\/www.promotienda.es\/en\/","name":"Promotienda","description":"","potentialAction":[{"@type":"SearchAction","target":{"@type":"EntryPoint","urlTemplate":"https:\/\/www.promotienda.es\/en\/?s={search_term_string}"},"query-input":"required name=search_term_string"}],"inLanguage":"pt-PT"}]}},"_links":{"self":[{"href":"https:\/\/www.promotienda.es\/pt-pt\/wp-json\/wp\/v2\/pages\/7435"}],"collection":[{"href":"https:\/\/www.promotienda.es\/pt-pt\/wp-json\/wp\/v2\/pages"}],"about":[{"href":"https:\/\/www.promotienda.es\/pt-pt\/wp-json\/wp\/v2\/types\/page"}],"author":[{"embeddable":true,"href":"https:\/\/www.promotienda.es\/pt-pt\/wp-json\/wp\/v2\/users\/1"}],"replies":[{"embeddable":true,"href":"https:\/\/www.promotienda.es\/pt-pt\/wp-json\/wp\/v2\/comments?post=7435"}],"version-history":[{"count":2,"href":"https:\/\/www.promotienda.es\/pt-pt\/wp-json\/wp\/v2\/pages\/7435\/revisions"}],"predecessor-version":[{"id":7453,"href":"https:\/\/www.promotienda.es\/pt-pt\/wp-json\/wp\/v2\/pages\/7435\/revisions\/7453"}],"wp:attachment":[{"href":"https:\/\/www.promotienda.es\/pt-pt\/wp-json\/wp\/v2\/media?parent=7435"}],"curies":[{"name":"wp","href":"https:\/\/api.w.org\/{rel}","templated":true}]}}